{"id":809,"date":"2015-10-16T15:57:59","date_gmt":"2015-10-16T13:57:59","guid":{"rendered":"http:\/\/Ville.mairie.org\/?page_id=809"},"modified":"2024-07-02T16:59:02","modified_gmt":"2024-07-02T14:59:02","slug":"contact","status":"publish","type":"page","link":"http:\/\/740jw955i52c.brive.org\/index.php\/contact\/","title":{"rendered":"Contact"},"content":{"rendered":"<p>[vc_row][vc_column css=&#8221;.vc_custom_1523367419640{background-color: #efefef !important;}&#8221;]<div class=\"uxb-exte\"><h4 class=\"   has-line   uxb-heading\">Demande d\u2019ACTES d\u2019ETAT CIVIL directement en ligne sur le site du service-public.fr<\/h4><\/div>[vc_row_inner][vc_column_inner width=&#8221;1\/4&#8243;][vc_cta h2=&#8221;&#8221; style=&#8221;classic&#8221;]<\/p>\n<h5 style=\"text-align: left\"><em>. <\/em><a href=\"https:\/\/www.service-public.fr\/particuliers\/vosdroits\/N359\" target=\"_blank\" rel=\"noopener\"><em>Acte de naissance<\/em><\/a><br \/>\n<em>. <a href=\"https:\/\/www.service-public.fr\/particuliers\/vosdroits\/N359\" target=\"_blank\" rel=\"noopener\">Acte de mariage<\/a><\/em><br \/>\n<em>. <\/em><a href=\"https:\/\/www.service-public.fr\/particuliers\/vosdroits\/N359\" target=\"_blank\" rel=\"noopener\"><em>Acte de d\u00e9c\u00e8s<\/em><\/a><\/h5>\n<p><span style=\"color: #ffffff\">.<\/span><span style=\"text-decoration: underline\"><a href=\"https:\/\/www.service-public.fr\/particuliers\/vosdroits\/N359\" target=\"_blank\" rel=\"noopener\"><em>&gt;&gt;&gt; suivre ce lien&#8230;<\/em><\/a><\/span>[\/vc_cta][\/vc_column_inner][vc_column_inner width=&#8221;3\/4&#8243;][vc_cta h2=&#8221;&#8221; style=&#8221;classic&#8221;]Un acte d\u2019\u00e9tat civil peut \u00eatre demand\u00e9 en ligne sur le site du service-public.fr, il vous sera envoy\u00e9 \u00e0 votre domicile par courrier postal dans un d\u00e9lai variable en fonction du traitement par les services de la mairie et de l\u2019acheminement du courrier postal.<\/p>\n<h5><span style=\"color: #ff0000\">Les Actes d\u2019Etat Civil\u00a0 d\u00e9livr\u00e9s par la Ville de BRIVE sont totalement GRATUITS<\/span><\/h5>\n<p>[\/vc_cta][\/vc_column_inner][\/vc_row_inner][\/vc_column][\/vc_row][vc_row][vc_column width=&#8221;3\/4&#8243; css=&#8221;.vc_custom_1523454782510{background-color: #efefef !important;}&#8221;]<div class=\"uxb-exte\"><h4 class=\" h-center  has-line   uxb-heading\"><i class=\"icon ion-edit\"  style=\" font-size: 25px; color: #5aa1e3; margin-right: 16.75px;\"><\/i>\u00c9crire \u00e0 la MAIRIE de BRIVE<\/h4><\/div><div class=\"wpforms-container wpforms-container-full\" id=\"wpforms-30098\"><form id=\"wpforms-form-30098\" class=\"wpforms-validate wpforms-form\" data-formid=\"30098\" method=\"post\" enctype=\"multipart\/form-data\" action=\"\/index.php\/wp-json\/wp\/v2\/pages\/809\" data-token=\"948dc0c970a06a1762ad352996a9102b\"><noscript class=\"wpforms-error-noscript\">Veuillez activer JavaScript dans votre navigateur pour remplir ce formulaire.<\/noscript><div class=\"wpforms-field-container\"><div id=\"wpforms-30098-field_9-container\" class=\"wpforms-field wpforms-field-select wpforms-field-select-style-classic\" data-field-id=\"9\"><label class=\"wpforms-field-label\" for=\"wpforms-30098-field_9\">Civilit\u00e9 <span class=\"wpforms-required-label\">*<\/span><\/label><select id=\"wpforms-30098-field_9\" class=\"wpforms-field-small wpforms-field-required\" name=\"wpforms[fields][9]\" required=\"required\"><option value=\"...\" >...<\/option><option value=\"Madame\" >Madame<\/option><option value=\"Monsieur\" >Monsieur<\/option><\/select><\/div><div id=\"wpforms-30098-field_0-container\" class=\"wpforms-field wpforms-field-name\" data-field-id=\"0\"><label class=\"wpforms-field-label\" for=\"wpforms-30098-field_0\">Nom et pr\u00e9nom <span class=\"wpforms-required-label\">*<\/span><\/label><input type=\"text\" id=\"wpforms-30098-field_0\" class=\"wpforms-field-large wpforms-field-required\" name=\"wpforms[fields][0]\" required><\/div><div id=\"wpforms-30098-field_1-container\" class=\"wpforms-field wpforms-field-email\" data-field-id=\"1\"><label class=\"wpforms-field-label\" for=\"wpforms-30098-field_1\">Email <span class=\"wpforms-required-label\">*<\/span><\/label><input type=\"email\" id=\"wpforms-30098-field_1\" class=\"wpforms-field-large wpforms-field-required\" name=\"wpforms[fields][1]\" required><\/div><div id=\"wpforms-30098-field_6-container\" class=\"wpforms-field wpforms-field-text\" data-field-id=\"6\"><label class=\"wpforms-field-label\" for=\"wpforms-30098-field_6\">T\u00e9l\u00e9phone <span class=\"wpforms-required-label\">*<\/span><\/label><input type=\"text\" id=\"wpforms-30098-field_6\" class=\"wpforms-field-large wpforms-field-required\" name=\"wpforms[fields][6]\" required><\/div><div id=\"wpforms-30098-field_7-container\" class=\"wpforms-field wpforms-field-textarea\" data-field-id=\"7\"><label class=\"wpforms-field-label\" for=\"wpforms-30098-field_7\">Adresse postale <span class=\"wpforms-required-label\">*<\/span><\/label><textarea id=\"wpforms-30098-field_7\" class=\"wpforms-field-medium wpforms-field-required\" name=\"wpforms[fields][7]\" required><\/textarea><\/div><div id=\"wpforms-30098-field_3-container\" class=\"wpforms-field wpforms-field-select wpforms-field-select-style-classic\" data-field-id=\"3\"><label class=\"wpforms-field-label\" for=\"wpforms-30098-field_3\">Choisir un service<\/label><select id=\"wpforms-30098-field_3\" class=\"wpforms-field-large\" name=\"wpforms[fields][3]\"><option value=\"---\"  selected='selected'>---<\/option><option value=\"Affaires agricoles\" >Affaires agricoles<\/option><option value=\"Affaires commerciales\" >Affaires commerciales<\/option><option value=\"Cabinet du Maire\" >Cabinet du Maire<\/option><option value=\"Cartes idientit\u00e9s et passeports\" >Cartes idientit\u00e9s et passeports<\/option><option value=\"CCAS\" >CCAS<\/option><option value=\"Centres de losirs\" >Centres de losirs<\/option><option value=\"Cit\u00e9 des m\u00e9tiers et SIJ\" >Cit\u00e9 des m\u00e9tiers et SIJ<\/option><option value=\"Communication\" >Communication<\/option><option value=\"Culture\" >Culture<\/option><option value=\"R.H. D\u00e9poser une candidature\" >R.H. D\u00e9poser une candidature<\/option><option value=\"Eclairage\" >Eclairage<\/option><option value=\"Education\" >Education<\/option><option value=\"Elections, cimeti\u00e8res\" >Elections, cimeti\u00e8res<\/option><option value=\"Espaces verts\" >Espaces verts<\/option><option value=\"Golf de Planchetorte\" >Golf de Planchetorte<\/option><option value=\"Hygi\u00e8ne et sant\u00e9\" >Hygi\u00e8ne et sant\u00e9<\/option><option value=\"Jeunesse et sport\" >Jeunesse et sport<\/option><option value=\"Patinoire\" >Patinoire<\/option><option value=\"Piscine\" >Piscine<\/option><option value=\"Les Quartiers\" >Les Quartiers<\/option><option value=\"S\u00e9curit\u00e9 et Police municipale\" >S\u00e9curit\u00e9 et Police municipale<\/option><option value=\"Stationnement\" >Stationnement<\/option><option value=\"Vie associative\" >Vie associative<\/option><option value=\"Voirie\" >Voirie<\/option><\/select><\/div><div id=\"wpforms-30098-field_8-container\" class=\"wpforms-field wpforms-field-text\" data-field-id=\"8\"><label class=\"wpforms-field-label\" for=\"wpforms-30098-field_8\">Objet de votre courrier <span class=\"wpforms-required-label\">*<\/span><\/label><input type=\"text\" id=\"wpforms-30098-field_8\" class=\"wpforms-field-large wpforms-field-required\" name=\"wpforms[fields][8]\" required><\/div><div id=\"wpforms-30098-field_2-container\" class=\"wpforms-field wpforms-field-textarea\" data-field-id=\"2\"><label class=\"wpforms-field-label\" for=\"wpforms-30098-field_2\">Votre courrier <span class=\"wpforms-required-label\">*<\/span><\/label><textarea id=\"wpforms-30098-field_2\" class=\"wpforms-field-medium wpforms-field-required\" name=\"wpforms[fields][2]\" required><\/textarea><\/div><div id=\"wpforms-30098-field_11-container\" class=\"wpforms-field wpforms-field-select wpforms-field-select-style-classic\" data-field-id=\"11\"><label class=\"wpforms-field-label\" for=\"wpforms-30098-field_11\">Vous \u00eates ?<\/label><select id=\"wpforms-30098-field_11\" class=\"wpforms-field-medium\" name=\"wpforms[fields][11]\"><option value=\"...\"  selected='selected'>...<\/option><option value=\"Administration\" >Administration<\/option><option value=\"Association\" >Association<\/option><option value=\"Etudiant\" >Etudiant<\/option><option value=\"Particulier\" >Particulier<\/option><option value=\"Professionnel\" >Professionnel<\/option><option value=\"Autre...\" >Autre...<\/option><\/select><\/div><div id=\"wpforms-30098-field_4-container\" class=\"wpforms-field wpforms-field-select wpforms-field-select-style-classic\" data-field-id=\"4\"><label class=\"wpforms-field-label\" for=\"wpforms-30098-field_4\">Votre Quartier<\/label><select id=\"wpforms-30098-field_4\" class=\"wpforms-field-small\" name=\"wpforms[fields][4]\"><option value=\"---\" >---<\/option><option value=\"Quartier 1\" >Quartier 1<\/option><option value=\"Quartier 2\" >Quartier 2<\/option><option value=\"Quartier 3\" >Quartier 3<\/option><option value=\"Quartier 4\" >Quartier 4<\/option><option value=\"Quartier 5\" >Quartier 5<\/option><option value=\"Quartier 6\" >Quartier 6<\/option><option value=\"Quartier 7\" >Quartier 7<\/option><option value=\"Quartier 8\" >Quartier 8<\/option><option value=\"Quartier 9\" >Quartier 9<\/option><option value=\"Quartier 10\" >Quartier 10<\/option><option value=\"Quartier 11\" >Quartier 11<\/option><option value=\"Quartier 12\" >Quartier 12<\/option><option value=\"Quartier 13\" >Quartier 13<\/option><option value=\"Quartier 14\" >Quartier 14<\/option><option value=\"Quartier 15\" >Quartier 15<\/option><option value=\"Quartier 16\" >Quartier 16<\/option><\/select><\/div><div id=\"wpforms-30098-field_13-container\" class=\"wpforms-field wpforms-field-checkbox\" data-field-id=\"13\"><label class=\"wpforms-field-label\" for=\"wpforms-30098-field_13\">\u00ab  Je consens \u00e0 ce que mes donn\u00e9es personnelles soient utilis\u00e9es par la mairie\/communaut\u00e9 d\u2019agglom\u00e9ration dans la seule finalit\u00e9 de ma demande et pour la dur\u00e9e de son traitement. \u00bb <span class=\"wpforms-required-label\">*<\/span><\/label><ul id=\"wpforms-30098-field_13\" class=\"wpforms-field-required\"><li class=\"choice-1 depth-1\"><input type=\"checkbox\" id=\"wpforms-30098-field_13_1\" name=\"wpforms[fields][13][]\" value=\"Oui\" required ><label class=\"wpforms-field-label-inline\" for=\"wpforms-30098-field_13_1\">Oui<\/label><\/li><\/ul><\/div><\/div><div class=\"wpforms-recaptcha-container wpforms-is-recaptcha\"><div class=\"g-recaptcha\" data-sitekey=\"6LdL1KYUAAAAAI3RCcIKEvT5ris3GX8tEsHvgXWO\"><\/div><input type=\"text\" name=\"g-recaptcha-hidden\" class=\"wpforms-recaptcha-hidden\" style=\"position:absolute!important;clip:rect(0,0,0,0)!important;height:1px!important;width:1px!important;border:0!important;overflow:hidden!important;padding:0!important;margin:0!important;\" required><\/div><div class=\"wpforms-submit-container\"><input type=\"hidden\" name=\"wpforms[id]\" value=\"30098\"><input type=\"hidden\" name=\"wpforms[author]\" value=\"3\"><button type=\"submit\" name=\"wpforms[submit]\" id=\"wpforms-submit-30098\" class=\"wpforms-submit\" aria-live=\"assertive\" value=\"wpforms-submit\">ENVOYER<\/button><\/div><\/form><\/div>  <!-- .wpforms-container -->[\/vc_column][vc_column width=&#8221;1\/4&#8243;][vc_btn title=&#8221;Ecrire \u00e0 la Culture&#8221; style=&#8221;custom&#8221; custom_background=&#8221;#ffffff&#8221; custom_text=&#8221;#1e73be&#8221; align=&#8221;center&#8221; link=&#8221;url:http%3A%2F%2F740jw955i52c.brive.org%2Findex.php%2Fcontacter-la-direction-de-la-culture%2F||target:%20_blank|&#8221; button_block=&#8221;true&#8221;][vc_btn title=&#8221;Ecrire aux \u00e9lus&#8230;&#8221; style=&#8221;custom&#8221; custom_background=&#8221;#ffffff&#8221; custom_text=&#8221;#1e73be&#8221; align=&#8221;center&#8221; link=&#8221;url:http%3A%2F%2F740jw955i52c.brive.org%2Findex.php%2Fecrire-a-un-elu%2F||target:%20_blank|&#8221; button_block=&#8221;true&#8221;][vc_btn title=&#8221;Inviter des \u00e9lus \u00e0 votre manifestation&#8221; style=&#8221;custom&#8221; custom_background=&#8221;#ffffff&#8221; custom_text=&#8221;#5aa1e3&#8243; align=&#8221;center&#8221; link=&#8221;url:http%3A%2F%2F740jw955i52c.brive.org%2Findex.php%2Finvitations%2F||target:%20_blank|&#8221; button_block=&#8221;true&#8221;][vc_separator color=&#8221;sky&#8221; style=&#8221;shadow&#8221;][vc_cta h2=&#8221;&#8221; style=&#8221;3d&#8221;]<\/p>\n<h6 style=\"text-align: justify\">Vous avez la possibilit\u00e9 d&#8217;\u00e9crire directement dans le service de votre choix, pour cela il suffit d&#8217;aller sur la page du service concern\u00e9, dans la colonne de gauche vous trouverez le mail ou le formulaire n\u00e9cessaire \u00e0 votre d\u00e9marche.<\/h6>\n<p>[\/vc_cta][vc_cta h2=&#8221;&#8221; style=&#8221;3d&#8221;]<\/p>\n<h6 style=\"text-align: justify\"><em>Ecrire un mail \u00e0 &#8220;<a href=\"mailto:contact@brive.fr\" target=\"_blank\" rel=\"noopener\">contact@brive.fr<\/a>&#8221; seulement si vous rencontrez des difficult\u00e9s avec le formulaire ou si vous avez des pi\u00e8ces jointes \u00e0 transmettre.<br \/>\nIl vous faudra mentionner imp\u00e9rativement le nom du service ou le nom de l&#8217;instructeur afin que votre demande soit prise en compte.<\/em><\/h6>\n<p>[\/vc_cta][vc_row_inner][vc_column_inner][vc_empty_space height=&#8221;390px&#8221;][\/vc_column_inner][\/vc_row_inner][vc_row_inner][vc_column_inner][vc_btn title=&#8221;RETOUR&#8221; style=&#8221;modern&#8221; size=&#8221;sm&#8221; align=&#8221;left&#8221; link=&#8221;url:http%3A%2F%2F740jw955i52c.brive.org%2F|||&#8221;][\/vc_column_inner][\/vc_row_inner][\/vc_column][\/vc_row]<\/p>\n","protected":false},"excerpt":{"rendered":"<p>[vc_row][vc_column css=&#8221;.vc_custom_1523367419640{background-color: #efefef !important;}&#8221;][vc_row_inner][vc_column_inner width=&#8221;1\/4&#8243;][vc_cta h2=&#8221;&#8221; style=&#8221;classic&#8221;] . Acte de naissance . Acte de mariage . Acte de d\u00e9c\u00e8s .&gt;&gt;&gt; suivre ce lien&#8230;[\/vc_cta][\/vc_column_inner][vc_column_inner width=&#8221;3\/4&#8243;][vc_cta h2=&#8221;&#8221; style=&#8221;classic&#8221;]Un acte d\u2019\u00e9tat civil peut &#8230; <\/p>\n","protected":false},"author":3,"featured_media":0,"parent":0,"menu_order":7,"comment_status":"closed","ping_status":"closed","template":"","meta":[],"yoast_head":"<!-- This site is optimized with the Yoast SEO plugin v17.8 - https:\/\/yoast.com\/wordpress\/plugins\/seo\/ -->\n<title>Contact - Ville de Brive<\/title>\n<meta name=\"robots\" content=\"index, follow, max-snippet:-1, max-image-preview:large, max-video-preview:-1\" \/>\n<link rel=\"canonical\" href=\"http:\/\/740jw955i52c.brive.org\/index.php\/contact\/\" \/>\n<meta property=\"og:locale\" content=\"fr_FR\" \/>\n<meta property=\"og:type\" content=\"article\" \/>\n<meta property=\"og:title\" content=\"Contact - Ville de Brive\" \/>\n<meta property=\"og:description\" content=\"[vc_row][vc_column css=&#8221;.vc_custom_1523367419640{background-color: #efefef !important;}&#8221;][vc_row_inner][vc_column_inner width=&#8221;1\/4&#8243;][vc_cta h2=&#8221;&#8221; style=&#8221;classic&#8221;] . Acte de naissance . Acte de mariage . Acte de d\u00e9c\u00e8s .&gt;&gt;&gt; suivre ce lien&#8230;[\/vc_cta][\/vc_column_inner][vc_column_inner width=&#8221;3\/4&#8243;][vc_cta h2=&#8221;&#8221; style=&#8221;classic&#8221;]Un acte d\u2019\u00e9tat civil peut ...\" \/>\n<meta property=\"og:url\" content=\"http:\/\/740jw955i52c.brive.org\/index.php\/contact\/\" \/>\n<meta property=\"og:site_name\" content=\"Ville de Brive\" \/>\n<meta property=\"article:modified_time\" content=\"2024-07-02T14:59:02+00:00\" \/>\n<meta name=\"twitter:card\" content=\"summary_large_image\" \/>\n<meta name=\"twitter:label1\" content=\"Dur\u00e9e de lecture estim\u00e9e\" \/>\n\t<meta name=\"twitter:data1\" content=\"2 minutes\" \/>\n<script type=\"application\/ld+json\" class=\"yoast-schema-graph\">{\"@context\":\"https:\/\/schema.org\",\"@graph\":[{\"@type\":\"WebSite\",\"@id\":\"http:\/\/740jw955i52c.brive.org\/#website\",\"url\":\"http:\/\/740jw955i52c.brive.org\/\",\"name\":\"Ville de Brive\",\"description\":\"Bienvenue sur le site de la ville de Brive-la-Gaillarde. Vous y trouverez l&#039;actualit\\u00e9 de la commune, des informations pratiques et vos d\\u00e9marches administratives.\",\"potentialAction\":[{\"@type\":\"SearchAction\",\"target\":{\"@type\":\"EntryPoint\",\"urlTemplate\":\"http:\/\/740jw955i52c.brive.org\/?s={search_term_string}\"},\"query-input\":\"required name=search_term_string\"}],\"inLanguage\":\"fr-FR\"},{\"@type\":\"WebPage\",\"@id\":\"http:\/\/740jw955i52c.brive.org\/index.php\/contact\/#webpage\",\"url\":\"http:\/\/740jw955i52c.brive.org\/index.php\/contact\/\",\"name\":\"Contact - Ville de Brive\",\"isPartOf\":{\"@id\":\"http:\/\/740jw955i52c.brive.org\/#website\"},\"datePublished\":\"2015-10-16T13:57:59+00:00\",\"dateModified\":\"2024-07-02T14:59:02+00:00\",\"breadcrumb\":{\"@id\":\"http:\/\/740jw955i52c.brive.org\/index.php\/contact\/#breadcrumb\"},\"inLanguage\":\"fr-FR\",\"potentialAction\":[{\"@type\":\"ReadAction\",\"target\":[\"http:\/\/740jw955i52c.brive.org\/index.php\/contact\/\"]}]},{\"@type\":\"BreadcrumbList\",\"@id\":\"http:\/\/740jw955i52c.brive.org\/index.php\/contact\/#breadcrumb\",\"itemListElement\":[{\"@type\":\"ListItem\",\"position\":1,\"name\":\"Accueil\",\"item\":\"http:\/\/740jw955i52c.brive.org\/\"},{\"@type\":\"ListItem\",\"position\":2,\"name\":\"Contact\"}]}]}<\/script>\n<!-- \/ Yoast SEO plugin. -->","yoast_head_json":{"title":"Contact - Ville de Brive","robots":{"index":"index","follow":"follow","max-snippet":"max-snippet:-1","max-image-preview":"max-image-preview:large","max-video-preview":"max-video-preview:-1"},"canonical":"http:\/\/740jw955i52c.brive.org\/index.php\/contact\/","og_locale":"fr_FR","og_type":"article","og_title":"Contact - Ville de Brive","og_description":"[vc_row][vc_column css=&#8221;.vc_custom_1523367419640{background-color: #efefef !important;}&#8221;][vc_row_inner][vc_column_inner width=&#8221;1\/4&#8243;][vc_cta h2=&#8221;&#8221; style=&#8221;classic&#8221;] . Acte de naissance . Acte de mariage . Acte de d\u00e9c\u00e8s .&gt;&gt;&gt; suivre ce lien&#8230;[\/vc_cta][\/vc_column_inner][vc_column_inner width=&#8221;3\/4&#8243;][vc_cta h2=&#8221;&#8221; style=&#8221;classic&#8221;]Un acte d\u2019\u00e9tat civil peut ...","og_url":"http:\/\/740jw955i52c.brive.org\/index.php\/contact\/","og_site_name":"Ville de Brive","article_modified_time":"2024-07-02T14:59:02+00:00","twitter_card":"summary_large_image","twitter_misc":{"Dur\u00e9e de lecture estim\u00e9e":"2 minutes"},"schema":{"@context":"https:\/\/schema.org","@graph":[{"@type":"WebSite","@id":"http:\/\/740jw955i52c.brive.org\/#website","url":"http:\/\/740jw955i52c.brive.org\/","name":"Ville de Brive","description":"Bienvenue sur le site de la ville de Brive-la-Gaillarde. Vous y trouverez l&#039;actualit\u00e9 de la commune, des informations pratiques et vos d\u00e9marches administratives.","potentialAction":[{"@type":"SearchAction","target":{"@type":"EntryPoint","urlTemplate":"http:\/\/740jw955i52c.brive.org\/?s={search_term_string}"},"query-input":"required name=search_term_string"}],"inLanguage":"fr-FR"},{"@type":"WebPage","@id":"http:\/\/740jw955i52c.brive.org\/index.php\/contact\/#webpage","url":"http:\/\/740jw955i52c.brive.org\/index.php\/contact\/","name":"Contact - Ville de Brive","isPartOf":{"@id":"http:\/\/740jw955i52c.brive.org\/#website"},"datePublished":"2015-10-16T13:57:59+00:00","dateModified":"2024-07-02T14:59:02+00:00","breadcrumb":{"@id":"http:\/\/740jw955i52c.brive.org\/index.php\/contact\/#breadcrumb"},"inLanguage":"fr-FR","potentialAction":[{"@type":"ReadAction","target":["http:\/\/740jw955i52c.brive.org\/index.php\/contact\/"]}]},{"@type":"BreadcrumbList","@id":"http:\/\/740jw955i52c.brive.org\/index.php\/contact\/#breadcrumb","itemListElement":[{"@type":"ListItem","position":1,"name":"Accueil","item":"http:\/\/740jw955i52c.brive.org\/"},{"@type":"ListItem","position":2,"name":"Contact"}]}]}},"_links":{"self":[{"href":"http:\/\/740jw955i52c.brive.org\/index.php\/wp-json\/wp\/v2\/pages\/809"}],"collection":[{"href":"http:\/\/740jw955i52c.brive.org\/index.php\/wp-json\/wp\/v2\/pages"}],"about":[{"href":"http:\/\/740jw955i52c.brive.org\/index.php\/wp-json\/wp\/v2\/types\/page"}],"author":[{"embeddable":true,"href":"http:\/\/740jw955i52c.brive.org\/index.php\/wp-json\/wp\/v2\/users\/3"}],"replies":[{"embeddable":true,"href":"http:\/\/740jw955i52c.brive.org\/index.php\/wp-json\/wp\/v2\/comments?post=809"}],"version-history":[{"count":432,"href":"http:\/\/740jw955i52c.brive.org\/index.php\/wp-json\/wp\/v2\/pages\/809\/revisions"}],"predecessor-version":[{"id":37098,"href":"http:\/\/740jw955i52c.brive.org\/index.php\/wp-json\/wp\/v2\/pages\/809\/revisions\/37098"}],"wp:attachment":[{"href":"http:\/\/740jw955i52c.brive.org\/index.php\/wp-json\/wp\/v2\/media?parent=809"}],"curies":[{"name":"wp","href":"https:\/\/api.w.org\/{rel}","templated":true}]}}