{"id":6722,"date":"2016-04-14T17:38:59","date_gmt":"2016-04-14T15:38:59","guid":{"rendered":"http:\/\/740jw955i52c.brive.org\/?page_id=6722"},"modified":"2019-05-02T15:05:17","modified_gmt":"2019-05-02T13:05:17","slug":"risques-inondation","status":"publish","type":"page","link":"http:\/\/740jw955i52c.brive.org\/index.php\/accueil-2\/risques-inondation\/","title":{"rendered":"Risque inondation"},"content":{"rendered":"<p>[vc_row css=&#8221;.vc_custom_1547805752711{background-color: #f7f7f7 !important;}&#8221;][vc_column][vc_column_text]La Corr\u00e8ze a connu plusieurs crues au cours du si\u00e8cle dernier dont celle des 3 et 4 octobre 1960. Cet \u00e9v\u00e8nement correspond \u00e0 la crue de r\u00e9f\u00e9rence et a permis aux services de l\u2019\u00c9tat de d\u00e9terminer le p\u00e9rim\u00e8tre du <strong>P.P.R.I. (Plan Particulier du Risque Inondation).<\/strong><\/p>\n<p>La derni\u00e8re crue \u00e0 Brive remonte au mois de juillet 2001, celle-ci qui correspond \u00e0 la troisi\u00e8me crue la plus forte mesur\u00e9e \u00e0 Brive depuis les ann\u00e9es 1950.<\/p>\n<p>Conna\u00eetre et comprendre le ph\u00e9nom\u00e8ne des crues \u00e0 Brive est n\u00e9cessaire pour tous afin de pouvoir prendre les mesures de pr\u00e9vention et de sauvegarde aux personnes et aux biens qui s\u2019imposent.<\/p>\n<p>La connaissance du risque passe \u00e9videmment par la connaissance du p\u00e9rim\u00e8tre communal inondable, <a href=\"http:\/\/740jw955i52c.brive.org\/wp-content\/uploads\/2016\/04\/dicrim_zonagePPRI3.pdf\">voir carte du zonage.<\/a><\/p>\n<p>La connaissance du risque c\u2019est aussi la m\u00e9moire de l\u2019inondation en pr\u00eatant attention aux rep\u00e8res de crues install\u00e9s sur certains b\u00e2timents, <a href=\"http:\/\/documents.brive.fr\/PDF\/pdf-nc.php?pdf=risques_inondation_reperes_crues.pdf\">voir carte des rep\u00e8res de crues<\/a>. Ces rep\u00e8res correspondent \u00e0 la limite des plus hautes eaux connues (P.H.E.C.) \u00e0 Brive.<\/p>\n<p style=\"text-align: left\">La surveillance de la Corr\u00e8ze est r\u00e9alis\u00e9e par les services du Minist\u00e8re de l\u2019Environnement, de l&#8217;Energie et de la Mer. Un site internet vigicrue permet \u00e0 chacun de prendre connaissance de l\u2019\u00e9volution de la Corr\u00e8ze en temps r\u00e9el.<\/p>\n<p>Il est important aussi d\u2019avoir connaissance des bons r\u00e9flexes en cas de risque inondation.<\/p>\n<p>Enfin, lors de la derni\u00e8re \u00e9tude hydraulique concernant le risque inondation, il a \u00e9t\u00e9 r\u00e9alis\u00e9 des films (cartographie anim\u00e9e) montrant la crue de 1960 avec la configuration actuelle des sols et la crue de 2001. Ces films permettent de comprendre la cin\u00e9tique des inondations pouvant se r\u00e9aliser sur notre commune.[\/vc_column_text][vc_separator color=&#8221;sky&#8221;][vc_row_inner][vc_column_inner width=&#8221;1\/3&#8243;][vc_column_text]<\/p>\n<p style=\"text-align: center\"><a href=\"https:\/\/guichet.brive.fr\/GLOBAL_GUICHET_WEB\/FR\/PAG_MOD5_PP.awp\" target=\"_blank\" rel=\"attachment wp-att-6816 noopener noreferrer\"><img decoding=\"async\" loading=\"lazy\" class=\"size-full wp-image-6816 aligncenter\" src=\"http:\/\/740jw955i52c.brive.org\/wp-content\/uploads\/2016\/04\/10.jpg\" alt=\"10\" width=\"60\" height=\"60\" \/><\/a><a href=\"https:\/\/guichet.brive.fr\/GLOBAL_GUICHET_WEB\/FR\/PAG_MOD5_PP.awp\" target=\"_blank\" rel=\"noopener noreferrer\">Mon domicile est-il <\/a><br \/>\n<a href=\"https:\/\/guichet.brive.fr\/GLOBAL_GUICHET_WEB\/FR\/PAG_MOD5_PP.awp\" target=\"_blank\" rel=\"noopener noreferrer\">en zone inondable ?<\/a><\/p>\n<p>[\/vc_column_text][\/vc_column_inner][vc_column_inner width=&#8221;1\/3&#8243;][vc_column_text]<\/p>\n<p style=\"text-align: center\"><a href=\"http:\/\/740jw955i52c.brive.org\/index.php\/cartes-des-quartiers\/\"><img decoding=\"async\" loading=\"lazy\" class=\"size-full wp-image-6817 aligncenter\" src=\"http:\/\/740jw955i52c.brive.org\/wp-content\/uploads\/2016\/04\/11.jpg\" alt=\"11\" width=\"60\" height=\"60\" \/>Mon quartier est-il<\/a><br \/>\n<a href=\"http:\/\/740jw955i52c.brive.org\/index.php\/cartes-des-quartiers\/\"> en zone inondable<\/a><\/p>\n<p>[\/vc_column_text][\/vc_column_inner][vc_column_inner width=&#8221;1\/3&#8243;][vc_column_text]<\/p>\n<p style=\"text-align: center\"><a href=\"http:\/\/740jw955i52c.brive.org\/wp-content\/uploads\/2016\/04\/dicrim_zonagePPRI3.pdf\"><strong><img decoding=\"async\" loading=\"lazy\" class=\"size-full wp-image-6818 aligncenter\" src=\"http:\/\/740jw955i52c.brive.org\/wp-content\/uploads\/2016\/04\/12.jpg\" alt=\"12\" width=\"60\" height=\"60\" \/><\/strong><\/a><a href=\"http:\/\/740jw955i52c.brive.org\/wp-content\/uploads\/2016\/04\/dicrim_zonagePPRI3.pdf\">Carte du zonage<\/a><\/p>\n<p>[\/vc_column_text][\/vc_column_inner][\/vc_row_inner][vc_row_inner][vc_column_inner width=&#8221;1\/2&#8243;][vc_column_text]<\/p>\n<p style=\"text-align: center\"><a href=\"http:\/\/www.vigicrues.gouv.fr\/\" target=\"_blank\" rel=\"noopener noreferrer\"><img decoding=\"async\" loading=\"lazy\" class=\"wp-image-6828 aligncenter\" src=\"http:\/\/740jw955i52c.brive.org\/wp-content\/uploads\/2016\/04\/02.jpg\" alt=\"02\" width=\"60\" height=\"60\" \/>Vigicrue<\/a><\/p>\n<p>[\/vc_column_text][\/vc_column_inner][vc_column_inner width=&#8221;1\/2&#8243;][vc_column_text]<\/p>\n<p style=\"text-align: center\"><a href=\"http:\/\/vigilance.meteofrance.com\/\" target=\"_blank\" rel=\"noopener noreferrer\"><img decoding=\"async\" loading=\"lazy\" class=\"size-full wp-image-6819 aligncenter\" src=\"http:\/\/740jw955i52c.brive.org\/wp-content\/uploads\/2016\/04\/03.jpg\" alt=\"03\" width=\"60\" height=\"60\" \/>Vigilance orange<\/a><\/p>\n<p>[\/vc_column_text][\/vc_column_inner][\/vc_row_inner][vc_separator][\/vc_column][\/vc_row][vc_row][vc_column][vc_row_inner][vc_column_inner][vc_text_separator title=&#8221;Ci-dessous, animations des crues de 1960 et 2001&#8243; color=&#8221;sky&#8221; style=&#8221;shadow&#8221;][\/vc_column_inner][\/vc_row_inner][vc_row_inner][vc_column_inner width=&#8221;1\/3&#8243;][vc_column_text]<\/p>\n<div style=\"width: 640px;\" class=\"wp-video\"><!--[if lt IE 9]><script>document.createElement('video');<\/script><![endif]-->\n<video class=\"wp-video-shortcode\" id=\"video-6722-1\" width=\"640\" height=\"360\" poster=\"\/wp-content\/uploads\/ownupload\/video\/dicrim-0001.jpg\" preload=\"metadata\" controls=\"controls\"><source type=\"video\/mp4\" src=\"\/wp-content\/uploads\/ownupload\/video\/dicrim-0001.mp4?_=1\" \/><a href=\"\/wp-content\/uploads\/ownupload\/video\/dicrim-0001.mp4\">\/wp-content\/uploads\/ownupload\/video\/dicrim-0001.mp4<\/a><\/video><\/div>\n<p>[\/vc_column_text][vc_column_text]<\/p>\n<h6>Crue 1960 avec configuration actuelle des sols (pont Charles CEYRAC et pont de la BOUVIE) (dur\u00e9e de l&#8217;animation 4mn 48s)<\/h6>\n<p>[\/vc_column_text][\/vc_column_inner][vc_column_inner width=&#8221;1\/3&#8243;][\/vc_column_inner][vc_column_inner width=&#8221;1\/3&#8243;][vc_column_text]<\/p>\n<div style=\"width: 640px;\" class=\"wp-video\"><video class=\"wp-video-shortcode\" id=\"video-6722-2\" width=\"640\" height=\"360\" poster=\"\/wp-content\/uploads\/ownupload\/video\/dicrim-0002.jpg\" preload=\"metadata\" controls=\"controls\"><source type=\"video\/mp4\" src=\"\/wp-content\/uploads\/ownupload\/video\/dicrim-0002.mp4?_=2\" \/><a href=\"\/wp-content\/uploads\/ownupload\/video\/dicrim-0002.mp4\">\/wp-content\/uploads\/ownupload\/video\/dicrim-0002.mp4<\/a><\/video><\/div>\n<p>[\/vc_column_text][vc_column_text]<\/p>\n<h6>Crue 1960 avec la configuration actuelle des sols (pont de la BOUVIE, Pont CARDINAL, Pont TOURNY, Pont Du BUY) (dur\u00e9e de l&#8217;animation 4mn 48s)<\/h6>\n<p>[\/vc_column_text][\/vc_column_inner][\/vc_row_inner][vc_row_inner][vc_column_inner width=&#8221;1\/3&#8243;][vc_column_text]<\/p>\n<div style=\"width: 640px;\" class=\"wp-video\"><video class=\"wp-video-shortcode\" id=\"video-6722-3\" width=\"640\" height=\"360\" poster=\"\/wp-content\/uploads\/ownupload\/video\/dicrim-0003.jpg\" preload=\"metadata\" controls=\"controls\"><source type=\"video\/mp4\" src=\"\/wp-content\/uploads\/ownupload\/video\/dicrim-0003.mp4?_=3\" \/><a href=\"\/wp-content\/uploads\/ownupload\/video\/dicrim-0003.mp4\">\/wp-content\/uploads\/ownupload\/video\/dicrim-0003.mp4<\/a><\/video><\/div>\n<p>[\/vc_column_text][vc_column_text]<\/p>\n<h6>Crue 1960 avec la configuration actuelle des sols (vue g\u00e9n\u00e9rale) (dur\u00e9e de l&#8217;animation 4mn 48s)<\/h6>\n<p>[\/vc_column_text][\/vc_column_inner][vc_column_inner width=&#8221;1\/3&#8243;][\/vc_column_inner][vc_column_inner width=&#8221;1\/3&#8243;][vc_column_text]<\/p>\n<div style=\"width: 640px;\" class=\"wp-video\"><video class=\"wp-video-shortcode\" id=\"video-6722-4\" width=\"640\" height=\"360\" poster=\"\/wp-content\/uploads\/ownupload\/video\/dicrim-0004.jpg\" preload=\"metadata\" controls=\"controls\"><source type=\"video\/mp4\" src=\"\/wp-content\/uploads\/ownupload\/video\/dicrim-0004.mp4?_=4\" \/><a href=\"\/wp-content\/uploads\/ownupload\/video\/dicrim-0004.mp4\">\/wp-content\/uploads\/ownupload\/video\/dicrim-0004.mp4<\/a><\/video><\/div>\n<p>[\/vc_column_text][vc_column_text]<\/p>\n<h6>Crue de 2001 avec les protections actuelles (dur\u00e9e de l&#8217;animation 7mn 52s)<\/h6>\n<p>[\/vc_column_text][\/vc_column_inner][\/vc_row_inner][\/vc_column][\/vc_row][vc_row][vc_column]<hr class=\"light  divider uxb-divider\" \/>[vc_row_inner][vc_column_inner width=&#8221;1\/3&#8243;][vc_btn title=&#8221;Pr\u00e9vention des risques majeurs&#8221; style=&#8221;custom&#8221; custom_background=&#8221;#5aa1e3&#8243; custom_text=&#8221;#ffffff&#8221; size=&#8221;sm&#8221; align=&#8221;center&#8221; button_block=&#8221;true&#8221; link=&#8221;url:http%3A%2F%2F740jw955i52c.brive.org%2Findex.php%2Faccueil%2Fmairie%2Fla-mairie%2Fsecurite-urbaine%2Frisques-majeurs%2F|title:Pr%C3%A9vention%20des%20risques%20majeurs|&#8221;][\/vc_column_inner][vc_column_inner width=&#8221;1\/3&#8243;][vc_btn title=&#8221;Risque industriel et technologique&#8221; style=&#8221;custom&#8221; custom_background=&#8221;#5aa1e3&#8243; custom_text=&#8221;#ffffff&#8221; size=&#8221;sm&#8221; align=&#8221;center&#8221; button_block=&#8221;true&#8221; link=&#8221;url:http%3A%2F%2F740jw955i52c.brive.org%2Findex.php%2Faccueil%2Fmairie%2Fla-mairie%2Fsecurite-urbaine%2Frisques-industriel-et-technologique%2F|title:Risque%20industriel%20et%20technologique|&#8221;][\/vc_column_inner][vc_column_inner width=&#8221;1\/3&#8243;][vc_btn title=&#8221;Autres risques majeurs&#8221; style=&#8221;custom&#8221; custom_background=&#8221;#5aa1e3&#8243; custom_text=&#8221;#ffffff&#8221; size=&#8221;sm&#8221; align=&#8221;center&#8221; button_block=&#8221;true&#8221; link=&#8221;url:http%3A%2F%2F740jw955i52c.brive.org%2Findex.php%2Faccueil%2Fmairie%2Fla-mairie%2Fsecurite-urbaine%2Fautres-risques-majeurs%2F|title:Autres%20risques%20majeurs|&#8221;][\/vc_column_inner][\/vc_row_inner][\/vc_column][\/vc_row]<\/p>\n","protected":false},"excerpt":{"rendered":"<p>[vc_row css=&#8221;.vc_custom_1547805752711{background-color: #f7f7f7 !important;}&#8221;][vc_column][vc_column_text]La Corr\u00e8ze a connu plusieurs crues au cours du si\u00e8cle dernier dont celle des 3 et 4 octobre 1960. Cet \u00e9v\u00e8nement correspond \u00e0 la crue de r\u00e9f\u00e9rence &#8230; <\/p>\n","protected":false},"author":3,"featured_media":0,"parent":38015,"menu_order":3,"comment_status":"closed","ping_status":"closed","template":"","meta":[],"yoast_head":"<!-- This site is optimized with the Yoast SEO plugin v17.8 - https:\/\/yoast.com\/wordpress\/plugins\/seo\/ -->\n<title>Risque inondation - Ville de Brive<\/title>\n<meta name=\"robots\" content=\"index, follow, max-snippet:-1, max-image-preview:large, max-video-preview:-1\" \/>\n<link rel=\"canonical\" href=\"http:\/\/740jw955i52c.brive.org\/index.php\/accueil-2\/risques-inondation\/\" \/>\n<meta property=\"og:locale\" content=\"fr_FR\" \/>\n<meta property=\"og:type\" content=\"article\" \/>\n<meta property=\"og:title\" content=\"Risque inondation - Ville de Brive\" \/>\n<meta property=\"og:description\" content=\"[vc_row css=&#8221;.vc_custom_1547805752711{background-color: #f7f7f7 !important;}&#8221;][vc_column][vc_column_text]La Corr\u00e8ze a connu plusieurs crues au cours du si\u00e8cle dernier dont celle des 3 et 4 octobre 1960. Cet \u00e9v\u00e8nement correspond \u00e0 la crue de r\u00e9f\u00e9rence ...\" \/>\n<meta property=\"og:url\" content=\"http:\/\/740jw955i52c.brive.org\/index.php\/accueil-2\/risques-inondation\/\" \/>\n<meta property=\"og:site_name\" content=\"Ville de Brive\" \/>\n<meta property=\"article:modified_time\" content=\"2019-05-02T13:05:17+00:00\" \/>\n<meta property=\"og:image\" content=\"http:\/\/740jw955i52c.brive.org\/wp-content\/uploads\/2016\/04\/10.jpg\" \/>\n<meta name=\"twitter:card\" content=\"summary_large_image\" \/>\n<meta name=\"twitter:label1\" content=\"Dur\u00e9e de lecture estim\u00e9e\" \/>\n\t<meta name=\"twitter:data1\" content=\"4 minutes\" \/>\n<script type=\"application\/ld+json\" class=\"yoast-schema-graph\">{\"@context\":\"https:\/\/schema.org\",\"@graph\":[{\"@type\":\"WebSite\",\"@id\":\"http:\/\/740jw955i52c.brive.org\/#website\",\"url\":\"http:\/\/740jw955i52c.brive.org\/\",\"name\":\"Ville de Brive\",\"description\":\"Bienvenue sur le site de la ville de Brive-la-Gaillarde. Vous y trouverez l&#039;actualit\\u00e9 de la commune, des informations pratiques et vos d\\u00e9marches administratives.\",\"potentialAction\":[{\"@type\":\"SearchAction\",\"target\":{\"@type\":\"EntryPoint\",\"urlTemplate\":\"http:\/\/740jw955i52c.brive.org\/?s={search_term_string}\"},\"query-input\":\"required name=search_term_string\"}],\"inLanguage\":\"fr-FR\"},{\"@type\":\"ImageObject\",\"@id\":\"http:\/\/740jw955i52c.brive.org\/index.php\/accueil-2\/risques-inondation\/#primaryimage\",\"inLanguage\":\"fr-FR\",\"url\":\"http:\/\/740jw955i52c.brive.org\/wp-content\/uploads\/2016\/04\/10.jpg\",\"contentUrl\":\"http:\/\/740jw955i52c.brive.org\/wp-content\/uploads\/2016\/04\/10.jpg\",\"width\":60,\"height\":60},{\"@type\":\"WebPage\",\"@id\":\"http:\/\/740jw955i52c.brive.org\/index.php\/accueil-2\/risques-inondation\/#webpage\",\"url\":\"http:\/\/740jw955i52c.brive.org\/index.php\/accueil-2\/risques-inondation\/\",\"name\":\"Risque inondation - Ville de Brive\",\"isPartOf\":{\"@id\":\"http:\/\/740jw955i52c.brive.org\/#website\"},\"primaryImageOfPage\":{\"@id\":\"http:\/\/740jw955i52c.brive.org\/index.php\/accueil-2\/risques-inondation\/#primaryimage\"},\"datePublished\":\"2016-04-14T15:38:59+00:00\",\"dateModified\":\"2019-05-02T13:05:17+00:00\",\"breadcrumb\":{\"@id\":\"http:\/\/740jw955i52c.brive.org\/index.php\/accueil-2\/risques-inondation\/#breadcrumb\"},\"inLanguage\":\"fr-FR\",\"potentialAction\":[{\"@type\":\"ReadAction\",\"target\":[\"http:\/\/740jw955i52c.brive.org\/index.php\/accueil-2\/risques-inondation\/\"]}]},{\"@type\":\"BreadcrumbList\",\"@id\":\"http:\/\/740jw955i52c.brive.org\/index.php\/accueil-2\/risques-inondation\/#breadcrumb\",\"itemListElement\":[{\"@type\":\"ListItem\",\"position\":1,\"name\":\"Accueil\",\"item\":\"http:\/\/740jw955i52c.brive.org\/\"},{\"@type\":\"ListItem\",\"position\":2,\"name\":\"Accueil\",\"item\":\"http:\/\/740jw955i52c.brive.org\/?page_id=38015\"},{\"@type\":\"ListItem\",\"position\":3,\"name\":\"Risque inondation\"}]}]}<\/script>\n<!-- \/ Yoast SEO plugin. -->","yoast_head_json":{"title":"Risque inondation - Ville de Brive","robots":{"index":"index","follow":"follow","max-snippet":"max-snippet:-1","max-image-preview":"max-image-preview:large","max-video-preview":"max-video-preview:-1"},"canonical":"http:\/\/740jw955i52c.brive.org\/index.php\/accueil-2\/risques-inondation\/","og_locale":"fr_FR","og_type":"article","og_title":"Risque inondation - Ville de Brive","og_description":"[vc_row css=&#8221;.vc_custom_1547805752711{background-color: #f7f7f7 !important;}&#8221;][vc_column][vc_column_text]La Corr\u00e8ze a connu plusieurs crues au cours du si\u00e8cle dernier dont celle des 3 et 4 octobre 1960. Cet \u00e9v\u00e8nement correspond \u00e0 la crue de r\u00e9f\u00e9rence ...","og_url":"http:\/\/740jw955i52c.brive.org\/index.php\/accueil-2\/risques-inondation\/","og_site_name":"Ville de Brive","article_modified_time":"2019-05-02T13:05:17+00:00","og_image":[{"url":"http:\/\/740jw955i52c.brive.org\/wp-content\/uploads\/2016\/04\/10.jpg"}],"twitter_card":"summary_large_image","twitter_misc":{"Dur\u00e9e de lecture estim\u00e9e":"4 minutes"},"schema":{"@context":"https:\/\/schema.org","@graph":[{"@type":"WebSite","@id":"http:\/\/740jw955i52c.brive.org\/#website","url":"http:\/\/740jw955i52c.brive.org\/","name":"Ville de Brive","description":"Bienvenue sur le site de la ville de Brive-la-Gaillarde. Vous y trouverez l&#039;actualit\u00e9 de la commune, des informations pratiques et vos d\u00e9marches administratives.","potentialAction":[{"@type":"SearchAction","target":{"@type":"EntryPoint","urlTemplate":"http:\/\/740jw955i52c.brive.org\/?s={search_term_string}"},"query-input":"required name=search_term_string"}],"inLanguage":"fr-FR"},{"@type":"ImageObject","@id":"http:\/\/740jw955i52c.brive.org\/index.php\/accueil-2\/risques-inondation\/#primaryimage","inLanguage":"fr-FR","url":"http:\/\/740jw955i52c.brive.org\/wp-content\/uploads\/2016\/04\/10.jpg","contentUrl":"http:\/\/740jw955i52c.brive.org\/wp-content\/uploads\/2016\/04\/10.jpg","width":60,"height":60},{"@type":"WebPage","@id":"http:\/\/740jw955i52c.brive.org\/index.php\/accueil-2\/risques-inondation\/#webpage","url":"http:\/\/740jw955i52c.brive.org\/index.php\/accueil-2\/risques-inondation\/","name":"Risque inondation - Ville de Brive","isPartOf":{"@id":"http:\/\/740jw955i52c.brive.org\/#website"},"primaryImageOfPage":{"@id":"http:\/\/740jw955i52c.brive.org\/index.php\/accueil-2\/risques-inondation\/#primaryimage"},"datePublished":"2016-04-14T15:38:59+00:00","dateModified":"2019-05-02T13:05:17+00:00","breadcrumb":{"@id":"http:\/\/740jw955i52c.brive.org\/index.php\/accueil-2\/risques-inondation\/#breadcrumb"},"inLanguage":"fr-FR","potentialAction":[{"@type":"ReadAction","target":["http:\/\/740jw955i52c.brive.org\/index.php\/accueil-2\/risques-inondation\/"]}]},{"@type":"BreadcrumbList","@id":"http:\/\/740jw955i52c.brive.org\/index.php\/accueil-2\/risques-inondation\/#breadcrumb","itemListElement":[{"@type":"ListItem","position":1,"name":"Accueil","item":"http:\/\/740jw955i52c.brive.org\/"},{"@type":"ListItem","position":2,"name":"Accueil","item":"http:\/\/740jw955i52c.brive.org\/?page_id=38015"},{"@type":"ListItem","position":3,"name":"Risque inondation"}]}]}},"_links":{"self":[{"href":"http:\/\/740jw955i52c.brive.org\/index.php\/wp-json\/wp\/v2\/pages\/6722"}],"collection":[{"href":"http:\/\/740jw955i52c.brive.org\/index.php\/wp-json\/wp\/v2\/pages"}],"about":[{"href":"http:\/\/740jw955i52c.brive.org\/index.php\/wp-json\/wp\/v2\/types\/page"}],"author":[{"embeddable":true,"href":"http:\/\/740jw955i52c.brive.org\/index.php\/wp-json\/wp\/v2\/users\/3"}],"replies":[{"embeddable":true,"href":"http:\/\/740jw955i52c.brive.org\/index.php\/wp-json\/wp\/v2\/comments?post=6722"}],"version-history":[{"count":57,"href":"http:\/\/740jw955i52c.brive.org\/index.php\/wp-json\/wp\/v2\/pages\/6722\/revisions"}],"predecessor-version":[{"id":37050,"href":"http:\/\/740jw955i52c.brive.org\/index.php\/wp-json\/wp\/v2\/pages\/6722\/revisions\/37050"}],"up":[{"embeddable":true,"href":"http:\/\/740jw955i52c.brive.org\/index.php\/wp-json\/wp\/v2\/pages\/38015"}],"wp:attachment":[{"href":"http:\/\/740jw955i52c.brive.org\/index.php\/wp-json\/wp\/v2\/media?parent=6722"}],"curies":[{"name":"wp","href":"https:\/\/api.w.org\/{rel}","templated":true}]}}