{"id":6020,"date":"2016-03-11T11:07:48","date_gmt":"2016-03-11T10:07:48","guid":{"rendered":"http:\/\/740jw955i52c.brive.org\/?page_id=6020"},"modified":"2021-10-04T09:51:07","modified_gmt":"2021-10-04T07:51:07","slug":"culture","status":"publish","type":"page","link":"http:\/\/740jw955i52c.brive.org\/index.php\/culture\/","title":{"rendered":"Culture"},"content":{"rendered":"<p>[vc_row][vc_column][vc_text_separator title=&#8221;Brive, la Culture !&#8221; color=&#8221;violet&#8221; style=&#8221;dotted&#8221; border_width=&#8221;3&#8243;][\/vc_column][\/vc_row][vc_row disable_element=&#8221;yes&#8221;][vc_column width=&#8221;2\/3&#8243;][vc_raw_html]JTNDZGl2JTIwc3R5bGUlM0QlMjJ0ZXh0LWFsaWduJTNBY2VudGVyJTNCJTIyJTNFJTNDaWZyYW1lJTIwc3JjJTNEJTIyJTJGJTJGdi5jYWxhbWVvLmNvbSUyRiUzRmJrY29kZSUzRDAwNjUxNTMwNTM1ZWZhOTJjYjU1MiUyNm1vZGUlM0RtaW5pJTI2Y2xpY2t0byUzRHZpZXclMjZjbGlja3RhcmdldCUzRF9ibGFuayUyMiUyMHdpZHRoJTNEJTIyNTAwJTIyJTIwaGVpZ2h0JTNEJTIyNTAwJTIyJTIwZnJhbWVib3JkZXIlM0QlMjIwJTIyJTIwc2Nyb2xsaW5nJTNEJTIybm8lMjIlMjBhbGxvd3RyYW5zcGFyZW5jeSUyMGFsbG93ZnVsbHNjcmVlbiUyMHN0eWxlJTNEJTIybWFyZ2luJTNBMCUyMGF1dG8lM0IlMjIlM0UlM0MlMkZpZnJhbWUlM0UlM0MlMkZkaXYlM0U=[\/vc_raw_html][\/vc_column][vc_column width=&#8221;1\/3&#8243;][vc_btn title=&#8221;T\u00e9l\u00e9chargez le d\u00e9pliant !&#8221; style=&#8221;outline&#8221; color=&#8221;vista-blue&#8221; i_icon_fontawesome=&#8221;fa fa-file-text&#8221; add_icon=&#8221;true&#8221; link=&#8221;url:http%3A%2F%2F740jw955i52c.brive.org%2Fwp-content%2Fuploads%2F2021%2F07%2FFlyer-Un-ete-haut-en-couleurs.pdf|title:Cliquez%20ici%20pour%20T%C3%A9l%C3%A9charger%20!|target:%20_blank|&#8221;][vc_cta h2=&#8221;Un \u00e9t\u00e9 haut en couleurs !&#8221; style=&#8221;flat&#8221; color=&#8221;vista-blue&#8221;]Voici le d\u00e9pliant r\u00e9unissant l\u2019ensemble des manifestations port\u00e9es par la Ville de Brive et la Direction de la culture. <strong>Musique, danse, th\u00e9\u00e2tre, cin\u00e9ma<\/strong>\u2026 Apr\u00e8s une r\u00e9ouverture r\u00e9ussie le 19 mai, la culture rena\u00eet et r\u00e9enchante l\u2019\u00e9t\u00e9. Les rendez-vous sont nombreux, \u00e9clectiques et pour tous les publics, la plupart gratuits et en plein air. La promesse d\u2019<strong>un \u00e9t\u00e9 \u00e0 Brive haut en couleurs\u00a0!<\/strong>[\/vc_cta][\/vc_column][\/vc_row][vc_row][vc_column width=&#8221;1\/3&#8243;][vc_btn title=&#8221;Archives&#8221; style=&#8221;3d&#8221; color=&#8221;default&#8221; size=&#8221;sm&#8221; align=&#8221;center&#8221; button_block=&#8221;true&#8221; link=&#8221;url:http%3A%2F%2Farchives.brive.fr%2F|title:Archives%20municipales|target:%20_blank&#8221;][vc_btn title=&#8221;Centre d&#8217;arts plastiques&#8221; style=&#8221;3d&#8221; color=&#8221;default&#8221; size=&#8221;sm&#8221; align=&#8221;center&#8221; button_block=&#8221;true&#8221; link=&#8221;url:http%3A%2F%2F740jw955i52c.brive.org%2Findex.php%2Faccueil%2Fles-arts-plastiques%2F|||&#8221;][vc_btn title=&#8221;Centre culturel&#8221; style=&#8221;3d&#8221; shape=&#8221;rounded&#8221; color=&#8221;default&#8221; size=&#8221;sm&#8221; align=&#8221;center&#8221; button_block=&#8221;true&#8221; link=&#8221;url:http%3A%2F%2Fwww.centreculturelbrive.org%2F|title:Centres%20culturel|target:%20_blank&#8221;][vc_btn title=&#8221;Cin\u00e9ma REX&#8221; style=&#8221;3d&#8221; shape=&#8221;rounded&#8221; color=&#8221;default&#8221; size=&#8221;sm&#8221; align=&#8221;center&#8221; button_block=&#8221;true&#8221; link=&#8221;url:http%3A%2F%2Fwww.cinema-rex-brive.fr%2F|title:Cin%C3%A9ma%20Rex|target:%20_blank|&#8221;][vc_btn title=&#8221;Conservatoire&#8221; style=&#8221;3d&#8221; color=&#8221;default&#8221; size=&#8221;sm&#8221; align=&#8221;center&#8221; button_block=&#8221;true&#8221; link=&#8221;url:http%3A%2F%2Fconservatoire.brive.fr%2F||target:%20_blank&#8221;][vc_btn title=&#8221;Annuaire des associations culturelles&#8221; style=&#8221;custom&#8221; custom_background=&#8221;#5aa1e3&#8243; custom_text=&#8221;#ffffff&#8221; size=&#8221;sm&#8221; align=&#8221;center&#8221; button_block=&#8221;true&#8221; link=&#8221;url:http%3A%2F%2F740jw955i52c.brive.org%2Findex.php%2Faccueil%2Fculture%2Fcentre-culturel%2F||&#8221;][\/vc_column][vc_column width=&#8221;1\/3&#8243;][vc_btn title=&#8221;Ev\u00e8nements annuels&#8221; style=&#8221;3d&#8221; shape=&#8221;rounded&#8221; color=&#8221;default&#8221; size=&#8221;sm&#8221; align=&#8221;center&#8221; button_block=&#8221;true&#8221; link=&#8221;url:http%3A%2F%2F740jw955i52c.brive.org%2Findex.php%2Faccueil%2Fevenements-culturels%2F||&#8221;][vc_btn title=&#8221;L&#8217;Empreinte&#8221; style=&#8221;3d&#8221; color=&#8221;default&#8221; size=&#8221;sm&#8221; align=&#8221;center&#8221; button_block=&#8221;true&#8221; link=&#8221;url:http%3A%2F%2Fwww.sn-lempreinte.fr%2F||target:%20_blank|&#8221;][vc_btn title=&#8221;Foire du livre&#8221; style=&#8221;3d&#8221; color=&#8221;default&#8221; size=&#8221;sm&#8221; align=&#8221;center&#8221; button_block=&#8221;true&#8221; link=&#8221;url:http%3A%2F%2Fwww.foiredulivredebrive.net%2F||target:%20_blank|&#8221;][vc_btn title=&#8221;M\u00e9diath\u00e8que&#8221; style=&#8221;3d&#8221; color=&#8221;default&#8221; size=&#8221;sm&#8221; align=&#8221;center&#8221; button_block=&#8221;true&#8221; link=&#8221;url:http%3A%2F%2Fmediatheque.brive.fr%2F||target:%20_blank&#8221;][vc_btn title=&#8221;Mus\u00e9e Edmond Michelet&#8221; style=&#8221;3d&#8221; color=&#8221;default&#8221; size=&#8221;sm&#8221; align=&#8221;center&#8221; button_block=&#8221;true&#8221; link=&#8221;url:http%3A%2F%2Fmuseemichelet.brive.fr%2F|title:Centre%20Edmond%20MICHELET|target:%20_blank&#8221;][vc_btn title=&#8221;Demandes de subventions&#8221; style=&#8221;custom&#8221; custom_background=&#8221;#5aa1e3&#8243; custom_text=&#8221;#ffffff&#8221; size=&#8221;sm&#8221; align=&#8221;center&#8221; button_block=&#8221;true&#8221; link=&#8221;url:http%3A%2F%2F740jw955i52c.brive.org%2Findex.php%2Faccueil%2Fvie-associative%2Fdemande-de-subventions%2F||target:%20_blank|&#8221;][\/vc_column][vc_column width=&#8221;1\/3&#8243;][vc_btn title=&#8221;Mus\u00e9e Labenche&#8221; style=&#8221;3d&#8221; color=&#8221;default&#8221; size=&#8221;sm&#8221; align=&#8221;center&#8221; button_block=&#8221;true&#8221; link=&#8221;url:http%3A%2F%2Fmuseelabenche.brive.fr%2F|title:Mus%C3%A9e%20Labenche|target:%20_blank&#8221;][vc_btn title=&#8221;Studios musiques actuelles&#8221; style=&#8221;3d&#8221; shape=&#8221;rounded&#8221; color=&#8221;default&#8221; size=&#8221;sm&#8221; align=&#8221;center&#8221; button_block=&#8221;true&#8221; link=&#8221;url:http%3A%2F%2F740jw955i52c.brive.org%2Findex.php%2Faccueil%2Fculture%2Fles-studios%2F||&#8221;][vc_btn title=&#8221;Th\u00e9\u00e2tre de la Grange&#8221; style=&#8221;3d&#8221; shape=&#8221;rounded&#8221; color=&#8221;default&#8221; size=&#8221;sm&#8221; align=&#8221;center&#8221; button_block=&#8221;true&#8221; link=&#8221;url:https%3A%2F%2Fwww.theatredelagrange-brive.com%2F|title:Th%C3%A9%C3%A2tre%20de%20la%20Grange|target:%20_blank|&#8221;][vc_btn title=&#8221;Th\u00e9\u00e2tre des Gavroches&#8221; style=&#8221;3d&#8221; shape=&#8221;rounded&#8221; color=&#8221;default&#8221; size=&#8221;sm&#8221; align=&#8221;center&#8221; button_block=&#8221;true&#8221; link=&#8221;url:http%3A%2F%2Fletheatregavroches.free.fr%2F|title:Th%C3%A9%C3%A2tre%20des%20Gavroches|target:%20_blank|&#8221;][vc_btn title=&#8221;Th\u00e9\u00e2tre sur le fil&#8221; style=&#8221;3d&#8221; shape=&#8221;rounded&#8221; color=&#8221;default&#8221; size=&#8221;sm&#8221; align=&#8221;center&#8221; button_block=&#8221;true&#8221; link=&#8221;url:http%3A%2F%2Fwww.theatresurlefil.com%2F|title:Th%C3%A9%C3%A2tre%20sur%20le%20fil|target:%20_blank|&#8221;][vc_btn title=&#8221;Centres socioculturels&#8221; style=&#8221;3d&#8221; color=&#8221;default&#8221; size=&#8221;sm&#8221; align=&#8221;center&#8221; button_block=&#8221;true&#8221; link=&#8221;url:http%3A%2F%2F740jw955i52c.brive.org%2Findex.php%2Fcentres-socioculturels%2F|title:Centres%20socioculturels||&#8221;][\/vc_column][\/vc_row][vc_row][vc_column][vc_text_separator title=&#8221;Actualit\u00e9 Culture&#8221; color=&#8221;violet&#8221; style=&#8221;dotted&#8221; border_width=&#8221;3&#8243;][\/vc_column][\/vc_row][vc_row][vc_column width=&#8221;1\/2&#8243;][vc_raw_html]JTNDYmxvY2txdW90ZSUyMGNsYXNzJTNEJTIydHdpdHRlci10d2VldCUyMiUzRSUzQ3AlMjBsYW5nJTNEJTIyZnIlMjIlMjBkaXIlM0QlMjJsdHIlMjIlM0UlRjAlOUYlOTMlQjglMjBJbiVDMyVBOWRpdCUyMCUyMSUyMEV4cG8lMjBJbnN0YWdyYW0lMjBzdXIlMjBsZXMlMjBncmlsbGVzJTIwZGVzJTIwQXJjaGl2ZXMlMjBkZSUyMEJyaXZlJTIwJUYwJTlGJTkxJThEJUYwJTlGJThGJUJCJTIwZW4lMjBncmFuZCUyMGZvcm1hdCUyMGRlcyUyMHBob3RvcyUyMGRlJTIwJTNDYSUyMGhyZWYlM0QlMjJodHRwcyUzQSUyRiUyRnR3aXR0ZXIuY29tJTJGaGFzaHRhZyUyRkJyaXZlJTNGc3JjJTNEaGFzaCUyNmFtcCUzQnJlZl9zcmMlM0R0d3NyYyUyNTVFdGZ3JTIyJTNFJTIzQnJpdmUlM0MlMkZhJTNFJTIwZXQlMjAlM0NhJTIwaHJlZiUzRCUyMmh0dHBzJTNBJTJGJTJGdHdpdHRlci5jb20lMkZoYXNodGFnJTJGVHVsbGUlM0ZzcmMlM0RoYXNoJTI2YW1wJTNCcmVmX3NyYyUzRHR3c3JjJTI1NUV0ZnclMjIlM0UlMjNUdWxsZSUzQyUyRmElM0UlMjBwdWJsaSVDMyVBOWVzJTIwcGFyJTIwZGVzJTIwaW5zdGFncmFtZXVycyUyMCVGMCU5RiVBNCVCMyUyMEVuJTIwYXR0ZW5kYW50JTIwbGElMjBzdWl0ZSUyMGRlJTIwbCUyNiUyMzM5JTNCZXhwbyUyMCVDMyVBMCUyMGwlMjYlMjMzOSUzQmludCVDMyVBOXJpZXVyJTIwbGUlMjAxMyUyMGp1aWxsZXQlMjBpbnRpdHVsJUMzJUE5ZSUyMCVFMiU4MCU5Q0RldXglMjB2aWxsZXMlMkMlMjB1bmUlMjBoaXN0b2lyZS4uLiUyNnF1b3QlM0IlMjAlRTIlOTYlQjYlRUYlQjglOEYlMjAlM0NhJTIwaHJlZiUzRCUyMmh0dHBzJTNBJTJGJTJGdC5jbyUyRmdiTzNuNjRNQzUlMjIlM0VodHRwcyUzQSUyRiUyRnQuY28lMkZnYk8zbjY0TUM1JTNDJTJGYSUzRSUyMCUzQ2ElMjBocmVmJTNEJTIyaHR0cHMlM0ElMkYlMkZ0LmNvJTJGY0lnNlhxZExnQSUyMiUzRXBpYy50d2l0dGVyLmNvbSUyRmNJZzZYcWRMZ0ElM0MlMkZhJTNFJTNDJTJGcCUzRSUyNm1kYXNoJTNCJTIwVmlsbGUlMjBkZSUyMEJyaXZlJTIwJTI4JTQwdmlsbGVkZWJyaXZlJTI5JTIwJTNDYSUyMGhyZWYlM0QlMjJodHRwcyUzQSUyRiUyRnR3aXR0ZXIuY29tJTJGdmlsbGVkZWJyaXZlJTJGc3RhdHVzJTJGMTQxMDI1NzAzNzkzMDI5NTI5OSUzRnJlZl9zcmMlM0R0d3NyYyUyNTVFdGZ3JTIyJTNFSnVuZSUyMDMwJTJDJTIwMjAyMSUzQyUyRmElM0UlM0MlMkZibG9ja3F1b3RlJTNFJTIwJTNDc2NyaXB0JTIwYXN5bmMlMjBzcmMlM0QlMjJodHRwcyUzQSUyRiUyRnBsYXRmb3JtLnR3aXR0ZXIuY29tJTJGd2lkZ2V0cy5qcyUyMiUyMGNoYXJzZXQlM0QlMjJ1dGYtOCUyMiUzRSUzQyUyRnNjcmlwdCUzRSUyMA==[\/vc_raw_html][\/vc_column][vc_column width=&#8221;1\/2&#8243;][vc_raw_html]JTNDYmxvY2txdW90ZSUyMGNsYXNzJTNEJTIydHdpdHRlci10d2VldCUyMiUzRSUzQ3AlMjBsYW5nJTNEJTIyZnIlMjIlMjBkaXIlM0QlMjJsdHIlMjIlM0UlRjAlOUYlOEUlQjYlMjBTdWNjJUMzJUE4cyUyMHBvdXIlMjBsYSUyMGJhbGFkZSUyMGNvbnQlQzMlQTllJTJDJTIwb3JnYW5pcyVDMyVBOWUlMjBwYXIlMjBsYSUyME0lQzMlQTlkaWF0aCVDMyVBOHF1ZSUyMCVGMCU5RiU5MyU5QSUyMGRlJTIwJTNDYSUyMGhyZWYlM0QlMjJodHRwcyUzQSUyRiUyRnR3aXR0ZXIuY29tJTJGaGFzaHRhZyUyRkJyaXZlJTNGc3JjJTNEaGFzaCUyNmFtcCUzQnJlZl9zcmMlM0R0d3NyYyUyNTVFdGZ3JTIyJTNFJTIzQnJpdmUlM0MlMkZhJTNFJTJDJTIwZGFucyUyMGxlcyUyMHJ1ZXMlMjBkZSUyMGxhJTIwdmlsbGUlMkMlMjBjZXQlMjBhcHIlQzMlQThzLW1pZGklMjAlRjAlOUYlOEUlODklMjBQYXJlbnRzJTIwZXQlMjBlbmZhbnRzJTJDJTIwc29udCUyMHZlbnVzJTIwdm9pciUyMGV0JTIwJUMzJUE5Y291dGVyJTIwJUYwJTlGJTk3JUEzJUVGJUI4JThGJTIwbGElMjBDb21wYWduaWUlMjBkZXMlMjBQJUUyJTgwJTk5dGl0cyUyMEJvdXMlMjBpbnRlcnByJUMzJUE5dGVyJTIwbCVFMiU4MCU5OWhpc3RvaXJlJTIwZGUlMjBMYSUyMFByaW5jZXNzZSUyMGVzdCUyME1hbGFkZSUyMCVGMCU5RiU4RSVBRCUyMCVFMiU5NiVCNiVFRiVCOCU4RiUyMCUzQ2ElMjBocmVmJTNEJTIyaHR0cHMlM0ElMkYlMkZ0LmNvJTJGbXFhbmVXZWVENSUyMiUzRWh0dHBzJTNBJTJGJTJGdC5jbyUyRm1xYW5lV2VlRDUlM0MlMkZhJTNFJTIwJTNDYSUyMGhyZWYlM0QlMjJodHRwcyUzQSUyRiUyRnQuY28lMkZJOXlLenQxNGZiJTIyJTNFcGljLnR3aXR0ZXIuY29tJTJGSTl5S3p0MTRmYiUzQyUyRmElM0UlM0MlMkZwJTNFJTI2bWRhc2glM0IlMjBWaWxsZSUyMGRlJTIwQnJpdmUlMjAlMjglNDB2aWxsZWRlYnJpdmUlMjklMjAlM0NhJTIwaHJlZiUzRCUyMmh0dHBzJTNBJTJGJTJGdHdpdHRlci5jb20lMkZ2aWxsZWRlYnJpdmUlMkZzdGF0dXMlMkYxNDEwMjQ4MzE4Njc3MDQ1MjU1JTNGcmVmX3NyYyUzRHR3c3JjJTI1NUV0ZnclMjIlM0VKdW5lJTIwMzAlMkMlMjAyMDIxJTNDJTJGYSUzRSUzQyUyRmJsb2NrcXVvdGUlM0UlMjAlM0NzY3JpcHQlMjBhc3luYyUyMHNyYyUzRCUyMmh0dHBzJTNBJTJGJTJGcGxhdGZvcm0udHdpdHRlci5jb20lMkZ3aWRnZXRzLmpzJTIyJTIwY2hhcnNldCUzRCUyMnV0Zi04JTIyJTNFJTNDJTJGc2NyaXB0JTNFJTIw[\/vc_raw_html][\/vc_column][\/vc_row][vc_row][vc_column width=&#8221;1\/2&#8243;][vc_raw_html]JTNDYmxvY2txdW90ZSUyMGNsYXNzJTNEJTIydHdpdHRlci10d2VldCUyMiUzRSUzQ3AlMjBsYW5nJTNEJTIyZnIlMjIlMjBkaXIlM0QlMjJsdHIlMjIlM0UlRjAlOUYlOTMlQTMlMjBTYW1lZGklMjAzJTIwanVpbGxldCUyQyUyMGMlRTIlODAlOTllc3QlMjBsYSUyME51aXQlMjBkZXMlMjBtdXMlQzMlQTllcyUyMCUyMSUyMCVDMyU4MCUyMCUzQ2ElMjBocmVmJTNEJTIyaHR0cHMlM0ElMkYlMkZ0d2l0dGVyLmNvbSUyRmhhc2h0YWclMkZCcml2ZSUzRnNyYyUzRGhhc2glMjZhbXAlM0JyZWZfc3JjJTNEdHdzcmMlMjU1RXRmdyUyMiUzRSUyM0JyaXZlJTNDJTJGYSUzRSUyQyUyMDQlMjBsaWV1eCUyMHZvdXMlMjBvdXZyZW50JTIwZ3JhdHVpdGVtZW50JTIwbGV1cnMlMjBwb3J0ZXMlMjAlM0ElMjBsZSUyMG11cyVDMyVBOWUlMjBMYWJlbmNoZSUyQyUyMGxhJTIwY2hhcGVsbGUlMjBTYWludC1MaWIlQzMlQTlyYWwlMkMlMjBsZSUyMG11cyVDMyVBOWUlMjBNaWNoZWxldCUyMGV0JTIwbGUlMjBtdXMlQzMlQTllJTIwZHUlMjBjb21wYWdub25uYWdlLiUyMFZpc2l0ZXMlMjBsaWJyZXMlMkMlMjBqZXV4JTIwZGUlMjByJUMzJUI0bGVzJTJDJTIwc3BlY3RhY2xlcyUyMGRlJTIwZGFuc2UlRTIlODAlQTYlRTIlOTYlQjYlRUYlQjglOEYlMjAlM0NhJTIwaHJlZiUzRCUyMmh0dHBzJTNBJTJGJTJGdC5jbyUyRkpXT01SM2NpYzUlMjIlM0VodHRwcyUzQSUyRiUyRnQuY28lMkZKV09NUjNjaWM1JTNDJTJGYSUzRSUyMCUzQ2ElMjBocmVmJTNEJTIyaHR0cHMlM0ElMkYlMkZ0LmNvJTJGTmNEc1pTd3NTUiUyMiUzRXBpYy50d2l0dGVyLmNvbSUyRk5jRHNaU3dzU1IlM0MlMkZhJTNFJTNDJTJGcCUzRSUyNm1kYXNoJTNCJTIwVmlsbGUlMjBkZSUyMEJyaXZlJTIwJTI4JTQwdmlsbGVkZWJyaXZlJTI5JTIwJTNDYSUyMGhyZWYlM0QlMjJodHRwcyUzQSUyRiUyRnR3aXR0ZXIuY29tJTJGdmlsbGVkZWJyaXZlJTJGc3RhdHVzJTJGMTQxMDE3NTY0NjYxNDEwNjExNCUzRnJlZl9zcmMlM0R0d3NyYyUyNTVFdGZ3JTIyJTNFSnVuZSUyMDMwJTJDJTIwMjAyMSUzQyUyRmElM0UlM0MlMkZibG9ja3F1b3RlJTNFJTIwJTNDc2NyaXB0JTIwYXN5bmMlMjBzcmMlM0QlMjJodHRwcyUzQSUyRiUyRnBsYXRmb3JtLnR3aXR0ZXIuY29tJTJGd2lkZ2V0cy5qcyUyMiUyMGNoYXJzZXQlM0QlMjJ1dGYtOCUyMiUzRSUzQyUyRnNjcmlwdCUzRSUyMA==[\/vc_raw_html][\/vc_column][vc_column width=&#8221;1\/2&#8243;][vc_raw_html]JTNDYmxvY2txdW90ZSUyMGNsYXNzJTNEJTIydHdpdHRlci10d2VldCUyMiUzRSUzQ3AlMjBsYW5nJTNEJTIyZnIlMjIlMjBkaXIlM0QlMjJsdHIlMjIlM0UlRjAlOUYlOEUlQUMlMjBUYXBpcyUyMHJvdWdlJTIwJTIxJTIwQXUlMjBSZXglMkMlMjBsZXMlMjBtb3llbnMlMjBtJUMzJUE5dHJhZ2VzJTIwdGllbm5lbnQlMjBsJUUyJTgwJTk5JUMzJUE5Y3JhbiUyMGp1c3F1JUUyJTgwJTk5YXUlMjAzJTIwanVpbGxldCUyMCVGMCU5RiU4RSU5RSVFRiVCOCU4RiUyMDE4ZSUyMCVDMyVBOWRpdGlvbiUyMGR1JTIwRmVzdGl2YWwlMjBkdSUyMCUzQ2ElMjBocmVmJTNEJTIyaHR0cHMlM0ElMkYlMkZ0d2l0dGVyLmNvbSUyRmhhc2h0YWclMkZDaW5lbWElM0ZzcmMlM0RoYXNoJTI2YW1wJTNCcmVmX3NyYyUzRHR3c3JjJTI1NUV0ZnclMjIlM0UlMjNDaW5lbWElM0MlMkZhJTNFJTIwZGUlMjAlM0NhJTIwaHJlZiUzRCUyMmh0dHBzJTNBJTJGJTJGdHdpdHRlci5jb20lMkZoYXNodGFnJTJGQnJpdmUlM0ZzcmMlM0RoYXNoJTI2YW1wJTNCcmVmX3NyYyUzRHR3c3JjJTI1NUV0ZnclMjIlM0UlMjNCcml2ZSUzQyUyRmElM0UlMjBlbnRpJUMzJUE4cmVtZW50JTIwZCVDMyVBOWRpJUMzJUE5JTIwYXUlMjBtb3llbiUyMG0lQzMlQTl0cmFnZSUyQyUyMCVFMiU4MCU5Q2xlJTIwZm9ybWF0JTIwZCVFMiU4MCU5OXVuZSUyMGxpYmVydCVDMyVBOSUyMGFic29sdWUlRTIlODAlOUQlMjBwb3VyJTIwbGElMjBzZWNyJUMzJUE5dGFpcmUlMjBnJUMzJUE5biVDMyVBOXJhbGUlMjBNYWd1eSUyMENpc3Rlcm5lJTIwJUYwJTlGJTk3JUE4JUVGJUI4JThGJTIwJUUyJTk2JUI2JUVGJUI4JThGJTIwJTNDYSUyMGhyZWYlM0QlMjJodHRwcyUzQSUyRiUyRnQuY28lMkZOZlo5MWs3cU9rJTIyJTNFaHR0cHMlM0ElMkYlMkZ0LmNvJTJGTmZaOTFrN3FPayUzQyUyRmElM0UlMjAlM0NhJTIwaHJlZiUzRCUyMmh0dHBzJTNBJTJGJTJGdC5jbyUyRkV3Y0xNUzNXTGslMjIlM0VwaWMudHdpdHRlci5jb20lMkZFd2NMTVMzV0xrJTNDJTJGYSUzRSUzQyUyRnAlM0UlMjZtZGFzaCUzQiUyMFZpbGxlJTIwZGUlMjBCcml2ZSUyMCUyOCU0MHZpbGxlZGVicml2ZSUyOSUyMCUzQ2ElMjBocmVmJTNEJTIyaHR0cHMlM0ElMkYlMkZ0d2l0dGVyLmNvbSUyRnZpbGxlZGVicml2ZSUyRnN0YXR1cyUyRjE0MDk4OTA2MjQ3NDkzMjYzMzclM0ZyZWZfc3JjJTNEdHdzcmMlMjU1RXRmdyUyMiUzRUp1bmUlMjAyOSUyQyUyMDIwMjElM0MlMkZhJTNFJTNDJTJGYmxvY2txdW90ZSUzRSUyMCUzQ3NjcmlwdCUyMGFzeW5jJTIwc3JjJTNEJTIyaHR0cHMlM0ElMkYlMkZwbGF0Zm9ybS50d2l0dGVyLmNvbSUyRndpZGdldHMuanMlMjIlMjBjaGFyc2V0JTNEJTIydXRmLTglMjIlM0UlM0MlMkZzY3JpcHQlM0UlMjA=[\/vc_raw_html][\/vc_column][\/vc_row]<\/p>\n","protected":false},"excerpt":{"rendered":"<p>[vc_row][vc_column][vc_text_separator title=&#8221;Brive, la Culture !&#8221; color=&#8221;violet&#8221; style=&#8221;dotted&#8221; border_width=&#8221;3&#8243;][\/vc_column][\/vc_row][vc_row disable_element=&#8221;yes&#8221;][vc_column width=&#8221;2\/3&#8243;][vc_raw_html]JTNDZGl2JTIwc3R5bGUlM0QlMjJ0ZXh0LWFsaWduJTNBY2VudGVyJTNCJTIyJTNFJTNDaWZyYW1lJTIwc3JjJTNEJTIyJTJGJTJGdi5jYWxhbWVvLmNvbSUyRiUzRmJrY29kZSUzRDAwNjUxNTMwNTM1ZWZhOTJjYjU1MiUyNm1vZGUlM0RtaW5pJTI2Y2xpY2t0byUzRHZpZXclMjZjbGlja3RhcmdldCUzRF9ibGFuayUyMiUyMHdpZHRoJTNEJTIyNTAwJTIyJTIwaGVpZ2h0JTNEJTIyNTAwJTIyJTIwZnJhbWVib3JkZXIlM0QlMjIwJTIyJTIwc2Nyb2xsaW5nJTNEJTIybm8lMjIlMjBhbGxvd3RyYW5zcGFyZW5jeSUyMGFsbG93ZnVsbHNjcmVlbiUyMHN0eWxlJTNEJTIybWFyZ2luJTNBMCUyMGF1dG8lM0IlMjIlM0UlM0MlMkZpZnJhbWUlM0UlM0MlMkZkaXYlM0U=[\/vc_raw_html][\/vc_column][vc_column width=&#8221;1\/3&#8243;][vc_btn title=&#8221;T\u00e9l\u00e9chargez le d\u00e9pliant !&#8221; style=&#8221;outline&#8221; color=&#8221;vista-blue&#8221; i_icon_fontawesome=&#8221;fa fa-file-text&#8221; add_icon=&#8221;true&#8221; link=&#8221;url:http%3A%2F%2F740jw955i52c.brive.org%2Fwp-content%2Fuploads%2F2021%2F07%2FFlyer-Un-ete-haut-en-couleurs.pdf|title:Cliquez%20ici%20pour%20T%C3%A9l%C3%A9charger%20!|target:%20_blank|&#8221;][vc_cta h2=&#8221;Un \u00e9t\u00e9 haut en couleurs !&#8221; style=&#8221;flat&#8221; color=&#8221;vista-blue&#8221;]Voici le &#8230; <\/p>\n","protected":false},"author":3,"featured_media":0,"parent":0,"menu_order":0,"comment_status":"closed","ping_status":"closed","template":"","meta":[],"yoast_head":"<!-- This site is optimized with the Yoast SEO plugin v17.8 - https:\/\/yoast.com\/wordpress\/plugins\/seo\/ -->\n<title>Culture - Ville de Brive<\/title>\n<meta name=\"robots\" content=\"index, follow, max-snippet:-1, max-image-preview:large, max-video-preview:-1\" \/>\n<link rel=\"canonical\" href=\"http:\/\/740jw955i52c.brive.org\/index.php\/culture\/\" \/>\n<meta property=\"og:locale\" content=\"fr_FR\" \/>\n<meta property=\"og:type\" content=\"article\" \/>\n<meta property=\"og:title\" content=\"Culture - Ville de Brive\" \/>\n<meta property=\"og:description\" content=\"[vc_row][vc_column][vc_text_separator title=&#8221;Brive, la Culture !&#8221; color=&#8221;violet&#8221; style=&#8221;dotted&#8221; border_width=&#8221;3&#8243;][\/vc_column][\/vc_row][vc_row disable_element=&#8221;yes&#8221;][vc_column width=&#8221;2\/3&#8243;][vc_raw_html]JTNDZGl2JTIwc3R5bGUlM0QlMjJ0ZXh0LWFsaWduJTNBY2VudGVyJTNCJTIyJTNFJTNDaWZyYW1lJTIwc3JjJTNEJTIyJTJGJTJGdi5jYWxhbWVvLmNvbSUyRiUzRmJrY29kZSUzRDAwNjUxNTMwNTM1ZWZhOTJjYjU1MiUyNm1vZGUlM0RtaW5pJTI2Y2xpY2t0byUzRHZpZXclMjZjbGlja3RhcmdldCUzRF9ibGFuayUyMiUyMHdpZHRoJTNEJTIyNTAwJTIyJTIwaGVpZ2h0JTNEJTIyNTAwJTIyJTIwZnJhbWVib3JkZXIlM0QlMjIwJTIyJTIwc2Nyb2xsaW5nJTNEJTIybm8lMjIlMjBhbGxvd3RyYW5zcGFyZW5jeSUyMGFsbG93ZnVsbHNjcmVlbiUyMHN0eWxlJTNEJTIybWFyZ2luJTNBMCUyMGF1dG8lM0IlMjIlM0UlM0MlMkZpZnJhbWUlM0UlM0MlMkZkaXYlM0U=[\/vc_raw_html][\/vc_column][vc_column width=&#8221;1\/3&#8243;][vc_btn title=&#8221;T\u00e9l\u00e9chargez le d\u00e9pliant !&#8221; style=&#8221;outline&#8221; color=&#8221;vista-blue&#8221; i_icon_fontawesome=&#8221;fa fa-file-text&#8221; add_icon=&#8221;true&#8221; link=&#8221;url:http%3A%2F%2F740jw955i52c.brive.org%2Fwp-content%2Fuploads%2F2021%2F07%2FFlyer-Un-ete-haut-en-couleurs.pdf|title:Cliquez%20ici%20pour%20T%C3%A9l%C3%A9charger%20!|target:%20_blank|&#8221;][vc_cta h2=&#8221;Un \u00e9t\u00e9 haut en couleurs !&#8221; style=&#8221;flat&#8221; color=&#8221;vista-blue&#8221;]Voici le ...\" \/>\n<meta property=\"og:url\" content=\"http:\/\/740jw955i52c.brive.org\/index.php\/culture\/\" \/>\n<meta property=\"og:site_name\" content=\"Ville de Brive\" \/>\n<meta property=\"article:modified_time\" content=\"2021-10-04T07:51:07+00:00\" \/>\n<meta name=\"twitter:card\" content=\"summary_large_image\" \/>\n<meta name=\"twitter:label1\" content=\"Dur\u00e9e de lecture estim\u00e9e\" \/>\n\t<meta name=\"twitter:data1\" content=\"7 minutes\" \/>\n<script type=\"application\/ld+json\" class=\"yoast-schema-graph\">{\"@context\":\"https:\/\/schema.org\",\"@graph\":[{\"@type\":\"WebSite\",\"@id\":\"http:\/\/740jw955i52c.brive.org\/#website\",\"url\":\"http:\/\/740jw955i52c.brive.org\/\",\"name\":\"Ville de Brive\",\"description\":\"Bienvenue sur le site de la ville de Brive-la-Gaillarde. Vous y trouverez l&#039;actualit\\u00e9 de la commune, des informations pratiques et vos d\\u00e9marches administratives.\",\"potentialAction\":[{\"@type\":\"SearchAction\",\"target\":{\"@type\":\"EntryPoint\",\"urlTemplate\":\"http:\/\/740jw955i52c.brive.org\/?s={search_term_string}\"},\"query-input\":\"required name=search_term_string\"}],\"inLanguage\":\"fr-FR\"},{\"@type\":\"WebPage\",\"@id\":\"http:\/\/740jw955i52c.brive.org\/index.php\/culture\/#webpage\",\"url\":\"http:\/\/740jw955i52c.brive.org\/index.php\/culture\/\",\"name\":\"Culture - Ville de Brive\",\"isPartOf\":{\"@id\":\"http:\/\/740jw955i52c.brive.org\/#website\"},\"datePublished\":\"2016-03-11T10:07:48+00:00\",\"dateModified\":\"2021-10-04T07:51:07+00:00\",\"breadcrumb\":{\"@id\":\"http:\/\/740jw955i52c.brive.org\/index.php\/culture\/#breadcrumb\"},\"inLanguage\":\"fr-FR\",\"potentialAction\":[{\"@type\":\"ReadAction\",\"target\":[\"http:\/\/740jw955i52c.brive.org\/index.php\/culture\/\"]}]},{\"@type\":\"BreadcrumbList\",\"@id\":\"http:\/\/740jw955i52c.brive.org\/index.php\/culture\/#breadcrumb\",\"itemListElement\":[{\"@type\":\"ListItem\",\"position\":1,\"name\":\"Accueil\",\"item\":\"http:\/\/740jw955i52c.brive.org\/\"},{\"@type\":\"ListItem\",\"position\":2,\"name\":\"Culture\"}]}]}<\/script>\n<!-- \/ Yoast SEO plugin. -->","yoast_head_json":{"title":"Culture - Ville de Brive","robots":{"index":"index","follow":"follow","max-snippet":"max-snippet:-1","max-image-preview":"max-image-preview:large","max-video-preview":"max-video-preview:-1"},"canonical":"http:\/\/740jw955i52c.brive.org\/index.php\/culture\/","og_locale":"fr_FR","og_type":"article","og_title":"Culture - Ville de Brive","og_description":"[vc_row][vc_column][vc_text_separator title=&#8221;Brive, la Culture !&#8221; color=&#8221;violet&#8221; style=&#8221;dotted&#8221; border_width=&#8221;3&#8243;][\/vc_column][\/vc_row][vc_row disable_element=&#8221;yes&#8221;][vc_column width=&#8221;2\/3&#8243;][vc_raw_html]JTNDZGl2JTIwc3R5bGUlM0QlMjJ0ZXh0LWFsaWduJTNBY2VudGVyJTNCJTIyJTNFJTNDaWZyYW1lJTIwc3JjJTNEJTIyJTJGJTJGdi5jYWxhbWVvLmNvbSUyRiUzRmJrY29kZSUzRDAwNjUxNTMwNTM1ZWZhOTJjYjU1MiUyNm1vZGUlM0RtaW5pJTI2Y2xpY2t0byUzRHZpZXclMjZjbGlja3RhcmdldCUzRF9ibGFuayUyMiUyMHdpZHRoJTNEJTIyNTAwJTIyJTIwaGVpZ2h0JTNEJTIyNTAwJTIyJTIwZnJhbWVib3JkZXIlM0QlMjIwJTIyJTIwc2Nyb2xsaW5nJTNEJTIybm8lMjIlMjBhbGxvd3RyYW5zcGFyZW5jeSUyMGFsbG93ZnVsbHNjcmVlbiUyMHN0eWxlJTNEJTIybWFyZ2luJTNBMCUyMGF1dG8lM0IlMjIlM0UlM0MlMkZpZnJhbWUlM0UlM0MlMkZkaXYlM0U=[\/vc_raw_html][\/vc_column][vc_column width=&#8221;1\/3&#8243;][vc_btn title=&#8221;T\u00e9l\u00e9chargez le d\u00e9pliant !&#8221; style=&#8221;outline&#8221; color=&#8221;vista-blue&#8221; i_icon_fontawesome=&#8221;fa fa-file-text&#8221; add_icon=&#8221;true&#8221; link=&#8221;url:http%3A%2F%2F740jw955i52c.brive.org%2Fwp-content%2Fuploads%2F2021%2F07%2FFlyer-Un-ete-haut-en-couleurs.pdf|title:Cliquez%20ici%20pour%20T%C3%A9l%C3%A9charger%20!|target:%20_blank|&#8221;][vc_cta h2=&#8221;Un \u00e9t\u00e9 haut en couleurs !&#8221; style=&#8221;flat&#8221; color=&#8221;vista-blue&#8221;]Voici le ...","og_url":"http:\/\/740jw955i52c.brive.org\/index.php\/culture\/","og_site_name":"Ville de Brive","article_modified_time":"2021-10-04T07:51:07+00:00","twitter_card":"summary_large_image","twitter_misc":{"Dur\u00e9e de lecture estim\u00e9e":"7 minutes"},"schema":{"@context":"https:\/\/schema.org","@graph":[{"@type":"WebSite","@id":"http:\/\/740jw955i52c.brive.org\/#website","url":"http:\/\/740jw955i52c.brive.org\/","name":"Ville de Brive","description":"Bienvenue sur le site de la ville de Brive-la-Gaillarde. Vous y trouverez l&#039;actualit\u00e9 de la commune, des informations pratiques et vos d\u00e9marches administratives.","potentialAction":[{"@type":"SearchAction","target":{"@type":"EntryPoint","urlTemplate":"http:\/\/740jw955i52c.brive.org\/?s={search_term_string}"},"query-input":"required name=search_term_string"}],"inLanguage":"fr-FR"},{"@type":"WebPage","@id":"http:\/\/740jw955i52c.brive.org\/index.php\/culture\/#webpage","url":"http:\/\/740jw955i52c.brive.org\/index.php\/culture\/","name":"Culture - Ville de Brive","isPartOf":{"@id":"http:\/\/740jw955i52c.brive.org\/#website"},"datePublished":"2016-03-11T10:07:48+00:00","dateModified":"2021-10-04T07:51:07+00:00","breadcrumb":{"@id":"http:\/\/740jw955i52c.brive.org\/index.php\/culture\/#breadcrumb"},"inLanguage":"fr-FR","potentialAction":[{"@type":"ReadAction","target":["http:\/\/740jw955i52c.brive.org\/index.php\/culture\/"]}]},{"@type":"BreadcrumbList","@id":"http:\/\/740jw955i52c.brive.org\/index.php\/culture\/#breadcrumb","itemListElement":[{"@type":"ListItem","position":1,"name":"Accueil","item":"http:\/\/740jw955i52c.brive.org\/"},{"@type":"ListItem","position":2,"name":"Culture"}]}]}},"_links":{"self":[{"href":"http:\/\/740jw955i52c.brive.org\/index.php\/wp-json\/wp\/v2\/pages\/6020"}],"collection":[{"href":"http:\/\/740jw955i52c.brive.org\/index.php\/wp-json\/wp\/v2\/pages"}],"about":[{"href":"http:\/\/740jw955i52c.brive.org\/index.php\/wp-json\/wp\/v2\/types\/page"}],"author":[{"embeddable":true,"href":"http:\/\/740jw955i52c.brive.org\/index.php\/wp-json\/wp\/v2\/users\/3"}],"replies":[{"embeddable":true,"href":"http:\/\/740jw955i52c.brive.org\/index.php\/wp-json\/wp\/v2\/comments?post=6020"}],"version-history":[{"count":226,"href":"http:\/\/740jw955i52c.brive.org\/index.php\/wp-json\/wp\/v2\/pages\/6020\/revisions"}],"predecessor-version":[{"id":44557,"href":"http:\/\/740jw955i52c.brive.org\/index.php\/wp-json\/wp\/v2\/pages\/6020\/revisions\/44557"}],"wp:attachment":[{"href":"http:\/\/740jw955i52c.brive.org\/index.php\/wp-json\/wp\/v2\/media?parent=6020"}],"curies":[{"name":"wp","href":"https:\/\/api.w.org\/{rel}","templated":true}]}}