{"id":525,"date":"2015-10-06T09:38:05","date_gmt":"2015-10-06T07:38:05","guid":{"rendered":"http:\/\/740jw955i52c.brive.org?page_id=525"},"modified":"2023-06-26T16:14:19","modified_gmt":"2023-06-26T14:14:19","slug":"services-en-ligne","status":"publish","type":"page","link":"http:\/\/740jw955i52c.brive.org\/index.php\/accueil-2\/services-en-ligne\/","title":{"rendered":"Services en ligne"},"content":{"rendered":"<p>[vc_row css=&#8221;.vc_custom_1508835247635{background-color: #f7f7f7 !important;}&#8221;][vc_column]<div class=\"uxb-exte\"><h4 class=\" h-center  has-line   uxb-heading\">Certaines d\u00e9marches peuvent \u00eatre effectu\u00e9es depuis votre ordinateur, votre tablette ou votre t\u00e9l\u00e9phone<\/h4><\/div>[\/vc_column][\/vc_row][vc_row css=&#8221;.vc_custom_1508835247635{background-color: #f7f7f7 !important;}&#8221;][vc_column][vc_row_inner][vc_column_inner width=&#8221;1\/2&#8243;][vc_column_text]<\/p>\n<h1><strong>Espace Famille<\/strong><\/h1>\n<p style=\"text-align: justify\">Vos enfants fr\u00e9quentent (ou fr\u00e9quenteront) une \u00e9cole, un centre socio-culturel de Brive, un accueil de loisirs, un multi-accueil de Brive ou de l&#8217;Agglo ?<\/p>\n<p style=\"text-align: justify\"><strong>Espace Famille<\/strong> est le nouveau service pour simplifier les d\u00e9marches !<\/p>\n<p style=\"text-align: justify\">L&#8217;espace famille est <strong>un service d\u00e9mat\u00e9rialis\u00e9<\/strong> d&#8217;inscriptions, de r\u00e9servations et de paiement en ligne, <strong>d\u00e9di\u00e9 \u00e0 l\u2019Enfance<\/strong>.<\/p>\n<p style=\"text-align: justify\">D\u00e9sormais, \u00e0 partir de votre compte personnel s\u00e9curis\u00e9, vous pouvez effectuer l&#8217;essentiel de vos d\u00e9marches administratives depuis votre ordinateur, tablette ou smartphone. <strong>Cr\u00e9ez votre espace personnel<\/strong> qui vous donnera acc\u00e8s au tableau de bord de vos demandes existantes, \u00e0 votre espace de stockage s\u00e9curis\u00e9 et \u00e0 d&#8217;autres fonctionnalit\u00e9s.<\/p>\n<p>\u25b6 <a href=\"https:\/\/www.espace-citoyens.net\/cabbrive\/espace-citoyens\/\" target=\"_blank\" rel=\"noopener\">Espace Famille<\/a>[\/vc_column_text][\/vc_column_inner][vc_column_inner width=&#8221;1\/2&#8243;][vc_column_text]<a href=\"https:\/\/www.espace-citoyens.net\/cabbrive\/espace-citoyens\/\" target=\"_blank\" rel=\"noopener\"><img decoding=\"async\" loading=\"lazy\" class=\"alignnone size-full wp-image-39080\" src=\"http:\/\/740jw955i52c.brive.org\/wp-content\/uploads\/2019\/12\/Espace-Famille-Brive.jpg\" alt=\"\" width=\"3499\" height=\"3609\" srcset=\"http:\/\/740jw955i52c.brive.org\/wp-content\/uploads\/2019\/12\/Espace-Famille-Brive.jpg 3499w, http:\/\/740jw955i52c.brive.org\/wp-content\/uploads\/2019\/12\/Espace-Famille-Brive-200x206.jpg 200w, http:\/\/740jw955i52c.brive.org\/wp-content\/uploads\/2019\/12\/Espace-Famille-Brive-300x309.jpg 300w, http:\/\/740jw955i52c.brive.org\/wp-content\/uploads\/2019\/12\/Espace-Famille-Brive-750x774.jpg 750w, http:\/\/740jw955i52c.brive.org\/wp-content\/uploads\/2019\/12\/Espace-Famille-Brive-600x619.jpg 600w, http:\/\/740jw955i52c.brive.org\/wp-content\/uploads\/2019\/12\/Espace-Famille-Brive-916x945.jpg 916w, http:\/\/740jw955i52c.brive.org\/wp-content\/uploads\/2019\/12\/Espace-Famille-Brive-590x609.jpg 590w, http:\/\/740jw955i52c.brive.org\/wp-content\/uploads\/2019\/12\/Espace-Famille-Brive-363x374.jpg 363w\" sizes=\"(max-width: 3499px) 100vw, 3499px\" \/><\/a>[\/vc_column_text][\/vc_column_inner][\/vc_row_inner][\/vc_column][\/vc_row][vc_row css=&#8221;.vc_custom_1508835247635{background-color: #f7f7f7 !important;}&#8221;][vc_column][vc_separator color=&#8221;sky&#8221; style=&#8221;dotted&#8221; border_width=&#8221;3&#8243;][\/vc_column][\/vc_row][vc_row css=&#8221;.vc_custom_1508835247635{background-color: #f7f7f7 !important;}&#8221;][vc_column][vc_row_inner][vc_column_inner width=&#8221;1\/2&#8243;][vc_column_text]<\/p>\n<h1><strong>\u00c9tat Civil<br \/>\n<\/strong><\/h1>\n<h3><strong>Demande d\u2019actes d\u2019\u00e9tat civil<\/strong><\/h3>\n<p style=\"text-align: left\">Vous avez besoin d&#8217;un acte d&#8217;acte de naissance ? D&#8217;un acte de mariage ? d&#8217;un acte de d\u00e9c\u00e8s ? Pour faire vos demandes d\u2019actes d\u2019\u00c9tat Civil cliquez ici :<\/p>\n<p style=\"text-align: left\">\u25b6 <a href=\"https:\/\/www.service-public.fr\/particuliers\/vosdroits\/N359\" target=\"_blank\" rel=\"noopener\">https:\/\/www.service-public.fr\/particuliers\/vosdroits\/N359<\/a><\/p>\n<p>Vous pouvez au pr\u00e9alable v\u00e9rifier si la ville dont vous d\u00e9pendez a d\u00e9mat\u00e9rialis\u00e9 ses actes en cliquant ici :<\/p>\n<p>\u25b6 <a href=\"https:\/\/passeport.ants.gouv.fr\/services\/villes-adherentes-a-la-dematerialisation\" target=\"_blank\" rel=\"noopener\">https:\/\/passeport.ants.gouv.fr\/services\/villes-adherentes-a-la-dematerialisation<\/a>[\/vc_column_text][\/vc_column_inner][vc_column_inner width=&#8221;1\/2&#8243;][vc_cta h2=&#8221;COMEDEC ?&#8221; style=&#8221;outline&#8221; color=&#8221;sky&#8221;]La ville de Brive adh\u00e8re au dispositif COMEDEC (<strong>\u00e9changes d\u00e9mat\u00e9rialis\u00e9es de donn\u00e9es d\u2019\u00e9tat civil<\/strong>). Les personnes n\u00e9es \u00e0 Brive sont dispens\u00e9es de produire un acte de naissance pour une demande de passeport ou de carte d\u2019identit\u00e9.<\/p>\n<p>Les notaires ont \u00e9galement la possibilit\u00e9 de demander <strong>les extraits de naissance, mariage et d\u00e9c\u00e8s<\/strong> via le dispositif COMEDEC<\/p>\n<p>Si l\u2019acte n\u2019a pas \u00e9t\u00e9 r\u00e9dig\u00e9 \u00e0 Brive vous pouvez v\u00e9rifier si la commune qui a cr\u00e9\u00e9 l\u2019acte est raccord\u00e9e \u00e0 COMEDEC en <a href=\"https:\/\/ants.gouv.fr\/Les-solutions\/COMEDEC\/Villes-adherentes-a-la-dematerialisation\" target=\"_blank\" rel=\"noopener noreferrer\"><b>cliquant ici<\/b><\/a>[\/vc_cta][\/vc_column_inner][\/vc_row_inner][\/vc_column][\/vc_row][vc_row css=&#8221;.vc_custom_1508835247635{background-color: #f7f7f7 !important;}&#8221;][vc_column][vc_separator color=&#8221;sky&#8221; style=&#8221;dotted&#8221; border_width=&#8221;3&#8243;][\/vc_column][\/vc_row][vc_row css=&#8221;.vc_custom_1508835247635{background-color: #f7f7f7 !important;}&#8221;][vc_column][vc_row_inner][vc_column_inner width=&#8221;1\/2&#8243;][vc_column_text]<\/p>\n<h1><strong>Autres d\u00e9marches en ligne<\/strong><\/h1>\n<ul>\n<li style=\"text-align: left\"><a href=\"http:\/\/740jw955i52c.brive.org\/index.php\/demande-de-stationnement\/\">Demande d&#8217;occupation de la voie publique pour d\u00e9m\u00e9nagement<\/a><\/li>\n<li><a href=\"https:\/\/brive.e-habitants.com\/login\" target=\"_blank\" rel=\"noopener noreferrer\">Demande en ligne de droit d&#8217;abonnement et d\u00e9claration de voiture propre<\/a><\/li>\n<li><a href=\"https:\/\/guichet.brive.fr\/WD190AWP\/wd190awp.exe\/CONNECT\/GLOBAL_GUICHET\" target=\"_blank\" rel=\"noopener noreferrer\">Inscriptions aux stages et aux \u00e9coles de sports<\/a><\/li>\n<li><a href=\"https:\/\/www.service-public.fr\/particuliers\/vosdroits\/R16396\" target=\"_blank\" rel=\"noopener noreferrer\">Inscriptions sur les listes \u00e9lectorales<\/a><\/li>\n<li style=\"text-align: left\"><a href=\"https:\/\/marches-publics.info\/\" target=\"_blank\" rel=\"noopener noreferrer\">March\u00e9s publics<\/a><\/li>\n<\/ul>\n<p>[\/vc_column_text][\/vc_column_inner][vc_column_inner width=&#8221;1\/2&#8243;][vc_column_text]<a href=\"https:\/\/www.service-public.fr\/\" target=\"_blank\" rel=\"noopener\"><img decoding=\"async\" loading=\"lazy\" class=\"alignnone size-full wp-image-50059\" src=\"http:\/\/740jw955i52c.brive.org\/wp-content\/uploads\/2023\/06\/Logo_Service-public.fr_.svg_.png\" alt=\"\" width=\"2560\" height=\"889\" srcset=\"http:\/\/740jw955i52c.brive.org\/wp-content\/uploads\/2023\/06\/Logo_Service-public.fr_.svg_.png 2560w, http:\/\/740jw955i52c.brive.org\/wp-content\/uploads\/2023\/06\/Logo_Service-public.fr_.svg_-300x104.png 300w, http:\/\/740jw955i52c.brive.org\/wp-content\/uploads\/2023\/06\/Logo_Service-public.fr_.svg_-750x260.png 750w, http:\/\/740jw955i52c.brive.org\/wp-content\/uploads\/2023\/06\/Logo_Service-public.fr_.svg_-200x69.png 200w, http:\/\/740jw955i52c.brive.org\/wp-content\/uploads\/2023\/06\/Logo_Service-public.fr_.svg_-600x208.png 600w, http:\/\/740jw955i52c.brive.org\/wp-content\/uploads\/2023\/06\/Logo_Service-public.fr_.svg_-1536x533.png 1536w, http:\/\/740jw955i52c.brive.org\/wp-content\/uploads\/2023\/06\/Logo_Service-public.fr_.svg_-2048x711.png 2048w, http:\/\/740jw955i52c.brive.org\/wp-content\/uploads\/2023\/06\/Logo_Service-public.fr_.svg_-916x318.png 916w, http:\/\/740jw955i52c.brive.org\/wp-content\/uploads\/2023\/06\/Logo_Service-public.fr_.svg_-590x205.png 590w, http:\/\/740jw955i52c.brive.org\/wp-content\/uploads\/2023\/06\/Logo_Service-public.fr_.svg_-363x126.png 363w, http:\/\/740jw955i52c.brive.org\/wp-content\/uploads\/2023\/06\/Logo_Service-public.fr_.svg_-200x69@2x.png 400w\" sizes=\"(max-width: 2560px) 100vw, 2560px\" \/><\/a>[\/vc_column_text][vc_btn title=&#8221;www.service-public.fr&#8221; style=&#8221;outline&#8221; color=&#8221;sky&#8221; align=&#8221;center&#8221; button_block=&#8221;true&#8221; link=&#8221;url:https%3A%2F%2Fwww.service-public.fr%2F||target:%20_blank|&#8221;][\/vc_column_inner][\/vc_row_inner][\/vc_column][\/vc_row]<\/p>\n","protected":false},"excerpt":{"rendered":"<p>[vc_row css=&#8221;.vc_custom_1508835247635{background-color: #f7f7f7 !important;}&#8221;][vc_column][\/vc_column][\/vc_row][vc_row css=&#8221;.vc_custom_1508835247635{background-color: #f7f7f7 !important;}&#8221;][vc_column][vc_row_inner][vc_column_inner width=&#8221;1\/2&#8243;][vc_column_text] Espace Famille Vos enfants fr\u00e9quentent (ou fr\u00e9quenteront) une \u00e9cole, un centre socio-culturel de Brive, un accueil de loisirs, un multi-accueil de Brive &#8230; <\/p>\n","protected":false},"author":3,"featured_media":0,"parent":38015,"menu_order":0,"comment_status":"closed","ping_status":"closed","template":"","meta":[],"yoast_head":"<!-- This site is optimized with the Yoast SEO plugin v17.8 - https:\/\/yoast.com\/wordpress\/plugins\/seo\/ -->\n<title>Services en ligne - Ville de Brive<\/title>\n<meta name=\"robots\" content=\"index, follow, max-snippet:-1, max-image-preview:large, max-video-preview:-1\" \/>\n<link rel=\"canonical\" href=\"http:\/\/740jw955i52c.brive.org\/index.php\/accueil-2\/services-en-ligne\/\" \/>\n<meta property=\"og:locale\" content=\"fr_FR\" \/>\n<meta property=\"og:type\" content=\"article\" \/>\n<meta property=\"og:title\" content=\"Services en ligne - Ville de Brive\" \/>\n<meta property=\"og:description\" content=\"[vc_row css=&#8221;.vc_custom_1508835247635{background-color: #f7f7f7 !important;}&#8221;][vc_column][\/vc_column][\/vc_row][vc_row css=&#8221;.vc_custom_1508835247635{background-color: #f7f7f7 !important;}&#8221;][vc_column][vc_row_inner][vc_column_inner width=&#8221;1\/2&#8243;][vc_column_text] Espace Famille Vos enfants fr\u00e9quentent (ou fr\u00e9quenteront) une \u00e9cole, un centre socio-culturel de Brive, un accueil de loisirs, un multi-accueil de Brive ...\" \/>\n<meta property=\"og:url\" content=\"http:\/\/740jw955i52c.brive.org\/index.php\/accueil-2\/services-en-ligne\/\" \/>\n<meta property=\"og:site_name\" content=\"Ville de Brive\" \/>\n<meta property=\"article:modified_time\" content=\"2023-06-26T14:14:19+00:00\" \/>\n<meta property=\"og:image\" content=\"http:\/\/740jw955i52c.brive.org\/wp-content\/uploads\/2019\/12\/Espace-Famille-Brive.jpg\" \/>\n<meta name=\"twitter:card\" content=\"summary_large_image\" \/>\n<meta name=\"twitter:label1\" content=\"Dur\u00e9e de lecture estim\u00e9e\" \/>\n\t<meta name=\"twitter:data1\" content=\"3 minutes\" \/>\n<script type=\"application\/ld+json\" class=\"yoast-schema-graph\">{\"@context\":\"https:\/\/schema.org\",\"@graph\":[{\"@type\":\"WebSite\",\"@id\":\"http:\/\/740jw955i52c.brive.org\/#website\",\"url\":\"http:\/\/740jw955i52c.brive.org\/\",\"name\":\"Ville de Brive\",\"description\":\"Bienvenue sur le site de la ville de Brive-la-Gaillarde. Vous y trouverez l&#039;actualit\\u00e9 de la commune, des informations pratiques et vos d\\u00e9marches administratives.\",\"potentialAction\":[{\"@type\":\"SearchAction\",\"target\":{\"@type\":\"EntryPoint\",\"urlTemplate\":\"http:\/\/740jw955i52c.brive.org\/?s={search_term_string}\"},\"query-input\":\"required name=search_term_string\"}],\"inLanguage\":\"fr-FR\"},{\"@type\":\"ImageObject\",\"@id\":\"http:\/\/740jw955i52c.brive.org\/index.php\/accueil-2\/services-en-ligne\/#primaryimage\",\"inLanguage\":\"fr-FR\",\"url\":\"http:\/\/740jw955i52c.brive.org\/wp-content\/uploads\/2019\/12\/Espace-Famille-Brive.jpg\",\"contentUrl\":\"http:\/\/740jw955i52c.brive.org\/wp-content\/uploads\/2019\/12\/Espace-Famille-Brive.jpg\",\"width\":3499,\"height\":3609},{\"@type\":\"WebPage\",\"@id\":\"http:\/\/740jw955i52c.brive.org\/index.php\/accueil-2\/services-en-ligne\/#webpage\",\"url\":\"http:\/\/740jw955i52c.brive.org\/index.php\/accueil-2\/services-en-ligne\/\",\"name\":\"Services en ligne - Ville de Brive\",\"isPartOf\":{\"@id\":\"http:\/\/740jw955i52c.brive.org\/#website\"},\"primaryImageOfPage\":{\"@id\":\"http:\/\/740jw955i52c.brive.org\/index.php\/accueil-2\/services-en-ligne\/#primaryimage\"},\"datePublished\":\"2015-10-06T07:38:05+00:00\",\"dateModified\":\"2023-06-26T14:14:19+00:00\",\"breadcrumb\":{\"@id\":\"http:\/\/740jw955i52c.brive.org\/index.php\/accueil-2\/services-en-ligne\/#breadcrumb\"},\"inLanguage\":\"fr-FR\",\"potentialAction\":[{\"@type\":\"ReadAction\",\"target\":[\"http:\/\/740jw955i52c.brive.org\/index.php\/accueil-2\/services-en-ligne\/\"]}]},{\"@type\":\"BreadcrumbList\",\"@id\":\"http:\/\/740jw955i52c.brive.org\/index.php\/accueil-2\/services-en-ligne\/#breadcrumb\",\"itemListElement\":[{\"@type\":\"ListItem\",\"position\":1,\"name\":\"Accueil\",\"item\":\"http:\/\/740jw955i52c.brive.org\/\"},{\"@type\":\"ListItem\",\"position\":2,\"name\":\"Accueil\",\"item\":\"http:\/\/740jw955i52c.brive.org\/?page_id=38015\"},{\"@type\":\"ListItem\",\"position\":3,\"name\":\"Services en ligne\"}]}]}<\/script>\n<!-- \/ Yoast SEO plugin. -->","yoast_head_json":{"title":"Services en ligne - Ville de Brive","robots":{"index":"index","follow":"follow","max-snippet":"max-snippet:-1","max-image-preview":"max-image-preview:large","max-video-preview":"max-video-preview:-1"},"canonical":"http:\/\/740jw955i52c.brive.org\/index.php\/accueil-2\/services-en-ligne\/","og_locale":"fr_FR","og_type":"article","og_title":"Services en ligne - Ville de Brive","og_description":"[vc_row css=&#8221;.vc_custom_1508835247635{background-color: #f7f7f7 !important;}&#8221;][vc_column][\/vc_column][\/vc_row][vc_row css=&#8221;.vc_custom_1508835247635{background-color: #f7f7f7 !important;}&#8221;][vc_column][vc_row_inner][vc_column_inner width=&#8221;1\/2&#8243;][vc_column_text] Espace Famille Vos enfants fr\u00e9quentent (ou fr\u00e9quenteront) une \u00e9cole, un centre socio-culturel de Brive, un accueil de loisirs, un multi-accueil de Brive ...","og_url":"http:\/\/740jw955i52c.brive.org\/index.php\/accueil-2\/services-en-ligne\/","og_site_name":"Ville de Brive","article_modified_time":"2023-06-26T14:14:19+00:00","og_image":[{"url":"http:\/\/740jw955i52c.brive.org\/wp-content\/uploads\/2019\/12\/Espace-Famille-Brive.jpg"}],"twitter_card":"summary_large_image","twitter_misc":{"Dur\u00e9e de lecture estim\u00e9e":"3 minutes"},"schema":{"@context":"https:\/\/schema.org","@graph":[{"@type":"WebSite","@id":"http:\/\/740jw955i52c.brive.org\/#website","url":"http:\/\/740jw955i52c.brive.org\/","name":"Ville de Brive","description":"Bienvenue sur le site de la ville de Brive-la-Gaillarde. Vous y trouverez l&#039;actualit\u00e9 de la commune, des informations pratiques et vos d\u00e9marches administratives.","potentialAction":[{"@type":"SearchAction","target":{"@type":"EntryPoint","urlTemplate":"http:\/\/740jw955i52c.brive.org\/?s={search_term_string}"},"query-input":"required name=search_term_string"}],"inLanguage":"fr-FR"},{"@type":"ImageObject","@id":"http:\/\/740jw955i52c.brive.org\/index.php\/accueil-2\/services-en-ligne\/#primaryimage","inLanguage":"fr-FR","url":"http:\/\/740jw955i52c.brive.org\/wp-content\/uploads\/2019\/12\/Espace-Famille-Brive.jpg","contentUrl":"http:\/\/740jw955i52c.brive.org\/wp-content\/uploads\/2019\/12\/Espace-Famille-Brive.jpg","width":3499,"height":3609},{"@type":"WebPage","@id":"http:\/\/740jw955i52c.brive.org\/index.php\/accueil-2\/services-en-ligne\/#webpage","url":"http:\/\/740jw955i52c.brive.org\/index.php\/accueil-2\/services-en-ligne\/","name":"Services en ligne - Ville de Brive","isPartOf":{"@id":"http:\/\/740jw955i52c.brive.org\/#website"},"primaryImageOfPage":{"@id":"http:\/\/740jw955i52c.brive.org\/index.php\/accueil-2\/services-en-ligne\/#primaryimage"},"datePublished":"2015-10-06T07:38:05+00:00","dateModified":"2023-06-26T14:14:19+00:00","breadcrumb":{"@id":"http:\/\/740jw955i52c.brive.org\/index.php\/accueil-2\/services-en-ligne\/#breadcrumb"},"inLanguage":"fr-FR","potentialAction":[{"@type":"ReadAction","target":["http:\/\/740jw955i52c.brive.org\/index.php\/accueil-2\/services-en-ligne\/"]}]},{"@type":"BreadcrumbList","@id":"http:\/\/740jw955i52c.brive.org\/index.php\/accueil-2\/services-en-ligne\/#breadcrumb","itemListElement":[{"@type":"ListItem","position":1,"name":"Accueil","item":"http:\/\/740jw955i52c.brive.org\/"},{"@type":"ListItem","position":2,"name":"Accueil","item":"http:\/\/740jw955i52c.brive.org\/?page_id=38015"},{"@type":"ListItem","position":3,"name":"Services en ligne"}]}]}},"_links":{"self":[{"href":"http:\/\/740jw955i52c.brive.org\/index.php\/wp-json\/wp\/v2\/pages\/525"}],"collection":[{"href":"http:\/\/740jw955i52c.brive.org\/index.php\/wp-json\/wp\/v2\/pages"}],"about":[{"href":"http:\/\/740jw955i52c.brive.org\/index.php\/wp-json\/wp\/v2\/types\/page"}],"author":[{"embeddable":true,"href":"http:\/\/740jw955i52c.brive.org\/index.php\/wp-json\/wp\/v2\/users\/3"}],"replies":[{"embeddable":true,"href":"http:\/\/740jw955i52c.brive.org\/index.php\/wp-json\/wp\/v2\/comments?post=525"}],"version-history":[{"count":257,"href":"http:\/\/740jw955i52c.brive.org\/index.php\/wp-json\/wp\/v2\/pages\/525\/revisions"}],"predecessor-version":[{"id":50064,"href":"http:\/\/740jw955i52c.brive.org\/index.php\/wp-json\/wp\/v2\/pages\/525\/revisions\/50064"}],"up":[{"embeddable":true,"href":"http:\/\/740jw955i52c.brive.org\/index.php\/wp-json\/wp\/v2\/pages\/38015"}],"wp:attachment":[{"href":"http:\/\/740jw955i52c.brive.org\/index.php\/wp-json\/wp\/v2\/media?parent=525"}],"curies":[{"name":"wp","href":"https:\/\/api.w.org\/{rel}","templated":true}]}}