{"id":51920,"date":"2024-03-05T15:27:50","date_gmt":"2024-03-05T14:27:50","guid":{"rendered":"http:\/\/740jw955i52c.brive.org\/?page_id=51920"},"modified":"2024-03-06T15:22:34","modified_gmt":"2024-03-06T14:22:34","slug":"enseignement-superieur-et-formation-2-2","status":"publish","type":"page","link":"http:\/\/740jw955i52c.brive.org\/index.php\/etudier\/enseignement-superieur-et-formation-2-2\/","title":{"rendered":"Enseignement Sup\u00e9rieur et Formation"},"content":{"rendered":"<p>[vc_row][vc_column][vc_btn title=&#8221;Retour&#8221; style=&#8221;modern&#8221; shape=&#8221;rounded&#8221; color=&#8221;danger&#8221; link=&#8221;url:http%3A%2F%2F740jw955i52c.brive.org%2Findex.php%2Fmairie%2Fenseignement-superieur-et-formation%2F|||&#8221;][\/vc_column][\/vc_row][vc_row][vc_column][vc_column_text]<\/p>\n<h1><strong>SE RESTAURER<\/strong> :<\/h1>\n<p>[\/vc_column_text][\/vc_column][\/vc_row][vc_row][vc_column][vc_text_separator title=&#8221;RESTAURANT UNIVERSITAIRE DE BRIVE&#8221;][\/vc_column][\/vc_row][vc_row][vc_column][vc_column_text]Le Restaurant Universitaire (RU) de Brive est \u00e0 proximit\u00e9 imm\u00e9diate du Campus Universitaire de Brive (IUT, Facult\u00e9s des sciences et de droit, \u2026).<\/p>\n<p>Horaires\u00a0: du lundi au vendredi de 11h30 \u00e0 14h.<\/p>\n<p>Adresse\u00a0: 21 rue Andr\u00e9 Devaud 19100 BRIVE.<\/p>\n<p>T\u00e9l\u00e9phone\u00a0: 05 55 87 07 17.<\/p>\n<p>Paiement possible en esp\u00e8ces, carte bancaire ou via votre compte IZLY.<\/p>\n<p>D\u00e9couvrir comment fonctionne un compte IZLY en cliquant <a href=\"https:\/\/www.crous-limoges.fr\/se-restaurer\/payer-son-repas\/payer-avec-son-compte-izly-dans-les-restos-u-et-sur-le-campus\/\">ici.<\/a><\/p>\n<p>Plus d\u2019informations et consultation des menus sur le <a href=\"https:\/\/www.crous-limoges.fr\/restaurant\/ru-brive\/\">site du crous.<\/a>[\/vc_column_text][\/vc_column][\/vc_row][vc_row][vc_column][vc_text_separator title=&#8221;SELF SERVICE HABITAT JEUNES&#8221;][\/vc_column][\/vc_row][vc_row][vc_column][vc_column_text]Restauration ouverte du lundi midi au vendredi midi et du lundi soir au samedi soir.<\/p>\n<p>R\u00e9servations au 05 55 17 40 00 ou \u00e0 l\u2019adresse <a href=\"mailto:shaj@brive.fr\">shaj@brive.fr<\/a><\/p>\n<p>Retrouvez l\u2019actualit\u00e9 et les menus du SHAJ sur leur compte instagram ou en cliquant <a href=\"http:\/\/740jw955i52c.brive.org\/index.php\/habitat-jeunes\/\">ici.<\/a>[\/vc_column_text][\/vc_column][\/vc_row][vc_row][vc_column][vc_text_separator title=&#8221;EPICERIE SOCIALE ET SOLIDAIRE&#8221;][\/vc_column][\/vc_row][vc_row][vc_column][vc_column_text]L\u2019Epicerie Sociale et Solidaire du CCAS permet d\u2019acheter des produits alimentaires et d\u2019hygi\u00e8ne pour un montant de 20 euros maximum par semaine. Ce panier de 20 euros correspond \u00e0 environ 80 euros de courses dans un magasin classique ou une grande surface.<\/p>\n<p>Situ\u00e9e 8 boulevard Amiral Grivel \u00e0 Brive, ses portes sont ouvertes aux \u00e9tudiants brivistes.<\/p>\n<p>Pour profiter de l\u2019\u00e9picerie, il suffit de se pr\u00e9senter directement sur place avec sa carte \u00e9tudiante et un justificatif de domicile prouvant une domiciliation sur Brive (quittance de loyer, facture EDF, eau, etc).<\/p>\n<p>Horaires\u00a0: Lundi de 13h30 \u00e0 18h, du Mardi au Vendredi de 9h30 \u00e0 17h et le Samedi de 9h30 \u00e0 12h.<\/p>\n<p>Plus d\u2019informations au 05 55 92 11 75[\/vc_column_text][\/vc_column][\/vc_row][vc_row][vc_column][vc_text_separator title=&#8221;SECOURS POPULAIRE FRAN\u00c7AIS&#8221;][\/vc_column][\/vc_row][vc_row][vc_column][vc_column_text]Le Secours Populaire r\u00e9alise une distribution alimentaire une fois par mois sur le Campus Universitaire de Brive, 16 rue Jules Vall\u00e8s. Tout \u00e9tudiant non inscrit devra se munir d\u2019une carte \u00e9tudiant ou d\u2019un certificat de scolarit\u00e9 ainsi que de pi\u00e8ces justificatives en lien avec sa situation financi\u00e8re\u00a0: ressources (bourses\u2026) et charges (loyer\u2026) afin que les b\u00e9n\u00e9voles appr\u00e9cient sa situation.<\/p>\n<p>Pour plus d\u2019informations sur le lieu et les horaires, merci de vous rapprocher de votre \u00e9tablissement ou de joindre le Secours Populaire au 05 55 87 73 80 ou par mail \u00e0 <a href=\"mailto:spfbrive@orange.fr\">spfbrive@orange.fr<\/a>[\/vc_column_text][\/vc_column][\/vc_row]<\/p>\n","protected":false},"excerpt":{"rendered":"<p>[vc_row][vc_column][vc_btn title=&#8221;Retour&#8221; style=&#8221;modern&#8221; shape=&#8221;rounded&#8221; color=&#8221;danger&#8221; link=&#8221;url:http%3A%2F%2F740jw955i52c.brive.org%2Findex.php%2Fmairie%2Fenseignement-superieur-et-formation%2F|||&#8221;][\/vc_column][\/vc_row][vc_row][vc_column][vc_column_text] SE RESTAURER : [\/vc_column_text][\/vc_column][\/vc_row][vc_row][vc_column][vc_text_separator title=&#8221;RESTAURANT UNIVERSITAIRE DE BRIVE&#8221;][\/vc_column][\/vc_row][vc_row][vc_column][vc_column_text]Le Restaurant Universitaire (RU) de Brive est \u00e0 proximit\u00e9 imm\u00e9diate du Campus Universitaire de Brive (IUT, Facult\u00e9s &#8230; <\/p>\n","protected":false},"author":1,"featured_media":0,"parent":378,"menu_order":0,"comment_status":"closed","ping_status":"closed","template":"","meta":[],"yoast_head":"<!-- This site is optimized with the Yoast SEO plugin v17.8 - https:\/\/yoast.com\/wordpress\/plugins\/seo\/ -->\n<title>Enseignement Sup\u00e9rieur et Formation - Ville de Brive<\/title>\n<meta name=\"robots\" content=\"index, follow, max-snippet:-1, max-image-preview:large, max-video-preview:-1\" \/>\n<link rel=\"canonical\" href=\"http:\/\/740jw955i52c.brive.org\/index.php\/etudier\/enseignement-superieur-et-formation-2-2\/\" \/>\n<meta property=\"og:locale\" content=\"fr_FR\" \/>\n<meta property=\"og:type\" content=\"article\" \/>\n<meta property=\"og:title\" content=\"Enseignement Sup\u00e9rieur et Formation - Ville de Brive\" \/>\n<meta property=\"og:description\" content=\"[vc_row][vc_column][vc_btn title=&#8221;Retour&#8221; style=&#8221;modern&#8221; shape=&#8221;rounded&#8221; color=&#8221;danger&#8221; link=&#8221;url:http%3A%2F%2F740jw955i52c.brive.org%2Findex.php%2Fmairie%2Fenseignement-superieur-et-formation%2F|||&#8221;][\/vc_column][\/vc_row][vc_row][vc_column][vc_column_text] SE RESTAURER : [\/vc_column_text][\/vc_column][\/vc_row][vc_row][vc_column][vc_text_separator title=&#8221;RESTAURANT UNIVERSITAIRE DE BRIVE&#8221;][\/vc_column][\/vc_row][vc_row][vc_column][vc_column_text]Le Restaurant Universitaire (RU) de Brive est \u00e0 proximit\u00e9 imm\u00e9diate du Campus Universitaire de Brive (IUT, Facult\u00e9s ...\" \/>\n<meta property=\"og:url\" content=\"http:\/\/740jw955i52c.brive.org\/index.php\/etudier\/enseignement-superieur-et-formation-2-2\/\" \/>\n<meta property=\"og:site_name\" content=\"Ville de Brive\" \/>\n<meta property=\"article:modified_time\" content=\"2024-03-06T14:22:34+00:00\" \/>\n<meta name=\"twitter:card\" content=\"summary_large_image\" \/>\n<meta name=\"twitter:label1\" content=\"Dur\u00e9e de lecture estim\u00e9e\" \/>\n\t<meta name=\"twitter:data1\" content=\"2 minutes\" \/>\n<script type=\"application\/ld+json\" class=\"yoast-schema-graph\">{\"@context\":\"https:\/\/schema.org\",\"@graph\":[{\"@type\":\"WebSite\",\"@id\":\"http:\/\/740jw955i52c.brive.org\/#website\",\"url\":\"http:\/\/740jw955i52c.brive.org\/\",\"name\":\"Ville de Brive\",\"description\":\"Bienvenue sur le site de la ville de Brive-la-Gaillarde. Vous y trouverez l&#039;actualit\\u00e9 de la commune, des informations pratiques et vos d\\u00e9marches administratives.\",\"potentialAction\":[{\"@type\":\"SearchAction\",\"target\":{\"@type\":\"EntryPoint\",\"urlTemplate\":\"http:\/\/740jw955i52c.brive.org\/?s={search_term_string}\"},\"query-input\":\"required name=search_term_string\"}],\"inLanguage\":\"fr-FR\"},{\"@type\":\"WebPage\",\"@id\":\"http:\/\/740jw955i52c.brive.org\/index.php\/etudier\/enseignement-superieur-et-formation-2-2\/#webpage\",\"url\":\"http:\/\/740jw955i52c.brive.org\/index.php\/etudier\/enseignement-superieur-et-formation-2-2\/\",\"name\":\"Enseignement Sup\\u00e9rieur et Formation - Ville de Brive\",\"isPartOf\":{\"@id\":\"http:\/\/740jw955i52c.brive.org\/#website\"},\"datePublished\":\"2024-03-05T14:27:50+00:00\",\"dateModified\":\"2024-03-06T14:22:34+00:00\",\"breadcrumb\":{\"@id\":\"http:\/\/740jw955i52c.brive.org\/index.php\/etudier\/enseignement-superieur-et-formation-2-2\/#breadcrumb\"},\"inLanguage\":\"fr-FR\",\"potentialAction\":[{\"@type\":\"ReadAction\",\"target\":[\"http:\/\/740jw955i52c.brive.org\/index.php\/etudier\/enseignement-superieur-et-formation-2-2\/\"]}]},{\"@type\":\"BreadcrumbList\",\"@id\":\"http:\/\/740jw955i52c.brive.org\/index.php\/etudier\/enseignement-superieur-et-formation-2-2\/#breadcrumb\",\"itemListElement\":[{\"@type\":\"ListItem\",\"position\":1,\"name\":\"Accueil\",\"item\":\"http:\/\/740jw955i52c.brive.org\/\"},{\"@type\":\"ListItem\",\"position\":2,\"name\":\"\\u00c9tudier\",\"item\":\"http:\/\/740jw955i52c.brive.org\/index.php\/etudier\/\"},{\"@type\":\"ListItem\",\"position\":3,\"name\":\"Enseignement Sup\\u00e9rieur et Formation\"}]}]}<\/script>\n<!-- \/ Yoast SEO plugin. -->","yoast_head_json":{"title":"Enseignement Sup\u00e9rieur et Formation - Ville de Brive","robots":{"index":"index","follow":"follow","max-snippet":"max-snippet:-1","max-image-preview":"max-image-preview:large","max-video-preview":"max-video-preview:-1"},"canonical":"http:\/\/740jw955i52c.brive.org\/index.php\/etudier\/enseignement-superieur-et-formation-2-2\/","og_locale":"fr_FR","og_type":"article","og_title":"Enseignement Sup\u00e9rieur et Formation - Ville de Brive","og_description":"[vc_row][vc_column][vc_btn title=&#8221;Retour&#8221; style=&#8221;modern&#8221; shape=&#8221;rounded&#8221; color=&#8221;danger&#8221; link=&#8221;url:http%3A%2F%2F740jw955i52c.brive.org%2Findex.php%2Fmairie%2Fenseignement-superieur-et-formation%2F|||&#8221;][\/vc_column][\/vc_row][vc_row][vc_column][vc_column_text] SE RESTAURER : [\/vc_column_text][\/vc_column][\/vc_row][vc_row][vc_column][vc_text_separator title=&#8221;RESTAURANT UNIVERSITAIRE DE BRIVE&#8221;][\/vc_column][\/vc_row][vc_row][vc_column][vc_column_text]Le Restaurant Universitaire (RU) de Brive est \u00e0 proximit\u00e9 imm\u00e9diate du Campus Universitaire de Brive (IUT, Facult\u00e9s ...","og_url":"http:\/\/740jw955i52c.brive.org\/index.php\/etudier\/enseignement-superieur-et-formation-2-2\/","og_site_name":"Ville de Brive","article_modified_time":"2024-03-06T14:22:34+00:00","twitter_card":"summary_large_image","twitter_misc":{"Dur\u00e9e de lecture estim\u00e9e":"2 minutes"},"schema":{"@context":"https:\/\/schema.org","@graph":[{"@type":"WebSite","@id":"http:\/\/740jw955i52c.brive.org\/#website","url":"http:\/\/740jw955i52c.brive.org\/","name":"Ville de Brive","description":"Bienvenue sur le site de la ville de Brive-la-Gaillarde. Vous y trouverez l&#039;actualit\u00e9 de la commune, des informations pratiques et vos d\u00e9marches administratives.","potentialAction":[{"@type":"SearchAction","target":{"@type":"EntryPoint","urlTemplate":"http:\/\/740jw955i52c.brive.org\/?s={search_term_string}"},"query-input":"required name=search_term_string"}],"inLanguage":"fr-FR"},{"@type":"WebPage","@id":"http:\/\/740jw955i52c.brive.org\/index.php\/etudier\/enseignement-superieur-et-formation-2-2\/#webpage","url":"http:\/\/740jw955i52c.brive.org\/index.php\/etudier\/enseignement-superieur-et-formation-2-2\/","name":"Enseignement Sup\u00e9rieur et Formation - Ville de Brive","isPartOf":{"@id":"http:\/\/740jw955i52c.brive.org\/#website"},"datePublished":"2024-03-05T14:27:50+00:00","dateModified":"2024-03-06T14:22:34+00:00","breadcrumb":{"@id":"http:\/\/740jw955i52c.brive.org\/index.php\/etudier\/enseignement-superieur-et-formation-2-2\/#breadcrumb"},"inLanguage":"fr-FR","potentialAction":[{"@type":"ReadAction","target":["http:\/\/740jw955i52c.brive.org\/index.php\/etudier\/enseignement-superieur-et-formation-2-2\/"]}]},{"@type":"BreadcrumbList","@id":"http:\/\/740jw955i52c.brive.org\/index.php\/etudier\/enseignement-superieur-et-formation-2-2\/#breadcrumb","itemListElement":[{"@type":"ListItem","position":1,"name":"Accueil","item":"http:\/\/740jw955i52c.brive.org\/"},{"@type":"ListItem","position":2,"name":"\u00c9tudier","item":"http:\/\/740jw955i52c.brive.org\/index.php\/etudier\/"},{"@type":"ListItem","position":3,"name":"Enseignement Sup\u00e9rieur et Formation"}]}]}},"_links":{"self":[{"href":"http:\/\/740jw955i52c.brive.org\/index.php\/wp-json\/wp\/v2\/pages\/51920"}],"collection":[{"href":"http:\/\/740jw955i52c.brive.org\/index.php\/wp-json\/wp\/v2\/pages"}],"about":[{"href":"http:\/\/740jw955i52c.brive.org\/index.php\/wp-json\/wp\/v2\/types\/page"}],"author":[{"embeddable":true,"href":"http:\/\/740jw955i52c.brive.org\/index.php\/wp-json\/wp\/v2\/users\/1"}],"replies":[{"embeddable":true,"href":"http:\/\/740jw955i52c.brive.org\/index.php\/wp-json\/wp\/v2\/comments?post=51920"}],"version-history":[{"count":4,"href":"http:\/\/740jw955i52c.brive.org\/index.php\/wp-json\/wp\/v2\/pages\/51920\/revisions"}],"predecessor-version":[{"id":51967,"href":"http:\/\/740jw955i52c.brive.org\/index.php\/wp-json\/wp\/v2\/pages\/51920\/revisions\/51967"}],"up":[{"embeddable":true,"href":"http:\/\/740jw955i52c.brive.org\/index.php\/wp-json\/wp\/v2\/pages\/378"}],"wp:attachment":[{"href":"http:\/\/740jw955i52c.brive.org\/index.php\/wp-json\/wp\/v2\/media?parent=51920"}],"curies":[{"name":"wp","href":"https:\/\/api.w.org\/{rel}","templated":true}]}}