{"id":51910,"date":"2024-03-05T14:59:21","date_gmt":"2024-03-05T13:59:21","guid":{"rendered":"http:\/\/740jw955i52c.brive.org\/?page_id=51910"},"modified":"2024-06-19T08:51:36","modified_gmt":"2024-06-19T06:51:36","slug":"enseignement-superieur-et-formation","status":"publish","type":"page","link":"http:\/\/740jw955i52c.brive.org\/index.php\/etudier\/enseignement-superieur-et-formation\/","title":{"rendered":"Enseignement Sup\u00e9rieur et Formation"},"content":{"rendered":"<p>[vc_row][vc_column][vc_btn title=&#8221;Retour&#8221; style=&#8221;modern&#8221; shape=&#8221;rounded&#8221; color=&#8221;danger&#8221; link=&#8221;url:http%3A%2F%2F740jw955i52c.brive.org%2Findex.php%2Fmairie%2Fenseignement-superieur-et-formation%2F|||&#8221;][\/vc_column][\/vc_row][vc_row][vc_column][vc_column_text]<\/p>\n<h1><u>SE FORMER\u00a0: <\/u><\/h1>\n<p>Retrouvez dans <a href=\"http:\/\/740jw955i52c.brive.org\/wp-content\/uploads\/2023\/10\/GUIDE-DE-LA-FORMATION-POST-BAC-1.pdf\">ce guide<\/a> et dans la vid\u00e9o ci-dessous l\u2019ensemble des formations post bac disponibles \u00e0 Brive apr\u00e8s le bac, avec un bac +2\u00a0, un bac +3 et au-del\u00e0 ainsi que les 19 \u00e9tablissements publics et priv\u00e9s les dispensant.[\/vc_column_text][vc_video link=&#8221;https:\/\/youtu.be\/8SZ7swaj5wA?si=e9M3qpp3ENaJaQOM&#8221;][vc_text_separator title=&#8221;Les \u00e9tablissements par domaine de formation&#8221;][vc_tta_accordion][vc_tta_section title=&#8221;AGRICULTURE, ENVIRONNEMENT&#8221; tab_id=&#8221;1709646030873-172338b4-5973&#8243;][vc_column_text]<a href=\"https:\/\/campus-vegetal-brive.com\/\">Campus du V\u00e9g\u00e9tal du Pays de Brive<\/a>[\/vc_column_text][\/vc_tta_section][vc_tta_section title=&#8221;ARTS&#8221; tab_id=&#8221;1709646030891-54904ac8-0b79&#8243;][vc_column_text]<a href=\"https:\/\/www.cite-scolaire-arsonval.fr\/CPES-CAAP\">Lyc\u00e9e d\u2019Arsonval \u2013 Classe Pr\u00e9paratoire CPES CAAP<\/a>[\/vc_column_text][\/vc_tta_section][vc_tta_section title=&#8221;ASSURANCE&#8221; tab_id=&#8221;1709646115361-93942560-448a&#8221;][vc_column_text]<a href=\"https:\/\/www.bahuet.fr\/copie-de-lycee-professionnel\">Lyc\u00e9e Bahuet<\/a>[\/vc_column_text][\/vc_tta_section][vc_tta_section title=&#8221;BEAUTE, BIEN-\u00caTRE&#8221; tab_id=&#8221;1709646116296-2b051d56-b1bf&#8221;][vc_column_text]<a href=\"https:\/\/ecoleterrade.com\/ecoles\/nouvelle-aquitaine\/brive-la-gaillarde\/campus-brive-la-gaillarde\/\">Ecole Terrade de Brive-la-Gaillarde<\/a>[\/vc_column_text][\/vc_tta_section][vc_tta_section title=&#8221;COMMERCE, MARKETING&#8221; tab_id=&#8221;1709646116904-36f88fe4-b67f&#8221;][vc_column_text]<a href=\"https:\/\/inisup.fr\/ecole-de-gestion-et-de-commerce-egc\/\">EGC Business School Brive<\/a><\/p>\n<p><a href=\"https:\/\/inisup.fr\/catalogue\/?jsf=jet-woo-products-grid&amp;tax=typologie:269\">INISUP \u2013 Campus CCI Corr\u00e8ze<\/a><\/p>\n<p><a href=\"http:\/\/www.lpo-simone-veil.ac-limoges.fr\/spip.php?rubrique191\">Lyc\u00e9e Simone Veil<\/a><\/p>\n<p><a href=\"https:\/\/www.ibsac.fr\/\">IBSAC<\/a><\/p>\n<p><a href=\"https:\/\/www.formations-industrieslimousin.fr\/\">Maison de l\u2019Industrie 19 \u2013 P\u00f4le formation UIMM Limousin<\/a><\/p>\n<p><a href=\"https:\/\/www.groupe-alternance.com\/\">Groupe Alternance<\/a>[\/vc_column_text][\/vc_tta_section][vc_tta_section title=&#8221;COMPTABILITE, GESTION, RESSOURCES HUMAINES&#8221; tab_id=&#8221;1709646215717-8926b2a5-d842&#8243;][vc_column_text]<a href=\"https:\/\/www.iut.unilim.fr\/les-formations\/but\/gestion-des-entreprises-et-des-administrations-brive\/\">IUT du Limousin \u2013 D\u00e9partement GEA \u2013 Campus Universitaire de Brive<\/a><\/p>\n<p><a href=\"https:\/\/inisup.fr\/catalogue\/?jsf=jet-woo-products-grid&amp;tax=typologie:269\">INISUP \u2013 Campus CCI Corr\u00e8ze<\/a><\/p>\n<p><a href=\"http:\/\/www.lpo-simone-veil.ac-limoges.fr\/spip.php?rubrique191\">Lyc\u00e9e Simone Veil<\/a><\/p>\n<p><a href=\"https:\/\/www.bahuet.fr\/copie-de-lycee-professionnel\">Lyc\u00e9e Bahuet<\/a><\/p>\n<p><a href=\"https:\/\/www.ibsac.fr\/\">IBSAC<\/a>[\/vc_column_text][\/vc_tta_section][vc_tta_section title=&#8221;DROIT&#8221; tab_id=&#8221;1709646216375-ef643137-3d92&#8243;][vc_column_text]<a href=\"https:\/\/www.brive.unilim.fr\/fdse\/\">Facult\u00e9 de Droit et Sciences Economiques \u2013 Campus Universitaire de Brive (Universit\u00e9 de Limoges<\/a>)[\/vc_column_text][\/vc_tta_section][vc_tta_section title=&#8221;INDUSTRIE&#8221; tab_id=&#8221;1709646265411-afbbb4c2-4c98&#8243;][vc_column_text]<a href=\"https:\/\/lycee-cabanis.fr\/formations-bac-bts-professionnelles-generales-technologiques\/\">Lyc\u00e9e Georges Cabanis<\/a><\/p>\n<p><a href=\"https:\/\/www.iut.unilim.fr\/les-formations\/but\/genie-electrique-et-informatique-industrielle\/\">IUT du Limousin \u2013 D\u00e9partement GEII \u2013 Campus Universitaire de Brive<\/a><\/p>\n<p><a href=\"https:\/\/www.formations-industrieslimousin.fr\/\">Maison de l\u2019Industrie 19 \u2013 P\u00f4le formation UIMM Limousin<\/a>[\/vc_column_text][\/vc_tta_section][vc_tta_section title=&#8221;INFORMATIQUE, NUMERIQUE&#8221; tab_id=&#8221;1709646265917-8077d722-13ca&#8221;][vc_column_text]<a href=\"https:\/\/lycee-cabanis.fr\/formations-bac-bts-professionnelles-generales-technologiques\/\">Lyc\u00e9e Georges Cabanis<\/a><\/p>\n<p><a href=\"https:\/\/www.bahuet.fr\/copie-de-lycee-professionnel\">Lyc\u00e9e Bahuet<\/a><\/p>\n<p><a href=\"https:\/\/inisup.fr\/catalogue\/?jsf=jet-woo-products-grid&amp;tax=typologie:269\">INISUP \u2013 Campus CCI Corr\u00e8ze<\/a>[\/vc_column_text][\/vc_tta_section][vc_tta_section title=&#8221;SANTE, PARAMEDICAL&#8221; tab_id=&#8221;1709646281785-3471114d-938b&#8221;][vc_column_text]<a href=\"https:\/\/ifsibrive.fr\/\">IFSI Brive<\/a><\/p>\n<p><a href=\"https:\/\/formation-pharmacie-19.com\/\">CFA Pharmacie Brive<\/a>[\/vc_column_text][\/vc_tta_section][vc_tta_section title=&#8221;SOCIAL&#8221; tab_id=&#8221;1709646302038-b5254d21-7a20&#8243;][vc_column_text]<a href=\"http:\/\/www.lpo-simone-veil.ac-limoges.fr\/spip.php?rubrique191\">Lyc\u00e9e Simone Veil<\/a>[\/vc_column_text][\/vc_tta_section][vc_tta_section title=&#8221;SPORT&#8221; tab_id=&#8221;1709646360494-8ae79137-8d09&#8243;][vc_column_text]<a href=\"https:\/\/www.brive.unilim.fr\/faculte-des-sciences-techniques-staps\/\">Facult\u00e9 Sciences et Techniques \u2013 STAPS \u2013 Campus Universitaire de Brive (Universit\u00e9 de Limoges)<\/a><\/p>\n<p><a href=\"https:\/\/www.bahuet.fr\/copie-de-lycee-professionnel\">Lyc\u00e9e Bahuet<\/a>[\/vc_column_text][\/vc_tta_section][vc_tta_section title=&#8221;TOURISME&#8221; tab_id=&#8221;1709646361283-388ab544-1111&#8243;][vc_column_text]<a href=\"https:\/\/www.bahuet.fr\/copie-de-lycee-professionnel\">Lyc\u00e9e Bahuet<\/a>[\/vc_column_text][\/vc_tta_section][vc_tta_section title=&#8221;TRANSPORTS, LOGISTIQUE&#8221; tab_id=&#8221;1709646662349-adf451ce-778b&#8221;][vc_column_text]<a href=\"http:\/\/www.lpo-simone-veil.ac-limoges.fr\/spip.php?rubrique191\">Lyc\u00e9e Simone Veil<\/a><\/p>\n<p><a href=\"https:\/\/isteli.aftral.com\/campus\/isteli-brive\/\">Campus ISTELI Brive<\/a>[\/vc_column_text][\/vc_tta_section][\/vc_tta_accordion][\/vc_column][\/vc_row][vc_row][vc_column][vc_text_separator title=&#8221;Focus sur l&#8217;alternance&#8221;][vc_column_text]Si vous envisagez de r\u00e9aliser vos \u00e9tudes en alternance, cliquez <a href=\"http:\/\/740jw955i52c.brive.org\/wp-content\/uploads\/2024\/05\/Tableaux-des-formations-en-alternance.pdf\" target=\"_blank\" rel=\"noopener\"><strong>ici<\/strong> <\/a>et retrouvez la liste de toutes les formations disponibles \u00e0 Brive dans le sup\u00e9rieur (industrie, commerce, sant\u00e9, sport, social, assurance, informatique\/num\u00e9rique, comptabilit\u00e9\/gestion, ressources humaines).<\/p>\n<p>Pour en savoir plus sur les formations concern\u00e9es, consultez le <a href=\"http:\/\/740jw955i52c.brive.org\/wp-content\/uploads\/2023\/10\/GUIDE-DE-LA-FORMATION-POST-BAC-1.pdf\">guide complet ici<\/a>.[\/vc_column_text][vc_text_separator title=&#8221;Infrastructures et contacts utiles&#8221;][\/vc_column][\/vc_row][vc_row][vc_column][vc_tta_accordion][vc_tta_section title=&#8221;Le Service enseignement sup\u00e9rieur et formation&#8221; tab_id=&#8221;1709646984323-ad094c8f-1fb4&#8243;][vc_column_text]Le service accompagne les actuels et futurs \u00e9tudiants pour choisir leur formation \u00e0 l\u2019occasion de divers \u00e9v\u00e8nements comme le Forum du Futur Etudiant et gr\u00e2ce \u00e0 nos outils (guide, vid\u00e9o, logiciels\u00a0\u2026), acc\u00e9der \u00e0 l\u2019emploi (jobs d\u2019\u00e9t\u00e9s, stages, alternances, ateliers CV\/Lettre de motivation et simulation d\u2019entretien d\u2019embauche\u2026), trouver l\u2019information sur les aides existantes (logement, transport, alimentation, loisirs\u2026), soutenir leurs projets de mobilit\u00e9 (<a href=\"http:\/\/740jw955i52c.brive.org\/index.php\/bourse-jeunes\/\">dispositif Bourse Jeunes<\/a>), animer la vie \u00e9tudiante\u2026<\/p>\n<p>Pour en savoir plus, t\u00e9l\u00e9charge<a href=\"http:\/\/740jw955i52c.brive.org\/wp-content\/uploads\/2024\/03\/MISSIONS-ENSUP-A4.pdf\"> <u>le flyer r\u00e9capitulatif de nos missions<\/u><\/a>.[\/vc_column_text][\/vc_tta_section][vc_tta_section title=&#8221;Le Campus Connect\u00e9 de Brive, \u00e9tudier autrement et \u00e0 distance&#8221; tab_id=&#8221;1709646984342-46803c00-3141&#8243;][vc_column_text]Le Campus Connect\u00e9 vous offre la possibilit\u00e9 de suivre vos \u00e9tudes sup\u00e9rieures \u00e0 distance\u00a0: formation initiale et\/ou en alternance (DAEU, BTS, Licence, Bachelor, Master, etc) et formation continue (VAE, pr\u00e9paration aux concours et autres formations qualifiantes).\u00a0 Que vous soyez n\u00e9o-bachelier(e), sportif\/ve de haut ou bon niveau, en poursuite ou reprise d\u2019\u00e9tudes, en r\u00e9orientation, en reconversion ou que vous n\u2019avez tout simplement pas envie de quitter le territoire de Brive, le Campus Connect\u00e9 est une solution gratuite qui est peut-\u00eatre faite pour vous.<\/p>\n<p>Pour en savoir plus sur son fonctionnement et l\u2019accompagnement qui y est dispens\u00e9, <a href=\"http:\/\/740jw955i52c.brive.org\/index.php\/campus-connecte\/\">cliquez ici<\/a>.[\/vc_column_text][\/vc_tta_section][vc_tta_section title=&#8221;M\u00e9diath\u00e8ques et ludoth\u00e8que de Brive&#8221; tab_id=&#8221;1709647047488-2afec42c-25ff&#8221;][vc_column_text]Des livres, CD, DVD, jeux, instruments de musique, assister \u00e0 une animation, d\u00e9couvrir une exposition, profiter des coins d\u00e9tente ou tout simplement d\u00e9couvrir les b\u00e2timents.<\/p>\n<p>Pour en savoir plus, <a href=\"https:\/\/mediatheque.brive.fr\/\">cliquez ici<\/a>[\/vc_column_text][\/vc_tta_section][vc_tta_section title=&#8221;La Mission Locale&#8221; tab_id=&#8221;1709647048091-822a8539-2181&#8243;][vc_column_text]La <em>Mission Locale<\/em> de l&#8217;Arrondissement de <em>BRIVE<\/em> accompagne tous les jeunes qui le souhaitent. Il suffit d\u2019avoir entre 16 et 25 ans, r\u00e9sider sur l\u2019arrondissement et \u00eatre sorti du syst\u00e8me scolaire ; quel que soit votre niveau d\u2019\u00e9tude. Pour en savoir plus, <a href=\"https:\/\/www.missionlocalebrive.fr\/\">cliquez ici.<\/a>[\/vc_column_text][\/vc_tta_section][vc_tta_section title=&#8221;La Biblioth\u00e8que universitaire&#8221; tab_id=&#8221;1709647082249-a6d90313-5e17&#8243;][vc_column_text]La BU est ouverte \u00e0 tous. La consultation des documents est libre et gratuite. L\u2019inscription est cependant n\u00e9cessaire pour pouvoir emprunter et profiter des autres services propos\u00e9s par la biblioth\u00e8que. La biblioth\u00e8que propose tous les documents utiles aux formations dispens\u00e9es sur le Campus de Brive : droit, anatomie, physique, sociologie, comptabilit\u00e9, marketing, langues, informatique, etc. Un fonds de lecture publique est aussi propos\u00e9 en libre acc\u00e8s (romans, fiction, romans policiers, fonds \u00ab\u00a0alternatives\u00a0\u00bb BD, DVD, etc\u2026)<\/p>\n<p>Pour en savoir plus, <a href=\"https:\/\/www.unilim.fr\/scd\/vos-bibliotheques\/bu-campus-universitaire-brive\/\">cliquez ici<\/a>[\/vc_column_text][\/vc_tta_section][\/vc_tta_accordion][\/vc_column][\/vc_row][vc_row][vc_column][vc_text_separator title=&#8221;D\u00e9couvrir des formations, des m\u00e9tiers et s\u2019orienter&#8221;][\/vc_column][\/vc_row][vc_row][vc_column][vc_column_text]La Ville de Brive met en place et participe \u00e0 des \u00e9v\u00e8nements d\u2019orientation pour aider chaque futur \u00e9tudiant et futur apprenti \u00e0 trouver sa voie. Le Forum du Futur Etudiant, le Forum Alternactif, le Forum de l\u2019Emploi, le Forum du Futur Juriste et la Semaine de l\u2019Industrie sont des rendez-vous incontournables qui, chaque ann\u00e9e, permettent de s\u2019informer, d\u00e9couvrir des fili\u00e8res, leurs possibilit\u00e9s d\u2019insertion professionnelle et les m\u00e9tiers associ\u00e9s \u00e0 chacune des formations pr\u00e9sentes sur le territoire.[\/vc_column_text][\/vc_column][\/vc_row]<\/p>\n","protected":false},"excerpt":{"rendered":"<p>[vc_row][vc_column][vc_btn title=&#8221;Retour&#8221; style=&#8221;modern&#8221; shape=&#8221;rounded&#8221; color=&#8221;danger&#8221; link=&#8221;url:http%3A%2F%2F740jw955i52c.brive.org%2Findex.php%2Fmairie%2Fenseignement-superieur-et-formation%2F|||&#8221;][\/vc_column][\/vc_row][vc_row][vc_column][vc_column_text] SE FORMER\u00a0: Retrouvez dans ce guide et dans la vid\u00e9o ci-dessous l\u2019ensemble des formations post bac disponibles \u00e0 Brive apr\u00e8s le bac, avec un &#8230; <\/p>\n","protected":false},"author":1,"featured_media":0,"parent":378,"menu_order":0,"comment_status":"closed","ping_status":"closed","template":"","meta":[],"yoast_head":"<!-- This site is optimized with the Yoast SEO plugin v17.8 - https:\/\/yoast.com\/wordpress\/plugins\/seo\/ -->\n<title>Enseignement Sup\u00e9rieur et Formation - Ville de Brive<\/title>\n<meta name=\"robots\" content=\"index, follow, max-snippet:-1, max-image-preview:large, max-video-preview:-1\" \/>\n<link rel=\"canonical\" href=\"http:\/\/740jw955i52c.brive.org\/index.php\/etudier\/enseignement-superieur-et-formation\/\" \/>\n<meta property=\"og:locale\" content=\"fr_FR\" \/>\n<meta property=\"og:type\" content=\"article\" \/>\n<meta property=\"og:title\" content=\"Enseignement Sup\u00e9rieur et Formation - Ville de Brive\" \/>\n<meta property=\"og:description\" content=\"[vc_row][vc_column][vc_btn title=&#8221;Retour&#8221; style=&#8221;modern&#8221; shape=&#8221;rounded&#8221; color=&#8221;danger&#8221; link=&#8221;url:http%3A%2F%2F740jw955i52c.brive.org%2Findex.php%2Fmairie%2Fenseignement-superieur-et-formation%2F|||&#8221;][\/vc_column][\/vc_row][vc_row][vc_column][vc_column_text] SE FORMER\u00a0: Retrouvez dans ce guide et dans la vid\u00e9o ci-dessous l\u2019ensemble des formations post bac disponibles \u00e0 Brive apr\u00e8s le bac, avec un ...\" \/>\n<meta property=\"og:url\" content=\"http:\/\/740jw955i52c.brive.org\/index.php\/etudier\/enseignement-superieur-et-formation\/\" \/>\n<meta property=\"og:site_name\" content=\"Ville de Brive\" \/>\n<meta property=\"article:modified_time\" content=\"2024-06-19T06:51:36+00:00\" \/>\n<meta name=\"twitter:card\" content=\"summary_large_image\" \/>\n<meta name=\"twitter:label1\" content=\"Dur\u00e9e de lecture estim\u00e9e\" \/>\n\t<meta name=\"twitter:data1\" content=\"6 minutes\" \/>\n<script type=\"application\/ld+json\" class=\"yoast-schema-graph\">{\"@context\":\"https:\/\/schema.org\",\"@graph\":[{\"@type\":\"WebSite\",\"@id\":\"http:\/\/740jw955i52c.brive.org\/#website\",\"url\":\"http:\/\/740jw955i52c.brive.org\/\",\"name\":\"Ville de Brive\",\"description\":\"Bienvenue sur le site de la ville de Brive-la-Gaillarde. Vous y trouverez l&#039;actualit\\u00e9 de la commune, des informations pratiques et vos d\\u00e9marches administratives.\",\"potentialAction\":[{\"@type\":\"SearchAction\",\"target\":{\"@type\":\"EntryPoint\",\"urlTemplate\":\"http:\/\/740jw955i52c.brive.org\/?s={search_term_string}\"},\"query-input\":\"required name=search_term_string\"}],\"inLanguage\":\"fr-FR\"},{\"@type\":\"WebPage\",\"@id\":\"http:\/\/740jw955i52c.brive.org\/index.php\/etudier\/enseignement-superieur-et-formation\/#webpage\",\"url\":\"http:\/\/740jw955i52c.brive.org\/index.php\/etudier\/enseignement-superieur-et-formation\/\",\"name\":\"Enseignement Sup\\u00e9rieur et Formation - Ville de Brive\",\"isPartOf\":{\"@id\":\"http:\/\/740jw955i52c.brive.org\/#website\"},\"datePublished\":\"2024-03-05T13:59:21+00:00\",\"dateModified\":\"2024-06-19T06:51:36+00:00\",\"breadcrumb\":{\"@id\":\"http:\/\/740jw955i52c.brive.org\/index.php\/etudier\/enseignement-superieur-et-formation\/#breadcrumb\"},\"inLanguage\":\"fr-FR\",\"potentialAction\":[{\"@type\":\"ReadAction\",\"target\":[\"http:\/\/740jw955i52c.brive.org\/index.php\/etudier\/enseignement-superieur-et-formation\/\"]}]},{\"@type\":\"BreadcrumbList\",\"@id\":\"http:\/\/740jw955i52c.brive.org\/index.php\/etudier\/enseignement-superieur-et-formation\/#breadcrumb\",\"itemListElement\":[{\"@type\":\"ListItem\",\"position\":1,\"name\":\"Accueil\",\"item\":\"http:\/\/740jw955i52c.brive.org\/\"},{\"@type\":\"ListItem\",\"position\":2,\"name\":\"\\u00c9tudier\",\"item\":\"http:\/\/740jw955i52c.brive.org\/index.php\/etudier\/\"},{\"@type\":\"ListItem\",\"position\":3,\"name\":\"Enseignement Sup\\u00e9rieur et Formation\"}]}]}<\/script>\n<!-- \/ Yoast SEO plugin. -->","yoast_head_json":{"title":"Enseignement Sup\u00e9rieur et Formation - Ville de Brive","robots":{"index":"index","follow":"follow","max-snippet":"max-snippet:-1","max-image-preview":"max-image-preview:large","max-video-preview":"max-video-preview:-1"},"canonical":"http:\/\/740jw955i52c.brive.org\/index.php\/etudier\/enseignement-superieur-et-formation\/","og_locale":"fr_FR","og_type":"article","og_title":"Enseignement Sup\u00e9rieur et Formation - Ville de Brive","og_description":"[vc_row][vc_column][vc_btn title=&#8221;Retour&#8221; style=&#8221;modern&#8221; shape=&#8221;rounded&#8221; color=&#8221;danger&#8221; link=&#8221;url:http%3A%2F%2F740jw955i52c.brive.org%2Findex.php%2Fmairie%2Fenseignement-superieur-et-formation%2F|||&#8221;][\/vc_column][\/vc_row][vc_row][vc_column][vc_column_text] SE FORMER\u00a0: Retrouvez dans ce guide et dans la vid\u00e9o ci-dessous l\u2019ensemble des formations post bac disponibles \u00e0 Brive apr\u00e8s le bac, avec un ...","og_url":"http:\/\/740jw955i52c.brive.org\/index.php\/etudier\/enseignement-superieur-et-formation\/","og_site_name":"Ville de Brive","article_modified_time":"2024-06-19T06:51:36+00:00","twitter_card":"summary_large_image","twitter_misc":{"Dur\u00e9e de lecture estim\u00e9e":"6 minutes"},"schema":{"@context":"https:\/\/schema.org","@graph":[{"@type":"WebSite","@id":"http:\/\/740jw955i52c.brive.org\/#website","url":"http:\/\/740jw955i52c.brive.org\/","name":"Ville de Brive","description":"Bienvenue sur le site de la ville de Brive-la-Gaillarde. Vous y trouverez l&#039;actualit\u00e9 de la commune, des informations pratiques et vos d\u00e9marches administratives.","potentialAction":[{"@type":"SearchAction","target":{"@type":"EntryPoint","urlTemplate":"http:\/\/740jw955i52c.brive.org\/?s={search_term_string}"},"query-input":"required name=search_term_string"}],"inLanguage":"fr-FR"},{"@type":"WebPage","@id":"http:\/\/740jw955i52c.brive.org\/index.php\/etudier\/enseignement-superieur-et-formation\/#webpage","url":"http:\/\/740jw955i52c.brive.org\/index.php\/etudier\/enseignement-superieur-et-formation\/","name":"Enseignement Sup\u00e9rieur et Formation - Ville de Brive","isPartOf":{"@id":"http:\/\/740jw955i52c.brive.org\/#website"},"datePublished":"2024-03-05T13:59:21+00:00","dateModified":"2024-06-19T06:51:36+00:00","breadcrumb":{"@id":"http:\/\/740jw955i52c.brive.org\/index.php\/etudier\/enseignement-superieur-et-formation\/#breadcrumb"},"inLanguage":"fr-FR","potentialAction":[{"@type":"ReadAction","target":["http:\/\/740jw955i52c.brive.org\/index.php\/etudier\/enseignement-superieur-et-formation\/"]}]},{"@type":"BreadcrumbList","@id":"http:\/\/740jw955i52c.brive.org\/index.php\/etudier\/enseignement-superieur-et-formation\/#breadcrumb","itemListElement":[{"@type":"ListItem","position":1,"name":"Accueil","item":"http:\/\/740jw955i52c.brive.org\/"},{"@type":"ListItem","position":2,"name":"\u00c9tudier","item":"http:\/\/740jw955i52c.brive.org\/index.php\/etudier\/"},{"@type":"ListItem","position":3,"name":"Enseignement Sup\u00e9rieur et Formation"}]}]}},"_links":{"self":[{"href":"http:\/\/740jw955i52c.brive.org\/index.php\/wp-json\/wp\/v2\/pages\/51910"}],"collection":[{"href":"http:\/\/740jw955i52c.brive.org\/index.php\/wp-json\/wp\/v2\/pages"}],"about":[{"href":"http:\/\/740jw955i52c.brive.org\/index.php\/wp-json\/wp\/v2\/types\/page"}],"author":[{"embeddable":true,"href":"http:\/\/740jw955i52c.brive.org\/index.php\/wp-json\/wp\/v2\/users\/1"}],"replies":[{"embeddable":true,"href":"http:\/\/740jw955i52c.brive.org\/index.php\/wp-json\/wp\/v2\/comments?post=51910"}],"version-history":[{"count":10,"href":"http:\/\/740jw955i52c.brive.org\/index.php\/wp-json\/wp\/v2\/pages\/51910\/revisions"}],"predecessor-version":[{"id":52884,"href":"http:\/\/740jw955i52c.brive.org\/index.php\/wp-json\/wp\/v2\/pages\/51910\/revisions\/52884"}],"up":[{"embeddable":true,"href":"http:\/\/740jw955i52c.brive.org\/index.php\/wp-json\/wp\/v2\/pages\/378"}],"wp:attachment":[{"href":"http:\/\/740jw955i52c.brive.org\/index.php\/wp-json\/wp\/v2\/media?parent=51910"}],"curies":[{"name":"wp","href":"https:\/\/api.w.org\/{rel}","templated":true}]}}