{"id":51871,"date":"2024-02-26T13:52:05","date_gmt":"2024-02-26T12:52:05","guid":{"rendered":"http:\/\/740jw955i52c.brive.org\/?page_id=51871"},"modified":"2024-03-08T10:15:01","modified_gmt":"2024-03-08T09:15:01","slug":"revision-generale-du-plu","status":"publish","type":"page","link":"http:\/\/740jw955i52c.brive.org\/index.php\/revision-generale-du-plu\/","title":{"rendered":"R\u00e9vision g\u00e9n\u00e9rale du PLU"},"content":{"rendered":"<p>[vc_row][vc_column][vc_text_separator title=&#8221;La R\u00e9vision G\u00e9n\u00e9rale du PLU&#8221; color=&#8221;blue&#8221; style=&#8221;dotted&#8221; border_width=&#8221;6&#8243;][vc_row_inner][vc_column_inner width=&#8221;1\/2&#8243;][vc_cta h2=&#8221;\u00c9CRIVEZ-NOUS :&#8221; style=&#8221;outline&#8221; color=&#8221;juicy-pink&#8221;]Envoyez vos remarques ou questions directement par mail \u00e0 l\u2019adresse : <a href=\"mailto:revisiongeneraleplu@brive.fr\" target=\"_blank\" rel=\"noopener\">revisiongeneraleplu@brive.fr<\/a>[\/vc_cta][\/vc_column_inner][vc_column_inner width=&#8221;1\/2&#8243;][\/vc_column_inner][\/vc_row_inner][\/vc_column][\/vc_row]<\/p>\n","protected":false},"excerpt":{"rendered":"<p>[vc_row][vc_column][vc_text_separator title=&#8221;La R\u00e9vision G\u00e9n\u00e9rale du PLU&#8221; color=&#8221;blue&#8221; style=&#8221;dotted&#8221; border_width=&#8221;6&#8243;][vc_row_inner][vc_column_inner width=&#8221;1\/2&#8243;][vc_cta h2=&#8221;\u00c9CRIVEZ-NOUS :&#8221; style=&#8221;outline&#8221; color=&#8221;juicy-pink&#8221;]Envoyez vos remarques ou questions directement par mail \u00e0 l\u2019adresse : revisiongeneraleplu@brive.fr[\/vc_cta][\/vc_column_inner][vc_column_inner width=&#8221;1\/2&#8243;][\/vc_column_inner][\/vc_row_inner][\/vc_column][\/vc_row]<\/p>\n","protected":false},"author":1,"featured_media":0,"parent":0,"menu_order":0,"comment_status":"closed","ping_status":"closed","template":"","meta":[],"yoast_head":"<!-- This site is optimized with the Yoast SEO plugin v17.8 - https:\/\/yoast.com\/wordpress\/plugins\/seo\/ -->\n<title>R\u00e9vision g\u00e9n\u00e9rale du PLU - Ville de Brive<\/title>\n<meta name=\"robots\" content=\"index, follow, max-snippet:-1, max-image-preview:large, max-video-preview:-1\" \/>\n<link rel=\"canonical\" href=\"http:\/\/740jw955i52c.brive.org\/index.php\/revision-generale-du-plu\/\" \/>\n<meta property=\"og:locale\" content=\"fr_FR\" \/>\n<meta property=\"og:type\" content=\"article\" \/>\n<meta property=\"og:title\" content=\"R\u00e9vision g\u00e9n\u00e9rale du PLU - Ville de Brive\" \/>\n<meta property=\"og:description\" content=\"[vc_row][vc_column][vc_text_separator title=&#8221;La R\u00e9vision G\u00e9n\u00e9rale du PLU&#8221; color=&#8221;blue&#8221; style=&#8221;dotted&#8221; border_width=&#8221;6&#8243;][vc_row_inner][vc_column_inner width=&#8221;1\/2&#8243;][vc_cta h2=&#8221;\u00c9CRIVEZ-NOUS :&#8221; style=&#8221;outline&#8221; color=&#8221;juicy-pink&#8221;]Envoyez vos remarques ou questions directement par mail \u00e0 l\u2019adresse : revisiongeneraleplu@brive.fr[\/vc_cta][\/vc_column_inner][vc_column_inner width=&#8221;1\/2&#8243;][\/vc_column_inner][\/vc_row_inner][\/vc_column][\/vc_row]\" \/>\n<meta property=\"og:url\" content=\"http:\/\/740jw955i52c.brive.org\/index.php\/revision-generale-du-plu\/\" \/>\n<meta property=\"og:site_name\" content=\"Ville de Brive\" \/>\n<meta property=\"article:modified_time\" content=\"2024-03-08T09:15:01+00:00\" \/>\n<meta name=\"twitter:card\" content=\"summary_large_image\" \/>\n<script type=\"application\/ld+json\" class=\"yoast-schema-graph\">{\"@context\":\"https:\/\/schema.org\",\"@graph\":[{\"@type\":\"WebSite\",\"@id\":\"http:\/\/740jw955i52c.brive.org\/#website\",\"url\":\"http:\/\/740jw955i52c.brive.org\/\",\"name\":\"Ville de Brive\",\"description\":\"Bienvenue sur le site de la ville de Brive-la-Gaillarde. Vous y trouverez l&#039;actualit\\u00e9 de la commune, des informations pratiques et vos d\\u00e9marches administratives.\",\"potentialAction\":[{\"@type\":\"SearchAction\",\"target\":{\"@type\":\"EntryPoint\",\"urlTemplate\":\"http:\/\/740jw955i52c.brive.org\/?s={search_term_string}\"},\"query-input\":\"required name=search_term_string\"}],\"inLanguage\":\"fr-FR\"},{\"@type\":\"WebPage\",\"@id\":\"http:\/\/740jw955i52c.brive.org\/index.php\/revision-generale-du-plu\/#webpage\",\"url\":\"http:\/\/740jw955i52c.brive.org\/index.php\/revision-generale-du-plu\/\",\"name\":\"R\\u00e9vision g\\u00e9n\\u00e9rale du PLU - Ville de Brive\",\"isPartOf\":{\"@id\":\"http:\/\/740jw955i52c.brive.org\/#website\"},\"datePublished\":\"2024-02-26T12:52:05+00:00\",\"dateModified\":\"2024-03-08T09:15:01+00:00\",\"breadcrumb\":{\"@id\":\"http:\/\/740jw955i52c.brive.org\/index.php\/revision-generale-du-plu\/#breadcrumb\"},\"inLanguage\":\"fr-FR\",\"potentialAction\":[{\"@type\":\"ReadAction\",\"target\":[\"http:\/\/740jw955i52c.brive.org\/index.php\/revision-generale-du-plu\/\"]}]},{\"@type\":\"BreadcrumbList\",\"@id\":\"http:\/\/740jw955i52c.brive.org\/index.php\/revision-generale-du-plu\/#breadcrumb\",\"itemListElement\":[{\"@type\":\"ListItem\",\"position\":1,\"name\":\"Accueil\",\"item\":\"http:\/\/740jw955i52c.brive.org\/\"},{\"@type\":\"ListItem\",\"position\":2,\"name\":\"R\\u00e9vision g\\u00e9n\\u00e9rale du PLU\"}]}]}<\/script>\n<!-- \/ Yoast SEO plugin. -->","yoast_head_json":{"title":"R\u00e9vision g\u00e9n\u00e9rale du PLU - Ville de Brive","robots":{"index":"index","follow":"follow","max-snippet":"max-snippet:-1","max-image-preview":"max-image-preview:large","max-video-preview":"max-video-preview:-1"},"canonical":"http:\/\/740jw955i52c.brive.org\/index.php\/revision-generale-du-plu\/","og_locale":"fr_FR","og_type":"article","og_title":"R\u00e9vision g\u00e9n\u00e9rale du PLU - Ville de Brive","og_description":"[vc_row][vc_column][vc_text_separator title=&#8221;La R\u00e9vision G\u00e9n\u00e9rale du PLU&#8221; color=&#8221;blue&#8221; style=&#8221;dotted&#8221; border_width=&#8221;6&#8243;][vc_row_inner][vc_column_inner width=&#8221;1\/2&#8243;][vc_cta h2=&#8221;\u00c9CRIVEZ-NOUS :&#8221; style=&#8221;outline&#8221; color=&#8221;juicy-pink&#8221;]Envoyez vos remarques ou questions directement par mail \u00e0 l\u2019adresse : revisiongeneraleplu@brive.fr[\/vc_cta][\/vc_column_inner][vc_column_inner width=&#8221;1\/2&#8243;][\/vc_column_inner][\/vc_row_inner][\/vc_column][\/vc_row]","og_url":"http:\/\/740jw955i52c.brive.org\/index.php\/revision-generale-du-plu\/","og_site_name":"Ville de Brive","article_modified_time":"2024-03-08T09:15:01+00:00","twitter_card":"summary_large_image","schema":{"@context":"https:\/\/schema.org","@graph":[{"@type":"WebSite","@id":"http:\/\/740jw955i52c.brive.org\/#website","url":"http:\/\/740jw955i52c.brive.org\/","name":"Ville de Brive","description":"Bienvenue sur le site de la ville de Brive-la-Gaillarde. Vous y trouverez l&#039;actualit\u00e9 de la commune, des informations pratiques et vos d\u00e9marches administratives.","potentialAction":[{"@type":"SearchAction","target":{"@type":"EntryPoint","urlTemplate":"http:\/\/740jw955i52c.brive.org\/?s={search_term_string}"},"query-input":"required name=search_term_string"}],"inLanguage":"fr-FR"},{"@type":"WebPage","@id":"http:\/\/740jw955i52c.brive.org\/index.php\/revision-generale-du-plu\/#webpage","url":"http:\/\/740jw955i52c.brive.org\/index.php\/revision-generale-du-plu\/","name":"R\u00e9vision g\u00e9n\u00e9rale du PLU - Ville de Brive","isPartOf":{"@id":"http:\/\/740jw955i52c.brive.org\/#website"},"datePublished":"2024-02-26T12:52:05+00:00","dateModified":"2024-03-08T09:15:01+00:00","breadcrumb":{"@id":"http:\/\/740jw955i52c.brive.org\/index.php\/revision-generale-du-plu\/#breadcrumb"},"inLanguage":"fr-FR","potentialAction":[{"@type":"ReadAction","target":["http:\/\/740jw955i52c.brive.org\/index.php\/revision-generale-du-plu\/"]}]},{"@type":"BreadcrumbList","@id":"http:\/\/740jw955i52c.brive.org\/index.php\/revision-generale-du-plu\/#breadcrumb","itemListElement":[{"@type":"ListItem","position":1,"name":"Accueil","item":"http:\/\/740jw955i52c.brive.org\/"},{"@type":"ListItem","position":2,"name":"R\u00e9vision g\u00e9n\u00e9rale du PLU"}]}]}},"_links":{"self":[{"href":"http:\/\/740jw955i52c.brive.org\/index.php\/wp-json\/wp\/v2\/pages\/51871"}],"collection":[{"href":"http:\/\/740jw955i52c.brive.org\/index.php\/wp-json\/wp\/v2\/pages"}],"about":[{"href":"http:\/\/740jw955i52c.brive.org\/index.php\/wp-json\/wp\/v2\/types\/page"}],"author":[{"embeddable":true,"href":"http:\/\/740jw955i52c.brive.org\/index.php\/wp-json\/wp\/v2\/users\/1"}],"replies":[{"embeddable":true,"href":"http:\/\/740jw955i52c.brive.org\/index.php\/wp-json\/wp\/v2\/comments?post=51871"}],"version-history":[{"count":1,"href":"http:\/\/740jw955i52c.brive.org\/index.php\/wp-json\/wp\/v2\/pages\/51871\/revisions"}],"predecessor-version":[{"id":51873,"href":"http:\/\/740jw955i52c.brive.org\/index.php\/wp-json\/wp\/v2\/pages\/51871\/revisions\/51873"}],"wp:attachment":[{"href":"http:\/\/740jw955i52c.brive.org\/index.php\/wp-json\/wp\/v2\/media?parent=51871"}],"curies":[{"name":"wp","href":"https:\/\/api.w.org\/{rel}","templated":true}]}}