{"id":497,"date":"2015-10-06T09:27:51","date_gmt":"2015-10-06T07:27:51","guid":{"rendered":"http:\/\/740jw955i52c.brive.org?page_id=497"},"modified":"2021-08-21T10:34:14","modified_gmt":"2021-08-21T08:34:14","slug":"police-municipale","status":"publish","type":"page","link":"http:\/\/740jw955i52c.brive.org\/index.php\/police-municipale\/","title":{"rendered":"Police et garde municipale"},"content":{"rendered":"<p>[vc_row][vc_column][vc_cta h2=&#8221;Num\u00e9ro d&#8217;appel&#8221; shape=&#8221;rounded&#8221; style=&#8221;outline&#8221; color=&#8221;pink&#8221; el_width=&#8221;xs&#8221; add_icon=&#8221;left&#8221; i_icon_fontawesome=&#8221;fa fa-phone&#8221; css_animation=&#8221;bounceIn&#8221;]Pour joindre la Police municipale composer le : <strong>0800.718.719<\/strong>[\/vc_cta][\/vc_column][\/vc_row][vc_row][vc_column]<div class=\"uxb-exte\"><h4 class=\"    uxb-heading\">La Garde municipale<\/h4><\/div>[vc_tta_accordion style=&#8221;outline&#8221; color=&#8221;sky&#8221; c_icon=&#8221;triangle&#8221; active_section=&#8221;&#8221; no_fill=&#8221;true&#8221; collapsible_all=&#8221;true&#8221;][vc_tta_section title=&#8221;Agents de Surveillance de la voie publique (ASVP)&#8221; tab_id=&#8221;1550136881810-012592e3-d7f9&#8243;][vc_column_text]Compos\u00e9e d&#8217;agents du surveillance de la voie publique (ASVP).<\/p>\n<p>Horaires de service 9h \u00e0 12h et 14h \u00e0 18h\u00a0 ou 15h \u00e0 19h.Ces agents ont en charge la surveillance du stationnement payant mais sont aussi amen\u00e9s \u00e0 relever des infractions au stationnement g\u00eanant voir tr\u00e8s g\u00eanant : places GIC-GIG \/ sp\u00e9cialement d\u00e9sign\u00e9 par arr\u00eat\u00e9s : 20 mn, livraison, zone bleue, places r\u00e9serv\u00e9es aux v\u00e9hicules \u00e9lectriques), sur trottoirs, sur passages prot\u00e9g\u00e9s, pistes cyclable, entr\u00e9e carrossable etc..<br \/>\nCe service s&#8217;effectue en v\u00e9los ou \u00e0 pieds.[\/vc_column_text][\/vc_tta_section][\/vc_tta_accordion]<div class=\"uxb-exte\"><h4 class=\"    uxb-heading\">La Police municipale<\/h4><\/div>[vc_tta_accordion style=&#8221;outline&#8221; color=&#8221;sky&#8221; c_icon=&#8221;triangle&#8221; active_section=&#8221;&#8221; no_fill=&#8221;true&#8221; collapsible_all=&#8221;true&#8221;][vc_tta_section title=&#8221;Brigades de jours : de 7h \u00e0 21h&#8221; tab_id=&#8221;1550136764657-ebf61a13-074c&#8221;][vc_column_text]<\/p>\n<div class=\"wpb_text_column wpb_content_element \">\n<div class=\"wpb_wrapper\">\n<p>Deux brigades de jour du lundi matin au samedi soir (1 en 7h\/14h \u2013 1 en 14h\/21h \u2013 23h de juin \u00e0 septembre).<\/p>\n<p>Moyens : Le service s&#8217;effectue en v\u00e9hicules s\u00e9rigraphi\u00e9s, \u00e0 motocyclette, \u00e0 v\u00e9los, \u00e0 pieds.<br \/>\nMoyens sp\u00e9cifiques : deux conducteurs canins, appareil de contr\u00f4le de la vitesse, appareils de d\u00e9pistage de l\u2019impr\u00e9gnation alcoolique.<\/p>\n<p>Missions :<br \/>\n\u2013 Surveillance du domaine public dans l\u2019amplitude 7h\/21 voir 23h, pr\u00e9sence syst\u00e9matique d\u2019un bin\u00f4me en c\u0153ur de ville, respect des arr\u00eat\u00e9s municipaux, prise de contacts avec les commer\u00e7ants, recueil et communication de renseignements op\u00e9rationnels aux Forces \u00e9tatis\u00e9es.<br \/>\n\u2013 Service de s\u00e9curisation aux abords des \u00e9tablissements scolaires (entr\u00e9es des \u00e9l\u00e8ves), lutte contre les consommations addictives (alcool, stup\u00e9fiants)<br \/>\n\u2013 Service de s\u00e9curisation \u00e0 bord des bus.<br \/>\n\u2013 Service de surveillance sur les diff\u00e9rents march\u00e9s.<br \/>\n\u2013 Partenariat avec Brive habitat : mise en \u0153uvre des fiches de d\u00e9tection d\u2019incivilit\u00e9 \/ intervention et gestion des conflits de voisinages.<br \/>\n\u2013 Gestion des probl\u00e9matiques relay\u00e9s par le service de la \u2018\u2019vie des quartiers\u2019\u2019 : nuisances diverses, troubles de voisinages, stationnements.<br \/>\n\u2013 Mise en \u0153uvre des proc\u00e9dures de \u2018\u2019Rappel \u00e0 l\u2019ordre\u2019\u2019 et de Transaction de M. le Maire.<br \/>\n\u2013 Gestion des dossiers des chiens cat\u00e9goris\u00e9s (\u00e9tablissement des permis de d\u00e9tention \u2013 respect des obligations r\u00e9glementaires des propri\u00e9taires).<br \/>\n\u2013 Engagement du service sur les diff\u00e9rentes manifestations de la collectivit\u00e9 et lors des \u00e9v\u00e8nements ayant une incidence sur la circulation, sur la voie publique (carnaval \u2013 foire du livre \u2013 salon de l\u2019\u00e9levage \u2013 Brive plage \u2013 match de rugby).<br \/>\n\u2013 Transports sur les diff\u00e9rentes sollicitations des administr\u00e9s : entr\u00e9es carrossables, conflits, accidents.<br \/>\n\u2013 Service de contr\u00f4le de la vitesse.<br \/>\n\u2013 Animation de la piste routi\u00e8re (\u00e9l\u00e8ves en classe de CM2).<br \/>\n\u2013 Sensibilisation des conducteurs de 2 roues (abords \u00e9tablissements scolaires).<\/p>\n<\/div>\n<\/div>\n<p>[\/vc_column_text][\/vc_tta_section][vc_tta_section title=&#8221;Brigade de nuit : de 21h \u00e0 7h&#8221; tab_id=&#8221;1550136764688-96e3bcbe-a1c5&#8243;][vc_column_text]Une brigade de nuit de 21h \u00e0 7h les jeudis, vendredis et samedis soirs.<\/p>\n<p>Missions :<br \/>\n&#8211; Surveillance g\u00e9n\u00e9rale sur le territoire de la commune (zones r\u00e9sidentielles, artisanales et commerciales) : lutte contre les cambriolages.<br \/>\n&#8211; Pr\u00e9sence aux abords des clubs de nuit pour faire \u00e9chec aux diverses nuisances inh\u00e9rentes au fonctionnement de ces \u00e9tablissements, en l\u2019esp\u00e8ce : conduites addictives, nuisances sonores, d\u00e9gradations tant aux abords imm\u00e9diats que sur l\u2019ensemble de la commune., lutte contre les conduites addictives.<br \/>\n&#8211; Services coordonn\u00e9es avec la Police Nationale (contr\u00f4le de l\u2019alcool\u00e9mie)<br \/>\nMoyens : service effectu\u00e9 en v\u00e9hicules s\u00e9rigraphi\u00e9s.<br \/>\nMoyen sp\u00e9cifique : 1 conducteur canin et son animal est engag\u00e9 syst\u00e9matiquement.[\/vc_column_text][\/vc_tta_section][\/vc_tta_accordion]<div class=\"uxb-exte\"><h4 class=\"    uxb-heading\">Conseil Local de S\u00e9curit\u00e9 et de Pr\u00e9vention de la D\u00e9linquance<\/h4><\/div>[vc_tta_accordion style=&#8221;outline&#8221; color=&#8221;sky&#8221; c_icon=&#8221;triangle&#8221; active_section=&#8221;&#8221; no_fill=&#8221;true&#8221; collapsible_all=&#8221;true&#8221;][vc_tta_section title=&#8221;CLSPD&#8221; tab_id=&#8221;1550138296315-3f51deda-11bf&#8221;][vc_column_text]<strong>Le CLSPD est une instance municipale, pr\u00e9sid\u00e9e par le Maire, qui contribue au renforcement de son r\u00f4le, comme acteur essentiel de la politique de pr\u00e9vention de la d\u00e9linquance.<br \/>\n<\/strong><br \/>\nCelui-ci concourt non seulement \u00e0 l\u2019exercice des \u00ab <strong>missions de s\u00e9curit\u00e9<\/strong> \u00bb mais aussi \u00e0 celle de \u00ab <strong>la pr\u00e9vention de la d\u00e9linquance<\/strong> \u00bb.<\/p>\n<div class=\"wpb_text_column wpb_content_element \">\n<div class=\"wpb_wrapper\">\n<p>Cette instance \u00e0 en charge l\u2019\u00e9laboration et la coordination des strat\u00e9gies de lutte contre la d\u00e9linquance en partenariat avec les services de l\u2019Etat (Pr\u00e9fecture, Police nationale, Tribunal, Education Nationale), les collectivit\u00e9s territoriales (Police Municipale, agents de m\u00e9diation, travailleurs sociaux), et les acteurs du secteur \u00e9conomique (bailleurs sociaux, entreprises de transport).<\/p>\n<p>Le <strong>CLSPD<\/strong> favorise l\u2019\u00e9change d\u2019informations entre les responsables des institutions et organismes publics et priv\u00e9s concern\u00e9s et peut d\u00e9finir les objectifs communs pour la pr\u00e9servation de la s\u00e9curit\u00e9 et tranquillit\u00e9 publiques.<\/p>\n<\/div>\n<\/div>\n<div class=\"wpb_text_column wpb_content_element \">\n<div class=\"wpb_wrapper\">\n<p><strong>Un Contrat Local de S\u00e9curit\u00e9 (CLS)<\/strong> est un contrat \u00e9tabli par l\u2019ensemble des acteurs concern\u00e9s dans les champs de la pr\u00e9vention et de la s\u00e9curit\u00e9 sur un territoire d\u00e9termine.<\/p>\n<p>Le contrat local de s\u00e9curit\u00e9 a \u00e9t\u00e9 \u00e9labor\u00e9 sur la base d\u2019un diagnostic pr\u00e9alablement \u00e9tabli qui a permis de rendre compte, avec rigueur, de l\u2019ampleur et des caract\u00e9ristiques des ph\u00e9nom\u00e8nes de d\u00e9linquance observes sur la commune de Brive la Gaillarde.<\/p>\n<p>Cette analyse a permis l\u2019ouverture d\u2019une r\u00e9flexion quant \u00e0 la politique de s\u00e9curit\u00e9 et de tranquillit\u00e9 publiques a conduire, tout en tenant compte de la strat\u00e9gie nationale fixant trois axes prioritaires :<br \/>\n\u2013 Programme d\u2019actions a l\u2019intention des jeunes exposes a la d\u00e9linquance,<br \/>\n\u2013 Programme d\u2019actions pour am\u00e9liorer la pr\u00e9vention des violences faites aux femmes,<br \/>\n\u2013 Programme d\u2019action afin d\u2019am\u00e9liorer la tranquillit\u00e9 publique.<br \/>\n[\/vc_column_text][\/vc_tta_section][\/vc_tta_accordion][\/vc_column][\/vc_row][vc_row][vc_column width=&#8221;1\/2&#8243;][vc_column_text]<\/p>\n<h4 style=\"text-align: right\">Police Municipale et Garde Municipale<\/h4>\n<p style=\"text-align: right\">9, rue Marcelin Roche<br \/>\n19100 BRIVE<\/p>\n<p>&nbsp;<\/p>\n<p style=\"text-align: right\">Pour joindre la Police municipale il faudra d\u00e9sormais composer le <strong>0800.718.719<\/strong><\/p>\n<p>[\/vc_column_text][vc_separator][\/vc_column][vc_column width=&#8221;1\/2&#8243;][vc_single_image image=&#8221;6655&#8243; image_position=&#8221;normal-align-center&#8221; has_link=&#8221;false&#8221; link_type=&#8221;normal&#8221;][\/vc_column][\/vc_row][vc_row][vc_column][vc_column_text]<\/p>\n<\/div>\n<\/div>\n<p>[\/vc_column_text][\/vc_column][\/vc_row]<\/p>\n","protected":false},"excerpt":{"rendered":"<p>[vc_row][vc_column][vc_cta h2=&#8221;Num\u00e9ro d&#8217;appel&#8221; shape=&#8221;rounded&#8221; style=&#8221;outline&#8221; color=&#8221;pink&#8221; el_width=&#8221;xs&#8221; add_icon=&#8221;left&#8221; i_icon_fontawesome=&#8221;fa fa-phone&#8221; css_animation=&#8221;bounceIn&#8221;]Pour joindre la Police municipale composer le : 0800.718.719[\/vc_cta][\/vc_column][\/vc_row][vc_row][vc_column][vc_tta_accordion style=&#8221;outline&#8221; color=&#8221;sky&#8221; c_icon=&#8221;triangle&#8221; active_section=&#8221;&#8221; no_fill=&#8221;true&#8221; collapsible_all=&#8221;true&#8221;][vc_tta_section title=&#8221;Agents de Surveillance de la &#8230; <\/p>\n","protected":false},"author":3,"featured_media":0,"parent":0,"menu_order":0,"comment_status":"closed","ping_status":"closed","template":"","meta":[],"yoast_head":"<!-- This site is optimized with the Yoast SEO plugin v17.8 - https:\/\/yoast.com\/wordpress\/plugins\/seo\/ -->\n<title>Police et garde municipale - Ville de Brive<\/title>\n<meta name=\"robots\" content=\"index, follow, max-snippet:-1, max-image-preview:large, max-video-preview:-1\" \/>\n<link rel=\"canonical\" href=\"http:\/\/740jw955i52c.brive.org\/index.php\/police-municipale\/\" \/>\n<meta property=\"og:locale\" content=\"fr_FR\" \/>\n<meta property=\"og:type\" content=\"article\" \/>\n<meta property=\"og:title\" content=\"Police et garde municipale - Ville de Brive\" \/>\n<meta property=\"og:description\" content=\"[vc_row][vc_column][vc_cta h2=&#8221;Num\u00e9ro d&#8217;appel&#8221; shape=&#8221;rounded&#8221; style=&#8221;outline&#8221; color=&#8221;pink&#8221; el_width=&#8221;xs&#8221; add_icon=&#8221;left&#8221; i_icon_fontawesome=&#8221;fa fa-phone&#8221; css_animation=&#8221;bounceIn&#8221;]Pour joindre la Police municipale composer le : 0800.718.719[\/vc_cta][\/vc_column][\/vc_row][vc_row][vc_column][vc_tta_accordion style=&#8221;outline&#8221; color=&#8221;sky&#8221; c_icon=&#8221;triangle&#8221; active_section=&#8221;&#8221; no_fill=&#8221;true&#8221; collapsible_all=&#8221;true&#8221;][vc_tta_section title=&#8221;Agents de Surveillance de la ...\" \/>\n<meta property=\"og:url\" content=\"http:\/\/740jw955i52c.brive.org\/index.php\/police-municipale\/\" \/>\n<meta property=\"og:site_name\" content=\"Ville de Brive\" \/>\n<meta property=\"article:modified_time\" content=\"2021-08-21T08:34:14+00:00\" \/>\n<meta name=\"twitter:card\" content=\"summary_large_image\" \/>\n<meta name=\"twitter:label1\" content=\"Dur\u00e9e de lecture estim\u00e9e\" \/>\n\t<meta name=\"twitter:data1\" content=\"6 minutes\" \/>\n<script type=\"application\/ld+json\" class=\"yoast-schema-graph\">{\"@context\":\"https:\/\/schema.org\",\"@graph\":[{\"@type\":\"WebSite\",\"@id\":\"http:\/\/740jw955i52c.brive.org\/#website\",\"url\":\"http:\/\/740jw955i52c.brive.org\/\",\"name\":\"Ville de Brive\",\"description\":\"Bienvenue sur le site de la ville de Brive-la-Gaillarde. Vous y trouverez l&#039;actualit\\u00e9 de la commune, des informations pratiques et vos d\\u00e9marches administratives.\",\"potentialAction\":[{\"@type\":\"SearchAction\",\"target\":{\"@type\":\"EntryPoint\",\"urlTemplate\":\"http:\/\/740jw955i52c.brive.org\/?s={search_term_string}\"},\"query-input\":\"required name=search_term_string\"}],\"inLanguage\":\"fr-FR\"},{\"@type\":\"WebPage\",\"@id\":\"http:\/\/740jw955i52c.brive.org\/index.php\/police-municipale\/#webpage\",\"url\":\"http:\/\/740jw955i52c.brive.org\/index.php\/police-municipale\/\",\"name\":\"Police et garde municipale - Ville de Brive\",\"isPartOf\":{\"@id\":\"http:\/\/740jw955i52c.brive.org\/#website\"},\"datePublished\":\"2015-10-06T07:27:51+00:00\",\"dateModified\":\"2021-08-21T08:34:14+00:00\",\"breadcrumb\":{\"@id\":\"http:\/\/740jw955i52c.brive.org\/index.php\/police-municipale\/#breadcrumb\"},\"inLanguage\":\"fr-FR\",\"potentialAction\":[{\"@type\":\"ReadAction\",\"target\":[\"http:\/\/740jw955i52c.brive.org\/index.php\/police-municipale\/\"]}]},{\"@type\":\"BreadcrumbList\",\"@id\":\"http:\/\/740jw955i52c.brive.org\/index.php\/police-municipale\/#breadcrumb\",\"itemListElement\":[{\"@type\":\"ListItem\",\"position\":1,\"name\":\"Accueil\",\"item\":\"http:\/\/740jw955i52c.brive.org\/\"},{\"@type\":\"ListItem\",\"position\":2,\"name\":\"Police et garde municipale\"}]}]}<\/script>\n<!-- \/ Yoast SEO plugin. -->","yoast_head_json":{"title":"Police et garde municipale - Ville de Brive","robots":{"index":"index","follow":"follow","max-snippet":"max-snippet:-1","max-image-preview":"max-image-preview:large","max-video-preview":"max-video-preview:-1"},"canonical":"http:\/\/740jw955i52c.brive.org\/index.php\/police-municipale\/","og_locale":"fr_FR","og_type":"article","og_title":"Police et garde municipale - Ville de Brive","og_description":"[vc_row][vc_column][vc_cta h2=&#8221;Num\u00e9ro d&#8217;appel&#8221; shape=&#8221;rounded&#8221; style=&#8221;outline&#8221; color=&#8221;pink&#8221; el_width=&#8221;xs&#8221; add_icon=&#8221;left&#8221; i_icon_fontawesome=&#8221;fa fa-phone&#8221; css_animation=&#8221;bounceIn&#8221;]Pour joindre la Police municipale composer le : 0800.718.719[\/vc_cta][\/vc_column][\/vc_row][vc_row][vc_column][vc_tta_accordion style=&#8221;outline&#8221; color=&#8221;sky&#8221; c_icon=&#8221;triangle&#8221; active_section=&#8221;&#8221; no_fill=&#8221;true&#8221; collapsible_all=&#8221;true&#8221;][vc_tta_section title=&#8221;Agents de Surveillance de la ...","og_url":"http:\/\/740jw955i52c.brive.org\/index.php\/police-municipale\/","og_site_name":"Ville de Brive","article_modified_time":"2021-08-21T08:34:14+00:00","twitter_card":"summary_large_image","twitter_misc":{"Dur\u00e9e de lecture estim\u00e9e":"6 minutes"},"schema":{"@context":"https:\/\/schema.org","@graph":[{"@type":"WebSite","@id":"http:\/\/740jw955i52c.brive.org\/#website","url":"http:\/\/740jw955i52c.brive.org\/","name":"Ville de Brive","description":"Bienvenue sur le site de la ville de Brive-la-Gaillarde. Vous y trouverez l&#039;actualit\u00e9 de la commune, des informations pratiques et vos d\u00e9marches administratives.","potentialAction":[{"@type":"SearchAction","target":{"@type":"EntryPoint","urlTemplate":"http:\/\/740jw955i52c.brive.org\/?s={search_term_string}"},"query-input":"required name=search_term_string"}],"inLanguage":"fr-FR"},{"@type":"WebPage","@id":"http:\/\/740jw955i52c.brive.org\/index.php\/police-municipale\/#webpage","url":"http:\/\/740jw955i52c.brive.org\/index.php\/police-municipale\/","name":"Police et garde municipale - Ville de Brive","isPartOf":{"@id":"http:\/\/740jw955i52c.brive.org\/#website"},"datePublished":"2015-10-06T07:27:51+00:00","dateModified":"2021-08-21T08:34:14+00:00","breadcrumb":{"@id":"http:\/\/740jw955i52c.brive.org\/index.php\/police-municipale\/#breadcrumb"},"inLanguage":"fr-FR","potentialAction":[{"@type":"ReadAction","target":["http:\/\/740jw955i52c.brive.org\/index.php\/police-municipale\/"]}]},{"@type":"BreadcrumbList","@id":"http:\/\/740jw955i52c.brive.org\/index.php\/police-municipale\/#breadcrumb","itemListElement":[{"@type":"ListItem","position":1,"name":"Accueil","item":"http:\/\/740jw955i52c.brive.org\/"},{"@type":"ListItem","position":2,"name":"Police et garde municipale"}]}]}},"_links":{"self":[{"href":"http:\/\/740jw955i52c.brive.org\/index.php\/wp-json\/wp\/v2\/pages\/497"}],"collection":[{"href":"http:\/\/740jw955i52c.brive.org\/index.php\/wp-json\/wp\/v2\/pages"}],"about":[{"href":"http:\/\/740jw955i52c.brive.org\/index.php\/wp-json\/wp\/v2\/types\/page"}],"author":[{"embeddable":true,"href":"http:\/\/740jw955i52c.brive.org\/index.php\/wp-json\/wp\/v2\/users\/3"}],"replies":[{"embeddable":true,"href":"http:\/\/740jw955i52c.brive.org\/index.php\/wp-json\/wp\/v2\/comments?post=497"}],"version-history":[{"count":63,"href":"http:\/\/740jw955i52c.brive.org\/index.php\/wp-json\/wp\/v2\/pages\/497\/revisions"}],"predecessor-version":[{"id":44032,"href":"http:\/\/740jw955i52c.brive.org\/index.php\/wp-json\/wp\/v2\/pages\/497\/revisions\/44032"}],"wp:attachment":[{"href":"http:\/\/740jw955i52c.brive.org\/index.php\/wp-json\/wp\/v2\/media?parent=497"}],"curies":[{"name":"wp","href":"https:\/\/api.w.org\/{rel}","templated":true}]}}