{"id":495,"date":"2015-10-06T09:27:11","date_gmt":"2015-10-06T07:27:11","guid":{"rendered":"http:\/\/740jw955i52c.brive.org?page_id=495"},"modified":"2023-07-07T08:55:59","modified_gmt":"2023-07-07T06:55:59","slug":"risques-majeurs","status":"publish","type":"page","link":"http:\/\/740jw955i52c.brive.org\/index.php\/accueil-2\/risques-majeurs\/","title":{"rendered":"Pr\u00e9vention des risques majeurs"},"content":{"rendered":"<p>[vc_row][vc_column]<div class=\"uxb-exte\"><h5 class=\"   has-line   uxb-heading\">L\u2019information des citoyens sur les risques naturels et technologiques majeurs est un droit inscrit dans le code de l\u2019environnement.<\/h5><\/div>[vc_row_inner][vc_column_inner width=&#8221;2\/3&#8243;][vc_column_text]Le <strong>DICRIM<\/strong> est un document r\u00e9alis\u00e9 et consultable en mairie qui a pour objectif d\u2019informer les habitants de la commune sur les risques majeurs, les consignes de s\u00e9curit\u00e9 et les moyens d&#8217;\u00eatre alert\u00e9.<\/p>\n<p>Cette information doit permettre au citoyen de conna\u00eetre les dangers auxquels il est expos\u00e9, les dommages pr\u00e9visibles, les mesures pr\u00e9ventives qu&#8217;il peut prendre pour r\u00e9duire sa vuln\u00e9rabilit\u00e9 ainsi que les moyens de protection et de secours mis en \u0153uvre par les pouvoirs publics.<\/p>\n<p>C&#8217;est une condition essentielle pour qu\u2019il surmonte le sentiment d&#8217;ins\u00e9curit\u00e9 et r\u00e9agisse de mani\u00e8re responsable face au risque.<\/p>\n<p>Notre commune est expos\u00e9e \u00e0 diff\u00e9rents risques qui sont recens\u00e9s dans le <strong>Dossier D\u00e9partemental des Risques Majeurs<\/strong> <strong>(D.D.R.M.)<\/strong> tels que :<\/p>\n<ul>\n<li>Le risque d&#8217;inondation<\/li>\n<li>Le risque industriel et technologique<\/li>\n<li>La rupture de barrage<\/li>\n<li>Le transport de mati\u00e8res dangereuses<\/li>\n<li>Le risque radon<\/li>\n<li>Le risque mouvement de terrain<\/li>\n<\/ul>\n<p>[\/vc_column_text][\/vc_column_inner][vc_column_inner width=&#8221;1\/3&#8243;][vc_column_text]<a href=\"http:\/\/740jw955i52c.brive.org\/wp-content\/uploads\/2023\/07\/Dicrim-2023-V2-Brive.pdf\" target=\"_blank\" rel=\"noopener\"><img decoding=\"async\" loading=\"lazy\" class=\"alignnone size-full wp-image-50142\" src=\"http:\/\/740jw955i52c.brive.org\/wp-content\/uploads\/2023\/07\/Dicrim-2023-V2-Brive.jpg\" alt=\"\" width=\"1080\" height=\"1527\" srcset=\"http:\/\/740jw955i52c.brive.org\/wp-content\/uploads\/2023\/07\/Dicrim-2023-V2-Brive.jpg 1080w, http:\/\/740jw955i52c.brive.org\/wp-content\/uploads\/2023\/07\/Dicrim-2023-V2-Brive-300x424.jpg 300w, http:\/\/740jw955i52c.brive.org\/wp-content\/uploads\/2023\/07\/Dicrim-2023-V2-Brive-750x1060.jpg 750w, http:\/\/740jw955i52c.brive.org\/wp-content\/uploads\/2023\/07\/Dicrim-2023-V2-Brive-200x283.jpg 200w, http:\/\/740jw955i52c.brive.org\/wp-content\/uploads\/2023\/07\/Dicrim-2023-V2-Brive-600x848.jpg 600w, http:\/\/740jw955i52c.brive.org\/wp-content\/uploads\/2023\/07\/Dicrim-2023-V2-Brive-916x1295.jpg 916w, http:\/\/740jw955i52c.brive.org\/wp-content\/uploads\/2023\/07\/Dicrim-2023-V2-Brive-590x834.jpg 590w, http:\/\/740jw955i52c.brive.org\/wp-content\/uploads\/2023\/07\/Dicrim-2023-V2-Brive-363x513.jpg 363w, http:\/\/740jw955i52c.brive.org\/wp-content\/uploads\/2023\/07\/Dicrim-2023-V2-Brive-200x283@2x.jpg 400w\" sizes=\"(max-width: 1080px) 100vw, 1080px\" \/><\/a><\/p>\n<p>\u25b6 <a href=\"http:\/\/740jw955i52c.brive.org\/wp-content\/uploads\/2023\/07\/Dicrim-2023-V2-Brive.pdf\" target=\"_blank\" rel=\"noopener\">DICRIM (pdf \u00e0 t\u00e9l\u00e9charger)<\/a>[\/vc_column_text][vc_empty_space height=&#8221;3px&#8221;][\/vc_column_inner][\/vc_row_inner][\/vc_column][\/vc_row][vc_row][vc_column]<div class=\"uxb-exte\"><h5 class=\"   has-line   uxb-heading\">Dans cet espace, vous pouvez trouver un ensemble d\u2019informations en cliquant sur les liens ci-dessous :<\/h5><\/div>[vc_row_inner][vc_column_inner width=&#8221;1\/2&#8243;][vc_cta h2=&#8221;&#8221; txt_align=&#8221;right&#8221; shape=&#8221;rounded&#8221; style=&#8221;outline&#8221; color=&#8221;sky&#8221;]<\/p>\n<p style=\"text-align: left\"><strong>Comment reconna\u00eetre le signal d&#8217;alerte ?<\/strong><\/p>\n<p style=\"text-align: left\">En cas de danger imm\u00e9diat les sir\u00e8nes \u00e9mettent un signal modul\u00e9, montant et descendant,<br \/>\ncompos\u00e9 de 3 s\u00e9quences d&#8217;1 minute 41 secondes, s\u00e9par\u00e9es par un silence de 5 secondes.<br \/>\nLa fin d&#8217;alerte est annonc\u00e9e par un signal continu de 30 secondes.<\/p>\n<p style=\"text-align: left\">Ecoutez le son de la sir\u00e8ne d\u2019alerte en composant le num\u00e9ro vert :<br \/>\n0800.427.366<\/p>\n<p>[\/vc_cta][\/vc_column_inner][vc_column_inner width=&#8221;1\/6&#8243;][vc_column_text]<\/p>\n<p style=\"text-align: center\"><strong><img decoding=\"async\" loading=\"lazy\" class=\"size-full wp-image-6828 aligncenter\" src=\"http:\/\/740jw955i52c.brive.org\/wp-content\/uploads\/2016\/04\/02.jpg\" alt=\"02\" width=\"60\" height=\"60\" \/> <\/strong><a href=\"http:\/\/www.vigicrues.gouv.fr\/\" target=\"_blank\" rel=\"noopener noreferrer\">Vigicrue<\/a><\/p>\n<p>[\/vc_column_text][\/vc_column_inner][vc_column_inner width=&#8221;1\/6&#8243;][vc_column_text]<\/p>\n<p style=\"text-align: center\"><strong><img decoding=\"async\" loading=\"lazy\" class=\"size-full wp-image-6819 aligncenter\" src=\"http:\/\/740jw955i52c.brive.org\/wp-content\/uploads\/2016\/04\/03.jpg\" alt=\"03\" width=\"60\" height=\"60\" \/><\/strong><a href=\"http:\/\/france.meteofrance.com\/vigilance\/Accueil\" target=\"_blank\" rel=\"noopener noreferrer\">Vigilance m\u00e9t\u00e9o<\/a><\/p>\n<p>[\/vc_column_text][\/vc_column_inner][vc_column_inner width=&#8221;1\/6&#8243;][vc_column_text]<\/p>\n<p style=\"text-align: center\"><strong><img decoding=\"async\" loading=\"lazy\" class=\"size-full wp-image-13622 aligncenter\" src=\"http:\/\/740jw955i52c.brive.org\/wp-content\/uploads\/2015\/10\/04-1.jpg\" alt=\"04\" width=\"60\" height=\"60\" \/> <\/strong><a href=\"http:\/\/www.correze.gouv.fr\/Politiques-publiques\/Securite-et-protection-des-populations\/Risques-naturels-et-technologiques\" target=\"_blank\" rel=\"noopener noreferrer\">Pr\u00e9fecture<\/a><\/p>\n<p>[\/vc_column_text][\/vc_column_inner][\/vc_row_inner][vc_row_inner][vc_column_inner width=&#8221;1\/2&#8243;][vc_empty_space height=&#8221;20px&#8221;]<div id=\"ultimate-heading-272369f17f72a1748\" class=\"uvc-heading ult-adjust-bottom-margin ultimate-heading-272369f17f72a1748 uvc-5302 \" data-hspacer=\"icon_only\"  data-halign=\"center\" style=\"text-align:center\"><div class=\"uvc-heading-spacer icon_only\" style=\"top\"><div class=\"ult-just-icon-wrapper  \"><div class=\"align-icon\" style=\"text-align:center;\">\n<div class=\"aio-icon advanced \"  style=\"border-style:;border-color:#333333;border-width:1px;width:50px;height:50px;line-height:50px;border-radius:px;font-size:35px;display:inline-block;\">\n\t<i class=\"Defaults-leanpub\"><\/i>\n<\/div><\/div><\/div><\/div><div class=\"uvc-sub-heading ult-responsive\"  data-ultimate-target='.uvc-heading.ultimate-heading-272369f17f72a1748 .uvc-sub-heading '  data-responsive-json-new='{\"font-size\":\"\",\"line-height\":\"\"}'  style=\"font-weight:normal;\"><\/p>\n<p><strong>Le Dossier d\u2019Information Communal sur les Risques Majeurs (D.I.C.R.I.M.) <\/strong>est consultable en Mairie<\/p>\n<p><\/div><\/div>[\/vc_column_inner][vc_column_inner width=&#8221;1\/2&#8243;]<div id=\"ultimate-heading-497869f17f72a17ba\" class=\"uvc-heading ult-adjust-bottom-margin ultimate-heading-497869f17f72a17ba uvc-8035 \" data-hspacer=\"icon_only\"  data-halign=\"center\" style=\"text-align:center\"><div class=\"uvc-heading-spacer icon_only\" style=\"top\"><div class=\"ult-just-icon-wrapper  \"><div class=\"align-icon\" style=\"text-align:center;\">\n<div class=\"aio-icon advanced \"  style=\"border-style:outset;border-color:#333333;border-width:3px;width:50px;height:50px;line-height:50px;border-radius:500px;font-size:30px;display:inline-block;\">\n\t<i class=\"Defaults-download\"><\/i>\n<\/div><\/div><\/div><\/div><div class=\"uvc-main-heading ult-responsive\"  data-ultimate-target='.uvc-heading.ultimate-heading-497869f17f72a17ba h5'  data-responsive-json-new='{\"font-size\":\"\",\"line-height\":\"\"}' ><h5 style=\"font-weight:normal;\">Document CERFA \u00e0 remplir obligatoirement lors d\u2019une transaction immobili\u00e8re :<\/h5><\/div><div class=\"uvc-sub-heading ult-responsive\"  data-ultimate-target='.uvc-heading.ultimate-heading-497869f17f72a17ba .uvc-sub-heading '  data-responsive-json-new='{\"font-size\":\"\",\"line-height\":\"\"}'  style=\"font-weight:normal;\"><\/p>\n<h5><a href=\"http:\/\/740jw955i52c.brive.org\/wp-content\/uploads\/2016\/02\/cerfa_risques_majeurs.pdf\" target=\"_blank\" rel=\"noopener noreferrer\">Etat des risques naturels, miniers et technologique<\/a><\/h5>\n<p><\/div><\/div>[\/vc_column_inner][\/vc_row_inner]<hr class=\"light  divider uxb-divider\" \/>[vc_row_inner][vc_column_inner width=&#8221;1\/3&#8243;][vc_btn title=&#8221;Risque inondation&#8221; style=&#8221;custom&#8221; custom_background=&#8221;#5aa1e3&#8243; custom_text=&#8221;#ffffff&#8221; size=&#8221;sm&#8221; align=&#8221;center&#8221; button_block=&#8221;true&#8221; link=&#8221;url:http%3A%2F%2F740jw955i52c.brive.org%2Findex.php%2Faccueil%2Fmairie%2Fla-mairie%2Fsecurite-urbaine%2Frisques-inondation%2F|title:Risques%20inondation|&#8221;][\/vc_column_inner][vc_column_inner width=&#8221;1\/3&#8243;][vc_btn title=&#8221;Risque industriel et technologique&#8221; style=&#8221;custom&#8221; custom_background=&#8221;#5aa1e3&#8243; custom_text=&#8221;#ffffff&#8221; size=&#8221;sm&#8221; align=&#8221;center&#8221; button_block=&#8221;true&#8221; link=&#8221;url:http%3A%2F%2F740jw955i52c.brive.org%2Findex.php%2Faccueil%2Fmairie%2Fla-mairie%2Fsecurite-urbaine%2Frisques-industriel-et-technologique%2F|title:Risque%20industriel%20et%20technologique|&#8221;][\/vc_column_inner][vc_column_inner width=&#8221;1\/3&#8243;][vc_btn title=&#8221;Autres risques majeurs&#8221; style=&#8221;custom&#8221; custom_background=&#8221;#5aa1e3&#8243; custom_text=&#8221;#ffffff&#8221; size=&#8221;sm&#8221; align=&#8221;center&#8221; button_block=&#8221;true&#8221; link=&#8221;url:http%3A%2F%2F740jw955i52c.brive.org%2Findex.php%2Faccueil%2Fmairie%2Fla-mairie%2Fsecurite-urbaine%2Fautres-risques-majeurs%2F|title:Autres%20risques%20majeurs|&#8221;][\/vc_column_inner][\/vc_row_inner][\/vc_column][\/vc_row]<\/p>\n","protected":false},"excerpt":{"rendered":"<p>[vc_row][vc_column][vc_row_inner][vc_column_inner width=&#8221;2\/3&#8243;][vc_column_text]Le DICRIM est un document r\u00e9alis\u00e9 et consultable en mairie qui a pour objectif d\u2019informer les habitants de la commune sur les risques majeurs, les consignes de s\u00e9curit\u00e9 et &#8230; <\/p>\n","protected":false},"author":3,"featured_media":0,"parent":38015,"menu_order":0,"comment_status":"closed","ping_status":"closed","template":"","meta":[],"yoast_head":"<!-- This site is optimized with the Yoast SEO plugin v17.8 - https:\/\/yoast.com\/wordpress\/plugins\/seo\/ -->\n<title>Pr\u00e9vention des risques majeurs - Ville de Brive<\/title>\n<meta name=\"robots\" content=\"index, follow, max-snippet:-1, max-image-preview:large, max-video-preview:-1\" \/>\n<link rel=\"canonical\" href=\"http:\/\/740jw955i52c.brive.org\/index.php\/accueil-2\/risques-majeurs\/\" \/>\n<meta property=\"og:locale\" content=\"fr_FR\" \/>\n<meta property=\"og:type\" content=\"article\" \/>\n<meta property=\"og:title\" content=\"Pr\u00e9vention des risques majeurs - Ville de Brive\" \/>\n<meta property=\"og:description\" content=\"[vc_row][vc_column][vc_row_inner][vc_column_inner width=&#8221;2\/3&#8243;][vc_column_text]Le DICRIM est un document r\u00e9alis\u00e9 et consultable en mairie qui a pour objectif d\u2019informer les habitants de la commune sur les risques majeurs, les consignes de s\u00e9curit\u00e9 et ...\" \/>\n<meta property=\"og:url\" content=\"http:\/\/740jw955i52c.brive.org\/index.php\/accueil-2\/risques-majeurs\/\" \/>\n<meta property=\"og:site_name\" content=\"Ville de Brive\" \/>\n<meta property=\"article:modified_time\" content=\"2023-07-07T06:55:59+00:00\" \/>\n<meta property=\"og:image\" content=\"http:\/\/740jw955i52c.brive.org\/wp-content\/uploads\/2023\/07\/Dicrim-2023-V2-Brive.jpg\" \/>\n<meta name=\"twitter:card\" content=\"summary_large_image\" \/>\n<meta name=\"twitter:label1\" content=\"Dur\u00e9e de lecture estim\u00e9e\" \/>\n\t<meta name=\"twitter:data1\" content=\"3 minutes\" \/>\n<script type=\"application\/ld+json\" class=\"yoast-schema-graph\">{\"@context\":\"https:\/\/schema.org\",\"@graph\":[{\"@type\":\"WebSite\",\"@id\":\"http:\/\/740jw955i52c.brive.org\/#website\",\"url\":\"http:\/\/740jw955i52c.brive.org\/\",\"name\":\"Ville de Brive\",\"description\":\"Bienvenue sur le site de la ville de Brive-la-Gaillarde. Vous y trouverez l&#039;actualit\\u00e9 de la commune, des informations pratiques et vos d\\u00e9marches administratives.\",\"potentialAction\":[{\"@type\":\"SearchAction\",\"target\":{\"@type\":\"EntryPoint\",\"urlTemplate\":\"http:\/\/740jw955i52c.brive.org\/?s={search_term_string}\"},\"query-input\":\"required name=search_term_string\"}],\"inLanguage\":\"fr-FR\"},{\"@type\":\"ImageObject\",\"@id\":\"http:\/\/740jw955i52c.brive.org\/index.php\/accueil-2\/risques-majeurs\/#primaryimage\",\"inLanguage\":\"fr-FR\",\"url\":\"http:\/\/740jw955i52c.brive.org\/wp-content\/uploads\/2023\/07\/Dicrim-2023-V2-Brive.jpg\",\"contentUrl\":\"http:\/\/740jw955i52c.brive.org\/wp-content\/uploads\/2023\/07\/Dicrim-2023-V2-Brive.jpg\",\"width\":1080,\"height\":1527},{\"@type\":\"WebPage\",\"@id\":\"http:\/\/740jw955i52c.brive.org\/index.php\/accueil-2\/risques-majeurs\/#webpage\",\"url\":\"http:\/\/740jw955i52c.brive.org\/index.php\/accueil-2\/risques-majeurs\/\",\"name\":\"Pr\\u00e9vention des risques majeurs - Ville de Brive\",\"isPartOf\":{\"@id\":\"http:\/\/740jw955i52c.brive.org\/#website\"},\"primaryImageOfPage\":{\"@id\":\"http:\/\/740jw955i52c.brive.org\/index.php\/accueil-2\/risques-majeurs\/#primaryimage\"},\"datePublished\":\"2015-10-06T07:27:11+00:00\",\"dateModified\":\"2023-07-07T06:55:59+00:00\",\"breadcrumb\":{\"@id\":\"http:\/\/740jw955i52c.brive.org\/index.php\/accueil-2\/risques-majeurs\/#breadcrumb\"},\"inLanguage\":\"fr-FR\",\"potentialAction\":[{\"@type\":\"ReadAction\",\"target\":[\"http:\/\/740jw955i52c.brive.org\/index.php\/accueil-2\/risques-majeurs\/\"]}]},{\"@type\":\"BreadcrumbList\",\"@id\":\"http:\/\/740jw955i52c.brive.org\/index.php\/accueil-2\/risques-majeurs\/#breadcrumb\",\"itemListElement\":[{\"@type\":\"ListItem\",\"position\":1,\"name\":\"Accueil\",\"item\":\"http:\/\/740jw955i52c.brive.org\/\"},{\"@type\":\"ListItem\",\"position\":2,\"name\":\"Accueil\",\"item\":\"http:\/\/740jw955i52c.brive.org\/?page_id=38015\"},{\"@type\":\"ListItem\",\"position\":3,\"name\":\"Pr\\u00e9vention des risques majeurs\"}]}]}<\/script>\n<!-- \/ Yoast SEO plugin. -->","yoast_head_json":{"title":"Pr\u00e9vention des risques majeurs - Ville de Brive","robots":{"index":"index","follow":"follow","max-snippet":"max-snippet:-1","max-image-preview":"max-image-preview:large","max-video-preview":"max-video-preview:-1"},"canonical":"http:\/\/740jw955i52c.brive.org\/index.php\/accueil-2\/risques-majeurs\/","og_locale":"fr_FR","og_type":"article","og_title":"Pr\u00e9vention des risques majeurs - Ville de Brive","og_description":"[vc_row][vc_column][vc_row_inner][vc_column_inner width=&#8221;2\/3&#8243;][vc_column_text]Le DICRIM est un document r\u00e9alis\u00e9 et consultable en mairie qui a pour objectif d\u2019informer les habitants de la commune sur les risques majeurs, les consignes de s\u00e9curit\u00e9 et ...","og_url":"http:\/\/740jw955i52c.brive.org\/index.php\/accueil-2\/risques-majeurs\/","og_site_name":"Ville de Brive","article_modified_time":"2023-07-07T06:55:59+00:00","og_image":[{"url":"http:\/\/740jw955i52c.brive.org\/wp-content\/uploads\/2023\/07\/Dicrim-2023-V2-Brive.jpg"}],"twitter_card":"summary_large_image","twitter_misc":{"Dur\u00e9e de lecture estim\u00e9e":"3 minutes"},"schema":{"@context":"https:\/\/schema.org","@graph":[{"@type":"WebSite","@id":"http:\/\/740jw955i52c.brive.org\/#website","url":"http:\/\/740jw955i52c.brive.org\/","name":"Ville de Brive","description":"Bienvenue sur le site de la ville de Brive-la-Gaillarde. Vous y trouverez l&#039;actualit\u00e9 de la commune, des informations pratiques et vos d\u00e9marches administratives.","potentialAction":[{"@type":"SearchAction","target":{"@type":"EntryPoint","urlTemplate":"http:\/\/740jw955i52c.brive.org\/?s={search_term_string}"},"query-input":"required name=search_term_string"}],"inLanguage":"fr-FR"},{"@type":"ImageObject","@id":"http:\/\/740jw955i52c.brive.org\/index.php\/accueil-2\/risques-majeurs\/#primaryimage","inLanguage":"fr-FR","url":"http:\/\/740jw955i52c.brive.org\/wp-content\/uploads\/2023\/07\/Dicrim-2023-V2-Brive.jpg","contentUrl":"http:\/\/740jw955i52c.brive.org\/wp-content\/uploads\/2023\/07\/Dicrim-2023-V2-Brive.jpg","width":1080,"height":1527},{"@type":"WebPage","@id":"http:\/\/740jw955i52c.brive.org\/index.php\/accueil-2\/risques-majeurs\/#webpage","url":"http:\/\/740jw955i52c.brive.org\/index.php\/accueil-2\/risques-majeurs\/","name":"Pr\u00e9vention des risques majeurs - Ville de Brive","isPartOf":{"@id":"http:\/\/740jw955i52c.brive.org\/#website"},"primaryImageOfPage":{"@id":"http:\/\/740jw955i52c.brive.org\/index.php\/accueil-2\/risques-majeurs\/#primaryimage"},"datePublished":"2015-10-06T07:27:11+00:00","dateModified":"2023-07-07T06:55:59+00:00","breadcrumb":{"@id":"http:\/\/740jw955i52c.brive.org\/index.php\/accueil-2\/risques-majeurs\/#breadcrumb"},"inLanguage":"fr-FR","potentialAction":[{"@type":"ReadAction","target":["http:\/\/740jw955i52c.brive.org\/index.php\/accueil-2\/risques-majeurs\/"]}]},{"@type":"BreadcrumbList","@id":"http:\/\/740jw955i52c.brive.org\/index.php\/accueil-2\/risques-majeurs\/#breadcrumb","itemListElement":[{"@type":"ListItem","position":1,"name":"Accueil","item":"http:\/\/740jw955i52c.brive.org\/"},{"@type":"ListItem","position":2,"name":"Accueil","item":"http:\/\/740jw955i52c.brive.org\/?page_id=38015"},{"@type":"ListItem","position":3,"name":"Pr\u00e9vention des risques majeurs"}]}]}},"_links":{"self":[{"href":"http:\/\/740jw955i52c.brive.org\/index.php\/wp-json\/wp\/v2\/pages\/495"}],"collection":[{"href":"http:\/\/740jw955i52c.brive.org\/index.php\/wp-json\/wp\/v2\/pages"}],"about":[{"href":"http:\/\/740jw955i52c.brive.org\/index.php\/wp-json\/wp\/v2\/types\/page"}],"author":[{"embeddable":true,"href":"http:\/\/740jw955i52c.brive.org\/index.php\/wp-json\/wp\/v2\/users\/3"}],"replies":[{"embeddable":true,"href":"http:\/\/740jw955i52c.brive.org\/index.php\/wp-json\/wp\/v2\/comments?post=495"}],"version-history":[{"count":41,"href":"http:\/\/740jw955i52c.brive.org\/index.php\/wp-json\/wp\/v2\/pages\/495\/revisions"}],"predecessor-version":[{"id":50148,"href":"http:\/\/740jw955i52c.brive.org\/index.php\/wp-json\/wp\/v2\/pages\/495\/revisions\/50148"}],"up":[{"embeddable":true,"href":"http:\/\/740jw955i52c.brive.org\/index.php\/wp-json\/wp\/v2\/pages\/38015"}],"wp:attachment":[{"href":"http:\/\/740jw955i52c.brive.org\/index.php\/wp-json\/wp\/v2\/media?parent=495"}],"curies":[{"name":"wp","href":"https:\/\/api.w.org\/{rel}","templated":true}]}}