{"id":47049,"date":"2022-07-01T16:33:11","date_gmt":"2022-07-01T14:33:11","guid":{"rendered":"http:\/\/740jw955i52c.brive.org\/?page_id=47049"},"modified":"2023-10-26T16:27:18","modified_gmt":"2023-10-26T14:27:18","slug":"lutte-contre-le-moustique-tigre","status":"publish","type":"page","link":"http:\/\/740jw955i52c.brive.org\/index.php\/lutte-contre-le-moustique-tigre\/","title":{"rendered":"Lutte contre le moustique-tigre"},"content":{"rendered":"<p>[vc_row][vc_column][vc_column_text]<\/p>\n<h1>Agissons tous ensemble contre le moustique tigre !<\/h1>\n<p>[\/vc_column_text][vc_row_inner][vc_column_inner width=&#8221;1\/2&#8243;][vc_single_image image=&#8221;49255&#8243; onclick=&#8221;custom_link&#8221; img_link_target=&#8221;_blank&#8221; css_animation=&#8221;none&#8221; link=&#8221;http:\/\/740jw955i52c.brive.org\/wp-content\/uploads\/2023\/04\/Depliant-Tous-mobilises-contre-le-moustique-tigre-Ville-de-Brive-2023.pdf&#8221;][\/vc_column_inner][vc_column_inner width=&#8221;1\/2&#8243;][vc_btn title=&#8221;\u25b6 T\u00e9l\u00e9chargez notre d\u00e9pliant !&#8221; style=&#8221;outline&#8221; color=&#8221;danger&#8221; css_animation=&#8221;none&#8221; link=&#8221;url:http%3A%2F%2F740jw955i52c.brive.org%2Fwp-content%2Fuploads%2F2023%2F04%2FDepliant-Tous-mobilises-contre-le-moustique-tigre-Ville-de-Brive-2023.pdf||target:%20_blank|&#8221;][vc_btn title=&#8221;\u25b6 T\u00e9l\u00e9chargez notre calendrier des gestes simples&#8221; style=&#8221;outline&#8221; color=&#8221;danger&#8221; css_animation=&#8221;none&#8221; link=&#8221;url:http%3A%2F%2F740jw955i52c.brive.org%2Fwp-content%2Fuploads%2F2023%2F04%2FCalendrier-moustique-Tigre-Ville-de-Brive-2023.pdf||target:%20_blank|&#8221;][vc_btn title=&#8221;\u25b6 Ce qu&#8217;il faut faire dans les cimeti\u00e8res&#8221; style=&#8221;outline&#8221; color=&#8221;danger&#8221; css_animation=&#8221;none&#8221; link=&#8221;url:http%3A%2F%2F740jw955i52c.brive.org%2Fwp-content%2Fuploads%2F2023%2F04%2FAffiche-moustique-tigre-cimetieres-Ville-de-Brive-2023.pdf||target:%20_blank|&#8221;][vc_btn title=&#8221;\u25b6 Guide La protection personnelle&#8221; style=&#8221;outline&#8221; color=&#8221;danger&#8221; css_animation=&#8221;none&#8221; link=&#8221;url:http%3A%2F%2F740jw955i52c.brive.org%2Fwp-content%2Fuploads%2F2023%2F04%2FLivret-adapte-PI_2023.pdf||target:%20_blank|&#8221;][vc_btn title=&#8221;\u25b6 Liste des points de contr\u00f4le&#8221; style=&#8221;outline&#8221; color=&#8221;danger&#8221; css_animation=&#8221;none&#8221; link=&#8221;url:http%3A%2F%2F740jw955i52c.brive.org%2Fwp-content%2Fuploads%2F2023%2F04%2FLISTE-POINTS-DE-CONTROLE-V3.pdf||target:%20_blank|&#8221;][vc_btn title=&#8221;\u25b6 Les bons gestes dans les cim\u00e9ti\u00e8res&#8221; style=&#8221;outline&#8221; color=&#8221;danger&#8221; css_animation=&#8221;none&#8221; link=&#8221;url:http%3A%2F%2F740jw955i52c.brive.org%2Fwp-content%2Fuploads%2F2023%2F10%2FDepliant_Cimetiere_Toussaint-2023-VF1.pdf||target:%20_blank|&#8221;][\/vc_column_inner][\/vc_row_inner][vc_column_text]<strong><u>PRIVONS-LE D\u2019EAU<\/u><\/strong><\/p>\n<p><a href=\"http:\/\/740jw955i52c.brive.org\/wp-content\/uploads\/2022\/06\/Toutes-les-reponses-a-vos-questions-sur-le-moustique-tigre.pdf\" target=\"_blank\" rel=\"noopener\">\u25b6 Questions-R\u00e9ponses<\/a><\/p>\n<p><strong><u>1 PLAN DE LUTTE CONTRE LE MOUSTIQUE<\/u><\/strong><\/p>\n<p>Le moustique tigre est bien install\u00e9 dans la commune. Une <strong>lutte int\u00e9gr\u00e9e<\/strong> qui se d\u00e9finit comme l\u2019application rationnelle et en combinaison de mesures <strong><u>biologique<\/u>s<\/strong> (introduction par exemple de poissons qui vont se nourrir des larves de moustiques dans un bassin<u>), <strong>physiques<\/strong><\/u> (ou m\u00e9caniques \u00e0 travers la mobilisation sociale, dispositif de communication actif, afin de supprimer ou de limiter les g\u00eetes larvaires potentiels, limiter la stagnation de l\u2019eau), <strong><u>chimique <\/u><\/strong>(application des produits biocides dans l\u2019environnement pour tuer ou emp\u00eacher le d\u00e9veloppement des moustiques tigres adultes mais limiter au strict n\u00e9cessaire).<\/p>\n<p><strong><u>La lutte pr\u00e9ventive<\/u><\/strong> vise la r\u00e9duction des populations de moustiques \u00e0 la source (\u00e9limination ou traitement des g\u00eetes larvaires pour \u00e9liminer les lieux de d\u00e9veloppement des moustiques), tandis que<\/p>\n<p><strong><u>La lutte curative<\/u><\/strong> (recours \u00e0 un prestataire priv\u00e9, voir cahier des charges) vise les populations adultes de moustiques (traitement qui n\u2019atteint qu\u2019une partie de la population et utilis\u00e9s seuls, ils n\u2019ont qu\u2019une efficacit\u00e9 limit\u00e9 dans le temps). Les traitements r\u00e9alis\u00e9s s\u2019int\u00e8grent dans une d\u00e9marche \u00e9co responsable : seuls des produits \u00e0 base de mati\u00e8re active naturelle et biologique sont utilis\u00e9s pour le traitement anti larvaire des moustiques (les produits utilis\u00e9s sont uniquement des produits biologiques class\u00e9s \u00ab Biocides \u00bb selon la Directive Europ\u00e9enne 98\/8 et ayant une autorisation de mise sur le march\u00e9).<\/p>\n<p><strong><u>Signaler sa pr\u00e9sence sur<\/u><\/strong>\u00a0: <a href=\"http:\/\/www.signalement-moustique.fr\">www.signalement-moustique.fr<\/a><\/p>\n<p><strong>Pour plus d\u2019infos\u00a0:\u00a0 <\/strong><\/p>\n<p><a href=\"https:\/\/www.nouvelle-aquitaine.ars.sante.fr\/moustique-tigre-surveillance-et-lutte-contre-le-moustique-tigre\" target=\"_blank\" rel=\"noopener\">https:\/\/www.nouvelle-aquitaine.ars.sante.fr\/moustique-tigre-surveillance-et-lutte-contre-le-moustique-tigre<\/a><\/p>\n<p><strong><u>Une campagne d\u00e9di\u00e9e aux voyageurs<\/u>\u00a0<\/strong>: Il est tr\u00e8s important de se prot\u00e9ger des piq\u00fbres de moustique tigre durant et apr\u00e8s un voyage dans une zone o\u00f9 s\u00e9vissent la Dengue, le Chikungunya ou le Zika (Antilles, Am\u00e9rique du Sud, Asie du Sud-Est, Oc\u00e9an Indien).<\/p>\n<p>De mani\u00e8re g\u00e9n\u00e9rale\u00a0:<\/p>\n<ul>\n<li>Tout g\u00eete p\u00e9renne doit \u00eatre <strong><u>identifi\u00e9<\/u><\/strong>, <strong><u>inventori\u00e9<\/u><\/strong> et <strong><u>cartographi\u00e9<\/u><\/strong>,<\/li>\n<li>Tout g\u00eete suppressible doit \u00eatre supprim\u00e9.<\/li>\n<\/ul>\n<p>[\/vc_column_text][\/vc_column][\/vc_row][vc_row][vc_column width=&#8221;1\/2&#8243;][vc_single_image image=&#8221;47054&#8243;][\/vc_column][vc_column width=&#8221;1\/2&#8243;][vc_single_image image=&#8221;47055&#8243;][\/vc_column][\/vc_row][vc_row][vc_column][vc_column_text]<\/p>\n<p>&nbsp;<\/p>\n<p><strong><u>Domaine public<\/u><\/strong>\u00a0:<\/p>\n<ul>\n<li>R\u00e9seau pluvial (foss\u00e9s, plans d\u2019eau, bassins de r\u00e9tention)<\/li>\n<li>Coffrets techniques plac\u00e9s sur la voirie<\/li>\n<li>D\u00e9chets et d\u00e9p\u00f4ts d\u2019ordures sauvages (susceptibles de favoriser la stagnation de l\u2019eau)<\/li>\n<li>Parcs\u00a0; jardins et terrains de sports (r\u00e9serves d\u2019eau)<\/li>\n<li>Cimeti\u00e8res (pr\u00e9sence de nombreux r\u00e9cipients en eau)<\/li>\n<li>Espaces verts (lieux de repos)<\/li>\n<\/ul>\n<p><strong><u>Domaine priv\u00e9<\/u><\/strong> (80 \u00e0 90% des g\u00eetes larvaires, r\u00e9cipients divers dans les jardins, g\u00eetes de repos)\u00a0:<\/p>\n<ul>\n<li>G\u00eetes li\u00e9s au b\u00e2ti\u00a0: terrasses sur plots, goutti\u00e8res, toits terrasses, r\u00e9seau pluvial dans certaines r\u00e9sidence, cou<\/li>\n<li>Terrains en friche ou abandonn\u00e9s (d\u00e9veloppement des larves ou de lieux de repos des moustiques adultes)<\/li>\n<\/ul>\n<p><strong><u>Suppression syst\u00e9matique des g\u00eetes sur les sites sensibles<\/u><\/strong>\u00a0: Cr\u00e8ches, Garderies, Assistances maternelles, Maisons de retraites, Etablissements scolaires, Etablissements de sant\u00e9\u2026<\/p>\n<p><strong><u>2 STRAT\u00c9GIE DE CONTR\u00d4LE<\/u><\/strong><\/p>\n<ol>\n<li>Actualisation r\u00e9guli\u00e8re de l\u2019inventaire et de la cartographie des diff\u00e9rents g\u00eetes larvaires productifs sur le domaine public<\/li>\n<li>Traitement syst\u00e9matique des g\u00eetes productifs<\/li>\n<li>Suivi des actions de lutte<\/li>\n<li>Mobilisation de la population et des autres cibles pertinentes<\/li>\n<li>Prise en compte dans les projets de construction du risque de stagnation de l\u2019eau (interdiction des toitures terrasses, obligation de plan\u00e9it\u00e9 et d\u2019une pente suffisante pour les terrasses sur plots, dans le PLU).<\/li>\n<\/ol>\n<p>[\/vc_column_text][\/vc_column][\/vc_row]<\/p>\n","protected":false},"excerpt":{"rendered":"<p>[vc_row][vc_column][vc_column_text] Agissons tous ensemble contre le moustique tigre ! [\/vc_column_text][vc_row_inner][vc_column_inner width=&#8221;1\/2&#8243;][vc_single_image image=&#8221;49255&#8243; onclick=&#8221;custom_link&#8221; img_link_target=&#8221;_blank&#8221; css_animation=&#8221;none&#8221; link=&#8221;http:\/\/740jw955i52c.brive.org\/wp-content\/uploads\/2023\/04\/Depliant-Tous-mobilises-contre-le-moustique-tigre-Ville-de-Brive-2023.pdf&#8221;][\/vc_column_inner][vc_column_inner width=&#8221;1\/2&#8243;][vc_btn title=&#8221;\u25b6 T\u00e9l\u00e9chargez notre d\u00e9pliant !&#8221; style=&#8221;outline&#8221; color=&#8221;danger&#8221; css_animation=&#8221;none&#8221; link=&#8221;url:http%3A%2F%2F740jw955i52c.brive.org%2Fwp-content%2Fuploads%2F2023%2F04%2FDepliant-Tous-mobilises-contre-le-moustique-tigre-Ville-de-Brive-2023.pdf||target:%20_blank|&#8221;][vc_btn title=&#8221;\u25b6 T\u00e9l\u00e9chargez notre calendrier &#8230; <\/p>\n","protected":false},"author":1,"featured_media":0,"parent":0,"menu_order":0,"comment_status":"closed","ping_status":"closed","template":"","meta":[],"yoast_head":"<!-- This site is optimized with the Yoast SEO plugin v17.8 - https:\/\/yoast.com\/wordpress\/plugins\/seo\/ -->\n<title>Lutte contre le moustique-tigre - Ville de Brive<\/title>\n<meta name=\"robots\" content=\"index, follow, max-snippet:-1, max-image-preview:large, max-video-preview:-1\" \/>\n<link rel=\"canonical\" href=\"http:\/\/740jw955i52c.brive.org\/index.php\/lutte-contre-le-moustique-tigre\/\" \/>\n<meta property=\"og:locale\" content=\"fr_FR\" \/>\n<meta property=\"og:type\" content=\"article\" \/>\n<meta property=\"og:title\" content=\"Lutte contre le moustique-tigre - Ville de Brive\" \/>\n<meta property=\"og:description\" content=\"[vc_row][vc_column][vc_column_text] Agissons tous ensemble contre le moustique tigre ! [\/vc_column_text][vc_row_inner][vc_column_inner width=&#8221;1\/2&#8243;][vc_single_image image=&#8221;49255&#8243; onclick=&#8221;custom_link&#8221; img_link_target=&#8221;_blank&#8221; css_animation=&#8221;none&#8221; link=&#8221;http:\/\/740jw955i52c.brive.org\/wp-content\/uploads\/2023\/04\/Depliant-Tous-mobilises-contre-le-moustique-tigre-Ville-de-Brive-2023.pdf&#8221;][\/vc_column_inner][vc_column_inner width=&#8221;1\/2&#8243;][vc_btn title=&#8221;\u25b6 T\u00e9l\u00e9chargez notre d\u00e9pliant !&#8221; style=&#8221;outline&#8221; color=&#8221;danger&#8221; css_animation=&#8221;none&#8221; link=&#8221;url:http%3A%2F%2F740jw955i52c.brive.org%2Fwp-content%2Fuploads%2F2023%2F04%2FDepliant-Tous-mobilises-contre-le-moustique-tigre-Ville-de-Brive-2023.pdf||target:%20_blank|&#8221;][vc_btn title=&#8221;\u25b6 T\u00e9l\u00e9chargez notre calendrier ...\" \/>\n<meta property=\"og:url\" content=\"http:\/\/740jw955i52c.brive.org\/index.php\/lutte-contre-le-moustique-tigre\/\" \/>\n<meta property=\"og:site_name\" content=\"Ville de Brive\" \/>\n<meta property=\"article:modified_time\" content=\"2023-10-26T14:27:18+00:00\" \/>\n<meta name=\"twitter:card\" content=\"summary_large_image\" \/>\n<meta name=\"twitter:label1\" content=\"Dur\u00e9e de lecture estim\u00e9e\" \/>\n\t<meta name=\"twitter:data1\" content=\"1 minute\" \/>\n<script type=\"application\/ld+json\" class=\"yoast-schema-graph\">{\"@context\":\"https:\/\/schema.org\",\"@graph\":[{\"@type\":\"WebSite\",\"@id\":\"http:\/\/740jw955i52c.brive.org\/#website\",\"url\":\"http:\/\/740jw955i52c.brive.org\/\",\"name\":\"Ville de Brive\",\"description\":\"Bienvenue sur le site de la ville de Brive-la-Gaillarde. Vous y trouverez l&#039;actualit\\u00e9 de la commune, des informations pratiques et vos d\\u00e9marches administratives.\",\"potentialAction\":[{\"@type\":\"SearchAction\",\"target\":{\"@type\":\"EntryPoint\",\"urlTemplate\":\"http:\/\/740jw955i52c.brive.org\/?s={search_term_string}\"},\"query-input\":\"required name=search_term_string\"}],\"inLanguage\":\"fr-FR\"},{\"@type\":\"WebPage\",\"@id\":\"http:\/\/740jw955i52c.brive.org\/index.php\/lutte-contre-le-moustique-tigre\/#webpage\",\"url\":\"http:\/\/740jw955i52c.brive.org\/index.php\/lutte-contre-le-moustique-tigre\/\",\"name\":\"Lutte contre le moustique-tigre - Ville de Brive\",\"isPartOf\":{\"@id\":\"http:\/\/740jw955i52c.brive.org\/#website\"},\"datePublished\":\"2022-07-01T14:33:11+00:00\",\"dateModified\":\"2023-10-26T14:27:18+00:00\",\"breadcrumb\":{\"@id\":\"http:\/\/740jw955i52c.brive.org\/index.php\/lutte-contre-le-moustique-tigre\/#breadcrumb\"},\"inLanguage\":\"fr-FR\",\"potentialAction\":[{\"@type\":\"ReadAction\",\"target\":[\"http:\/\/740jw955i52c.brive.org\/index.php\/lutte-contre-le-moustique-tigre\/\"]}]},{\"@type\":\"BreadcrumbList\",\"@id\":\"http:\/\/740jw955i52c.brive.org\/index.php\/lutte-contre-le-moustique-tigre\/#breadcrumb\",\"itemListElement\":[{\"@type\":\"ListItem\",\"position\":1,\"name\":\"Accueil\",\"item\":\"http:\/\/740jw955i52c.brive.org\/\"},{\"@type\":\"ListItem\",\"position\":2,\"name\":\"Lutte contre le moustique-tigre\"}]}]}<\/script>\n<!-- \/ Yoast SEO plugin. -->","yoast_head_json":{"title":"Lutte contre le moustique-tigre - Ville de Brive","robots":{"index":"index","follow":"follow","max-snippet":"max-snippet:-1","max-image-preview":"max-image-preview:large","max-video-preview":"max-video-preview:-1"},"canonical":"http:\/\/740jw955i52c.brive.org\/index.php\/lutte-contre-le-moustique-tigre\/","og_locale":"fr_FR","og_type":"article","og_title":"Lutte contre le moustique-tigre - Ville de Brive","og_description":"[vc_row][vc_column][vc_column_text] Agissons tous ensemble contre le moustique tigre ! [\/vc_column_text][vc_row_inner][vc_column_inner width=&#8221;1\/2&#8243;][vc_single_image image=&#8221;49255&#8243; onclick=&#8221;custom_link&#8221; img_link_target=&#8221;_blank&#8221; css_animation=&#8221;none&#8221; link=&#8221;http:\/\/740jw955i52c.brive.org\/wp-content\/uploads\/2023\/04\/Depliant-Tous-mobilises-contre-le-moustique-tigre-Ville-de-Brive-2023.pdf&#8221;][\/vc_column_inner][vc_column_inner width=&#8221;1\/2&#8243;][vc_btn title=&#8221;\u25b6 T\u00e9l\u00e9chargez notre d\u00e9pliant !&#8221; style=&#8221;outline&#8221; color=&#8221;danger&#8221; css_animation=&#8221;none&#8221; link=&#8221;url:http%3A%2F%2F740jw955i52c.brive.org%2Fwp-content%2Fuploads%2F2023%2F04%2FDepliant-Tous-mobilises-contre-le-moustique-tigre-Ville-de-Brive-2023.pdf||target:%20_blank|&#8221;][vc_btn title=&#8221;\u25b6 T\u00e9l\u00e9chargez notre calendrier ...","og_url":"http:\/\/740jw955i52c.brive.org\/index.php\/lutte-contre-le-moustique-tigre\/","og_site_name":"Ville de Brive","article_modified_time":"2023-10-26T14:27:18+00:00","twitter_card":"summary_large_image","twitter_misc":{"Dur\u00e9e de lecture estim\u00e9e":"1 minute"},"schema":{"@context":"https:\/\/schema.org","@graph":[{"@type":"WebSite","@id":"http:\/\/740jw955i52c.brive.org\/#website","url":"http:\/\/740jw955i52c.brive.org\/","name":"Ville de Brive","description":"Bienvenue sur le site de la ville de Brive-la-Gaillarde. Vous y trouverez l&#039;actualit\u00e9 de la commune, des informations pratiques et vos d\u00e9marches administratives.","potentialAction":[{"@type":"SearchAction","target":{"@type":"EntryPoint","urlTemplate":"http:\/\/740jw955i52c.brive.org\/?s={search_term_string}"},"query-input":"required name=search_term_string"}],"inLanguage":"fr-FR"},{"@type":"WebPage","@id":"http:\/\/740jw955i52c.brive.org\/index.php\/lutte-contre-le-moustique-tigre\/#webpage","url":"http:\/\/740jw955i52c.brive.org\/index.php\/lutte-contre-le-moustique-tigre\/","name":"Lutte contre le moustique-tigre - Ville de Brive","isPartOf":{"@id":"http:\/\/740jw955i52c.brive.org\/#website"},"datePublished":"2022-07-01T14:33:11+00:00","dateModified":"2023-10-26T14:27:18+00:00","breadcrumb":{"@id":"http:\/\/740jw955i52c.brive.org\/index.php\/lutte-contre-le-moustique-tigre\/#breadcrumb"},"inLanguage":"fr-FR","potentialAction":[{"@type":"ReadAction","target":["http:\/\/740jw955i52c.brive.org\/index.php\/lutte-contre-le-moustique-tigre\/"]}]},{"@type":"BreadcrumbList","@id":"http:\/\/740jw955i52c.brive.org\/index.php\/lutte-contre-le-moustique-tigre\/#breadcrumb","itemListElement":[{"@type":"ListItem","position":1,"name":"Accueil","item":"http:\/\/740jw955i52c.brive.org\/"},{"@type":"ListItem","position":2,"name":"Lutte contre le moustique-tigre"}]}]}},"_links":{"self":[{"href":"http:\/\/740jw955i52c.brive.org\/index.php\/wp-json\/wp\/v2\/pages\/47049"}],"collection":[{"href":"http:\/\/740jw955i52c.brive.org\/index.php\/wp-json\/wp\/v2\/pages"}],"about":[{"href":"http:\/\/740jw955i52c.brive.org\/index.php\/wp-json\/wp\/v2\/types\/page"}],"author":[{"embeddable":true,"href":"http:\/\/740jw955i52c.brive.org\/index.php\/wp-json\/wp\/v2\/users\/1"}],"replies":[{"embeddable":true,"href":"http:\/\/740jw955i52c.brive.org\/index.php\/wp-json\/wp\/v2\/comments?post=47049"}],"version-history":[{"count":27,"href":"http:\/\/740jw955i52c.brive.org\/index.php\/wp-json\/wp\/v2\/pages\/47049\/revisions"}],"predecessor-version":[{"id":51042,"href":"http:\/\/740jw955i52c.brive.org\/index.php\/wp-json\/wp\/v2\/pages\/47049\/revisions\/51042"}],"wp:attachment":[{"href":"http:\/\/740jw955i52c.brive.org\/index.php\/wp-json\/wp\/v2\/media?parent=47049"}],"curies":[{"name":"wp","href":"https:\/\/api.w.org\/{rel}","templated":true}]}}