{"id":44073,"date":"2021-08-31T09:36:04","date_gmt":"2021-08-31T07:36:04","guid":{"rendered":"http:\/\/740jw955i52c.brive.org\/?page_id=44073"},"modified":"2024-09-07T09:47:07","modified_gmt":"2024-09-07T07:47:07","slug":"sport-dans-ma-ville","status":"publish","type":"page","link":"http:\/\/740jw955i52c.brive.org\/index.php\/sport-dans-ma-ville\/","title":{"rendered":"Sport dans ma ville"},"content":{"rendered":"<p>[vc_row][vc_column width=&#8221;1\/2&#8243;][vc_cta h2=&#8221;ANNULATION &#8221; style=&#8221;outline&#8221; color=&#8221;pink&#8221;]<\/p>\r\n<p>\u2614\ufe0f\ud83c\udf27\ufe0f En raison des mauvaises conditions m\u00e9t\u00e9o, nous sommes contraints d\u2019annuler Sport dans ma ville.<\/p>\r\n<p>[\/vc_cta][vc_single_image image=&#8221;53081&#8243;][\/vc_column][vc_column width=&#8221;1\/2&#8243;][vc_column_text]<\/p>\r\n<h2><!-- \/wp:paragraph --> <strong>Samedi 7 septembre 2024, de 10h \u00e0 18h, 17\u00e8me \u00e9dition<\/strong><\/h2>\r\n<p><!-- wp:paragraph -->Gr\u00e2ce aux nombreux clubs sportifs brivistes qui s\u2019installent dans les rues et sur les places du c\u0153ur de ville pour r\u00e9aliser des d\u00e9monstrations, cette journ\u00e9e est l\u2019occasion, pour petits et grands, de s\u2019informer et de s\u2019inscrire \u00e0 de nouvelles disciplines.<\/p>\r\n<p>\u00ab\u00a0Le Sport dans ma ville\u00a0\u00bb est un \u00e9v\u00e9nement organis\u00e9 par la ville de Brive, avec la participation active des associations sportives et des commer\u00e7ants locaux.<\/p>\r\n<p>Attention, du fait de l\u2019organisation de cette manifestation, des rues seront ferm\u00e9es \u00e0 la circulation et au stationnement de 7h \u00e0 19h. C\u2019est le cas pour\u00a0:<\/p>\r\n<ul>\r\n<li>la rue Carnot,<\/li>\r\n<li>la rue Gambetta,<\/li>\r\n<li>la rue de l\u2019H\u00f4tel de Ville,<\/li>\r\n<li>la place Charles de Gaulle.<\/li>\r\n<\/ul>\r\n<p>&nbsp;<\/p>\r\n<p><em>Renseignements\u00a0: 05 55 18 15 79 <\/em><\/p>\r\n<p>[\/vc_column_text][\/vc_column][\/vc_row]<\/p>","protected":false},"excerpt":{"rendered":"<p>[vc_row][vc_column width=&#8221;1\/2&#8243;][vc_cta h2=&#8221;ANNULATION &#8221; style=&#8221;outline&#8221; color=&#8221;pink&#8221;] \u2614\ufe0f\ud83c\udf27\ufe0f En raison des mauvaises conditions m\u00e9t\u00e9o, nous sommes contraints d\u2019annuler Sport dans ma ville. [\/vc_cta][vc_single_image image=&#8221;53081&#8243;][\/vc_column][vc_column width=&#8221;1\/2&#8243;][vc_column_text] Samedi 7 septembre 2024, de 10h &#8230; <\/p>\n","protected":false},"author":1,"featured_media":44076,"parent":0,"menu_order":0,"comment_status":"closed","ping_status":"closed","template":"","meta":[],"yoast_head":"<!-- This site is optimized with the Yoast SEO plugin v17.8 - https:\/\/yoast.com\/wordpress\/plugins\/seo\/ -->\n<title>Sport dans ma ville - Ville de Brive<\/title>\n<meta name=\"description\" content=\"Samedi 4 septembre 2021, de 10h \u00e0 18h, aura lieu la 14\u00e8me \u00e9dition \u00ab Le Sport dans ma Ville \u00bb. Une fois de plus, les clubs sportifs brivistes s\u2019installeront dans les rues et sur les places du c\u0153ur de ville pour r\u00e9aliser des d\u00e9monstrations et r\u00e9pondre \u00e0 toutes vos interrogations.\" \/>\n<meta name=\"robots\" content=\"index, follow, max-snippet:-1, max-image-preview:large, max-video-preview:-1\" \/>\n<link rel=\"canonical\" href=\"http:\/\/740jw955i52c.brive.org\/index.php\/sport-dans-ma-ville\/\" \/>\n<meta property=\"og:locale\" content=\"fr_FR\" \/>\n<meta property=\"og:type\" content=\"article\" \/>\n<meta property=\"og:title\" content=\"Sport dans ma ville - Ville de Brive\" \/>\n<meta property=\"og:description\" content=\"Samedi 4 septembre 2021, de 10h \u00e0 18h, aura lieu la 14\u00e8me \u00e9dition \u00ab Le Sport dans ma Ville \u00bb. Une fois de plus, les clubs sportifs brivistes s\u2019installeront dans les rues et sur les places du c\u0153ur de ville pour r\u00e9aliser des d\u00e9monstrations et r\u00e9pondre \u00e0 toutes vos interrogations.\" \/>\n<meta property=\"og:url\" content=\"http:\/\/740jw955i52c.brive.org\/index.php\/sport-dans-ma-ville\/\" \/>\n<meta property=\"og:site_name\" content=\"Ville de Brive\" \/>\n<meta property=\"article:modified_time\" content=\"2024-09-07T07:47:07+00:00\" \/>\n<meta property=\"og:image\" content=\"http:\/\/740jw955i52c.brive.org\/wp-content\/uploads\/2021\/08\/Sport-dans-ma-Ville-Ville-de-Brive-Bandeau-web.jpg\" \/>\n\t<meta property=\"og:image:width\" content=\"1420\" \/>\n\t<meta property=\"og:image:height\" content=\"310\" \/>\n<meta name=\"twitter:card\" content=\"summary_large_image\" \/>\n<meta name=\"twitter:label1\" content=\"Dur\u00e9e de lecture estim\u00e9e\" \/>\n\t<meta name=\"twitter:data1\" content=\"1 minute\" \/>\n<script type=\"application\/ld+json\" class=\"yoast-schema-graph\">{\"@context\":\"https:\/\/schema.org\",\"@graph\":[{\"@type\":\"WebSite\",\"@id\":\"http:\/\/740jw955i52c.brive.org\/#website\",\"url\":\"http:\/\/740jw955i52c.brive.org\/\",\"name\":\"Ville de Brive\",\"description\":\"Bienvenue sur le site de la ville de Brive-la-Gaillarde. Vous y trouverez l&#039;actualit\\u00e9 de la commune, des informations pratiques et vos d\\u00e9marches administratives.\",\"potentialAction\":[{\"@type\":\"SearchAction\",\"target\":{\"@type\":\"EntryPoint\",\"urlTemplate\":\"http:\/\/740jw955i52c.brive.org\/?s={search_term_string}\"},\"query-input\":\"required name=search_term_string\"}],\"inLanguage\":\"fr-FR\"},{\"@type\":\"ImageObject\",\"@id\":\"http:\/\/740jw955i52c.brive.org\/index.php\/sport-dans-ma-ville\/#primaryimage\",\"inLanguage\":\"fr-FR\",\"url\":\"http:\/\/740jw955i52c.brive.org\/wp-content\/uploads\/2021\/08\/Sport-dans-ma-Ville-Ville-de-Brive-Bandeau-web.jpg\",\"contentUrl\":\"http:\/\/740jw955i52c.brive.org\/wp-content\/uploads\/2021\/08\/Sport-dans-ma-Ville-Ville-de-Brive-Bandeau-web.jpg\",\"width\":1420,\"height\":310},{\"@type\":\"WebPage\",\"@id\":\"http:\/\/740jw955i52c.brive.org\/index.php\/sport-dans-ma-ville\/#webpage\",\"url\":\"http:\/\/740jw955i52c.brive.org\/index.php\/sport-dans-ma-ville\/\",\"name\":\"Sport dans ma ville - Ville de Brive\",\"isPartOf\":{\"@id\":\"http:\/\/740jw955i52c.brive.org\/#website\"},\"primaryImageOfPage\":{\"@id\":\"http:\/\/740jw955i52c.brive.org\/index.php\/sport-dans-ma-ville\/#primaryimage\"},\"datePublished\":\"2021-08-31T07:36:04+00:00\",\"dateModified\":\"2024-09-07T07:47:07+00:00\",\"description\":\"Samedi 4 septembre 2021, de 10h \\u00e0 18h, aura lieu la 14\\u00e8me \\u00e9dition \\u00ab Le Sport dans ma Ville \\u00bb. Une fois de plus, les clubs sportifs brivistes s\\u2019installeront dans les rues et sur les places du c\\u0153ur de ville pour r\\u00e9aliser des d\\u00e9monstrations et r\\u00e9pondre \\u00e0 toutes vos interrogations.\",\"breadcrumb\":{\"@id\":\"http:\/\/740jw955i52c.brive.org\/index.php\/sport-dans-ma-ville\/#breadcrumb\"},\"inLanguage\":\"fr-FR\",\"potentialAction\":[{\"@type\":\"ReadAction\",\"target\":[\"http:\/\/740jw955i52c.brive.org\/index.php\/sport-dans-ma-ville\/\"]}]},{\"@type\":\"BreadcrumbList\",\"@id\":\"http:\/\/740jw955i52c.brive.org\/index.php\/sport-dans-ma-ville\/#breadcrumb\",\"itemListElement\":[{\"@type\":\"ListItem\",\"position\":1,\"name\":\"Accueil\",\"item\":\"http:\/\/740jw955i52c.brive.org\/\"},{\"@type\":\"ListItem\",\"position\":2,\"name\":\"Sport dans ma ville\"}]}]}<\/script>\n<!-- \/ Yoast SEO plugin. -->","yoast_head_json":{"title":"Sport dans ma ville - Ville de Brive","description":"Samedi 4 septembre 2021, de 10h \u00e0 18h, aura lieu la 14\u00e8me \u00e9dition \u00ab Le Sport dans ma Ville \u00bb. Une fois de plus, les clubs sportifs brivistes s\u2019installeront dans les rues et sur les places du c\u0153ur de ville pour r\u00e9aliser des d\u00e9monstrations et r\u00e9pondre \u00e0 toutes vos interrogations.","robots":{"index":"index","follow":"follow","max-snippet":"max-snippet:-1","max-image-preview":"max-image-preview:large","max-video-preview":"max-video-preview:-1"},"canonical":"http:\/\/740jw955i52c.brive.org\/index.php\/sport-dans-ma-ville\/","og_locale":"fr_FR","og_type":"article","og_title":"Sport dans ma ville - Ville de Brive","og_description":"Samedi 4 septembre 2021, de 10h \u00e0 18h, aura lieu la 14\u00e8me \u00e9dition \u00ab Le Sport dans ma Ville \u00bb. Une fois de plus, les clubs sportifs brivistes s\u2019installeront dans les rues et sur les places du c\u0153ur de ville pour r\u00e9aliser des d\u00e9monstrations et r\u00e9pondre \u00e0 toutes vos interrogations.","og_url":"http:\/\/740jw955i52c.brive.org\/index.php\/sport-dans-ma-ville\/","og_site_name":"Ville de Brive","article_modified_time":"2024-09-07T07:47:07+00:00","og_image":[{"width":1420,"height":310,"url":"http:\/\/740jw955i52c.brive.org\/wp-content\/uploads\/2021\/08\/Sport-dans-ma-Ville-Ville-de-Brive-Bandeau-web.jpg","type":"image\/jpeg"}],"twitter_card":"summary_large_image","twitter_misc":{"Dur\u00e9e de lecture estim\u00e9e":"1 minute"},"schema":{"@context":"https:\/\/schema.org","@graph":[{"@type":"WebSite","@id":"http:\/\/740jw955i52c.brive.org\/#website","url":"http:\/\/740jw955i52c.brive.org\/","name":"Ville de Brive","description":"Bienvenue sur le site de la ville de Brive-la-Gaillarde. Vous y trouverez l&#039;actualit\u00e9 de la commune, des informations pratiques et vos d\u00e9marches administratives.","potentialAction":[{"@type":"SearchAction","target":{"@type":"EntryPoint","urlTemplate":"http:\/\/740jw955i52c.brive.org\/?s={search_term_string}"},"query-input":"required name=search_term_string"}],"inLanguage":"fr-FR"},{"@type":"ImageObject","@id":"http:\/\/740jw955i52c.brive.org\/index.php\/sport-dans-ma-ville\/#primaryimage","inLanguage":"fr-FR","url":"http:\/\/740jw955i52c.brive.org\/wp-content\/uploads\/2021\/08\/Sport-dans-ma-Ville-Ville-de-Brive-Bandeau-web.jpg","contentUrl":"http:\/\/740jw955i52c.brive.org\/wp-content\/uploads\/2021\/08\/Sport-dans-ma-Ville-Ville-de-Brive-Bandeau-web.jpg","width":1420,"height":310},{"@type":"WebPage","@id":"http:\/\/740jw955i52c.brive.org\/index.php\/sport-dans-ma-ville\/#webpage","url":"http:\/\/740jw955i52c.brive.org\/index.php\/sport-dans-ma-ville\/","name":"Sport dans ma ville - Ville de Brive","isPartOf":{"@id":"http:\/\/740jw955i52c.brive.org\/#website"},"primaryImageOfPage":{"@id":"http:\/\/740jw955i52c.brive.org\/index.php\/sport-dans-ma-ville\/#primaryimage"},"datePublished":"2021-08-31T07:36:04+00:00","dateModified":"2024-09-07T07:47:07+00:00","description":"Samedi 4 septembre 2021, de 10h \u00e0 18h, aura lieu la 14\u00e8me \u00e9dition \u00ab Le Sport dans ma Ville \u00bb. Une fois de plus, les clubs sportifs brivistes s\u2019installeront dans les rues et sur les places du c\u0153ur de ville pour r\u00e9aliser des d\u00e9monstrations et r\u00e9pondre \u00e0 toutes vos interrogations.","breadcrumb":{"@id":"http:\/\/740jw955i52c.brive.org\/index.php\/sport-dans-ma-ville\/#breadcrumb"},"inLanguage":"fr-FR","potentialAction":[{"@type":"ReadAction","target":["http:\/\/740jw955i52c.brive.org\/index.php\/sport-dans-ma-ville\/"]}]},{"@type":"BreadcrumbList","@id":"http:\/\/740jw955i52c.brive.org\/index.php\/sport-dans-ma-ville\/#breadcrumb","itemListElement":[{"@type":"ListItem","position":1,"name":"Accueil","item":"http:\/\/740jw955i52c.brive.org\/"},{"@type":"ListItem","position":2,"name":"Sport dans ma ville"}]}]}},"_links":{"self":[{"href":"http:\/\/740jw955i52c.brive.org\/index.php\/wp-json\/wp\/v2\/pages\/44073"}],"collection":[{"href":"http:\/\/740jw955i52c.brive.org\/index.php\/wp-json\/wp\/v2\/pages"}],"about":[{"href":"http:\/\/740jw955i52c.brive.org\/index.php\/wp-json\/wp\/v2\/types\/page"}],"author":[{"embeddable":true,"href":"http:\/\/740jw955i52c.brive.org\/index.php\/wp-json\/wp\/v2\/users\/1"}],"replies":[{"embeddable":true,"href":"http:\/\/740jw955i52c.brive.org\/index.php\/wp-json\/wp\/v2\/comments?post=44073"}],"version-history":[{"count":23,"href":"http:\/\/740jw955i52c.brive.org\/index.php\/wp-json\/wp\/v2\/pages\/44073\/revisions"}],"predecessor-version":[{"id":44078,"href":"http:\/\/740jw955i52c.brive.org\/index.php\/wp-json\/wp\/v2\/pages\/44073\/revisions\/44078"}],"wp:featuredmedia":[{"embeddable":true,"href":"http:\/\/740jw955i52c.brive.org\/index.php\/wp-json\/wp\/v2\/media\/44076"}],"wp:attachment":[{"href":"http:\/\/740jw955i52c.brive.org\/index.php\/wp-json\/wp\/v2\/media?parent=44073"}],"curies":[{"name":"wp","href":"https:\/\/api.w.org\/{rel}","templated":true}]}}