{"id":42109,"date":"2020-11-25T11:19:19","date_gmt":"2020-11-25T10:19:19","guid":{"rendered":"http:\/\/740jw955i52c.brive.org\/?page_id=42109"},"modified":"2025-01-02T14:45:19","modified_gmt":"2025-01-02T13:45:19","slug":"brive-un-futur-en-commun","status":"publish","type":"page","link":"http:\/\/740jw955i52c.brive.org\/index.php\/brive-un-futur-en-commun\/","title":{"rendered":"Brive un futur en commun"},"content":{"rendered":"<p>[vc_row][vc_column][vc_column_text]<\/p>\n<h2>Janvier 2025<\/h2>\n<h1><strong>2025 ESPOIR ET CONFIANCE<\/strong><\/h1>\n<p>Nous traversons une crise mondiale sans pr\u00e9c\u00e9dent :<\/p>\n<ul>\n<li>Le Moyen Orient est en proie \u00e0 des conflits qui fragilise la paix et ouvre une nouvelle p\u00e9riode d\u2019incertitude.<\/li>\n<li>La guerre men\u00e9e par la Russie en Ukraine s\u2019enlise sacrifiant les populations civiles.<\/li>\n<li>L\u2019Europe se fracture et met en p\u00e9ril notre mod\u00e8le agricole et nos agriculteurs.<\/li>\n<li>La France traverse une crise d\u00e9mocratique et institutionnelle in\u00e9dite depuis 60 ans.<\/li>\n<\/ul>\n<p>Il ne serait pas acceptable que les collectivit\u00e9s locales soient p\u00e9nalis\u00e9s par une diminution drastique de leur budget qui priverait nos concitoyens d\u2019investissements n\u00e9cessaires et mettrait \u00e0 mal nos services publics d\u00e9j\u00e0 impact\u00e9s.<\/p>\n<p>Dans ce contexte, plus que jamais, nous devons collectivement nous rassembler pour affronter avec espoir et confiance l\u2019avenir et d\u00e9montrer notre capacit\u00e9 \u00e0 r\u00e9sister aux menaces auxquelles nous sommes confront\u00e9s en d\u00e9fendant inlassablement les valeurs de notre R\u00e9publique et en prot\u00e9geant sans concession notre d\u00e9mocratie.<\/p>\n<p>A toutes et \u00e0 tous nous vous souhaitons une ann\u00e9e 2025 d\u2019espoir fraternelle et bien-veillante.<\/p>\n<p>&#8212;<\/p>\n<p><strong>Shamira Kasri,<\/strong> <strong>Emilio campos<\/strong><br \/>\n<a href=\"mailto:brivefuturcommun@gmail.com\">brivefuturcommun@gmail.com<\/a>[\/vc_column_text][vc_btn title=&#8221;\u25c0 Retour Conseil Municipal&#8221; style=&#8221;outline&#8221; shape=&#8221;rounded&#8221; color=&#8221;primary&#8221; css_animation=&#8221;bounceIn&#8221; link=&#8221;url:http%3A%2F%2F740jw955i52c.brive.org%2Findex.php%2Fmairie%2Fconseil-municipal%2F|||&#8221;][\/vc_column][\/vc_row]<\/p>\n","protected":false},"excerpt":{"rendered":"<p>[vc_row][vc_column][vc_column_text] Janvier 2025 2025 ESPOIR ET CONFIANCE Nous traversons une crise mondiale sans pr\u00e9c\u00e9dent : Le Moyen Orient est en proie \u00e0 des conflits qui fragilise la paix et ouvre &#8230; <\/p>\n","protected":false},"author":1,"featured_media":0,"parent":0,"menu_order":0,"comment_status":"closed","ping_status":"closed","template":"","meta":[],"yoast_head":"<!-- This site is optimized with the Yoast SEO plugin v17.8 - https:\/\/yoast.com\/wordpress\/plugins\/seo\/ -->\n<title>Brive un futur en commun - Ville de Brive<\/title>\n<meta name=\"robots\" content=\"index, follow, max-snippet:-1, max-image-preview:large, max-video-preview:-1\" \/>\n<link rel=\"canonical\" href=\"http:\/\/740jw955i52c.brive.org\/index.php\/brive-un-futur-en-commun\/\" \/>\n<meta property=\"og:locale\" content=\"fr_FR\" \/>\n<meta property=\"og:type\" content=\"article\" \/>\n<meta property=\"og:title\" content=\"Brive un futur en commun - Ville de Brive\" \/>\n<meta property=\"og:description\" content=\"[vc_row][vc_column][vc_column_text] Janvier 2025 2025 ESPOIR ET CONFIANCE Nous traversons une crise mondiale sans pr\u00e9c\u00e9dent : Le Moyen Orient est en proie \u00e0 des conflits qui fragilise la paix et ouvre ...\" \/>\n<meta property=\"og:url\" content=\"http:\/\/740jw955i52c.brive.org\/index.php\/brive-un-futur-en-commun\/\" \/>\n<meta property=\"og:site_name\" content=\"Ville de Brive\" \/>\n<meta property=\"article:modified_time\" content=\"2025-01-02T13:45:19+00:00\" \/>\n<meta name=\"twitter:card\" content=\"summary_large_image\" \/>\n<meta name=\"twitter:label1\" content=\"Dur\u00e9e de lecture estim\u00e9e\" \/>\n\t<meta name=\"twitter:data1\" content=\"1 minute\" \/>\n<script type=\"application\/ld+json\" class=\"yoast-schema-graph\">{\"@context\":\"https:\/\/schema.org\",\"@graph\":[{\"@type\":\"WebSite\",\"@id\":\"http:\/\/740jw955i52c.brive.org\/#website\",\"url\":\"http:\/\/740jw955i52c.brive.org\/\",\"name\":\"Ville de Brive\",\"description\":\"Bienvenue sur le site de la ville de Brive-la-Gaillarde. Vous y trouverez l&#039;actualit\\u00e9 de la commune, des informations pratiques et vos d\\u00e9marches administratives.\",\"potentialAction\":[{\"@type\":\"SearchAction\",\"target\":{\"@type\":\"EntryPoint\",\"urlTemplate\":\"http:\/\/740jw955i52c.brive.org\/?s={search_term_string}\"},\"query-input\":\"required name=search_term_string\"}],\"inLanguage\":\"fr-FR\"},{\"@type\":\"WebPage\",\"@id\":\"http:\/\/740jw955i52c.brive.org\/index.php\/brive-un-futur-en-commun\/#webpage\",\"url\":\"http:\/\/740jw955i52c.brive.org\/index.php\/brive-un-futur-en-commun\/\",\"name\":\"Brive un futur en commun - Ville de Brive\",\"isPartOf\":{\"@id\":\"http:\/\/740jw955i52c.brive.org\/#website\"},\"datePublished\":\"2020-11-25T10:19:19+00:00\",\"dateModified\":\"2025-01-02T13:45:19+00:00\",\"breadcrumb\":{\"@id\":\"http:\/\/740jw955i52c.brive.org\/index.php\/brive-un-futur-en-commun\/#breadcrumb\"},\"inLanguage\":\"fr-FR\",\"potentialAction\":[{\"@type\":\"ReadAction\",\"target\":[\"http:\/\/740jw955i52c.brive.org\/index.php\/brive-un-futur-en-commun\/\"]}]},{\"@type\":\"BreadcrumbList\",\"@id\":\"http:\/\/740jw955i52c.brive.org\/index.php\/brive-un-futur-en-commun\/#breadcrumb\",\"itemListElement\":[{\"@type\":\"ListItem\",\"position\":1,\"name\":\"Accueil\",\"item\":\"http:\/\/740jw955i52c.brive.org\/\"},{\"@type\":\"ListItem\",\"position\":2,\"name\":\"Brive un futur en commun\"}]}]}<\/script>\n<!-- \/ Yoast SEO plugin. -->","yoast_head_json":{"title":"Brive un futur en commun - Ville de Brive","robots":{"index":"index","follow":"follow","max-snippet":"max-snippet:-1","max-image-preview":"max-image-preview:large","max-video-preview":"max-video-preview:-1"},"canonical":"http:\/\/740jw955i52c.brive.org\/index.php\/brive-un-futur-en-commun\/","og_locale":"fr_FR","og_type":"article","og_title":"Brive un futur en commun - Ville de Brive","og_description":"[vc_row][vc_column][vc_column_text] Janvier 2025 2025 ESPOIR ET CONFIANCE Nous traversons une crise mondiale sans pr\u00e9c\u00e9dent : Le Moyen Orient est en proie \u00e0 des conflits qui fragilise la paix et ouvre ...","og_url":"http:\/\/740jw955i52c.brive.org\/index.php\/brive-un-futur-en-commun\/","og_site_name":"Ville de Brive","article_modified_time":"2025-01-02T13:45:19+00:00","twitter_card":"summary_large_image","twitter_misc":{"Dur\u00e9e de lecture estim\u00e9e":"1 minute"},"schema":{"@context":"https:\/\/schema.org","@graph":[{"@type":"WebSite","@id":"http:\/\/740jw955i52c.brive.org\/#website","url":"http:\/\/740jw955i52c.brive.org\/","name":"Ville de Brive","description":"Bienvenue sur le site de la ville de Brive-la-Gaillarde. Vous y trouverez l&#039;actualit\u00e9 de la commune, des informations pratiques et vos d\u00e9marches administratives.","potentialAction":[{"@type":"SearchAction","target":{"@type":"EntryPoint","urlTemplate":"http:\/\/740jw955i52c.brive.org\/?s={search_term_string}"},"query-input":"required name=search_term_string"}],"inLanguage":"fr-FR"},{"@type":"WebPage","@id":"http:\/\/740jw955i52c.brive.org\/index.php\/brive-un-futur-en-commun\/#webpage","url":"http:\/\/740jw955i52c.brive.org\/index.php\/brive-un-futur-en-commun\/","name":"Brive un futur en commun - Ville de Brive","isPartOf":{"@id":"http:\/\/740jw955i52c.brive.org\/#website"},"datePublished":"2020-11-25T10:19:19+00:00","dateModified":"2025-01-02T13:45:19+00:00","breadcrumb":{"@id":"http:\/\/740jw955i52c.brive.org\/index.php\/brive-un-futur-en-commun\/#breadcrumb"},"inLanguage":"fr-FR","potentialAction":[{"@type":"ReadAction","target":["http:\/\/740jw955i52c.brive.org\/index.php\/brive-un-futur-en-commun\/"]}]},{"@type":"BreadcrumbList","@id":"http:\/\/740jw955i52c.brive.org\/index.php\/brive-un-futur-en-commun\/#breadcrumb","itemListElement":[{"@type":"ListItem","position":1,"name":"Accueil","item":"http:\/\/740jw955i52c.brive.org\/"},{"@type":"ListItem","position":2,"name":"Brive un futur en commun"}]}]}},"_links":{"self":[{"href":"http:\/\/740jw955i52c.brive.org\/index.php\/wp-json\/wp\/v2\/pages\/42109"}],"collection":[{"href":"http:\/\/740jw955i52c.brive.org\/index.php\/wp-json\/wp\/v2\/pages"}],"about":[{"href":"http:\/\/740jw955i52c.brive.org\/index.php\/wp-json\/wp\/v2\/types\/page"}],"author":[{"embeddable":true,"href":"http:\/\/740jw955i52c.brive.org\/index.php\/wp-json\/wp\/v2\/users\/1"}],"replies":[{"embeddable":true,"href":"http:\/\/740jw955i52c.brive.org\/index.php\/wp-json\/wp\/v2\/comments?post=42109"}],"version-history":[{"count":62,"href":"http:\/\/740jw955i52c.brive.org\/index.php\/wp-json\/wp\/v2\/pages\/42109\/revisions"}],"predecessor-version":[{"id":54186,"href":"http:\/\/740jw955i52c.brive.org\/index.php\/wp-json\/wp\/v2\/pages\/42109\/revisions\/54186"}],"wp:attachment":[{"href":"http:\/\/740jw955i52c.brive.org\/index.php\/wp-json\/wp\/v2\/media?parent=42109"}],"curies":[{"name":"wp","href":"https:\/\/api.w.org\/{rel}","templated":true}]}}