{"id":418,"date":"2015-10-06T08:41:01","date_gmt":"2015-10-06T06:41:01","guid":{"rendered":"http:\/\/740jw955i52c.brive.org?page_id=418"},"modified":"2021-10-04T10:01:15","modified_gmt":"2021-10-04T08:01:15","slug":"maison-de-lenfance","status":"publish","type":"page","link":"http:\/\/740jw955i52c.brive.org\/index.php\/maison-de-lenfance\/","title":{"rendered":"Petite enfance"},"content":{"rendered":"<p>[vc_row css=&#8221;.vc_custom_1490103872683{background-color: #f7f7f7 !important;}&#8221;][vc_column][vc_column_text]<\/p>\n<p style=\"text-align: justify\"><strong>Depuis le 1er janvier 2014, la Communaut\u00e9 d\u2019Agglom\u00e9ration du Bassin de Brive est en charge de l\u2019accueil de la petite enfance<\/strong>. Elle accueille les parents, \u00e9tudie leurs besoins et les oriente vers le mode d\u2019accueil le mieux adapt\u00e9. L&#8217;offre d&#8217;accueil est diversifi\u00e9e, r\u00e9partie sur l\u2019ensemble de l\u2019Agglo.<\/p>\n<ul>\n<li style=\"text-align: justify\"><a href=\"http:\/\/www.agglodebrive.fr\/les-competences\/petite-enfance\/multi-accueil-collectif\/\" target=\"_blank\" rel=\"noopener noreferrer\">15 multi-accueils collectifs<\/a><\/li>\n<li style=\"text-align: justify\"><a href=\"http:\/\/www.agglodebrive.fr\/les-competences\/petite-enfance\/multi-accueil-familial\/\" target=\"_blank\" rel=\"noopener noreferrer\">2 multi-accueils familiaux<\/a><\/li>\n<li style=\"text-align: justify\"><a href=\"http:\/\/www.agglodebrive.fr\/les-competences\/petite-enfance\/relais-accueil-petite-enfance\/\" target=\"_blank\" rel=\"noopener noreferrer\">4 relais accueil petite enfance<\/a><\/li>\n<\/ul>\n<p><a href=\"http:\/\/www.agglodebrive.fr\/les-competences\/petite-enfance\/lagglo-et-la-petite-enfance\/\">Proc\u00e9dure \u00e0 suivre<\/a> pour faire une demande de place en structure Petite Enfance.[\/vc_column_text][vc_btn title=&#8221;L\u2019Agglo et la petite enfance&#8230; En savoir plus&#8230;&#8221; style=&#8221;custom&#8221; custom_background=&#8221;#5aa1e3&#8243; custom_text=&#8221;#ffffff&#8221; align=&#8221;center&#8221; button_block=&#8221;true&#8221; link=&#8221;url:http%3A%2F%2Fwww.agglodebrive.fr%2Fles-competences%2Fpetite-enfance%2Flagglo-et-la-petite-enfance%2F||target:%20_blank|&#8221;][\/vc_column][\/vc_row][vc_row][vc_column][\/vc_column][\/vc_row]<\/p>\n","protected":false},"excerpt":{"rendered":"<p>[vc_row css=&#8221;.vc_custom_1490103872683{background-color: #f7f7f7 !important;}&#8221;][vc_column][vc_column_text] Depuis le 1er janvier 2014, la Communaut\u00e9 d\u2019Agglom\u00e9ration du Bassin de Brive est en charge de l\u2019accueil de la petite enfance. Elle accueille les parents, \u00e9tudie &#8230; <\/p>\n","protected":false},"author":3,"featured_media":0,"parent":0,"menu_order":0,"comment_status":"closed","ping_status":"closed","template":"","meta":[],"yoast_head":"<!-- This site is optimized with the Yoast SEO plugin v17.8 - https:\/\/yoast.com\/wordpress\/plugins\/seo\/ -->\n<title>Petite enfance - Ville de Brive<\/title>\n<meta name=\"robots\" content=\"index, follow, max-snippet:-1, max-image-preview:large, max-video-preview:-1\" \/>\n<link rel=\"canonical\" href=\"http:\/\/740jw955i52c.brive.org\/index.php\/maison-de-lenfance\/\" \/>\n<meta property=\"og:locale\" content=\"fr_FR\" \/>\n<meta property=\"og:type\" content=\"article\" \/>\n<meta property=\"og:title\" content=\"Petite enfance - Ville de Brive\" \/>\n<meta property=\"og:description\" content=\"[vc_row css=&#8221;.vc_custom_1490103872683{background-color: #f7f7f7 !important;}&#8221;][vc_column][vc_column_text] Depuis le 1er janvier 2014, la Communaut\u00e9 d\u2019Agglom\u00e9ration du Bassin de Brive est en charge de l\u2019accueil de la petite enfance. Elle accueille les parents, \u00e9tudie ...\" \/>\n<meta property=\"og:url\" content=\"http:\/\/740jw955i52c.brive.org\/index.php\/maison-de-lenfance\/\" \/>\n<meta property=\"og:site_name\" content=\"Ville de Brive\" \/>\n<meta property=\"article:modified_time\" content=\"2021-10-04T08:01:15+00:00\" \/>\n<meta name=\"twitter:card\" content=\"summary_large_image\" \/>\n<meta name=\"twitter:label1\" content=\"Dur\u00e9e de lecture estim\u00e9e\" \/>\n\t<meta name=\"twitter:data1\" content=\"1 minute\" \/>\n<script type=\"application\/ld+json\" class=\"yoast-schema-graph\">{\"@context\":\"https:\/\/schema.org\",\"@graph\":[{\"@type\":\"WebSite\",\"@id\":\"http:\/\/740jw955i52c.brive.org\/#website\",\"url\":\"http:\/\/740jw955i52c.brive.org\/\",\"name\":\"Ville de Brive\",\"description\":\"Bienvenue sur le site de la ville de Brive-la-Gaillarde. Vous y trouverez l&#039;actualit\\u00e9 de la commune, des informations pratiques et vos d\\u00e9marches administratives.\",\"potentialAction\":[{\"@type\":\"SearchAction\",\"target\":{\"@type\":\"EntryPoint\",\"urlTemplate\":\"http:\/\/740jw955i52c.brive.org\/?s={search_term_string}\"},\"query-input\":\"required name=search_term_string\"}],\"inLanguage\":\"fr-FR\"},{\"@type\":\"WebPage\",\"@id\":\"http:\/\/740jw955i52c.brive.org\/index.php\/maison-de-lenfance\/#webpage\",\"url\":\"http:\/\/740jw955i52c.brive.org\/index.php\/maison-de-lenfance\/\",\"name\":\"Petite enfance - Ville de Brive\",\"isPartOf\":{\"@id\":\"http:\/\/740jw955i52c.brive.org\/#website\"},\"datePublished\":\"2015-10-06T06:41:01+00:00\",\"dateModified\":\"2021-10-04T08:01:15+00:00\",\"breadcrumb\":{\"@id\":\"http:\/\/740jw955i52c.brive.org\/index.php\/maison-de-lenfance\/#breadcrumb\"},\"inLanguage\":\"fr-FR\",\"potentialAction\":[{\"@type\":\"ReadAction\",\"target\":[\"http:\/\/740jw955i52c.brive.org\/index.php\/maison-de-lenfance\/\"]}]},{\"@type\":\"BreadcrumbList\",\"@id\":\"http:\/\/740jw955i52c.brive.org\/index.php\/maison-de-lenfance\/#breadcrumb\",\"itemListElement\":[{\"@type\":\"ListItem\",\"position\":1,\"name\":\"Accueil\",\"item\":\"http:\/\/740jw955i52c.brive.org\/\"},{\"@type\":\"ListItem\",\"position\":2,\"name\":\"Petite enfance\"}]}]}<\/script>\n<!-- \/ Yoast SEO plugin. -->","yoast_head_json":{"title":"Petite enfance - Ville de Brive","robots":{"index":"index","follow":"follow","max-snippet":"max-snippet:-1","max-image-preview":"max-image-preview:large","max-video-preview":"max-video-preview:-1"},"canonical":"http:\/\/740jw955i52c.brive.org\/index.php\/maison-de-lenfance\/","og_locale":"fr_FR","og_type":"article","og_title":"Petite enfance - Ville de Brive","og_description":"[vc_row css=&#8221;.vc_custom_1490103872683{background-color: #f7f7f7 !important;}&#8221;][vc_column][vc_column_text] Depuis le 1er janvier 2014, la Communaut\u00e9 d\u2019Agglom\u00e9ration du Bassin de Brive est en charge de l\u2019accueil de la petite enfance. Elle accueille les parents, \u00e9tudie ...","og_url":"http:\/\/740jw955i52c.brive.org\/index.php\/maison-de-lenfance\/","og_site_name":"Ville de Brive","article_modified_time":"2021-10-04T08:01:15+00:00","twitter_card":"summary_large_image","twitter_misc":{"Dur\u00e9e de lecture estim\u00e9e":"1 minute"},"schema":{"@context":"https:\/\/schema.org","@graph":[{"@type":"WebSite","@id":"http:\/\/740jw955i52c.brive.org\/#website","url":"http:\/\/740jw955i52c.brive.org\/","name":"Ville de Brive","description":"Bienvenue sur le site de la ville de Brive-la-Gaillarde. Vous y trouverez l&#039;actualit\u00e9 de la commune, des informations pratiques et vos d\u00e9marches administratives.","potentialAction":[{"@type":"SearchAction","target":{"@type":"EntryPoint","urlTemplate":"http:\/\/740jw955i52c.brive.org\/?s={search_term_string}"},"query-input":"required name=search_term_string"}],"inLanguage":"fr-FR"},{"@type":"WebPage","@id":"http:\/\/740jw955i52c.brive.org\/index.php\/maison-de-lenfance\/#webpage","url":"http:\/\/740jw955i52c.brive.org\/index.php\/maison-de-lenfance\/","name":"Petite enfance - Ville de Brive","isPartOf":{"@id":"http:\/\/740jw955i52c.brive.org\/#website"},"datePublished":"2015-10-06T06:41:01+00:00","dateModified":"2021-10-04T08:01:15+00:00","breadcrumb":{"@id":"http:\/\/740jw955i52c.brive.org\/index.php\/maison-de-lenfance\/#breadcrumb"},"inLanguage":"fr-FR","potentialAction":[{"@type":"ReadAction","target":["http:\/\/740jw955i52c.brive.org\/index.php\/maison-de-lenfance\/"]}]},{"@type":"BreadcrumbList","@id":"http:\/\/740jw955i52c.brive.org\/index.php\/maison-de-lenfance\/#breadcrumb","itemListElement":[{"@type":"ListItem","position":1,"name":"Accueil","item":"http:\/\/740jw955i52c.brive.org\/"},{"@type":"ListItem","position":2,"name":"Petite enfance"}]}]}},"_links":{"self":[{"href":"http:\/\/740jw955i52c.brive.org\/index.php\/wp-json\/wp\/v2\/pages\/418"}],"collection":[{"href":"http:\/\/740jw955i52c.brive.org\/index.php\/wp-json\/wp\/v2\/pages"}],"about":[{"href":"http:\/\/740jw955i52c.brive.org\/index.php\/wp-json\/wp\/v2\/types\/page"}],"author":[{"embeddable":true,"href":"http:\/\/740jw955i52c.brive.org\/index.php\/wp-json\/wp\/v2\/users\/3"}],"replies":[{"embeddable":true,"href":"http:\/\/740jw955i52c.brive.org\/index.php\/wp-json\/wp\/v2\/comments?post=418"}],"version-history":[{"count":33,"href":"http:\/\/740jw955i52c.brive.org\/index.php\/wp-json\/wp\/v2\/pages\/418\/revisions"}],"predecessor-version":[{"id":44560,"href":"http:\/\/740jw955i52c.brive.org\/index.php\/wp-json\/wp\/v2\/pages\/418\/revisions\/44560"}],"wp:attachment":[{"href":"http:\/\/740jw955i52c.brive.org\/index.php\/wp-json\/wp\/v2\/media?parent=418"}],"curies":[{"name":"wp","href":"https:\/\/api.w.org\/{rel}","templated":true}]}}