{"id":414,"date":"2015-10-06T08:37:53","date_gmt":"2015-10-06T06:37:53","guid":{"rendered":"http:\/\/740jw955i52c.brive.org?page_id=414"},"modified":"2024-12-12T16:13:06","modified_gmt":"2024-12-12T15:13:06","slug":"alsh","status":"publish","type":"page","link":"http:\/\/740jw955i52c.brive.org\/index.php\/alsh\/","title":{"rendered":"Accueils de loisirs sans h\u00e9bergement (ALSH)"},"content":{"rendered":"<p>[vc_row][vc_column width=&#8221;2\/3&#8243;][vc_column_text]Les Accueils de Loisirs sans h\u00e9bergement accueillent les enfants durant les vacances scolaires et les mercredis, leurs proposent des activit\u00e9s diverses et vari\u00e9es.<\/p>\n<ul>\n<li>3 \u00e0 6 ans \u00e0 Jean de la Fontaine<\/li>\n<li>3 \u00e0 6 ans \u00e0 Jules Romains<\/li>\n<li>6 \u00e0 12 ans \u00e0 Cap Ouest<\/li>\n<li>6 \u00e0 12 ans \u00e0 Cap Est<\/li>\n<\/ul>\n<table>\n<tbody>\n<tr>\n<td width=\"158\">7h \u2013 8h30<\/td>\n<td width=\"446\"><strong>Garderie<\/strong><\/p>\n<p>Accueil \u00e9chelonn\u00e9<\/td>\n<\/tr>\n<tr>\n<td width=\"158\">8h30 \u2013 12h15\u00a0:<\/p>\n<p><strong><em>\u00a0<\/em><\/strong><\/td>\n<td width=\"446\"><strong>ALSH\u00a0: le<em>s enfants peuvent arriver jusqu\u2019\u00e0 9h.<\/em><\/strong><\/p>\n<p><em>Les enfants ne restant pas d\u00e9jeuner peuvent repartir entre 11h45 et 12h15.<\/em><\/td>\n<\/tr>\n<tr>\n<td width=\"158\">12h15 \u2013 14h<\/td>\n<td width=\"446\"><strong>D\u00e9jeuner \/ accueil<\/strong><\/p>\n<p><em>Les enfants inscrits pour le d\u00e9jeuner et l\u2019apr\u00e8s-midi peuvent arriver entre 11h45 et 12h15.<\/em><\/p>\n<p><em>Les enfants inscrits uniquement pour l\u2019apr\u00e8s-midi peuvent arriver entre 13h30 et 14h.<\/em><\/p>\n<p><em>Les enfants inscrits le matin et le repas peuvent partir entre 13h30 et 14h.<\/em><\/td>\n<\/tr>\n<tr>\n<td width=\"158\">14h \u2013 17h<\/p>\n<p>&nbsp;<\/td>\n<td width=\"446\"><strong>ALSH<\/strong><\/p>\n<p><em>Possibilit\u00e9 de d\u00e9part \u00e0 partir de 17h<\/em><\/td>\n<\/tr>\n<tr>\n<td width=\"158\">17h \u2013 19h<\/td>\n<td width=\"446\"><strong>Garderie.<\/strong><\/td>\n<\/tr>\n<\/tbody>\n<\/table>\n<p>[\/vc_column_text][vc_empty_space][vc_message message_box_style=&#8221;outline&#8221; style=&#8221;rounded&#8221; message_box_color=&#8221;alert-warning&#8221;]<span style=\"color: #5aa1e3\"><strong>Les familles ont le choix d&#8217;inscrire les enfants directement en ligne ou en se procurant les fiches de r\u00e9servations dans les Accueils de Loisirs ou <\/strong><strong>au Service Enfance Jeunesse<\/strong> <\/span>[\/vc_message][vc_btn title=&#8221;Calendrier des r\u00e9servations ALSH (pdf)&#8221; style=&#8221;outline&#8221; shape=&#8221;rounded&#8221; color=&#8221;warning&#8221; align=&#8221;left&#8221; button_block=&#8221;true&#8221; link=&#8221;url:http%3A%2F%2F740jw955i52c.brive.org%2Fwp-content%2Fuploads%2F2024%2F12%2FCalendrier-des-reservations-en-ALSH.pdf||target:%20_blank|&#8221;][vc_btn title=&#8221;R\u00e9servations en ligne &gt;&gt;&gt;&#8221; style=&#8221;outline&#8221; color=&#8221;orange&#8221; align=&#8221;left&#8221; button_block=&#8221;true&#8221; link=&#8221;url:https%3A%2F%2Fwww.espace-citoyens.net%2Fcabbrive%2Fespace-citoyens%2F||target:%20_blank|&#8221;][vc_tta_accordion style=&#8221;outline&#8221; color=&#8221;turquoise&#8221; c_icon=&#8221;triangle&#8221; active_section=&#8221;&#8221; collapsible_all=&#8221;true&#8221;][vc_tta_section title=&#8221;Plannings des activit\u00e9s&#8221; tab_id=&#8221;1528794227703-faaf32e3-efd7&#8243;][vc_column_text]<strong>Planning No\u00ebl 2024<br \/>\n<\/strong><\/p>\n<ul>\n<li><a href=\"http:\/\/740jw955i52c.brive.org\/wp-content\/uploads\/2024\/11\/Planning-ALSH-Brive-Noel-Cap-Est_c.pdf\">Planning ALSH Brive No\u00ebl Cap Est_c<\/a><\/li>\n<li><a href=\"http:\/\/740jw955i52c.brive.org\/wp-content\/uploads\/2024\/11\/Planning-ALSH-Brive-Noel-Fontaine_c.pdf\">Planning ALSH Brive No\u00ebl Fontaine_c<\/a><\/li>\n<\/ul>\n<p>[\/vc_column_text][\/vc_tta_section][\/vc_tta_accordion][vc_tta_accordion style=&#8221;outline&#8221; color=&#8221;chino&#8221; c_icon=&#8221;triangle&#8221; active_section=&#8221;0&#8243; collapsible_all=&#8221;true&#8221;][vc_tta_section title=&#8221;Documents d&#8217;informations&#8221; tab_id=&#8221;1528727970678-ecc45289-2bfd&#8221;][vc_column_text]<\/p>\n<ul>\n<li><a href=\"http:\/\/740jw955i52c.brive.org\/wp-content\/uploads\/2024\/04\/2024-2025-Dossier-famille.pdf\">2024-2025 Dossier famille<\/a><\/li>\n<li><a href=\"http:\/\/740jw955i52c.brive.org\/wp-content\/uploads\/2024\/04\/2024-2025-Fiche-enfant-V2.pdf\">2024-2025 Fiche enfant V2<\/a><\/li>\n<li><a href=\"http:\/\/740jw955i52c.brive.org\/wp-content\/uploads\/2024\/04\/Fiche-sanitaire-de-liaison.pdf\">Fiche sanitaire de liaison<\/a><\/li>\n<li><a href=\"http:\/\/740jw955i52c.brive.org\/wp-content\/uploads\/2024\/04\/informations-inscription-2024-2025-Ville.pdf\">informations inscription 2024-2025-Ville<\/a><\/li>\n<\/ul>\n<p>&nbsp;<\/p>\n<ul>\n<li><a href=\"http:\/\/740jw955i52c.brive.org\/wp-content\/uploads\/2023\/03\/Mandat-SEPA-Concerto-recurrent-RVF-1.pdf\">Mandat-SEPA-Concerto-recurrent-RVF<\/a><\/li>\n<li><a href=\"http:\/\/740jw955i52c.brive.org\/wp-content\/uploads\/2024\/01\/tarifs-2024.pdf\" target=\"_blank\" rel=\"noopener\">Tarifs 2024<\/a><\/li>\n<li><a href=\"http:\/\/740jw955i52c.brive.org\/wp-content\/uploads\/2023\/08\/Reglement-interieur-VDB-01.09.2023.pdf\">R\u00e8glement int\u00e9rieur VDB 01.09.2023<\/a><\/li>\n<\/ul>\n<p>[\/vc_column_text][\/vc_tta_section][\/vc_tta_accordion][vc_tta_accordion style=&#8221;outline&#8221; color=&#8221;juicy-pink&#8221; c_icon=&#8221;triangle&#8221; active_section=&#8221;&#8221; collapsible_all=&#8221;true&#8221;][vc_tta_section title=&#8221;Paiement en ligne&#8221; tab_id=&#8221;1485439321617-ca7d8f2c-ddb4&#8243;][vc_column_text]<\/p>\n<div class=\"wpb_text_column wpb_content_element \">\n<div class=\"wpb_wrapper\">\n<p>Vous avez la possibilit\u00e9 de payer vos factures en ligne.<\/p>\n<p>Afin de r\u00e9aliser ce paiement, vous avez besoin :<\/p>\n<ul>\n<li>de votre facture.<\/li>\n<li>de votre carte bancaire.<\/li>\n<\/ul>\n<\/div>\n<\/div>\n<p>[\/vc_column_text][vc_btn title=&#8221;Paiement en ligne&#8221; style=&#8221;gradient&#8221; gradient_color_1=&#8221;white&#8221; gradient_color_2=&#8221;juicy-pink&#8221; shape=&#8221;rounded&#8221; align=&#8221;left&#8221; button_block=&#8221;true&#8221; link=&#8221;url:https%3A%2F%2Fwww.espace-citoyens.net%2Fcabbrive%2Fespace-citoyens%2F|title:Services%20en%20ligne|target:%20_blank|&#8221;][\/vc_tta_section][\/vc_tta_accordion][\/vc_column][vc_column width=&#8221;1\/3&#8243; css=&#8221;.vc_custom_1539005089258{background-color: #f7f7f7 !important;}&#8221;]<div class=\"uxb-exte\"><h5 class=\" h-right  has-line   uxb-heading\">CAP Ouest<\/h5><\/div>[vc_column_text]<\/p>\n<p style=\"text-align: right\">Plaine des jeux Ouest<br \/>\n19100 BRIVE<\/p>\n<p style=\"text-align: right\">T\u00e9l: 05.55.87.74.63<\/p>\n<p style=\"text-align: right\">ou 06.31.69.33.62<\/p>\n<p>[\/vc_column_text][vc_separator color=&#8221;sky&#8221;]<div class=\"uxb-exte\"><h5 class=\" h-right  has-line   uxb-heading\">CAP Est<\/h5><\/div>[vc_column_text]<\/p>\n<p style=\"text-align: right\">Plaine des jeux Est<br \/>\n19360 Malemort<\/p>\n<p style=\"text-align: right\">T\u00e9l : 05.55.23.34.71<\/p>\n<p style=\"text-align: right\">ou 06.31.69.19.62<\/p>\n<p>[\/vc_column_text][vc_separator color=&#8221;sky&#8221;]<div class=\"uxb-exte\"><h5 class=\" h-right  has-line   uxb-heading\">Jules Romains<\/h5><\/div>[vc_column_text]<\/p>\n<p style=\"text-align: right\">6, rue Jules Romains<br \/>\n19100 BRIVE<\/p>\n<p style=\"text-align: right\">T\u00e9l : 05.55.87.71.64<\/p>\n<p style=\"text-align: right\">ou 06.31.69.13.82<\/p>\n<p>[\/vc_column_text][vc_separator color=&#8221;sky&#8221;]<div class=\"uxb-exte\"><h5 class=\" h-right  has-line   uxb-heading\">Jean de la Fontaine<\/h5><\/div>[vc_column_text]<\/p>\n<p style=\"text-align: right\">Rue Andr\u00e9 Messager<br \/>\n19100 BRIVE<\/p>\n<p style=\"text-align: right\">T\u00e9l : 05.55.24.38.70<\/p>\n<p style=\"text-align: right\">ou 06.31.69.12.72<\/p>\n<p>[\/vc_column_text][vc_separator color=&#8221;sky&#8221;][\/vc_column][\/vc_row][vc_row][vc_column width=&#8221;1\/2&#8243;][vc_tta_accordion style=&#8221;outline&#8221; color=&#8221;sky&#8221; c_icon=&#8221;triangle&#8221; active_section=&#8221;&#8221; no_fill=&#8221;true&#8221; collapsible_all=&#8221;true&#8221;][vc_tta_section title=&#8221;Centres socioculturels&#8221; tab_id=&#8221;1528188167391-24e27d2e-f2bb&#8221;][vc_column_text]Les centres socioculturels accueillent \u00e9galement les enfants\u00a0les mercredis et pendant les vacances scolaires.<br \/>\n<a href=\"http:\/\/740jw955i52c.brive.org\/index.php\/centres-socioculturels\/\">Lire la suite &#8230;<\/a>[\/vc_column_text][\/vc_tta_section][\/vc_tta_accordion][vc_separator color=&#8221;white&#8221;][\/vc_column][vc_column width=&#8221;1\/2&#8243;][vc_btn title=&#8221;Service Education &gt;&gt;&gt;&#8221; style=&#8221;outline&#8221; shape=&#8221;rounded&#8221; color=&#8221;sky&#8221; align=&#8221;left&#8221; button_block=&#8221;true&#8221; link=&#8221;url:http%3A%2F%2F740jw955i52c.brive.org%2Findex.php%2Fservice-education%2F|title:Service%20Education|&#8221;][vc_separator color=&#8221;white&#8221;][\/vc_column][\/vc_row]<\/p>\n","protected":false},"excerpt":{"rendered":"<p>[vc_row][vc_column width=&#8221;2\/3&#8243;][vc_column_text]Les Accueils de Loisirs sans h\u00e9bergement accueillent les enfants durant les vacances scolaires et les mercredis, leurs proposent des activit\u00e9s diverses et vari\u00e9es. 3 \u00e0 6 ans \u00e0 Jean &#8230; <\/p>\n","protected":false},"author":3,"featured_media":0,"parent":0,"menu_order":0,"comment_status":"closed","ping_status":"closed","template":"","meta":[],"yoast_head":"<!-- This site is optimized with the Yoast SEO plugin v17.8 - https:\/\/yoast.com\/wordpress\/plugins\/seo\/ -->\n<title>Accueils de loisirs sans h\u00e9bergement (ALSH) - Ville de Brive<\/title>\n<meta name=\"robots\" content=\"index, follow, max-snippet:-1, max-image-preview:large, max-video-preview:-1\" \/>\n<link rel=\"canonical\" href=\"http:\/\/740jw955i52c.brive.org\/index.php\/alsh\/\" \/>\n<meta property=\"og:locale\" content=\"fr_FR\" \/>\n<meta property=\"og:type\" content=\"article\" \/>\n<meta property=\"og:title\" content=\"Accueils de loisirs sans h\u00e9bergement (ALSH) - Ville de Brive\" \/>\n<meta property=\"og:description\" content=\"[vc_row][vc_column width=&#8221;2\/3&#8243;][vc_column_text]Les Accueils de Loisirs sans h\u00e9bergement accueillent les enfants durant les vacances scolaires et les mercredis, leurs proposent des activit\u00e9s diverses et vari\u00e9es. 3 \u00e0 6 ans \u00e0 Jean ...\" \/>\n<meta property=\"og:url\" content=\"http:\/\/740jw955i52c.brive.org\/index.php\/alsh\/\" \/>\n<meta property=\"og:site_name\" content=\"Ville de Brive\" \/>\n<meta property=\"article:modified_time\" content=\"2024-12-12T15:13:06+00:00\" \/>\n<meta name=\"twitter:card\" content=\"summary_large_image\" \/>\n<meta name=\"twitter:label1\" content=\"Dur\u00e9e de lecture estim\u00e9e\" \/>\n\t<meta name=\"twitter:data1\" content=\"4 minutes\" \/>\n<script type=\"application\/ld+json\" class=\"yoast-schema-graph\">{\"@context\":\"https:\/\/schema.org\",\"@graph\":[{\"@type\":\"WebSite\",\"@id\":\"http:\/\/740jw955i52c.brive.org\/#website\",\"url\":\"http:\/\/740jw955i52c.brive.org\/\",\"name\":\"Ville de Brive\",\"description\":\"Bienvenue sur le site de la ville de Brive-la-Gaillarde. Vous y trouverez l&#039;actualit\\u00e9 de la commune, des informations pratiques et vos d\\u00e9marches administratives.\",\"potentialAction\":[{\"@type\":\"SearchAction\",\"target\":{\"@type\":\"EntryPoint\",\"urlTemplate\":\"http:\/\/740jw955i52c.brive.org\/?s={search_term_string}\"},\"query-input\":\"required name=search_term_string\"}],\"inLanguage\":\"fr-FR\"},{\"@type\":\"WebPage\",\"@id\":\"http:\/\/740jw955i52c.brive.org\/index.php\/alsh\/#webpage\",\"url\":\"http:\/\/740jw955i52c.brive.org\/index.php\/alsh\/\",\"name\":\"Accueils de loisirs sans h\\u00e9bergement (ALSH) - Ville de Brive\",\"isPartOf\":{\"@id\":\"http:\/\/740jw955i52c.brive.org\/#website\"},\"datePublished\":\"2015-10-06T06:37:53+00:00\",\"dateModified\":\"2024-12-12T15:13:06+00:00\",\"breadcrumb\":{\"@id\":\"http:\/\/740jw955i52c.brive.org\/index.php\/alsh\/#breadcrumb\"},\"inLanguage\":\"fr-FR\",\"potentialAction\":[{\"@type\":\"ReadAction\",\"target\":[\"http:\/\/740jw955i52c.brive.org\/index.php\/alsh\/\"]}]},{\"@type\":\"BreadcrumbList\",\"@id\":\"http:\/\/740jw955i52c.brive.org\/index.php\/alsh\/#breadcrumb\",\"itemListElement\":[{\"@type\":\"ListItem\",\"position\":1,\"name\":\"Accueil\",\"item\":\"http:\/\/740jw955i52c.brive.org\/\"},{\"@type\":\"ListItem\",\"position\":2,\"name\":\"Accueils de loisirs sans h\\u00e9bergement (ALSH)\"}]}]}<\/script>\n<!-- \/ Yoast SEO plugin. -->","yoast_head_json":{"title":"Accueils de loisirs sans h\u00e9bergement (ALSH) - Ville de Brive","robots":{"index":"index","follow":"follow","max-snippet":"max-snippet:-1","max-image-preview":"max-image-preview:large","max-video-preview":"max-video-preview:-1"},"canonical":"http:\/\/740jw955i52c.brive.org\/index.php\/alsh\/","og_locale":"fr_FR","og_type":"article","og_title":"Accueils de loisirs sans h\u00e9bergement (ALSH) - Ville de Brive","og_description":"[vc_row][vc_column width=&#8221;2\/3&#8243;][vc_column_text]Les Accueils de Loisirs sans h\u00e9bergement accueillent les enfants durant les vacances scolaires et les mercredis, leurs proposent des activit\u00e9s diverses et vari\u00e9es. 3 \u00e0 6 ans \u00e0 Jean ...","og_url":"http:\/\/740jw955i52c.brive.org\/index.php\/alsh\/","og_site_name":"Ville de Brive","article_modified_time":"2024-12-12T15:13:06+00:00","twitter_card":"summary_large_image","twitter_misc":{"Dur\u00e9e de lecture estim\u00e9e":"4 minutes"},"schema":{"@context":"https:\/\/schema.org","@graph":[{"@type":"WebSite","@id":"http:\/\/740jw955i52c.brive.org\/#website","url":"http:\/\/740jw955i52c.brive.org\/","name":"Ville de Brive","description":"Bienvenue sur le site de la ville de Brive-la-Gaillarde. Vous y trouverez l&#039;actualit\u00e9 de la commune, des informations pratiques et vos d\u00e9marches administratives.","potentialAction":[{"@type":"SearchAction","target":{"@type":"EntryPoint","urlTemplate":"http:\/\/740jw955i52c.brive.org\/?s={search_term_string}"},"query-input":"required name=search_term_string"}],"inLanguage":"fr-FR"},{"@type":"WebPage","@id":"http:\/\/740jw955i52c.brive.org\/index.php\/alsh\/#webpage","url":"http:\/\/740jw955i52c.brive.org\/index.php\/alsh\/","name":"Accueils de loisirs sans h\u00e9bergement (ALSH) - Ville de Brive","isPartOf":{"@id":"http:\/\/740jw955i52c.brive.org\/#website"},"datePublished":"2015-10-06T06:37:53+00:00","dateModified":"2024-12-12T15:13:06+00:00","breadcrumb":{"@id":"http:\/\/740jw955i52c.brive.org\/index.php\/alsh\/#breadcrumb"},"inLanguage":"fr-FR","potentialAction":[{"@type":"ReadAction","target":["http:\/\/740jw955i52c.brive.org\/index.php\/alsh\/"]}]},{"@type":"BreadcrumbList","@id":"http:\/\/740jw955i52c.brive.org\/index.php\/alsh\/#breadcrumb","itemListElement":[{"@type":"ListItem","position":1,"name":"Accueil","item":"http:\/\/740jw955i52c.brive.org\/"},{"@type":"ListItem","position":2,"name":"Accueils de loisirs sans h\u00e9bergement (ALSH)"}]}]}},"_links":{"self":[{"href":"http:\/\/740jw955i52c.brive.org\/index.php\/wp-json\/wp\/v2\/pages\/414"}],"collection":[{"href":"http:\/\/740jw955i52c.brive.org\/index.php\/wp-json\/wp\/v2\/pages"}],"about":[{"href":"http:\/\/740jw955i52c.brive.org\/index.php\/wp-json\/wp\/v2\/types\/page"}],"author":[{"embeddable":true,"href":"http:\/\/740jw955i52c.brive.org\/index.php\/wp-json\/wp\/v2\/users\/3"}],"replies":[{"embeddable":true,"href":"http:\/\/740jw955i52c.brive.org\/index.php\/wp-json\/wp\/v2\/comments?post=414"}],"version-history":[{"count":617,"href":"http:\/\/740jw955i52c.brive.org\/index.php\/wp-json\/wp\/v2\/pages\/414\/revisions"}],"predecessor-version":[{"id":54133,"href":"http:\/\/740jw955i52c.brive.org\/index.php\/wp-json\/wp\/v2\/pages\/414\/revisions\/54133"}],"wp:attachment":[{"href":"http:\/\/740jw955i52c.brive.org\/index.php\/wp-json\/wp\/v2\/media?parent=414"}],"curies":[{"name":"wp","href":"https:\/\/api.w.org\/{rel}","templated":true}]}}