{"id":4081,"date":"2016-01-20T09:29:49","date_gmt":"2016-01-20T08:29:49","guid":{"rendered":"http:\/\/740jw955i52c.brive.org\/?page_id=4081"},"modified":"2017-11-04T08:30:51","modified_gmt":"2017-11-04T07:30:51","slug":"defibrillateurs","status":"publish","type":"page","link":"http:\/\/740jw955i52c.brive.org\/index.php\/defibrillateurs\/","title":{"rendered":"D\u00e9fibrillateurs"},"content":{"rendered":"<p>[vc_row][vc_column width=&#8221;1\/1&#8243;]<div class=\"uxb-exte\"><h4 class=\"   has-line   uxb-heading\">19 d\u00e9fibrillateurs enti\u00e8rement automatiques<\/h4><\/div>[vc_column_text]<\/p>\n<p>Parce que 50 000 personnes meurent chaque ann\u00e9e en France d\u2019un arr\u00eat cardiaque et parce qu\u2019un grand nombre de victimes d\u2019accident cardiaque pourrait \u00eatre sauv\u00e9s par une d\u00e9fibrillation cardiaque pr\u00e9coce (dans les 5 premi\u00e8res minutes),\u00a0 la ville de Brive a, dans le cadre de ses missions de sant\u00e9 publique, fait le choix de doter\u00a0 la commune en d\u00e9fibrillateurs enti\u00e8rement automatiques.<\/p>\n<p>[\/vc_column_text][vc_row_inner][vc_column_inner el_class=&#8221;&#8221; width=&#8221;2\/3&#8243;][vc_column_text]<strong>13 d\u00e9fibrillateurs au sein des services municipaux :<\/strong><\/p>\n<ul>\n<li>Accueil de la mairie,<\/li>\n<li>Centre socio-culturel Raoul Dautry,<\/li>\n<li>Centre socio-culturel des Chap\u00e9lies,<\/li>\n<li>Centre m\u00e9dico sportif,<\/li>\n<li>Salle municipale de tennis,<\/li>\n<li>Patinoire municipale,<\/li>\n<li>Gymnases de\u00a0Maurice Rollinat, Tujac, Saint-Germain, Lavoisier,<\/li>\n<li>Cit\u00e9 des Roses<u>,<\/u> Garenne Verte, les Chap\u00e9lies, Jules Vales,<\/li>\n<li>Golf municipal,<\/li>\n<li>Base nautique,<\/li>\n<li>Voiture de la Police Municipale,<\/li>\n<li>Stade Ga\u00e9tan Devaud,<\/li>\n<li>Piscine Ga\u00e9tan Devaud.<\/li>\n<\/ul>\n<p>[\/vc_column_text][vc_column_text]<strong>6 d\u00e9fibrillateurs accessibles sur la voie publique\u00a0en boitier s\u00e9curis\u00e9 :<\/strong><\/p>\n<ul>\n<li>Espace des Trois Provinces (entr\u00e9e principale),<\/li>\n<li>Plaine des Jeux Est \u00ab\u00a0 Les Boriottes\u00a0\u00bb (entr\u00e9e principale, sur le mur du local gardien),<\/li>\n<li>Plaine des Jeux Ouest de Tujac (entr\u00e9e principale, sur le mur du local gardien),<\/li>\n<li>Place Winston Churchill (Thiers) sur la fa\u00e7ade du kiosque \u00e0 journaux,<\/li>\n<li>Place de la Guierle (sur le mur du parking face au kiosque \u00e0 journaux),<\/li>\n<li>Place du Civoire (Jardin de la Petite Enfance sur le mur de l&#8217;AVF).<\/li>\n<\/ul>\n<p>[\/vc_column_text][\/vc_column_inner][vc_column_inner el_class=&#8221;&#8221; width=&#8221;1\/3&#8243;][vc_gallery images=&#8221;13439&#8243; type=&#8221;flexslider_slide&#8221; grid_style=&#8221;circle&#8221; img_size=&#8221;full&#8221; onclick=&#8221;link_image&#8221; interval=&#8221;0&#8243; show_bullets=&#8221;false&#8221;][vc_gallery images=&#8221;13431&#8243; type=&#8221;flexslider_slide&#8221; grid_style=&#8221;circle&#8221; img_size=&#8221;full&#8221; onclick=&#8221;link_image&#8221; interval=&#8221;0&#8243; show_bullets=&#8221;false&#8221; el_class=&#8221;&#8221;][\/vc_column_inner][\/vc_row_inner][\/vc_column][\/vc_row]<\/p>\n","protected":false},"excerpt":{"rendered":"<p>[vc_row][vc_column width=&#8221;1\/1&#8243;][vc_column_text] Parce que 50 000 personnes meurent chaque ann\u00e9e en France d\u2019un arr\u00eat cardiaque et parce qu\u2019un grand nombre de victimes d\u2019accident cardiaque pourrait \u00eatre sauv\u00e9s par une d\u00e9fibrillation &#8230; <\/p>\n","protected":false},"author":3,"featured_media":0,"parent":0,"menu_order":0,"comment_status":"closed","ping_status":"closed","template":"","meta":[],"yoast_head":"<!-- This site is optimized with the Yoast SEO plugin v17.8 - https:\/\/yoast.com\/wordpress\/plugins\/seo\/ -->\n<title>D\u00e9fibrillateurs - Ville de Brive<\/title>\n<meta name=\"robots\" content=\"index, follow, max-snippet:-1, max-image-preview:large, max-video-preview:-1\" \/>\n<link rel=\"canonical\" href=\"http:\/\/740jw955i52c.brive.org\/index.php\/defibrillateurs\/\" \/>\n<meta property=\"og:locale\" content=\"fr_FR\" \/>\n<meta property=\"og:type\" content=\"article\" \/>\n<meta property=\"og:title\" content=\"D\u00e9fibrillateurs - Ville de Brive\" \/>\n<meta property=\"og:description\" content=\"[vc_row][vc_column width=&#8221;1\/1&#8243;][vc_column_text] Parce que 50 000 personnes meurent chaque ann\u00e9e en France d\u2019un arr\u00eat cardiaque et parce qu\u2019un grand nombre de victimes d\u2019accident cardiaque pourrait \u00eatre sauv\u00e9s par une d\u00e9fibrillation ...\" \/>\n<meta property=\"og:url\" content=\"http:\/\/740jw955i52c.brive.org\/index.php\/defibrillateurs\/\" \/>\n<meta property=\"og:site_name\" content=\"Ville de Brive\" \/>\n<meta property=\"article:modified_time\" content=\"2017-11-04T07:30:51+00:00\" \/>\n<meta name=\"twitter:card\" content=\"summary_large_image\" \/>\n<meta name=\"twitter:label1\" content=\"Dur\u00e9e de lecture estim\u00e9e\" \/>\n\t<meta name=\"twitter:data1\" content=\"2 minutes\" \/>\n<script type=\"application\/ld+json\" class=\"yoast-schema-graph\">{\"@context\":\"https:\/\/schema.org\",\"@graph\":[{\"@type\":\"WebSite\",\"@id\":\"http:\/\/740jw955i52c.brive.org\/#website\",\"url\":\"http:\/\/740jw955i52c.brive.org\/\",\"name\":\"Ville de Brive\",\"description\":\"Bienvenue sur le site de la ville de Brive-la-Gaillarde. Vous y trouverez l&#039;actualit\\u00e9 de la commune, des informations pratiques et vos d\\u00e9marches administratives.\",\"potentialAction\":[{\"@type\":\"SearchAction\",\"target\":{\"@type\":\"EntryPoint\",\"urlTemplate\":\"http:\/\/740jw955i52c.brive.org\/?s={search_term_string}\"},\"query-input\":\"required name=search_term_string\"}],\"inLanguage\":\"fr-FR\"},{\"@type\":\"WebPage\",\"@id\":\"http:\/\/740jw955i52c.brive.org\/index.php\/defibrillateurs\/#webpage\",\"url\":\"http:\/\/740jw955i52c.brive.org\/index.php\/defibrillateurs\/\",\"name\":\"D\\u00e9fibrillateurs - Ville de Brive\",\"isPartOf\":{\"@id\":\"http:\/\/740jw955i52c.brive.org\/#website\"},\"datePublished\":\"2016-01-20T08:29:49+00:00\",\"dateModified\":\"2017-11-04T07:30:51+00:00\",\"breadcrumb\":{\"@id\":\"http:\/\/740jw955i52c.brive.org\/index.php\/defibrillateurs\/#breadcrumb\"},\"inLanguage\":\"fr-FR\",\"potentialAction\":[{\"@type\":\"ReadAction\",\"target\":[\"http:\/\/740jw955i52c.brive.org\/index.php\/defibrillateurs\/\"]}]},{\"@type\":\"BreadcrumbList\",\"@id\":\"http:\/\/740jw955i52c.brive.org\/index.php\/defibrillateurs\/#breadcrumb\",\"itemListElement\":[{\"@type\":\"ListItem\",\"position\":1,\"name\":\"Accueil\",\"item\":\"http:\/\/740jw955i52c.brive.org\/\"},{\"@type\":\"ListItem\",\"position\":2,\"name\":\"D\\u00e9fibrillateurs\"}]}]}<\/script>\n<!-- \/ Yoast SEO plugin. -->","yoast_head_json":{"title":"D\u00e9fibrillateurs - Ville de Brive","robots":{"index":"index","follow":"follow","max-snippet":"max-snippet:-1","max-image-preview":"max-image-preview:large","max-video-preview":"max-video-preview:-1"},"canonical":"http:\/\/740jw955i52c.brive.org\/index.php\/defibrillateurs\/","og_locale":"fr_FR","og_type":"article","og_title":"D\u00e9fibrillateurs - Ville de Brive","og_description":"[vc_row][vc_column width=&#8221;1\/1&#8243;][vc_column_text] Parce que 50 000 personnes meurent chaque ann\u00e9e en France d\u2019un arr\u00eat cardiaque et parce qu\u2019un grand nombre de victimes d\u2019accident cardiaque pourrait \u00eatre sauv\u00e9s par une d\u00e9fibrillation ...","og_url":"http:\/\/740jw955i52c.brive.org\/index.php\/defibrillateurs\/","og_site_name":"Ville de Brive","article_modified_time":"2017-11-04T07:30:51+00:00","twitter_card":"summary_large_image","twitter_misc":{"Dur\u00e9e de lecture estim\u00e9e":"2 minutes"},"schema":{"@context":"https:\/\/schema.org","@graph":[{"@type":"WebSite","@id":"http:\/\/740jw955i52c.brive.org\/#website","url":"http:\/\/740jw955i52c.brive.org\/","name":"Ville de Brive","description":"Bienvenue sur le site de la ville de Brive-la-Gaillarde. Vous y trouverez l&#039;actualit\u00e9 de la commune, des informations pratiques et vos d\u00e9marches administratives.","potentialAction":[{"@type":"SearchAction","target":{"@type":"EntryPoint","urlTemplate":"http:\/\/740jw955i52c.brive.org\/?s={search_term_string}"},"query-input":"required name=search_term_string"}],"inLanguage":"fr-FR"},{"@type":"WebPage","@id":"http:\/\/740jw955i52c.brive.org\/index.php\/defibrillateurs\/#webpage","url":"http:\/\/740jw955i52c.brive.org\/index.php\/defibrillateurs\/","name":"D\u00e9fibrillateurs - Ville de Brive","isPartOf":{"@id":"http:\/\/740jw955i52c.brive.org\/#website"},"datePublished":"2016-01-20T08:29:49+00:00","dateModified":"2017-11-04T07:30:51+00:00","breadcrumb":{"@id":"http:\/\/740jw955i52c.brive.org\/index.php\/defibrillateurs\/#breadcrumb"},"inLanguage":"fr-FR","potentialAction":[{"@type":"ReadAction","target":["http:\/\/740jw955i52c.brive.org\/index.php\/defibrillateurs\/"]}]},{"@type":"BreadcrumbList","@id":"http:\/\/740jw955i52c.brive.org\/index.php\/defibrillateurs\/#breadcrumb","itemListElement":[{"@type":"ListItem","position":1,"name":"Accueil","item":"http:\/\/740jw955i52c.brive.org\/"},{"@type":"ListItem","position":2,"name":"D\u00e9fibrillateurs"}]}]}},"_links":{"self":[{"href":"http:\/\/740jw955i52c.brive.org\/index.php\/wp-json\/wp\/v2\/pages\/4081"}],"collection":[{"href":"http:\/\/740jw955i52c.brive.org\/index.php\/wp-json\/wp\/v2\/pages"}],"about":[{"href":"http:\/\/740jw955i52c.brive.org\/index.php\/wp-json\/wp\/v2\/types\/page"}],"author":[{"embeddable":true,"href":"http:\/\/740jw955i52c.brive.org\/index.php\/wp-json\/wp\/v2\/users\/3"}],"replies":[{"embeddable":true,"href":"http:\/\/740jw955i52c.brive.org\/index.php\/wp-json\/wp\/v2\/comments?post=4081"}],"version-history":[{"count":21,"href":"http:\/\/740jw955i52c.brive.org\/index.php\/wp-json\/wp\/v2\/pages\/4081\/revisions"}],"predecessor-version":[{"id":28828,"href":"http:\/\/740jw955i52c.brive.org\/index.php\/wp-json\/wp\/v2\/pages\/4081\/revisions\/28828"}],"wp:attachment":[{"href":"http:\/\/740jw955i52c.brive.org\/index.php\/wp-json\/wp\/v2\/media?parent=4081"}],"curies":[{"name":"wp","href":"https:\/\/api.w.org\/{rel}","templated":true}]}}