{"id":39409,"date":"2020-01-22T15:39:00","date_gmt":"2020-01-22T14:39:00","guid":{"rendered":"http:\/\/740jw955i52c.brive.org\/?page_id=39409"},"modified":"2024-10-14T14:23:51","modified_gmt":"2024-10-14T12:23:51","slug":"appli-brivenpoche","status":"publish","type":"page","link":"http:\/\/740jw955i52c.brive.org\/index.php\/appli-brivenpoche\/","title":{"rendered":"Brivenpoche"},"content":{"rendered":"<p>[vc_row][vc_column][vc_custom_heading text=&#8221;Brivenpoche ! L\u2019application qui fera de vous un vrai gaillard !&#8221; font_container=&#8221;tag:h1|text_align:center|color:%23dd3333&#8243; use_theme_fonts=&#8221;&#8221; google_fonts=&#8221;font_family:Montserrat%3Aregular%2C700|font_style:700%20bold%20regular%3A700%3Anormal&#8221; css_animation=&#8221;bounceInLeft&#8221;][\/vc_column][\/vc_row][vc_row][vc_column][vc_video link=&#8221;https:\/\/youtu.be\/EKZVHjqTWJk&#8221; align=&#8221;center&#8221;][\/vc_column][\/vc_row][vc_row][vc_column][vc_column_text css_animation=&#8221;bounceIn&#8221;]<\/p>\n<h3 style=\"text-align: center\"><strong>Brivenpoche ? C&#8217;est quoi ?<\/strong><\/h3>\n<p style=\"text-align: center\">\u00c0 la recherche d\u2019un <strong>point Wifi<\/strong> ? Vous cherchez \u00e0 conna\u00eetre la localisation et la disponibilit\u00e9 des <strong>stationnements<\/strong> en temps r\u00e9els ? Vous avez une <strong>r\u00e9clamation<\/strong> \u00e0 faire ou souhaitez alerter vos proches en cas de danger ? <span style=\"color: #e32119\"><strong>Brivenpoche<\/strong><\/span> est l\u00e0 pour r\u00e9pondre \u00e0 vos besoins et vous faciliter la vie !<\/p>\n<p style=\"text-align: center\">Apr\u00e8s plus d\u2019un an de r\u00e9flexion et conception, <strong>l\u2019application <span style=\"color: #e32119\">Brivenpoche<\/span><\/strong> mise en place par la Direction des Usages Num\u00e9riques de la <strong>Ville de Brive<\/strong> est depuis Juin 2019, disponible gratuitement sur les plateformes de t\u00e9l\u00e9chargement IOS et Andro\u00efd.<\/p>\n<p>[\/vc_column_text][\/vc_column][\/vc_row][vc_row][vc_column width=&#8221;1\/2&#8243;][vc_single_image image=&#8221;39410&#8243; alignment=&#8221;center&#8221; onclick=&#8221;custom_link&#8221; img_link_target=&#8221;_blank&#8221; css_animation=&#8221;bounceIn&#8221; link=&#8221;https:\/\/apps.apple.com\/fr\/app\/brivenpoche\/id1462752643&#8243;][\/vc_column][vc_column width=&#8221;1\/2&#8243;][vc_single_image image=&#8221;39411&#8243; alignment=&#8221;center&#8221; onclick=&#8221;custom_link&#8221; img_link_target=&#8221;_blank&#8221; css_animation=&#8221;bounceIn&#8221; link=&#8221;https:\/\/play.google.com\/store\/apps\/details?id=fr.brivenpoche&amp;hl=fr&#8221;][\/vc_column][\/vc_row][vc_row][vc_column][vc_column_text css_animation=&#8221;bounceIn&#8221;]<\/p>\n<h3 style=\"text-align: center\"><strong>Pourquoi cr\u00e9er une application pour Brive ?<\/strong><\/h3>\n<p style=\"text-align: center\">L\u2019id\u00e9e est simple : il s\u2019agit de rendre <strong>un service imm\u00e9diat<\/strong> \u00e0 la population en permettant <strong>une interaction<\/strong> avec plusieurs services de la Ville. En clair, cet outil \u00e0 \u00e9t\u00e9 imagin\u00e9 et con\u00e7u dans le but d\u2019aider la population ainsi que les touristes dans leur quotidien\u00a0 <strong>24h\/24h<\/strong>.<\/p>\n<p>[\/vc_column_text][\/vc_column][\/vc_row][vc_row][vc_column][vc_column_text css_animation=&#8221;bounceIn&#8221;]<\/p>\n<h3 style=\"text-align: center\"><strong>Comment \u00e7a marche ?<\/strong><\/h3>\n<p style=\"text-align: center\">L\u2019application met en avant l\u2019actualit\u00e9 quotidienne du <strong>brivemag<\/strong> \u00e0 laquelle succ\u00e8dent 6 services.<\/p>\n<p>[\/vc_column_text][\/vc_column][\/vc_row][vc_row][vc_column][vc_single_image image=&#8221;39377&#8243; alignment=&#8221;center&#8221;][\/vc_column][\/vc_row][vc_row][vc_column width=&#8221;1\/2&#8243;][vc_cta h2=&#8221;1\/ R\u00e9clamations :&#8221; txt_align=&#8221;center&#8221; shape=&#8221;round&#8221; css_animation=&#8221;bounceIn&#8221;]<\/p>\n<p style=\"text-align: justify\"><b><img decoding=\"async\" loading=\"lazy\" class=\"wp-image-39422 size-full alignleft\" src=\"http:\/\/740jw955i52c.brive.org\/wp-content\/uploads\/2020\/01\/logo21.png\" alt=\"\" width=\"128\" height=\"128\" srcset=\"http:\/\/740jw955i52c.brive.org\/wp-content\/uploads\/2020\/01\/logo21.png 128w, http:\/\/740jw955i52c.brive.org\/wp-content\/uploads\/2020\/01\/logo21-60x60.png 60w\" sizes=\"(max-width: 128px) 100vw, 128px\" \/>Alerter<\/b> sur l\u2019\u00e9tat de la chauss\u00e9e, la d\u00e9gradation du mobilier public, l\u2019\u00e9clairage ou sur un dysfonctionnement \u00e9lectrique. Vous pouvez alors vous g\u00e9olocaliser et prendre une photo de l\u2019\u00e9l\u00e9ment qui fait \u00e9chos \u00e0 votre plainte. Les r\u00e9clamations sont par la suite orient\u00e9es vers les services concern\u00e9s et vous \u00eates inform\u00e9 de leurs traitements par un suivi.<\/p>\n<p>[\/vc_cta][vc_cta h2=&#8221;3\/ Points wifi :&#8221; txt_align=&#8221;center&#8221; shape=&#8221;round&#8221; css_animation=&#8221;bounceIn&#8221;]<\/p>\n<p style=\"text-align: justify\"><b><img decoding=\"async\" loading=\"lazy\" class=\"alignleft wp-image-39427 size-full\" src=\"http:\/\/740jw955i52c.brive.org\/wp-content\/uploads\/2020\/01\/logo26.png\" alt=\"\" width=\"128\" height=\"128\" srcset=\"http:\/\/740jw955i52c.brive.org\/wp-content\/uploads\/2020\/01\/logo26.png 128w, http:\/\/740jw955i52c.brive.org\/wp-content\/uploads\/2020\/01\/logo26-60x60.png 60w\" sizes=\"(max-width: 128px) 100vw, 128px\" \/><\/b>Pour trouver tous les points <b>Wi-fi\u00a0<\/b>gratuits : Pratique si vous avez un besoin urgent d\u2019un acc\u00e8s \u00e0 internet; id\u00e9al pour les \u00e9tudiants ! Commer\u00e7ants : faites-vous conna\u00eetre ! D\u00e9clarez votre point Wi-fi gratuit !<\/p>\n<p>[\/vc_cta][vc_cta h2=&#8221;5\/ Espace famille :&#8221; txt_align=&#8221;center&#8221; shape=&#8221;round&#8221; css_animation=&#8221;bounceIn&#8221;]<\/p>\n<p style=\"text-align: justify\"><img decoding=\"async\" loading=\"lazy\" class=\"alignleft wp-image-39431\" src=\"http:\/\/740jw955i52c.brive.org\/wp-content\/uploads\/2020\/01\/Portail-famille-rouge-198x198.png\" alt=\"\" width=\"128\" height=\"128\" srcset=\"http:\/\/740jw955i52c.brive.org\/wp-content\/uploads\/2020\/01\/Portail-famille-rouge-198x198.png 198w, http:\/\/740jw955i52c.brive.org\/wp-content\/uploads\/2020\/01\/Portail-famille-rouge-200x200.png 200w, http:\/\/740jw955i52c.brive.org\/wp-content\/uploads\/2020\/01\/Portail-famille-rouge-300x300.png 300w, http:\/\/740jw955i52c.brive.org\/wp-content\/uploads\/2020\/01\/Portail-famille-rouge-750x750.png 750w, http:\/\/740jw955i52c.brive.org\/wp-content\/uploads\/2020\/01\/Portail-famille-rouge-600x600.png 600w, http:\/\/740jw955i52c.brive.org\/wp-content\/uploads\/2020\/01\/Portail-famille-rouge-230x230.png 230w, http:\/\/740jw955i52c.brive.org\/wp-content\/uploads\/2020\/01\/Portail-famille-rouge-60x60.png 60w, http:\/\/740jw955i52c.brive.org\/wp-content\/uploads\/2020\/01\/Portail-famille-rouge-285x285.png 285w, http:\/\/740jw955i52c.brive.org\/wp-content\/uploads\/2020\/01\/Portail-famille-rouge-206x206.png 206w, http:\/\/740jw955i52c.brive.org\/wp-content\/uploads\/2020\/01\/Portail-famille-rouge-916x916.png 916w, http:\/\/740jw955i52c.brive.org\/wp-content\/uploads\/2020\/01\/Portail-famille-rouge-590x590.png 590w, http:\/\/740jw955i52c.brive.org\/wp-content\/uploads\/2020\/01\/Portail-famille-rouge-363x363.png 363w\" sizes=\"(max-width: 128px) 100vw, 128px\" \/>Faire l\u2019inscription de vos enfants dans les \u00e9tablissements scolaires, payer en ligne la cantine et bien d\u2019autres possibilit\u00e9s\u2026<\/p>\n<p>[\/vc_cta][\/vc_column][vc_column width=&#8221;1\/2&#8243;][vc_cta h2=&#8221;2\/ Stationnements :&#8221; txt_align=&#8221;center&#8221; shape=&#8221;round&#8221; css_animation=&#8221;bounceIn&#8221;]<\/p>\n<p style=\"text-align: justify\"><b><img decoding=\"async\" loading=\"lazy\" class=\"wp-image-39423 size-full alignleft\" src=\"http:\/\/740jw955i52c.brive.org\/wp-content\/uploads\/2020\/01\/logo23.png\" alt=\"\" width=\"128\" height=\"128\" srcset=\"http:\/\/740jw955i52c.brive.org\/wp-content\/uploads\/2020\/01\/logo23.png 128w, http:\/\/740jw955i52c.brive.org\/wp-content\/uploads\/2020\/01\/logo23-60x60.png 60w\" sizes=\"(max-width: 128px) 100vw, 128px\" \/><\/b>Localisation, horaires et disponibilit\u00e9 des parkings sur une carte de la ville. Vous y trouvez les parkings souterrains, <strong>les stationnements<\/strong> limit\u00e9s, les places PMR (Personnes \u00e0 Mobilit\u00e9 R\u00e9duite) ou encore les emplacements d\u00e9di\u00e9s aux Campings cars.<\/p>\n<p>[\/vc_cta][vc_cta h2=&#8221;4\/ L\u2019alerte :&#8221; txt_align=&#8221;center&#8221; shape=&#8221;round&#8221; css_animation=&#8221;bounceIn&#8221;]<\/p>\n<p style=\"text-align: justify\"><img decoding=\"async\" loading=\"lazy\" class=\"alignleft wp-image-39461 size-full\" src=\"http:\/\/740jw955i52c.brive.org\/wp-content\/uploads\/2020\/01\/logo24.png\" alt=\"\" width=\"128\" height=\"128\" srcset=\"http:\/\/740jw955i52c.brive.org\/wp-content\/uploads\/2020\/01\/logo24.png 128w, http:\/\/740jw955i52c.brive.org\/wp-content\/uploads\/2020\/01\/logo24-60x60.png 60w\" sizes=\"(max-width: 128px) 100vw, 128px\" \/>En cas de danger ou pour informer un proche de sa localisation, il suffit d\u2019activer <strong>l\u2019alerte<\/strong> qui pr\u00e9viendra via un sms les proches que vous aurez pr\u00e9alablement inscrits. Pour le moment l\u2019application priorise l\u2019alerte vers l\u2019entourage mais peut \u00e0 l\u2019avenir collaborer avec les services de police et\/ou pompiers.<\/p>\n<p>[\/vc_cta][vc_cta h2=&#8221;6\/ Le r\u00e9seau de transport :&#8221; txt_align=&#8221;center&#8221; shape=&#8221;round&#8221; css_animation=&#8221;bounceIn&#8221;]<\/p>\n<p style=\"text-align: justify\"><img decoding=\"async\" loading=\"lazy\" class=\"alignleft wp-image-39433 size-full\" src=\"http:\/\/740jw955i52c.brive.org\/wp-content\/uploads\/2020\/01\/logo25.png\" alt=\"\" width=\"128\" height=\"128\" srcset=\"http:\/\/740jw955i52c.brive.org\/wp-content\/uploads\/2020\/01\/logo25.png 128w, http:\/\/740jw955i52c.brive.org\/wp-content\/uploads\/2020\/01\/logo25-60x60.png 60w\" sizes=\"(max-width: 128px) 100vw, 128px\" \/>L&#8217;application <strong>Brivenpoche<\/strong> vous transfert directement sur le service Lib\u00e9o qui vous aidera \u00e0 vous d\u00e9placer au mieux \u00e0 Brive.<\/p>\n<p>[\/vc_cta][\/vc_column][\/vc_row][vc_row][vc_column][vc_custom_heading text=&#8221;Bref : Brivenpoche vous simplifie la Ville !&#8221; font_container=&#8221;tag:h2|text_align:center|color:%23dd3333&#8243; use_theme_fonts=&#8221;&#8221; google_fonts=&#8221;font_family:Montserrat%3Aregular%2C700|font_style:700%20bold%20regular%3A700%3Anormal&#8221; css_animation=&#8221;bounceIn&#8221;][vc_images_carousel images=&#8221;39452,39443,39444,39445,39446,39447,39448,39449,39450&#8243; img_size=&#8221;full&#8221; onclick=&#8221;link_no&#8221; speed=&#8221;500&#8243; slides_per_view=&#8221;4&#8243; autoplay=&#8221;yes&#8221; wrap=&#8221;yes&#8221;][\/vc_column][\/vc_row][vc_row][vc_column][vc_column_text css_animation=&#8221;bounceIn&#8221;]<\/p>\n<h2 style=\"text-align: center\"><span style=\"color: #e32119\"><em>Alors convaincu ? L\u2019essayer c\u2019est l\u2019adopter \ud83d\ude42<\/em><\/span><\/h2>\n<p style=\"text-align: center\">Vous l\u2019aurez compris, l\u2019application <span style=\"color: #e32119\"><strong>Brivenpoche<\/strong><\/span> est un outil regroupant des services auxquels vous \u00eates confront\u00e9s chaque jour et vous permet de tout retrouver sur une m\u00eame plateforme.<\/p>\n<p style=\"text-align: center\">Vous avez la possibilit\u00e9 de donner votre avis, des am\u00e9liorations des id\u00e9es. Certaines demandes devraient \u00e0 l\u2019avenir int\u00e9grer le <span style=\"color: #e32119\"><strong>Brivenpoche<\/strong><\/span> : la localisation des toilettes publiques, des d\u00e9fibrillateurs ou encore les menus des cantines scolaires.<\/p>\n<p>[\/vc_column_text][\/vc_column][\/vc_row][vc_row][vc_column width=&#8221;1\/2&#8243;][vc_single_image image=&#8221;39410&#8243; alignment=&#8221;center&#8221; onclick=&#8221;custom_link&#8221; img_link_target=&#8221;_blank&#8221; css_animation=&#8221;none&#8221; link=&#8221;https:\/\/apps.apple.com\/fr\/app\/brivenpoche\/id1462752643&#8243;][\/vc_column][vc_column width=&#8221;1\/2&#8243;][vc_single_image image=&#8221;39411&#8243; alignment=&#8221;center&#8221; onclick=&#8221;custom_link&#8221; img_link_target=&#8221;_blank&#8221; css_animation=&#8221;none&#8221; link=&#8221;https:\/\/play.google.com\/store\/apps\/details?id=fr.brivenpoche&amp;hl=fr&#8221;][\/vc_column][\/vc_row][vc_row][vc_column][vc_single_image image=&#8221;39387&#8243; alignment=&#8221;center&#8221;][\/vc_column][\/vc_row]<\/p>\n","protected":false},"excerpt":{"rendered":"<p>[vc_row][vc_column][vc_custom_heading text=&#8221;Brivenpoche ! L\u2019application qui fera de vous un vrai gaillard !&#8221; font_container=&#8221;tag:h1|text_align:center|color:%23dd3333&#8243; use_theme_fonts=&#8221;&#8221; google_fonts=&#8221;font_family:Montserrat%3Aregular%2C700|font_style:700%20bold%20regular%3A700%3Anormal&#8221; css_animation=&#8221;bounceInLeft&#8221;][\/vc_column][\/vc_row][vc_row][vc_column][vc_video link=&#8221;https:\/\/youtu.be\/EKZVHjqTWJk&#8221; align=&#8221;center&#8221;][\/vc_column][\/vc_row][vc_row][vc_column][vc_column_text css_animation=&#8221;bounceIn&#8221;] Brivenpoche ? C&#8217;est quoi ? \u00c0 la recherche d\u2019un point Wifi &#8230; <\/p>\n","protected":false},"author":1,"featured_media":0,"parent":0,"menu_order":0,"comment_status":"closed","ping_status":"closed","template":"","meta":[],"yoast_head":"<!-- This site is optimized with the Yoast SEO plugin v17.8 - https:\/\/yoast.com\/wordpress\/plugins\/seo\/ -->\n<title>Brivenpoche - Ville de Brive<\/title>\n<meta name=\"robots\" content=\"index, follow, max-snippet:-1, max-image-preview:large, max-video-preview:-1\" \/>\n<link rel=\"canonical\" href=\"http:\/\/740jw955i52c.brive.org\/index.php\/appli-brivenpoche\/\" \/>\n<meta property=\"og:locale\" content=\"fr_FR\" \/>\n<meta property=\"og:type\" content=\"article\" \/>\n<meta property=\"og:title\" content=\"Brivenpoche - Ville de Brive\" \/>\n<meta property=\"og:description\" content=\"[vc_row][vc_column][vc_custom_heading text=&#8221;Brivenpoche ! L\u2019application qui fera de vous un vrai gaillard !&#8221; font_container=&#8221;tag:h1|text_align:center|color:%23dd3333&#8243; use_theme_fonts=&#8221;&#8221; google_fonts=&#8221;font_family:Montserrat%3Aregular%2C700|font_style:700%20bold%20regular%3A700%3Anormal&#8221; css_animation=&#8221;bounceInLeft&#8221;][\/vc_column][\/vc_row][vc_row][vc_column][vc_video link=&#8221;https:\/\/youtu.be\/EKZVHjqTWJk&#8221; align=&#8221;center&#8221;][\/vc_column][\/vc_row][vc_row][vc_column][vc_column_text css_animation=&#8221;bounceIn&#8221;] Brivenpoche ? C&#8217;est quoi ? \u00c0 la recherche d\u2019un point Wifi ...\" \/>\n<meta property=\"og:url\" content=\"http:\/\/740jw955i52c.brive.org\/index.php\/appli-brivenpoche\/\" \/>\n<meta property=\"og:site_name\" content=\"Ville de Brive\" \/>\n<meta property=\"article:modified_time\" content=\"2024-10-14T12:23:51+00:00\" \/>\n<meta property=\"og:image\" content=\"http:\/\/740jw955i52c.brive.org\/wp-content\/uploads\/2020\/01\/logo21.png\" \/>\n<meta name=\"twitter:card\" content=\"summary_large_image\" \/>\n<meta name=\"twitter:label1\" content=\"Dur\u00e9e de lecture estim\u00e9e\" \/>\n\t<meta name=\"twitter:data1\" content=\"5 minutes\" \/>\n<script type=\"application\/ld+json\" class=\"yoast-schema-graph\">{\"@context\":\"https:\/\/schema.org\",\"@graph\":[{\"@type\":\"WebSite\",\"@id\":\"http:\/\/740jw955i52c.brive.org\/#website\",\"url\":\"http:\/\/740jw955i52c.brive.org\/\",\"name\":\"Ville de Brive\",\"description\":\"Bienvenue sur le site de la ville de Brive-la-Gaillarde. Vous y trouverez l&#039;actualit\\u00e9 de la commune, des informations pratiques et vos d\\u00e9marches administratives.\",\"potentialAction\":[{\"@type\":\"SearchAction\",\"target\":{\"@type\":\"EntryPoint\",\"urlTemplate\":\"http:\/\/740jw955i52c.brive.org\/?s={search_term_string}\"},\"query-input\":\"required name=search_term_string\"}],\"inLanguage\":\"fr-FR\"},{\"@type\":\"ImageObject\",\"@id\":\"http:\/\/740jw955i52c.brive.org\/index.php\/appli-brivenpoche\/#primaryimage\",\"inLanguage\":\"fr-FR\",\"url\":\"http:\/\/740jw955i52c.brive.org\/wp-content\/uploads\/2020\/01\/logo21.png\",\"contentUrl\":\"http:\/\/740jw955i52c.brive.org\/wp-content\/uploads\/2020\/01\/logo21.png\",\"width\":128,\"height\":128},{\"@type\":\"WebPage\",\"@id\":\"http:\/\/740jw955i52c.brive.org\/index.php\/appli-brivenpoche\/#webpage\",\"url\":\"http:\/\/740jw955i52c.brive.org\/index.php\/appli-brivenpoche\/\",\"name\":\"Brivenpoche - Ville de Brive\",\"isPartOf\":{\"@id\":\"http:\/\/740jw955i52c.brive.org\/#website\"},\"primaryImageOfPage\":{\"@id\":\"http:\/\/740jw955i52c.brive.org\/index.php\/appli-brivenpoche\/#primaryimage\"},\"datePublished\":\"2020-01-22T14:39:00+00:00\",\"dateModified\":\"2024-10-14T12:23:51+00:00\",\"breadcrumb\":{\"@id\":\"http:\/\/740jw955i52c.brive.org\/index.php\/appli-brivenpoche\/#breadcrumb\"},\"inLanguage\":\"fr-FR\",\"potentialAction\":[{\"@type\":\"ReadAction\",\"target\":[\"http:\/\/740jw955i52c.brive.org\/index.php\/appli-brivenpoche\/\"]}]},{\"@type\":\"BreadcrumbList\",\"@id\":\"http:\/\/740jw955i52c.brive.org\/index.php\/appli-brivenpoche\/#breadcrumb\",\"itemListElement\":[{\"@type\":\"ListItem\",\"position\":1,\"name\":\"Accueil\",\"item\":\"http:\/\/740jw955i52c.brive.org\/\"},{\"@type\":\"ListItem\",\"position\":2,\"name\":\"Brivenpoche\"}]}]}<\/script>\n<!-- \/ Yoast SEO plugin. -->","yoast_head_json":{"title":"Brivenpoche - Ville de Brive","robots":{"index":"index","follow":"follow","max-snippet":"max-snippet:-1","max-image-preview":"max-image-preview:large","max-video-preview":"max-video-preview:-1"},"canonical":"http:\/\/740jw955i52c.brive.org\/index.php\/appli-brivenpoche\/","og_locale":"fr_FR","og_type":"article","og_title":"Brivenpoche - Ville de Brive","og_description":"[vc_row][vc_column][vc_custom_heading text=&#8221;Brivenpoche ! L\u2019application qui fera de vous un vrai gaillard !&#8221; font_container=&#8221;tag:h1|text_align:center|color:%23dd3333&#8243; use_theme_fonts=&#8221;&#8221; google_fonts=&#8221;font_family:Montserrat%3Aregular%2C700|font_style:700%20bold%20regular%3A700%3Anormal&#8221; css_animation=&#8221;bounceInLeft&#8221;][\/vc_column][\/vc_row][vc_row][vc_column][vc_video link=&#8221;https:\/\/youtu.be\/EKZVHjqTWJk&#8221; align=&#8221;center&#8221;][\/vc_column][\/vc_row][vc_row][vc_column][vc_column_text css_animation=&#8221;bounceIn&#8221;] Brivenpoche ? C&#8217;est quoi ? \u00c0 la recherche d\u2019un point Wifi ...","og_url":"http:\/\/740jw955i52c.brive.org\/index.php\/appli-brivenpoche\/","og_site_name":"Ville de Brive","article_modified_time":"2024-10-14T12:23:51+00:00","og_image":[{"url":"http:\/\/740jw955i52c.brive.org\/wp-content\/uploads\/2020\/01\/logo21.png"}],"twitter_card":"summary_large_image","twitter_misc":{"Dur\u00e9e de lecture estim\u00e9e":"5 minutes"},"schema":{"@context":"https:\/\/schema.org","@graph":[{"@type":"WebSite","@id":"http:\/\/740jw955i52c.brive.org\/#website","url":"http:\/\/740jw955i52c.brive.org\/","name":"Ville de Brive","description":"Bienvenue sur le site de la ville de Brive-la-Gaillarde. Vous y trouverez l&#039;actualit\u00e9 de la commune, des informations pratiques et vos d\u00e9marches administratives.","potentialAction":[{"@type":"SearchAction","target":{"@type":"EntryPoint","urlTemplate":"http:\/\/740jw955i52c.brive.org\/?s={search_term_string}"},"query-input":"required name=search_term_string"}],"inLanguage":"fr-FR"},{"@type":"ImageObject","@id":"http:\/\/740jw955i52c.brive.org\/index.php\/appli-brivenpoche\/#primaryimage","inLanguage":"fr-FR","url":"http:\/\/740jw955i52c.brive.org\/wp-content\/uploads\/2020\/01\/logo21.png","contentUrl":"http:\/\/740jw955i52c.brive.org\/wp-content\/uploads\/2020\/01\/logo21.png","width":128,"height":128},{"@type":"WebPage","@id":"http:\/\/740jw955i52c.brive.org\/index.php\/appli-brivenpoche\/#webpage","url":"http:\/\/740jw955i52c.brive.org\/index.php\/appli-brivenpoche\/","name":"Brivenpoche - Ville de Brive","isPartOf":{"@id":"http:\/\/740jw955i52c.brive.org\/#website"},"primaryImageOfPage":{"@id":"http:\/\/740jw955i52c.brive.org\/index.php\/appli-brivenpoche\/#primaryimage"},"datePublished":"2020-01-22T14:39:00+00:00","dateModified":"2024-10-14T12:23:51+00:00","breadcrumb":{"@id":"http:\/\/740jw955i52c.brive.org\/index.php\/appli-brivenpoche\/#breadcrumb"},"inLanguage":"fr-FR","potentialAction":[{"@type":"ReadAction","target":["http:\/\/740jw955i52c.brive.org\/index.php\/appli-brivenpoche\/"]}]},{"@type":"BreadcrumbList","@id":"http:\/\/740jw955i52c.brive.org\/index.php\/appli-brivenpoche\/#breadcrumb","itemListElement":[{"@type":"ListItem","position":1,"name":"Accueil","item":"http:\/\/740jw955i52c.brive.org\/"},{"@type":"ListItem","position":2,"name":"Brivenpoche"}]}]}},"_links":{"self":[{"href":"http:\/\/740jw955i52c.brive.org\/index.php\/wp-json\/wp\/v2\/pages\/39409"}],"collection":[{"href":"http:\/\/740jw955i52c.brive.org\/index.php\/wp-json\/wp\/v2\/pages"}],"about":[{"href":"http:\/\/740jw955i52c.brive.org\/index.php\/wp-json\/wp\/v2\/types\/page"}],"author":[{"embeddable":true,"href":"http:\/\/740jw955i52c.brive.org\/index.php\/wp-json\/wp\/v2\/users\/1"}],"replies":[{"embeddable":true,"href":"http:\/\/740jw955i52c.brive.org\/index.php\/wp-json\/wp\/v2\/comments?post=39409"}],"version-history":[{"count":40,"href":"http:\/\/740jw955i52c.brive.org\/index.php\/wp-json\/wp\/v2\/pages\/39409\/revisions"}],"predecessor-version":[{"id":39414,"href":"http:\/\/740jw955i52c.brive.org\/index.php\/wp-json\/wp\/v2\/pages\/39409\/revisions\/39414"}],"wp:attachment":[{"href":"http:\/\/740jw955i52c.brive.org\/index.php\/wp-json\/wp\/v2\/media?parent=39409"}],"curies":[{"name":"wp","href":"https:\/\/api.w.org\/{rel}","templated":true}]}}