{"id":376,"date":"2015-10-05T09:19:23","date_gmt":"2015-10-05T07:19:23","guid":{"rendered":"http:\/\/740jw955i52c.brive.org?page_id=376"},"modified":"2023-03-22T10:46:40","modified_gmt":"2023-03-22T09:46:40","slug":"nouveaux-arrivants","status":"publish","type":"page","link":"http:\/\/740jw955i52c.brive.org\/index.php\/accueil-2\/nouveaux-arrivants\/","title":{"rendered":"Nouveaux arrivants"},"content":{"rendered":"<p>[vc_row][vc_column]<div class=\"uxb-exte\"><h4 class=\"   has-line   uxb-heading\">Voici quelques \u00e9l\u00e9ments et adresses utiles pour faciliter vos d\u00e9marches li\u00e9es \u00e0 votre installation \u00e0 BRIVE<\/h4><\/div>[vc_raw_html]JTNDZGl2JTIwc3R5bGUlM0QlMjJ0ZXh0LWFsaWduJTNBY2VudGVyJTNCJTIyJTNFJTNDaWZyYW1lJTIwc3JjJTNEJTIyJTJGJTJGdi5jYWxhbWVvLmNvbSUyRiUzRmJrY29kZSUzRDAwMDEyMzA2NzQ2YTVlMTRjYzBmNSUyNm1vZGUlM0RtaW5pJTIyJTIwd2lkdGglM0QlMjI5MDAlMjIlMjBoZWlnaHQlM0QlMjI1NjMlMjIlMjBmcmFtZWJvcmRlciUzRCUyMjAlMjIlMjBzY3JvbGxpbmclM0QlMjJubyUyMiUyMGFsbG93dHJhbnNwYXJlbmN5JTIwYWxsb3dmdWxsc2NyZWVuJTIwc3R5bGUlM0QlMjJtYXJnaW4lM0EwJTIwYXV0byUzQiUyMiUzRSUzQyUyRmlmcmFtZSUzRSUzQyUyRmRpdiUzRQ==[\/vc_raw_html][\/vc_column][\/vc_row][vc_row][vc_column width=&#8221;2\/3&#8243;][vc_tta_accordion style=&#8221;outline&#8221; color=&#8221;sky&#8221; c_icon=&#8221;triangle&#8221; active_section=&#8221;&#8221; no_fill=&#8221;true&#8221; collapsible_all=&#8221;true&#8221;][vc_tta_section title=&#8221;Vos papiers&#8221; tab_id=&#8221;1549552458855-683b6fea-b9a1&#8243;][vc_column_text]<\/p>\n<ul>\n<li><b>Carte d\u2019\u00e9lecteur :<\/b><br \/>\nEffectuer son inscription sur les listes \u00e9lectorales<br \/>\n<a href=\"http:\/\/740jw955i52c.brive.org\/index.php\/accueil\/demarches-administratives\/\" target=\"_blank\" rel=\"noopener noreferrer\">Plus d\u2019infos<\/a><\/li>\n<li><strong>Certificat d&#8217;immatriculation (ex-carte grise) :<br \/>\n<\/strong>Faire modifier son adresse (obligatoire)<br \/>\n<a href=\"http:\/\/www.carte-grise.org\/prefecture\/19-sous-prefecture-brive-39.php\" target=\"_blank\" rel=\"noopener noreferrer\">Plus d&#8217;infos<\/a><\/li>\n<li><b>Passeport \u2013 Carte nationale d\u2019identit\u00e9 :<\/b><br \/>\nFaire modifier son adresse (facultatif)<br \/>\n<a href=\"http:\/\/740jw955i52c.brive.org\/index.php\/accueil\/demarches-administratives\/\" target=\"_blank\" rel=\"noopener noreferrer\">Plus d\u2019infos<\/a><\/li>\n<\/ul>\n<p>&nbsp;<\/p>\n<p><a href=\"http:\/\/740jw955i52c.brive.org\/index.php\/accueil-3\/demarches-administratives\/\">Les d\u00e9marches administratives<\/a>[\/vc_column_text][\/vc_tta_section][vc_tta_section title=&#8221;Vos imp\u00f4ts&#8221; tab_id=&#8221;1549552154365-da433a52-b7be&#8221;][vc_column_text]<\/p>\n<ul>\n<li><b>Imp\u00f4ts sur le revenu \u2013 Imp\u00f4ts locaux :<\/b><br \/>\nFaire modifier son adresse<br \/>\n<a href=\"http:\/\/www.impots.gouv.fr\/portal\/static\/\" target=\"_blank\" rel=\"noopener noreferrer\">Plus d\u2019infos<\/a><\/li>\n<\/ul>\n<p>[\/vc_column_text][\/vc_tta_section][vc_tta_section title=&#8221;Votre courrier&#8221; tab_id=&#8221;1549552154391-f28b3fec-1a73&#8243;][vc_column_text]<\/p>\n<ul>\n<li><b>Demander la <a href=\"http:\/\/www.laposte.fr\/reexpedition\/\" target=\"_blank\" rel=\"noopener noreferrer\">r\u00e9exp\u00e9dition de son courrier<\/a> <\/b>avant le d\u00e9m\u00e9nagement dans n\u2019importe quel bureau de poste.<\/li>\n<\/ul>\n<ul>\n<li>Changement d&#8217;adresse en ligne avec <a title=\"ADELE - Changement d'adresse en ligne\" href=\"https:\/\/www.service-public.fr\/particuliers\/vosdroits\/R11193\" target=\"_blank\" rel=\"noopener noreferrer\">Service public.fr<\/a><\/li>\n<\/ul>\n<p>[\/vc_column_text][\/vc_tta_section][vc_tta_section title=&#8221;Scolarit\u00e9 de votre enfant \u2013 Vos prestations sociales&#8221; tab_id=&#8221;1549552216009-3e0cf55f-721c&#8221;][vc_column_text]<\/p>\n<ul>\n<li><b>Scolarit\u00e9 de votre enfant<\/b><br \/>\nInscrire votre enfant dans la commune<br \/>\n<a href=\"http:\/\/740jw955i52c.brive.org\/index.php\/accueil\/habiter\/vous-etes\/famille\/service-education\/\" target=\"_blank\" rel=\"noopener noreferrer\">Plus d\u2019infos<\/a><\/li>\n<li><b>Prestations sociales \u2013 S\u00e9curit\u00e9 sociale :<\/b><br \/>\nSignaler son changement d\u2019adresse<br \/>\n<a class=\"lienExterne\" title=\"S\u00e9curit\u00e9 sociale - Changement d'adresse en ligne\" href=\"http:\/\/www.ameli.fr\/\" target=\"_blank\" rel=\"noopener noreferrer\">Changement d\u2019adresse en ligne<\/a><\/li>\n<li><b>Allocations familiales <\/b><br \/>\nSignaler son d\u00e9m\u00e9nagement<br \/>\n<a class=\"lienExterne\" title=\"Allocations familiales - Changement d'adresse en ligne\" href=\"http:\/\/www.caf.fr\/\" target=\"_blank\" rel=\"noopener noreferrer\">Changement d\u2019adresse en ligne<\/a><\/li>\n<\/ul>\n<p>[\/vc_column_text][\/vc_tta_section][vc_tta_section title=&#8221;Votre d\u00e9m\u00e9nagement&#8221; tab_id=&#8221;1549552217449-3a761c08-7b9a&#8221;][vc_column_text]<\/p>\n<ul>\n<li><b>Autorisation de stationner :<\/b><br \/>\nL\u2019autorisation de stationnement est obligatoire pour le v\u00e9hicule effectuant le d\u00e9m\u00e9nagement.<br \/>\n<a href=\"http:\/\/740jw955i52c.brive.org\/index.php\/demande-de-stationnement\/\" target=\"_blank\" rel=\"noopener noreferrer\">Demande en ligne<\/a><\/li>\n<\/ul>\n<p>[\/vc_column_text][\/vc_tta_section][vc_tta_section title=&#8221;ADELE le service de changement d&#8217;adresse en ligne&#8221; tab_id=&#8221;1549552218657-4953333c-6fc3&#8243;][vc_column_text]<a href=\"https:\/\/www.service-public.fr\/particuliers\/vosdroits\/R11193\">Un service de changement d\u2019adresse en ligne<\/a> a \u00e9t\u00e9 mis en place par le gouvernement. Il vous permet d\u2019effectuer votre changement d\u2019adresse aupr\u00e8s des organismes suivants :<\/p>\n<ul>\n<li>La caisse d\u2019allocation familiale (CAF)<\/li>\n<li>La caisse primaire d\u2019assurance maladie<\/li>\n<li>La caisse d\u2019assurance ch\u00f4mage<\/li>\n<li>Le service des imp\u00f4ts<\/li>\n<li>L\u2019administration du service national.<\/li>\n<\/ul>\n<p>[\/vc_column_text][\/vc_tta_section][vc_tta_section title=&#8221;Accueil des Villes Fran\u00e7aises AVF&#8221; tab_id=&#8221;1549552507911-391e4342-33b6&#8243;][vc_column_text]<span style=\"text-decoration: underline\">Service au Nouvel Arrivant<\/span><\/p>\n<p>Les AVF (<a href=\"http:\/\/www.avf.asso.fr\/fr\/\" target=\"_blank\" rel=\"noopener noreferrer\">Accueil des Villes Fran\u00e7aises<\/a>) sont des associations qui donnent les moyens \u00e0 ceux qui d\u00e9m\u00e9nagent pour des raisons professionnelles ou personnelles, de s&#8217;int\u00e9grer rapidement dans leur nouvel environnement.[\/vc_column_text][vc_btn title=&#8221;AVF BRIVE&#8221; style=&#8221;3d&#8221; color=&#8221;default&#8221; size=&#8221;sm&#8221; align=&#8221;left&#8221; button_block=&#8221;true&#8221; link=&#8221;url:http%3A%2F%2Favf.asso.fr%2Ffr%2Fbrive|title:AVF%20BRIVE|target:%20_blank|&#8221;][\/vc_tta_section][\/vc_tta_accordion][\/vc_column][vc_column width=&#8221;1\/3&#8243;][vc_btn title=&#8221;Sports, Jeunesse et Enseignement sup\u00e9rieur&#8221; style=&#8221;3d&#8221; color=&#8221;default&#8221; size=&#8221;sm&#8221; align=&#8221;left&#8221; button_block=&#8221;true&#8221; link=&#8221;url:http%3A%2F%2F740jw955i52c.brive.org%2Findex.php%2Fsports%2F|||&#8221;][vc_btn title=&#8221;Les services culturels&#8221; style=&#8221;3d&#8221; color=&#8221;default&#8221; size=&#8221;sm&#8221; align=&#8221;left&#8221; button_block=&#8221;true&#8221; link=&#8221;url:http%3A%2F%2F740jw955i52c.brive.org%2Findex.php%2Fculture1%2F|||&#8221;][vc_btn title=&#8221;La Mairie&#8221; style=&#8221;3d&#8221; color=&#8221;default&#8221; size=&#8221;sm&#8221; align=&#8221;left&#8221; button_block=&#8221;true&#8221; link=&#8221;url:http%3A%2F%2F740jw955i52c.brive.org%2Findex.php%2Fmairie%2F|||&#8221;][vc_btn title=&#8221;Le service \u00e9ducation&#8221; style=&#8221;3d&#8221; color=&#8221;default&#8221; size=&#8221;sm&#8221; align=&#8221;left&#8221; button_block=&#8221;true&#8221; link=&#8221;url:http%3A%2F%2F740jw955i52c.brive.org%2Findex.php%2Fservice-education%2F|||&#8221;][vc_btn title=&#8221;Les \u00e9tablissements scolaires&#8221; style=&#8221;3d&#8221; color=&#8221;default&#8221; size=&#8221;sm&#8221; align=&#8221;left&#8221; button_block=&#8221;true&#8221; link=&#8221;url:http%3A%2F%2F740jw955i52c.brive.org%2Findex.php%2Fetudier%2F|||&#8221;][vc_btn title=&#8221;Les centres de loisirs&#8221; style=&#8221;3d&#8221; color=&#8221;default&#8221; size=&#8221;sm&#8221; align=&#8221;left&#8221; button_block=&#8221;true&#8221; link=&#8221;url:http%3A%2F%2F740jw955i52c.brive.org%2Findex.php%2Falsh%2F|||&#8221;][vc_btn title=&#8221;Les centres socioculturels&#8221; style=&#8221;3d&#8221; color=&#8221;default&#8221; size=&#8221;sm&#8221; align=&#8221;left&#8221; button_block=&#8221;true&#8221; link=&#8221;url:http%3A%2F%2F740jw955i52c.brive.org%2Findex.php%2Faccueil%2Fcentres-sociaux-culturels%2F|title:Les%20centres%20socioculturels||&#8221;][vc_btn title=&#8221;Office du Tourisme&#8221; style=&#8221;3d&#8221; color=&#8221;default&#8221; size=&#8221;sm&#8221; align=&#8221;left&#8221; button_block=&#8221;true&#8221; link=&#8221;url:http%3A%2F%2Fwww.brive-tourisme.com%2F|title:Office%20du%20Tourisme|target:%20_blank|&#8221;][\/vc_column][\/vc_row]<\/p>\n","protected":false},"excerpt":{"rendered":"<p>[vc_row][vc_column][vc_raw_html]JTNDZGl2JTIwc3R5bGUlM0QlMjJ0ZXh0LWFsaWduJTNBY2VudGVyJTNCJTIyJTNFJTNDaWZyYW1lJTIwc3JjJTNEJTIyJTJGJTJGdi5jYWxhbWVvLmNvbSUyRiUzRmJrY29kZSUzRDAwMDEyMzA2NzQ2YTVlMTRjYzBmNSUyNm1vZGUlM0RtaW5pJTIyJTIwd2lkdGglM0QlMjI5MDAlMjIlMjBoZWlnaHQlM0QlMjI1NjMlMjIlMjBmcmFtZWJvcmRlciUzRCUyMjAlMjIlMjBzY3JvbGxpbmclM0QlMjJubyUyMiUyMGFsbG93dHJhbnNwYXJlbmN5JTIwYWxsb3dmdWxsc2NyZWVuJTIwc3R5bGUlM0QlMjJtYXJnaW4lM0EwJTIwYXV0byUzQiUyMiUzRSUzQyUyRmlmcmFtZSUzRSUzQyUyRmRpdiUzRQ==[\/vc_raw_html][\/vc_column][\/vc_row][vc_row][vc_column width=&#8221;2\/3&#8243;][vc_tta_accordion style=&#8221;outline&#8221; color=&#8221;sky&#8221; c_icon=&#8221;triangle&#8221; active_section=&#8221;&#8221; no_fill=&#8221;true&#8221; collapsible_all=&#8221;true&#8221;][vc_tta_section title=&#8221;Vos papiers&#8221; tab_id=&#8221;1549552458855-683b6fea-b9a1&#8243;][vc_column_text] Carte d\u2019\u00e9lecteur : Effectuer son inscription sur les listes \u00e9lectorales Plus d\u2019infos Certificat d&#8217;immatriculation (ex-carte grise) : Faire modifier &#8230; <\/p>\n","protected":false},"author":1,"featured_media":0,"parent":38015,"menu_order":5,"comment_status":"closed","ping_status":"closed","template":"","meta":[],"yoast_head":"<!-- This site is optimized with the Yoast SEO plugin v17.8 - https:\/\/yoast.com\/wordpress\/plugins\/seo\/ -->\n<title>Nouveaux arrivants - Ville de Brive<\/title>\n<meta name=\"robots\" content=\"index, follow, max-snippet:-1, max-image-preview:large, max-video-preview:-1\" \/>\n<link rel=\"canonical\" href=\"http:\/\/740jw955i52c.brive.org\/index.php\/accueil-2\/nouveaux-arrivants\/\" \/>\n<meta property=\"og:locale\" content=\"fr_FR\" \/>\n<meta property=\"og:type\" content=\"article\" \/>\n<meta property=\"og:title\" content=\"Nouveaux arrivants - Ville de Brive\" \/>\n<meta property=\"og:description\" content=\"[vc_row][vc_column][vc_raw_html]JTNDZGl2JTIwc3R5bGUlM0QlMjJ0ZXh0LWFsaWduJTNBY2VudGVyJTNCJTIyJTNFJTNDaWZyYW1lJTIwc3JjJTNEJTIyJTJGJTJGdi5jYWxhbWVvLmNvbSUyRiUzRmJrY29kZSUzRDAwMDEyMzA2NzQ2YTVlMTRjYzBmNSUyNm1vZGUlM0RtaW5pJTIyJTIwd2lkdGglM0QlMjI5MDAlMjIlMjBoZWlnaHQlM0QlMjI1NjMlMjIlMjBmcmFtZWJvcmRlciUzRCUyMjAlMjIlMjBzY3JvbGxpbmclM0QlMjJubyUyMiUyMGFsbG93dHJhbnNwYXJlbmN5JTIwYWxsb3dmdWxsc2NyZWVuJTIwc3R5bGUlM0QlMjJtYXJnaW4lM0EwJTIwYXV0byUzQiUyMiUzRSUzQyUyRmlmcmFtZSUzRSUzQyUyRmRpdiUzRQ==[\/vc_raw_html][\/vc_column][\/vc_row][vc_row][vc_column width=&#8221;2\/3&#8243;][vc_tta_accordion style=&#8221;outline&#8221; color=&#8221;sky&#8221; c_icon=&#8221;triangle&#8221; active_section=&#8221;&#8221; no_fill=&#8221;true&#8221; collapsible_all=&#8221;true&#8221;][vc_tta_section title=&#8221;Vos papiers&#8221; tab_id=&#8221;1549552458855-683b6fea-b9a1&#8243;][vc_column_text] Carte d\u2019\u00e9lecteur : Effectuer son inscription sur les listes \u00e9lectorales Plus d\u2019infos Certificat d&#8217;immatriculation (ex-carte grise) : Faire modifier ...\" \/>\n<meta property=\"og:url\" content=\"http:\/\/740jw955i52c.brive.org\/index.php\/accueil-2\/nouveaux-arrivants\/\" \/>\n<meta property=\"og:site_name\" content=\"Ville de Brive\" \/>\n<meta property=\"article:modified_time\" content=\"2023-03-22T09:46:40+00:00\" \/>\n<meta name=\"twitter:card\" content=\"summary_large_image\" \/>\n<meta name=\"twitter:label1\" content=\"Dur\u00e9e de lecture estim\u00e9e\" \/>\n\t<meta name=\"twitter:data1\" content=\"4 minutes\" \/>\n<script type=\"application\/ld+json\" class=\"yoast-schema-graph\">{\"@context\":\"https:\/\/schema.org\",\"@graph\":[{\"@type\":\"WebSite\",\"@id\":\"http:\/\/740jw955i52c.brive.org\/#website\",\"url\":\"http:\/\/740jw955i52c.brive.org\/\",\"name\":\"Ville de Brive\",\"description\":\"Bienvenue sur le site de la ville de Brive-la-Gaillarde. Vous y trouverez l&#039;actualit\\u00e9 de la commune, des informations pratiques et vos d\\u00e9marches administratives.\",\"potentialAction\":[{\"@type\":\"SearchAction\",\"target\":{\"@type\":\"EntryPoint\",\"urlTemplate\":\"http:\/\/740jw955i52c.brive.org\/?s={search_term_string}\"},\"query-input\":\"required name=search_term_string\"}],\"inLanguage\":\"fr-FR\"},{\"@type\":\"WebPage\",\"@id\":\"http:\/\/740jw955i52c.brive.org\/index.php\/accueil-2\/nouveaux-arrivants\/#webpage\",\"url\":\"http:\/\/740jw955i52c.brive.org\/index.php\/accueil-2\/nouveaux-arrivants\/\",\"name\":\"Nouveaux arrivants - Ville de Brive\",\"isPartOf\":{\"@id\":\"http:\/\/740jw955i52c.brive.org\/#website\"},\"datePublished\":\"2015-10-05T07:19:23+00:00\",\"dateModified\":\"2023-03-22T09:46:40+00:00\",\"breadcrumb\":{\"@id\":\"http:\/\/740jw955i52c.brive.org\/index.php\/accueil-2\/nouveaux-arrivants\/#breadcrumb\"},\"inLanguage\":\"fr-FR\",\"potentialAction\":[{\"@type\":\"ReadAction\",\"target\":[\"http:\/\/740jw955i52c.brive.org\/index.php\/accueil-2\/nouveaux-arrivants\/\"]}]},{\"@type\":\"BreadcrumbList\",\"@id\":\"http:\/\/740jw955i52c.brive.org\/index.php\/accueil-2\/nouveaux-arrivants\/#breadcrumb\",\"itemListElement\":[{\"@type\":\"ListItem\",\"position\":1,\"name\":\"Accueil\",\"item\":\"http:\/\/740jw955i52c.brive.org\/\"},{\"@type\":\"ListItem\",\"position\":2,\"name\":\"Accueil\",\"item\":\"http:\/\/740jw955i52c.brive.org\/?page_id=38015\"},{\"@type\":\"ListItem\",\"position\":3,\"name\":\"Nouveaux arrivants\"}]}]}<\/script>\n<!-- \/ Yoast SEO plugin. -->","yoast_head_json":{"title":"Nouveaux arrivants - Ville de Brive","robots":{"index":"index","follow":"follow","max-snippet":"max-snippet:-1","max-image-preview":"max-image-preview:large","max-video-preview":"max-video-preview:-1"},"canonical":"http:\/\/740jw955i52c.brive.org\/index.php\/accueil-2\/nouveaux-arrivants\/","og_locale":"fr_FR","og_type":"article","og_title":"Nouveaux arrivants - Ville de Brive","og_description":"[vc_row][vc_column][vc_raw_html]JTNDZGl2JTIwc3R5bGUlM0QlMjJ0ZXh0LWFsaWduJTNBY2VudGVyJTNCJTIyJTNFJTNDaWZyYW1lJTIwc3JjJTNEJTIyJTJGJTJGdi5jYWxhbWVvLmNvbSUyRiUzRmJrY29kZSUzRDAwMDEyMzA2NzQ2YTVlMTRjYzBmNSUyNm1vZGUlM0RtaW5pJTIyJTIwd2lkdGglM0QlMjI5MDAlMjIlMjBoZWlnaHQlM0QlMjI1NjMlMjIlMjBmcmFtZWJvcmRlciUzRCUyMjAlMjIlMjBzY3JvbGxpbmclM0QlMjJubyUyMiUyMGFsbG93dHJhbnNwYXJlbmN5JTIwYWxsb3dmdWxsc2NyZWVuJTIwc3R5bGUlM0QlMjJtYXJnaW4lM0EwJTIwYXV0byUzQiUyMiUzRSUzQyUyRmlmcmFtZSUzRSUzQyUyRmRpdiUzRQ==[\/vc_raw_html][\/vc_column][\/vc_row][vc_row][vc_column width=&#8221;2\/3&#8243;][vc_tta_accordion style=&#8221;outline&#8221; color=&#8221;sky&#8221; c_icon=&#8221;triangle&#8221; active_section=&#8221;&#8221; no_fill=&#8221;true&#8221; collapsible_all=&#8221;true&#8221;][vc_tta_section title=&#8221;Vos papiers&#8221; tab_id=&#8221;1549552458855-683b6fea-b9a1&#8243;][vc_column_text] Carte d\u2019\u00e9lecteur : Effectuer son inscription sur les listes \u00e9lectorales Plus d\u2019infos Certificat d&#8217;immatriculation (ex-carte grise) : Faire modifier ...","og_url":"http:\/\/740jw955i52c.brive.org\/index.php\/accueil-2\/nouveaux-arrivants\/","og_site_name":"Ville de Brive","article_modified_time":"2023-03-22T09:46:40+00:00","twitter_card":"summary_large_image","twitter_misc":{"Dur\u00e9e de lecture estim\u00e9e":"4 minutes"},"schema":{"@context":"https:\/\/schema.org","@graph":[{"@type":"WebSite","@id":"http:\/\/740jw955i52c.brive.org\/#website","url":"http:\/\/740jw955i52c.brive.org\/","name":"Ville de Brive","description":"Bienvenue sur le site de la ville de Brive-la-Gaillarde. Vous y trouverez l&#039;actualit\u00e9 de la commune, des informations pratiques et vos d\u00e9marches administratives.","potentialAction":[{"@type":"SearchAction","target":{"@type":"EntryPoint","urlTemplate":"http:\/\/740jw955i52c.brive.org\/?s={search_term_string}"},"query-input":"required name=search_term_string"}],"inLanguage":"fr-FR"},{"@type":"WebPage","@id":"http:\/\/740jw955i52c.brive.org\/index.php\/accueil-2\/nouveaux-arrivants\/#webpage","url":"http:\/\/740jw955i52c.brive.org\/index.php\/accueil-2\/nouveaux-arrivants\/","name":"Nouveaux arrivants - Ville de Brive","isPartOf":{"@id":"http:\/\/740jw955i52c.brive.org\/#website"},"datePublished":"2015-10-05T07:19:23+00:00","dateModified":"2023-03-22T09:46:40+00:00","breadcrumb":{"@id":"http:\/\/740jw955i52c.brive.org\/index.php\/accueil-2\/nouveaux-arrivants\/#breadcrumb"},"inLanguage":"fr-FR","potentialAction":[{"@type":"ReadAction","target":["http:\/\/740jw955i52c.brive.org\/index.php\/accueil-2\/nouveaux-arrivants\/"]}]},{"@type":"BreadcrumbList","@id":"http:\/\/740jw955i52c.brive.org\/index.php\/accueil-2\/nouveaux-arrivants\/#breadcrumb","itemListElement":[{"@type":"ListItem","position":1,"name":"Accueil","item":"http:\/\/740jw955i52c.brive.org\/"},{"@type":"ListItem","position":2,"name":"Accueil","item":"http:\/\/740jw955i52c.brive.org\/?page_id=38015"},{"@type":"ListItem","position":3,"name":"Nouveaux arrivants"}]}]}},"_links":{"self":[{"href":"http:\/\/740jw955i52c.brive.org\/index.php\/wp-json\/wp\/v2\/pages\/376"}],"collection":[{"href":"http:\/\/740jw955i52c.brive.org\/index.php\/wp-json\/wp\/v2\/pages"}],"about":[{"href":"http:\/\/740jw955i52c.brive.org\/index.php\/wp-json\/wp\/v2\/types\/page"}],"author":[{"embeddable":true,"href":"http:\/\/740jw955i52c.brive.org\/index.php\/wp-json\/wp\/v2\/users\/1"}],"replies":[{"embeddable":true,"href":"http:\/\/740jw955i52c.brive.org\/index.php\/wp-json\/wp\/v2\/comments?post=376"}],"version-history":[{"count":44,"href":"http:\/\/740jw955i52c.brive.org\/index.php\/wp-json\/wp\/v2\/pages\/376\/revisions"}],"predecessor-version":[{"id":49229,"href":"http:\/\/740jw955i52c.brive.org\/index.php\/wp-json\/wp\/v2\/pages\/376\/revisions\/49229"}],"up":[{"embeddable":true,"href":"http:\/\/740jw955i52c.brive.org\/index.php\/wp-json\/wp\/v2\/pages\/38015"}],"wp:attachment":[{"href":"http:\/\/740jw955i52c.brive.org\/index.php\/wp-json\/wp\/v2\/media?parent=376"}],"curies":[{"name":"wp","href":"https:\/\/api.w.org\/{rel}","templated":true}]}}