{"id":302,"date":"2015-10-05T08:52:24","date_gmt":"2015-10-05T06:52:24","guid":{"rendered":"http:\/\/740jw955i52c.brive.org?page_id=302"},"modified":"2024-08-29T11:26:13","modified_gmt":"2024-08-29T09:26:13","slug":"pass-sport","status":"publish","type":"page","link":"http:\/\/740jw955i52c.brive.org\/index.php\/pass-sport\/","title":{"rendered":"Pass&#8217;Sport"},"content":{"rendered":"<p>[vc_row][vc_column width=&#8221;1\/2&#8243;][vc_empty_space][vc_column_text]<\/p>\n<p style=\"text-align: justify\">La Ville de Brive et le Centre Communal d&#8217;Action Sociale, en collaboration avec l&#8217;Office Municipal des Sports et l&#8217;ensemble des clubs et associations sportives brivistes, souhaitent <strong>encourager la pratique du sport<\/strong> pour les brivistes de tous \u00e2ges, en fonction de crit\u00e8res de ressources.<\/p>\n<p style=\"text-align: justify\"><strong>Le pass sport<\/strong> est un dispositif qui vise \u00e0 aider les brivistes ayant des revenus modestes \u00e0 acc\u00e9der \u00e0 une activit\u00e9 sportive avec une prise en charge du co\u00fbt de la licence et de la cotisation en fonction des ressources et dans la limite <strong>de 50 ou 80 euros<\/strong>, selon les ressources du foyer.<\/p>\n<p>[\/vc_column_text][vc_cta h2=&#8221;Docs \u00e0 t\u00e9l\u00e9charger :&#8221;]\u25b6 <a href=\"http:\/\/740jw955i52c.brive.org\/wp-content\/uploads\/2024\/08\/Pass-sport-2024-25-XPress.pdf\" target=\"_blank\" rel=\"noopener\">Pass sport 2024-25 Ville de Brive<\/a><\/p>\n<p>\u25b6 <a href=\"http:\/\/740jw955i52c.brive.org\/wp-content\/uploads\/2024\/08\/Pass-Sport-2024-2025-Attestation-Club-Brive.pdf\" target=\"_blank\" rel=\"noopener\">Pass Sport 2024-2025 &#8211; Attestation Club &#8211; Brive<\/a>[\/vc_cta][\/vc_column][vc_column width=&#8221;1\/2&#8243;][vc_single_image image=&#8221;53235&#8243; onclick=&#8221;custom_link&#8221; img_link_target=&#8221;_blank&#8221; link=&#8221;http:\/\/740jw955i52c.brive.org\/wp-content\/uploads\/2024\/08\/Pass-sport-2024-25-XPress.pdf&#8221;][\/vc_column][\/vc_row][vc_row][vc_column width=&#8221;1\/4&#8243;][vc_btn title=&#8221;Retour&#8221; style=&#8221;classic&#8221; shape=&#8221;rounded&#8221; size=&#8221;sm&#8221; align=&#8221;left&#8221; link=&#8221;url:http%3A%2F%2F740jw955i52c.brive.org%2Findex.php%2Fsports%2F||&#8221;][\/vc_column][vc_column width=&#8221;1\/4&#8243;][vc_column_text]<br \/>\n[\/vc_column_text][\/vc_column][vc_column width=&#8221;1\/4&#8243;][vc_column_text]<br \/>\n[\/vc_column_text][\/vc_column][vc_column width=&#8221;1\/4&#8243;][vc_column_text]<br \/>\n[\/vc_column_text][\/vc_column][\/vc_row]<\/p>\n","protected":false},"excerpt":{"rendered":"<p>[vc_row][vc_column width=&#8221;1\/2&#8243;][vc_empty_space][vc_column_text] La Ville de Brive et le Centre Communal d&#8217;Action Sociale, en collaboration avec l&#8217;Office Municipal des Sports et l&#8217;ensemble des clubs et associations sportives brivistes, souhaitent encourager la &#8230; <\/p>\n","protected":false},"author":3,"featured_media":0,"parent":0,"menu_order":0,"comment_status":"closed","ping_status":"closed","template":"","meta":[],"yoast_head":"<!-- This site is optimized with the Yoast SEO plugin v17.8 - https:\/\/yoast.com\/wordpress\/plugins\/seo\/ -->\n<title>Pass&#039;Sport - Ville de Brive<\/title>\n<meta name=\"robots\" content=\"index, follow, max-snippet:-1, max-image-preview:large, max-video-preview:-1\" \/>\n<link rel=\"canonical\" href=\"http:\/\/740jw955i52c.brive.org\/index.php\/pass-sport\/\" \/>\n<meta property=\"og:locale\" content=\"fr_FR\" \/>\n<meta property=\"og:type\" content=\"article\" \/>\n<meta property=\"og:title\" content=\"Pass&#039;Sport - Ville de Brive\" \/>\n<meta property=\"og:description\" content=\"[vc_row][vc_column width=&#8221;1\/2&#8243;][vc_empty_space][vc_column_text] La Ville de Brive et le Centre Communal d&#8217;Action Sociale, en collaboration avec l&#8217;Office Municipal des Sports et l&#8217;ensemble des clubs et associations sportives brivistes, souhaitent encourager la ...\" \/>\n<meta property=\"og:url\" content=\"http:\/\/740jw955i52c.brive.org\/index.php\/pass-sport\/\" \/>\n<meta property=\"og:site_name\" content=\"Ville de Brive\" \/>\n<meta property=\"article:modified_time\" content=\"2024-08-29T09:26:13+00:00\" \/>\n<meta name=\"twitter:card\" content=\"summary_large_image\" \/>\n<meta name=\"twitter:label1\" content=\"Dur\u00e9e de lecture estim\u00e9e\" \/>\n\t<meta name=\"twitter:data1\" content=\"1 minute\" \/>\n<script type=\"application\/ld+json\" class=\"yoast-schema-graph\">{\"@context\":\"https:\/\/schema.org\",\"@graph\":[{\"@type\":\"WebSite\",\"@id\":\"http:\/\/740jw955i52c.brive.org\/#website\",\"url\":\"http:\/\/740jw955i52c.brive.org\/\",\"name\":\"Ville de Brive\",\"description\":\"Bienvenue sur le site de la ville de Brive-la-Gaillarde. Vous y trouverez l&#039;actualit\\u00e9 de la commune, des informations pratiques et vos d\\u00e9marches administratives.\",\"potentialAction\":[{\"@type\":\"SearchAction\",\"target\":{\"@type\":\"EntryPoint\",\"urlTemplate\":\"http:\/\/740jw955i52c.brive.org\/?s={search_term_string}\"},\"query-input\":\"required name=search_term_string\"}],\"inLanguage\":\"fr-FR\"},{\"@type\":\"WebPage\",\"@id\":\"http:\/\/740jw955i52c.brive.org\/index.php\/pass-sport\/#webpage\",\"url\":\"http:\/\/740jw955i52c.brive.org\/index.php\/pass-sport\/\",\"name\":\"Pass'Sport - Ville de Brive\",\"isPartOf\":{\"@id\":\"http:\/\/740jw955i52c.brive.org\/#website\"},\"datePublished\":\"2015-10-05T06:52:24+00:00\",\"dateModified\":\"2024-08-29T09:26:13+00:00\",\"breadcrumb\":{\"@id\":\"http:\/\/740jw955i52c.brive.org\/index.php\/pass-sport\/#breadcrumb\"},\"inLanguage\":\"fr-FR\",\"potentialAction\":[{\"@type\":\"ReadAction\",\"target\":[\"http:\/\/740jw955i52c.brive.org\/index.php\/pass-sport\/\"]}]},{\"@type\":\"BreadcrumbList\",\"@id\":\"http:\/\/740jw955i52c.brive.org\/index.php\/pass-sport\/#breadcrumb\",\"itemListElement\":[{\"@type\":\"ListItem\",\"position\":1,\"name\":\"Accueil\",\"item\":\"http:\/\/740jw955i52c.brive.org\/\"},{\"@type\":\"ListItem\",\"position\":2,\"name\":\"Pass&#8217;Sport\"}]}]}<\/script>\n<!-- \/ Yoast SEO plugin. -->","yoast_head_json":{"title":"Pass'Sport - Ville de Brive","robots":{"index":"index","follow":"follow","max-snippet":"max-snippet:-1","max-image-preview":"max-image-preview:large","max-video-preview":"max-video-preview:-1"},"canonical":"http:\/\/740jw955i52c.brive.org\/index.php\/pass-sport\/","og_locale":"fr_FR","og_type":"article","og_title":"Pass'Sport - Ville de Brive","og_description":"[vc_row][vc_column width=&#8221;1\/2&#8243;][vc_empty_space][vc_column_text] La Ville de Brive et le Centre Communal d&#8217;Action Sociale, en collaboration avec l&#8217;Office Municipal des Sports et l&#8217;ensemble des clubs et associations sportives brivistes, souhaitent encourager la ...","og_url":"http:\/\/740jw955i52c.brive.org\/index.php\/pass-sport\/","og_site_name":"Ville de Brive","article_modified_time":"2024-08-29T09:26:13+00:00","twitter_card":"summary_large_image","twitter_misc":{"Dur\u00e9e de lecture estim\u00e9e":"1 minute"},"schema":{"@context":"https:\/\/schema.org","@graph":[{"@type":"WebSite","@id":"http:\/\/740jw955i52c.brive.org\/#website","url":"http:\/\/740jw955i52c.brive.org\/","name":"Ville de Brive","description":"Bienvenue sur le site de la ville de Brive-la-Gaillarde. Vous y trouverez l&#039;actualit\u00e9 de la commune, des informations pratiques et vos d\u00e9marches administratives.","potentialAction":[{"@type":"SearchAction","target":{"@type":"EntryPoint","urlTemplate":"http:\/\/740jw955i52c.brive.org\/?s={search_term_string}"},"query-input":"required name=search_term_string"}],"inLanguage":"fr-FR"},{"@type":"WebPage","@id":"http:\/\/740jw955i52c.brive.org\/index.php\/pass-sport\/#webpage","url":"http:\/\/740jw955i52c.brive.org\/index.php\/pass-sport\/","name":"Pass'Sport - Ville de Brive","isPartOf":{"@id":"http:\/\/740jw955i52c.brive.org\/#website"},"datePublished":"2015-10-05T06:52:24+00:00","dateModified":"2024-08-29T09:26:13+00:00","breadcrumb":{"@id":"http:\/\/740jw955i52c.brive.org\/index.php\/pass-sport\/#breadcrumb"},"inLanguage":"fr-FR","potentialAction":[{"@type":"ReadAction","target":["http:\/\/740jw955i52c.brive.org\/index.php\/pass-sport\/"]}]},{"@type":"BreadcrumbList","@id":"http:\/\/740jw955i52c.brive.org\/index.php\/pass-sport\/#breadcrumb","itemListElement":[{"@type":"ListItem","position":1,"name":"Accueil","item":"http:\/\/740jw955i52c.brive.org\/"},{"@type":"ListItem","position":2,"name":"Pass&#8217;Sport"}]}]}},"_links":{"self":[{"href":"http:\/\/740jw955i52c.brive.org\/index.php\/wp-json\/wp\/v2\/pages\/302"}],"collection":[{"href":"http:\/\/740jw955i52c.brive.org\/index.php\/wp-json\/wp\/v2\/pages"}],"about":[{"href":"http:\/\/740jw955i52c.brive.org\/index.php\/wp-json\/wp\/v2\/types\/page"}],"author":[{"embeddable":true,"href":"http:\/\/740jw955i52c.brive.org\/index.php\/wp-json\/wp\/v2\/users\/3"}],"replies":[{"embeddable":true,"href":"http:\/\/740jw955i52c.brive.org\/index.php\/wp-json\/wp\/v2\/comments?post=302"}],"version-history":[{"count":58,"href":"http:\/\/740jw955i52c.brive.org\/index.php\/wp-json\/wp\/v2\/pages\/302\/revisions"}],"predecessor-version":[{"id":53275,"href":"http:\/\/740jw955i52c.brive.org\/index.php\/wp-json\/wp\/v2\/pages\/302\/revisions\/53275"}],"wp:attachment":[{"href":"http:\/\/740jw955i52c.brive.org\/index.php\/wp-json\/wp\/v2\/media?parent=302"}],"curies":[{"name":"wp","href":"https:\/\/api.w.org\/{rel}","templated":true}]}}