{"id":29611,"date":"2017-12-20T16:00:42","date_gmt":"2017-12-20T15:00:42","guid":{"rendered":"http:\/\/740jw955i52c.brive.org\/?page_id=29611"},"modified":"2019-01-11T11:36:36","modified_gmt":"2019-01-11T10:36:36","slug":"occupation-domaine-public","status":"publish","type":"page","link":"http:\/\/740jw955i52c.brive.org\/index.php\/occupation-domaine-public\/","title":{"rendered":"Occupation du domaine public"},"content":{"rendered":"<p>[vc_row css=&#8221;.vc_custom_1547202942602{background-color: #ededed !important;}&#8221;][vc_column][vc_row_inner][vc_column_inner]<div class=\"uxb-exte\"><h2 class=\" h-center  has-line   uxb-heading\">Demande d'autorisation d'occupation du domaine public pour travaux<\/h2><\/div>[vc_column_text]<\/p>\n<h4 style=\"text-align: center\"><em><span style=\"color: #ff0000\">Transmettre votre demande \u00e0 la Mairie minimum 10 jours avant le d\u00e9but des travaux<\/span><\/em><\/h4>\n<p>[\/vc_column_text][\/vc_column_inner][\/vc_row_inner][vc_row_inner][vc_column_inner width=&#8221;5\/6&#8243;]<div class=\"wpforms-container wpforms-container-full\" id=\"wpforms-31759\"><form id=\"wpforms-form-31759\" class=\"wpforms-validate wpforms-form\" data-formid=\"31759\" method=\"post\" enctype=\"multipart\/form-data\" action=\"\/index.php\/wp-json\/wp\/v2\/pages\/29611\" data-token=\"c0fadeddca65f8400560ce1a03ff685e\"><noscript class=\"wpforms-error-noscript\">Veuillez activer JavaScript dans votre navigateur pour remplir ce formulaire.<\/noscript><div class=\"wpforms-field-container\"><div id=\"wpforms-31759-field_6-container\" class=\"wpforms-field wpforms-field-textarea\" data-field-id=\"6\"><label class=\"wpforms-field-label\" for=\"wpforms-31759-field_6\">Nom et adresse postale (num\u00e9ro, rue, ville, code postal)  de l&#039;entreprise r\u00e9alisant les travaux <span class=\"wpforms-required-label\">*<\/span><\/label><textarea id=\"wpforms-31759-field_6\" class=\"wpforms-field-small wpforms-field-required\" name=\"wpforms[fields][6]\" required><\/textarea><\/div><div id=\"wpforms-31759-field_17-container\" class=\"wpforms-field wpforms-field-text\" data-field-id=\"17\"><label class=\"wpforms-field-label\" for=\"wpforms-31759-field_17\">T\u00e9l\u00e9phone de l&#039;entreprise <span class=\"wpforms-required-label\">*<\/span><\/label><input type=\"text\" id=\"wpforms-31759-field_17\" class=\"wpforms-field-small wpforms-field-required\" name=\"wpforms[fields][17]\" required><\/div><div id=\"wpforms-31759-field_18-container\" class=\"wpforms-field wpforms-field-email\" data-field-id=\"18\"><label class=\"wpforms-field-label\" for=\"wpforms-31759-field_18\">Mail de l&#039;entreprise <span class=\"wpforms-required-label\">*<\/span><\/label><input type=\"email\" id=\"wpforms-31759-field_18\" class=\"wpforms-field-medium wpforms-field-required\" name=\"wpforms[fields][18]\" required><\/div><div id=\"wpforms-31759-field_22-container\" class=\"wpforms-field wpforms-field-text\" data-field-id=\"22\"><label class=\"wpforms-field-label\" for=\"wpforms-31759-field_22\">Nature et besoins des travaux <span class=\"wpforms-required-label\">*<\/span><\/label><input type=\"text\" id=\"wpforms-31759-field_22\" class=\"wpforms-field-large wpforms-field-required\" name=\"wpforms[fields][22]\" required><\/div><div id=\"wpforms-31759-field_26-container\" class=\"wpforms-field wpforms-field-text\" data-field-id=\"26\"><label class=\"wpforms-field-label\" for=\"wpforms-31759-field_26\">Dates des travaux <span class=\"wpforms-required-label\">*<\/span><\/label><input type=\"text\" id=\"wpforms-31759-field_26\" class=\"wpforms-field-medium wpforms-field-required\" name=\"wpforms[fields][26]\" required><\/div><div id=\"wpforms-31759-field_19-container\" class=\"wpforms-field wpforms-field-text\" data-field-id=\"19\"><label class=\"wpforms-field-label\" for=\"wpforms-31759-field_19\">Nom de la personne pour laquelle sont r\u00e9alis\u00e9s les travaux (client) et adresse du chantier <span class=\"wpforms-required-label\">*<\/span><\/label><input type=\"text\" id=\"wpforms-31759-field_19\" class=\"wpforms-field-medium wpforms-field-required\" name=\"wpforms[fields][19]\" required><\/div><div id=\"wpforms-31759-field_10-container\" class=\"wpforms-field wpforms-field-text\" data-field-id=\"10\"><label class=\"wpforms-field-label\" for=\"wpforms-31759-field_10\">Num\u00e9ro de SIRET ou nom, pr\u00e9nom et adresse de la personne \u00e0 qui envoyer la facture <span class=\"wpforms-required-label\">*<\/span><\/label><input type=\"text\" id=\"wpforms-31759-field_10\" class=\"wpforms-field-large wpforms-field-required\" name=\"wpforms[fields][10]\" required><\/div><div id=\"wpforms-31759-field_11-container\" class=\"wpforms-field wpforms-field-text\" data-field-id=\"11\"><label class=\"wpforms-field-label\" for=\"wpforms-31759-field_11\">Num\u00e9ro de la d\u00e9claration et\/ou du permis de construire <span class=\"wpforms-required-label\">*<\/span><\/label><input type=\"text\" id=\"wpforms-31759-field_11\" class=\"wpforms-field-small wpforms-field-required\" name=\"wpforms[fields][11]\" required><\/div><div id=\"wpforms-31759-field_15-container\" class=\"wpforms-field wpforms-field-textarea\" data-field-id=\"15\"><label class=\"wpforms-field-label\" for=\"wpforms-31759-field_15\">Observations <span class=\"wpforms-required-label\">*<\/span><\/label><textarea id=\"wpforms-31759-field_15\" class=\"wpforms-field-small wpforms-field-required\" name=\"wpforms[fields][15]\" required><\/textarea><\/div><\/div><div class=\"wpforms-recaptcha-container wpforms-is-recaptcha\"><div class=\"g-recaptcha\" data-sitekey=\"6LdL1KYUAAAAAI3RCcIKEvT5ris3GX8tEsHvgXWO\"><\/div><input type=\"text\" name=\"g-recaptcha-hidden\" class=\"wpforms-recaptcha-hidden\" style=\"position:absolute!important;clip:rect(0,0,0,0)!important;height:1px!important;width:1px!important;border:0!important;overflow:hidden!important;padding:0!important;margin:0!important;\" required><\/div><div class=\"wpforms-submit-container\"><input type=\"hidden\" name=\"wpforms[id]\" value=\"31759\"><input type=\"hidden\" name=\"wpforms[author]\" value=\"3\"><button type=\"submit\" name=\"wpforms[submit]\" id=\"wpforms-submit-31759\" class=\"wpforms-submit\" aria-live=\"assertive\" value=\"wpforms-submit\">ENVOYER<\/button><\/div><\/form><\/div>  <!-- .wpforms-container -->[\/vc_column_inner][vc_column_inner width=&#8221;1\/6&#8243;][\/vc_column_inner][\/vc_row_inner][vc_column_text]<\/p>\n<h6 style=\"text-align: right\"><em>En cas de probl\u00e8me, \u00e9crire \u00e0 cette adresse : <a href=\"mailto:gestion-domainepublic@brive.fr\" target=\"_blank\" rel=\"noopener noreferrer\">gestion-domainepublic@brive.fr<\/a><\/em><\/h6>\n<p>[\/vc_column_text][\/vc_column][\/vc_row]<\/p>\n","protected":false},"excerpt":{"rendered":"<p>[vc_row css=&#8221;.vc_custom_1547202942602{background-color: #ededed !important;}&#8221;][vc_column][vc_row_inner][vc_column_inner][vc_column_text] Transmettre votre demande \u00e0 la Mairie minimum 10 jours avant le d\u00e9but des travaux [\/vc_column_text][\/vc_column_inner][\/vc_row_inner][vc_row_inner][vc_column_inner width=&#8221;5\/6&#8243;][\/vc_column_inner][vc_column_inner width=&#8221;1\/6&#8243;][\/vc_column_inner][\/vc_row_inner][vc_column_text] En cas de probl\u00e8me, \u00e9crire \u00e0 cette adresse : &#8230; <\/p>\n","protected":false},"author":3,"featured_media":0,"parent":0,"menu_order":0,"comment_status":"closed","ping_status":"closed","template":"","meta":[],"yoast_head":"<!-- This site is optimized with the Yoast SEO plugin v17.8 - https:\/\/yoast.com\/wordpress\/plugins\/seo\/ -->\n<title>Occupation du domaine public - Ville de Brive<\/title>\n<meta name=\"robots\" content=\"index, follow, max-snippet:-1, max-image-preview:large, max-video-preview:-1\" \/>\n<link rel=\"canonical\" href=\"http:\/\/740jw955i52c.brive.org\/index.php\/occupation-domaine-public\/\" \/>\n<meta property=\"og:locale\" content=\"fr_FR\" \/>\n<meta property=\"og:type\" content=\"article\" \/>\n<meta property=\"og:title\" content=\"Occupation du domaine public - Ville de Brive\" \/>\n<meta property=\"og:description\" content=\"[vc_row css=&#8221;.vc_custom_1547202942602{background-color: #ededed !important;}&#8221;][vc_column][vc_row_inner][vc_column_inner][vc_column_text] Transmettre votre demande \u00e0 la Mairie minimum 10 jours avant le d\u00e9but des travaux [\/vc_column_text][\/vc_column_inner][\/vc_row_inner][vc_row_inner][vc_column_inner width=&#8221;5\/6&#8243;][\/vc_column_inner][vc_column_inner width=&#8221;1\/6&#8243;][\/vc_column_inner][\/vc_row_inner][vc_column_text] En cas de probl\u00e8me, \u00e9crire \u00e0 cette adresse : ...\" \/>\n<meta property=\"og:url\" content=\"http:\/\/740jw955i52c.brive.org\/index.php\/occupation-domaine-public\/\" \/>\n<meta property=\"og:site_name\" content=\"Ville de Brive\" \/>\n<meta property=\"article:modified_time\" content=\"2019-01-11T10:36:36+00:00\" \/>\n<meta name=\"twitter:card\" content=\"summary_large_image\" \/>\n<meta name=\"twitter:label1\" content=\"Dur\u00e9e de lecture estim\u00e9e\" \/>\n\t<meta name=\"twitter:data1\" content=\"1 minute\" \/>\n<script type=\"application\/ld+json\" class=\"yoast-schema-graph\">{\"@context\":\"https:\/\/schema.org\",\"@graph\":[{\"@type\":\"WebSite\",\"@id\":\"http:\/\/740jw955i52c.brive.org\/#website\",\"url\":\"http:\/\/740jw955i52c.brive.org\/\",\"name\":\"Ville de Brive\",\"description\":\"Bienvenue sur le site de la ville de Brive-la-Gaillarde. Vous y trouverez l&#039;actualit\\u00e9 de la commune, des informations pratiques et vos d\\u00e9marches administratives.\",\"potentialAction\":[{\"@type\":\"SearchAction\",\"target\":{\"@type\":\"EntryPoint\",\"urlTemplate\":\"http:\/\/740jw955i52c.brive.org\/?s={search_term_string}\"},\"query-input\":\"required name=search_term_string\"}],\"inLanguage\":\"fr-FR\"},{\"@type\":\"WebPage\",\"@id\":\"http:\/\/740jw955i52c.brive.org\/index.php\/occupation-domaine-public\/#webpage\",\"url\":\"http:\/\/740jw955i52c.brive.org\/index.php\/occupation-domaine-public\/\",\"name\":\"Occupation du domaine public - Ville de Brive\",\"isPartOf\":{\"@id\":\"http:\/\/740jw955i52c.brive.org\/#website\"},\"datePublished\":\"2017-12-20T15:00:42+00:00\",\"dateModified\":\"2019-01-11T10:36:36+00:00\",\"breadcrumb\":{\"@id\":\"http:\/\/740jw955i52c.brive.org\/index.php\/occupation-domaine-public\/#breadcrumb\"},\"inLanguage\":\"fr-FR\",\"potentialAction\":[{\"@type\":\"ReadAction\",\"target\":[\"http:\/\/740jw955i52c.brive.org\/index.php\/occupation-domaine-public\/\"]}]},{\"@type\":\"BreadcrumbList\",\"@id\":\"http:\/\/740jw955i52c.brive.org\/index.php\/occupation-domaine-public\/#breadcrumb\",\"itemListElement\":[{\"@type\":\"ListItem\",\"position\":1,\"name\":\"Accueil\",\"item\":\"http:\/\/740jw955i52c.brive.org\/\"},{\"@type\":\"ListItem\",\"position\":2,\"name\":\"Occupation du domaine public\"}]}]}<\/script>\n<!-- \/ Yoast SEO plugin. -->","yoast_head_json":{"title":"Occupation du domaine public - Ville de Brive","robots":{"index":"index","follow":"follow","max-snippet":"max-snippet:-1","max-image-preview":"max-image-preview:large","max-video-preview":"max-video-preview:-1"},"canonical":"http:\/\/740jw955i52c.brive.org\/index.php\/occupation-domaine-public\/","og_locale":"fr_FR","og_type":"article","og_title":"Occupation du domaine public - Ville de Brive","og_description":"[vc_row css=&#8221;.vc_custom_1547202942602{background-color: #ededed !important;}&#8221;][vc_column][vc_row_inner][vc_column_inner][vc_column_text] Transmettre votre demande \u00e0 la Mairie minimum 10 jours avant le d\u00e9but des travaux [\/vc_column_text][\/vc_column_inner][\/vc_row_inner][vc_row_inner][vc_column_inner width=&#8221;5\/6&#8243;][\/vc_column_inner][vc_column_inner width=&#8221;1\/6&#8243;][\/vc_column_inner][\/vc_row_inner][vc_column_text] En cas de probl\u00e8me, \u00e9crire \u00e0 cette adresse : ...","og_url":"http:\/\/740jw955i52c.brive.org\/index.php\/occupation-domaine-public\/","og_site_name":"Ville de Brive","article_modified_time":"2019-01-11T10:36:36+00:00","twitter_card":"summary_large_image","twitter_misc":{"Dur\u00e9e de lecture estim\u00e9e":"1 minute"},"schema":{"@context":"https:\/\/schema.org","@graph":[{"@type":"WebSite","@id":"http:\/\/740jw955i52c.brive.org\/#website","url":"http:\/\/740jw955i52c.brive.org\/","name":"Ville de Brive","description":"Bienvenue sur le site de la ville de Brive-la-Gaillarde. Vous y trouverez l&#039;actualit\u00e9 de la commune, des informations pratiques et vos d\u00e9marches administratives.","potentialAction":[{"@type":"SearchAction","target":{"@type":"EntryPoint","urlTemplate":"http:\/\/740jw955i52c.brive.org\/?s={search_term_string}"},"query-input":"required name=search_term_string"}],"inLanguage":"fr-FR"},{"@type":"WebPage","@id":"http:\/\/740jw955i52c.brive.org\/index.php\/occupation-domaine-public\/#webpage","url":"http:\/\/740jw955i52c.brive.org\/index.php\/occupation-domaine-public\/","name":"Occupation du domaine public - Ville de Brive","isPartOf":{"@id":"http:\/\/740jw955i52c.brive.org\/#website"},"datePublished":"2017-12-20T15:00:42+00:00","dateModified":"2019-01-11T10:36:36+00:00","breadcrumb":{"@id":"http:\/\/740jw955i52c.brive.org\/index.php\/occupation-domaine-public\/#breadcrumb"},"inLanguage":"fr-FR","potentialAction":[{"@type":"ReadAction","target":["http:\/\/740jw955i52c.brive.org\/index.php\/occupation-domaine-public\/"]}]},{"@type":"BreadcrumbList","@id":"http:\/\/740jw955i52c.brive.org\/index.php\/occupation-domaine-public\/#breadcrumb","itemListElement":[{"@type":"ListItem","position":1,"name":"Accueil","item":"http:\/\/740jw955i52c.brive.org\/"},{"@type":"ListItem","position":2,"name":"Occupation du domaine public"}]}]}},"_links":{"self":[{"href":"http:\/\/740jw955i52c.brive.org\/index.php\/wp-json\/wp\/v2\/pages\/29611"}],"collection":[{"href":"http:\/\/740jw955i52c.brive.org\/index.php\/wp-json\/wp\/v2\/pages"}],"about":[{"href":"http:\/\/740jw955i52c.brive.org\/index.php\/wp-json\/wp\/v2\/types\/page"}],"author":[{"embeddable":true,"href":"http:\/\/740jw955i52c.brive.org\/index.php\/wp-json\/wp\/v2\/users\/3"}],"replies":[{"embeddable":true,"href":"http:\/\/740jw955i52c.brive.org\/index.php\/wp-json\/wp\/v2\/comments?post=29611"}],"version-history":[{"count":49,"href":"http:\/\/740jw955i52c.brive.org\/index.php\/wp-json\/wp\/v2\/pages\/29611\/revisions"}],"predecessor-version":[{"id":36705,"href":"http:\/\/740jw955i52c.brive.org\/index.php\/wp-json\/wp\/v2\/pages\/29611\/revisions\/36705"}],"wp:attachment":[{"href":"http:\/\/740jw955i52c.brive.org\/index.php\/wp-json\/wp\/v2\/media?parent=29611"}],"curies":[{"name":"wp","href":"https:\/\/api.w.org\/{rel}","templated":true}]}}