{"id":294,"date":"2015-10-05T08:49:51","date_gmt":"2015-10-05T07:49:51","guid":{"rendered":"http:\/\/740jw955i52c.brive.org?page_id=294"},"modified":"2020-07-09T16:04:52","modified_gmt":"2020-07-09T14:04:52","slug":"base-nautique","status":"publish","type":"page","link":"http:\/\/740jw955i52c.brive.org\/index.php\/base-nautique\/","title":{"rendered":"Base nautique"},"content":{"rendered":"<p>[vc_row][vc_column][vc_column_text]<\/p>\n<h2 style=\"text-align: justify\"><span style=\"color: #00ccff\">Brive, c&#8217;est aussi une ville d&#8217;eau !<\/span><\/h2>\n<blockquote>\n<h4 style=\"text-align: justify\">&#8221; La preuve, on y pratique \u00e0 haut niveau la nage, la voile, l&#8217;aviron et la planche \u00e0 voile &#8220;.<\/h4>\n<\/blockquote>\n<div class=\"image\" style=\"text-align: justify\"><\/div>\n<p>[\/vc_column_text][vc_video link=&#8221;https:\/\/youtu.be\/uKCqRME3VEA&#8221;][vc_column_text]<\/p>\n<p style=\"text-align: justify\">Toutes ces disciplines sont r\u00e9unies \u00e0 <strong>la base nautique municipale<\/strong> sur le lac du causse Corr\u00e9zien, qui \u00e0 11 kilom\u00e8tres seulement du centre ville offre <strong>une surface navigable de 100 hectares<\/strong>.<\/p>\n<p style=\"text-align: justify\">La base nautique de la ville poss\u00e8de tous les \u00e9quipements n\u00e9cessaires \u00e0 la pratique, \u00e0 l\u2019entrainement et \u00e0 l\u2019organisation de comp\u00e9titions.<\/p>\n<p style=\"text-align: justify\">Elle est <strong>ouverte toute l&#8217;ann\u00e9e<\/strong> (sauf pendant les vacances de No\u00ebl) et <strong>la baignade est surveill\u00e9e<\/strong> de 10 h \u00e0 18 h en juillet et ao\u00fbt.<\/p>\n<p style=\"text-align: justify\"><strong>Les activit\u00e9s propos\u00e9es<\/strong> sont nombreuses: \u00e9cole municipale de voile, d&#8217;aviron et de cano\u00eb-kayak, stage de voile et d&#8217;aviron en juillet et ao\u00fbt et manifestations sportives.<\/p>\n<p>[\/vc_column_text][vc_single_image image=&#8221;25839&#8243; image_position=&#8221;normal-align-left&#8221; has_link=&#8221;false&#8221; link_type=&#8221;normal&#8221;][vc_column_text]<\/p>\n<h2 style=\"text-align: justify\"><span style=\"color: #00ccff\">Championnats de France d\u2019aviron en 2018<\/span><\/h2>\n<p style=\"text-align: justify\">L\u2019Agglo et la ville de Brive se f\u00e9licitent d\u2019accueillir en 2018 <strong>les Championnats de France cadets, juniors et seniors<\/strong> (moins de 23 ans). Cette r\u00e9gate aura lieu les vendredi 6, samedi 7 et dimanche 8 juillet 2018, avec 1 500 rameurs et techniciens qui s\u00e9journeront en Pays de Brive.<\/p>\n<p style=\"text-align: justify\">En effet, lors de son Comit\u00e9 directeur du samedi 18 mars dernier, la F\u00e9d\u00e9ration fran\u00e7aise a d\u00e9cid\u00e9 d\u2019attribuer cette comp\u00e9tition au Club des Sports Nautiques de Brive.<br \/>\nCe choix confirme la place privil\u00e9gi\u00e9e qu\u2019occupe notre bassin sur la sc\u00e8ne nationale et internationale puisque, depuis 1999, nous avons organis\u00e9 une trentaine de r\u00e9gates nationales, europ\u00e9ennes et mondiales (notamment les championnats du monde universitaires 2004 et juniors 2009). D\u00e8s cette ann\u00e9e, nous recevrons la Coupe de France les vendredi 28, samedi 29 et dimanche 30 avril.<\/p>\n<p style=\"text-align: justify\">De tels rendez-vous confortent nos excellentes relations avec les instances sportives \u00e0 un moment strat\u00e9gique pour la France puisque le 13 septembre prochain, le CIO aura \u00e0 choisir, entre Paris et Los Angeles, la ville h\u00f4te des JO d\u2019\u00e9t\u00e9 2024.<\/p>\n<p style=\"text-align: justify\">Si la capitale fran\u00e7aise \u00e9tait retenue, le bassin du Causse pourrait devenir un lieu de pr\u00e9paration olympique pour de nombreuses \u00e9quipes \u00e9trang\u00e8res qui connaissent d\u00e9j\u00e0 ses qualit\u00e9s techniques. De plus, la g\u00e9n\u00e9ration de rameurs qui r\u00e9gatera en 2018 sur notre site sera celle qui participera aux JO 2024. Bref, autant d\u2019\u00e9l\u00e9ments prometteurs pour d\u00e9velopper l\u2019audience et l\u2019attractivit\u00e9 de notre territoire.<\/p>\n<p style=\"text-align: justify\"><span style=\"color: #00ccff\">Contact : Direction Jeunesse &amp; Sports \u2013 05.55.18.15.90 \u2013 sports@brive.fr<\/span><\/p>\n<p>[\/vc_column_text][\/vc_column][\/vc_row][vc_row][vc_column][vc_text_separator title=&#8221;Actualit\u00e9s&#8221; color=&#8221;turquoise&#8221; style=&#8221;dotted&#8221; border_width=&#8221;3&#8243;][\/vc_column][\/vc_row][vc_row][vc_column width=&#8221;1\/2&#8243;][vc_raw_html]JTNDYmxvY2txdW90ZSUyMGNsYXNzJTNEJTIydHdpdHRlci10d2VldCUyMiUzRSUzQ3AlMjBsYW5nJTNEJTIyZnIlMjIlMjBkaXIlM0QlMjJsdHIlMjIlM0UlRjAlOUYlOTIlQTYlMjBMJUUyJTgwJTk5ZWF1JTIwbGlicmUlMjByZXZpZW50JTIwc3VyJTIwbGUlMjBDYXVzc2UlMjBhdmVjJTIwbGElMjBuYWlzc2FuY2UlMjBkZSUyMGxhJTIwJUMyJUFCQ291cGUlMjBkdSUyMENhdXNzZSVDMiVCQiUyMCVGMCU5RiU4RiU4NiUyMG9yZ2FuaXMlQzMlQTllJTIwbGVzJTIwNSUyMGV0JTIwNiUyMHNlcHRlbWJyZSUyMHByb2NoYWluJTIwcGFyJTIwbGUlMjBDbHViJTIwZGVzJTIwbmFnZXVycyUyMCVGMCU5RiU4RiU4QSVGMCU5RiU4RiU4QSVFMiU4MCU4RCVFMiU5OSU4MiVFRiVCOCU4RiUyMGRlJTIwJTNDYSUyMGhyZWYlM0QlMjJodHRwcyUzQSUyRiUyRnR3aXR0ZXIuY29tJTJGaGFzaHRhZyUyRkJyaXZlJTNGc3JjJTNEaGFzaCUyNmFtcCUzQnJlZl9zcmMlM0R0d3NyYyUyNTVFdGZ3JTIyJTNFJTIzQnJpdmUlM0MlMkZhJTNFJTIwJUYwJTlGJTkyJUFBJUYwJTlGJThGJUJCJTIwZGVwdWlzJTIwbGElMjBiYXNlJTIwbmF1dGlxdWUlMjBkZSUyMGxhJTIwVmlsbGUlMjBkZSUyMEJyaXZlJTIwYXUlMjBsYWMlMjBkdSUyMENhdXNzZSUyMCVFMiU5NiVCNiVFRiVCOCU4RiUyMCUzQ2ElMjBocmVmJTNEJTIyaHR0cHMlM0ElMkYlMkZ0LmNvJTJGZUs4MzdLTFVZbCUyMiUzRWh0dHBzJTNBJTJGJTJGdC5jbyUyRmVLODM3S0xVWWwlM0MlMkZhJTNFJTIwJTNDYSUyMGhyZWYlM0QlMjJodHRwcyUzQSUyRiUyRnQuY28lMkZMUmIyaXAzZjh1JTIyJTNFcGljLnR3aXR0ZXIuY29tJTJGTFJiMmlwM2Y4dSUzQyUyRmElM0UlM0MlMkZwJTNFJTI2bWRhc2glM0IlMjBWaWxsZSUyMGRlJTIwQnJpdmUlMjAlMjglNDB2aWxsZWRlYnJpdmUlMjklMjAlM0NhJTIwaHJlZiUzRCUyMmh0dHBzJTNBJTJGJTJGdHdpdHRlci5jb20lMkZ2aWxsZWRlYnJpdmUlMkZzdGF0dXMlMkYxMjgwNTUwNzkyOTE1NzU1MDA5JTNGcmVmX3NyYyUzRHR3c3JjJTI1NUV0ZnclMjIlM0VKdWx5JTIwNyUyQyUyMDIwMjAlM0MlMkZhJTNFJTNDJTJGYmxvY2txdW90ZSUzRSUyMCUzQ3NjcmlwdCUyMGFzeW5jJTIwc3JjJTNEJTIyaHR0cHMlM0ElMkYlMkZwbGF0Zm9ybS50d2l0dGVyLmNvbSUyRndpZGdldHMuanMlMjIlMjBjaGFyc2V0JTNEJTIydXRmLTglMjIlM0UlM0MlMkZzY3JpcHQlM0UlMjA=[\/vc_raw_html][\/vc_column][vc_column width=&#8221;1\/2&#8243;][vc_raw_html]JTNDYmxvY2txdW90ZSUyMGNsYXNzJTNEJTIydHdpdHRlci10d2VldCUyMiUzRSUzQ3AlMjBsYW5nJTNEJTIyZnIlMjIlMjBkaXIlM0QlMjJsdHIlMjIlM0VWb3VzJTIwdm91bGV6JTIwYWxsZXIlMjB2b3VzJTIwYmFpZ25lciUyMCVGMCU5RiU5MiVBNiUyMG91JTIwdm91cyUyMGJhbGFkZXIlMjBhdSUyMGxhYyUyMGR1JTIwQ2F1c3NlJTIwb3UlMjBhdSUyMFNhaWxsYW50JTIwJTIxJTIwTCVFMiU4MCU5OUFnZ2xvJTIwZGUlMjAlM0NhJTIwaHJlZiUzRCUyMmh0dHBzJTNBJTJGJTJGdHdpdHRlci5jb20lMkZoYXNodGFnJTJGQnJpdmUlM0ZzcmMlM0RoYXNoJTI2YW1wJTNCcmVmX3NyYyUzRHR3c3JjJTI1NUV0ZnclMjIlM0UlMjNCcml2ZSUzQyUyRmElM0UlMjAlRjAlOUYlOTIlQUElRjAlOUYlOEYlQkIlMjB2b3VzJTIweSUyMGVtbSVDMyVBOG5lJTIwYXZlYyUyMHNvbiUyMHRyYW5zcG9ydCUyMCVGMCU5RiU5QSU4QyUyMCVDMyVBMCUyMGxhJTIwZGVtYW5kZS4lMjBMZSUyMHNlcnZpY2UlMjBtaW5pYnVzJTIwZm9uY3Rpb25uZSUyMHRvdXMlMjBsZXMlMjBqb3VycyUyMHNhdWYlMjBmJUMzJUE5cmklQzMlQTlzJTIwanVzcXUlRTIlODAlOTlhdSUyMDMwJTIwc2VwdGVtYnJlJTIwc3VyJTIwJUUyJTk4JThFJUVGJUI4JThGJTIwciVDMyVBOXNlcnZhdGlvbnMlMjAlRTIlOTYlQjYlRUYlQjglOEYlMjAlM0NhJTIwaHJlZiUzRCUyMmh0dHBzJTNBJTJGJTJGdC5jbyUyRjBGQWFOS3AzT0wlMjIlM0VodHRwcyUzQSUyRiUyRnQuY28lMkYwRkFhTktwM09MJTNDJTJGYSUzRSUyMCUzQ2ElMjBocmVmJTNEJTIyaHR0cHMlM0ElMkYlMkZ0LmNvJTJGUGY0TjFVV21qciUyMiUzRXBpYy50d2l0dGVyLmNvbSUyRlBmNE4xVVdtanIlM0MlMkZhJTNFJTNDJTJGcCUzRSUyNm1kYXNoJTNCJTIwVmlsbGUlMjBkZSUyMEJyaXZlJTIwJTI4JTQwdmlsbGVkZWJyaXZlJTI5JTIwJTNDYSUyMGhyZWYlM0QlMjJodHRwcyUzQSUyRiUyRnR3aXR0ZXIuY29tJTJGdmlsbGVkZWJyaXZlJTJGc3RhdHVzJTJGMTI3ODYxMTY1MzE1MjcyMjk0NSUzRnJlZl9zcmMlM0R0d3NyYyUyNTVFdGZ3JTIyJTNFSnVseSUyMDIlMkMlMjAyMDIwJTNDJTJGYSUzRSUzQyUyRmJsb2NrcXVvdGUlM0UlMjAlM0NzY3JpcHQlMjBhc3luYyUyMHNyYyUzRCUyMmh0dHBzJTNBJTJGJTJGcGxhdGZvcm0udHdpdHRlci5jb20lMkZ3aWRnZXRzLmpzJTIyJTIwY2hhcnNldCUzRCUyMnV0Zi04JTIyJTNFJTNDJTJGc2NyaXB0JTNFJTIw[\/vc_raw_html][\/vc_column][\/vc_row][vc_row][vc_column width=&#8221;1\/4&#8243;][vc_btn title=&#8221;Retour&#8221; style=&#8221;classic&#8221; shape=&#8221;rounded&#8221; size=&#8221;sm&#8221; align=&#8221;left&#8221; link=&#8221;url:http%3A%2F%2F740jw955i52c.brive.org%2Findex.php%2Fsports%2F||&#8221;][\/vc_column][vc_column width=&#8221;1\/4&#8243;][vc_column_text]<br \/>\n[\/vc_column_text][\/vc_column][vc_column width=&#8221;1\/4&#8243;][vc_column_text]<br \/>\n[\/vc_column_text][\/vc_column][vc_column width=&#8221;1\/4&#8243;][vc_column_text]<br \/>\n[\/vc_column_text][\/vc_column][\/vc_row]<\/p>\n","protected":false},"excerpt":{"rendered":"<p>[vc_row][vc_column][vc_column_text] Brive, c&#8217;est aussi une ville d&#8217;eau ! &#8221; La preuve, on y pratique \u00e0 haut niveau la nage, la voile, l&#8217;aviron et la planche \u00e0 voile &#8220;. [\/vc_column_text][vc_video link=&#8221;https:\/\/youtu.be\/uKCqRME3VEA&#8221;][vc_column_text] &#8230; <\/p>\n","protected":false},"author":1,"featured_media":0,"parent":0,"menu_order":1,"comment_status":"closed","ping_status":"closed","template":"","meta":[],"yoast_head":"<!-- This site is optimized with the Yoast SEO plugin v17.8 - https:\/\/yoast.com\/wordpress\/plugins\/seo\/ -->\n<title>Base nautique - Ville de Brive<\/title>\n<meta name=\"robots\" content=\"index, follow, max-snippet:-1, max-image-preview:large, max-video-preview:-1\" \/>\n<link rel=\"canonical\" href=\"http:\/\/740jw955i52c.brive.org\/index.php\/base-nautique\/\" \/>\n<meta property=\"og:locale\" content=\"fr_FR\" \/>\n<meta property=\"og:type\" content=\"article\" \/>\n<meta property=\"og:title\" content=\"Base nautique - Ville de Brive\" \/>\n<meta property=\"og:description\" content=\"[vc_row][vc_column][vc_column_text] Brive, c&#8217;est aussi une ville d&#8217;eau ! &#8221; La preuve, on y pratique \u00e0 haut niveau la nage, la voile, l&#8217;aviron et la planche \u00e0 voile &#8220;. [\/vc_column_text][vc_video link=&#8221;https:\/\/youtu.be\/uKCqRME3VEA&#8221;][vc_column_text] ...\" \/>\n<meta property=\"og:url\" content=\"http:\/\/740jw955i52c.brive.org\/index.php\/base-nautique\/\" \/>\n<meta property=\"og:site_name\" content=\"Ville de Brive\" \/>\n<meta property=\"article:modified_time\" content=\"2020-07-09T14:04:52+00:00\" \/>\n<meta name=\"twitter:card\" content=\"summary_large_image\" \/>\n<meta name=\"twitter:label1\" content=\"Dur\u00e9e de lecture estim\u00e9e\" \/>\n\t<meta name=\"twitter:data1\" content=\"4 minutes\" \/>\n<script type=\"application\/ld+json\" class=\"yoast-schema-graph\">{\"@context\":\"https:\/\/schema.org\",\"@graph\":[{\"@type\":\"WebSite\",\"@id\":\"http:\/\/740jw955i52c.brive.org\/#website\",\"url\":\"http:\/\/740jw955i52c.brive.org\/\",\"name\":\"Ville de Brive\",\"description\":\"Bienvenue sur le site de la ville de Brive-la-Gaillarde. Vous y trouverez l&#039;actualit\\u00e9 de la commune, des informations pratiques et vos d\\u00e9marches administratives.\",\"potentialAction\":[{\"@type\":\"SearchAction\",\"target\":{\"@type\":\"EntryPoint\",\"urlTemplate\":\"http:\/\/740jw955i52c.brive.org\/?s={search_term_string}\"},\"query-input\":\"required name=search_term_string\"}],\"inLanguage\":\"fr-FR\"},{\"@type\":\"WebPage\",\"@id\":\"http:\/\/740jw955i52c.brive.org\/index.php\/base-nautique\/#webpage\",\"url\":\"http:\/\/740jw955i52c.brive.org\/index.php\/base-nautique\/\",\"name\":\"Base nautique - Ville de Brive\",\"isPartOf\":{\"@id\":\"http:\/\/740jw955i52c.brive.org\/#website\"},\"datePublished\":\"2015-10-05T07:49:51+00:00\",\"dateModified\":\"2020-07-09T14:04:52+00:00\",\"breadcrumb\":{\"@id\":\"http:\/\/740jw955i52c.brive.org\/index.php\/base-nautique\/#breadcrumb\"},\"inLanguage\":\"fr-FR\",\"potentialAction\":[{\"@type\":\"ReadAction\",\"target\":[\"http:\/\/740jw955i52c.brive.org\/index.php\/base-nautique\/\"]}]},{\"@type\":\"BreadcrumbList\",\"@id\":\"http:\/\/740jw955i52c.brive.org\/index.php\/base-nautique\/#breadcrumb\",\"itemListElement\":[{\"@type\":\"ListItem\",\"position\":1,\"name\":\"Accueil\",\"item\":\"http:\/\/740jw955i52c.brive.org\/\"},{\"@type\":\"ListItem\",\"position\":2,\"name\":\"Base nautique\"}]}]}<\/script>\n<!-- \/ Yoast SEO plugin. -->","yoast_head_json":{"title":"Base nautique - Ville de Brive","robots":{"index":"index","follow":"follow","max-snippet":"max-snippet:-1","max-image-preview":"max-image-preview:large","max-video-preview":"max-video-preview:-1"},"canonical":"http:\/\/740jw955i52c.brive.org\/index.php\/base-nautique\/","og_locale":"fr_FR","og_type":"article","og_title":"Base nautique - Ville de Brive","og_description":"[vc_row][vc_column][vc_column_text] Brive, c&#8217;est aussi une ville d&#8217;eau ! &#8221; La preuve, on y pratique \u00e0 haut niveau la nage, la voile, l&#8217;aviron et la planche \u00e0 voile &#8220;. [\/vc_column_text][vc_video link=&#8221;https:\/\/youtu.be\/uKCqRME3VEA&#8221;][vc_column_text] ...","og_url":"http:\/\/740jw955i52c.brive.org\/index.php\/base-nautique\/","og_site_name":"Ville de Brive","article_modified_time":"2020-07-09T14:04:52+00:00","twitter_card":"summary_large_image","twitter_misc":{"Dur\u00e9e de lecture estim\u00e9e":"4 minutes"},"schema":{"@context":"https:\/\/schema.org","@graph":[{"@type":"WebSite","@id":"http:\/\/740jw955i52c.brive.org\/#website","url":"http:\/\/740jw955i52c.brive.org\/","name":"Ville de Brive","description":"Bienvenue sur le site de la ville de Brive-la-Gaillarde. Vous y trouverez l&#039;actualit\u00e9 de la commune, des informations pratiques et vos d\u00e9marches administratives.","potentialAction":[{"@type":"SearchAction","target":{"@type":"EntryPoint","urlTemplate":"http:\/\/740jw955i52c.brive.org\/?s={search_term_string}"},"query-input":"required name=search_term_string"}],"inLanguage":"fr-FR"},{"@type":"WebPage","@id":"http:\/\/740jw955i52c.brive.org\/index.php\/base-nautique\/#webpage","url":"http:\/\/740jw955i52c.brive.org\/index.php\/base-nautique\/","name":"Base nautique - Ville de Brive","isPartOf":{"@id":"http:\/\/740jw955i52c.brive.org\/#website"},"datePublished":"2015-10-05T07:49:51+00:00","dateModified":"2020-07-09T14:04:52+00:00","breadcrumb":{"@id":"http:\/\/740jw955i52c.brive.org\/index.php\/base-nautique\/#breadcrumb"},"inLanguage":"fr-FR","potentialAction":[{"@type":"ReadAction","target":["http:\/\/740jw955i52c.brive.org\/index.php\/base-nautique\/"]}]},{"@type":"BreadcrumbList","@id":"http:\/\/740jw955i52c.brive.org\/index.php\/base-nautique\/#breadcrumb","itemListElement":[{"@type":"ListItem","position":1,"name":"Accueil","item":"http:\/\/740jw955i52c.brive.org\/"},{"@type":"ListItem","position":2,"name":"Base nautique"}]}]}},"_links":{"self":[{"href":"http:\/\/740jw955i52c.brive.org\/index.php\/wp-json\/wp\/v2\/pages\/294"}],"collection":[{"href":"http:\/\/740jw955i52c.brive.org\/index.php\/wp-json\/wp\/v2\/pages"}],"about":[{"href":"http:\/\/740jw955i52c.brive.org\/index.php\/wp-json\/wp\/v2\/types\/page"}],"author":[{"embeddable":true,"href":"http:\/\/740jw955i52c.brive.org\/index.php\/wp-json\/wp\/v2\/users\/1"}],"replies":[{"embeddable":true,"href":"http:\/\/740jw955i52c.brive.org\/index.php\/wp-json\/wp\/v2\/comments?post=294"}],"version-history":[{"count":26,"href":"http:\/\/740jw955i52c.brive.org\/index.php\/wp-json\/wp\/v2\/pages\/294\/revisions"}],"predecessor-version":[{"id":41051,"href":"http:\/\/740jw955i52c.brive.org\/index.php\/wp-json\/wp\/v2\/pages\/294\/revisions\/41051"}],"wp:attachment":[{"href":"http:\/\/740jw955i52c.brive.org\/index.php\/wp-json\/wp\/v2\/media?parent=294"}],"curies":[{"name":"wp","href":"https:\/\/api.w.org\/{rel}","templated":true}]}}