{"id":21053,"date":"2016-11-30T16:08:10","date_gmt":"2016-11-30T15:08:10","guid":{"rendered":"http:\/\/740jw955i52c.brive.org\/?page_id=21053"},"modified":"2022-09-12T09:30:24","modified_gmt":"2022-09-12T07:30:24","slug":"la-piscine-activites-bien-etre","status":"publish","type":"page","link":"http:\/\/740jw955i52c.brive.org\/index.php\/la-piscine-activites-bien-etre\/","title":{"rendered":"La Piscine &#8211; Espace Bien-\u00eatre"},"content":{"rendered":"<p>[vc_row][vc_column]<div class=\"uxb-exte\"><h2 class=\" h-center  has-line   uxb-heading\">Espace Bien-\u00eatre<\/h2><\/div>[vc_tta_tour style=&#8221;modern&#8221; spacing=&#8221;&#8221; alignment=&#8221;center&#8221; controls_size=&#8221;sm&#8221; active_section=&#8221;1&#8243; no_fill_content_area=&#8221;true&#8221;][vc_tta_section i_icon_fontawesome=&#8221;fa fa-camera&#8221; add_icon=&#8221;true&#8221; tab_id=&#8221;1481640250490-3074905c-02cf&#8221;][vc_images_carousel images=&#8221;21689,21690,21691&#8243; img_size=&#8221;750&#215;500&#8243; onclick=&#8221;link_no&#8221; speed=&#8221;2000&#8243; autoplay=&#8221;yes&#8221; hide_prev_next_buttons=&#8221;yes&#8221; wrap=&#8221;yes&#8221;][\/vc_tta_section][vc_tta_section title=&#8221;Le SAUNA&#8221; tab_id=&#8221;1481638228758-a902693a-0363&#8243;][vc_empty_space height=&#8221;100px&#8221;]<hr class=\"thin  divider uxb-divider\" \/>[vc_column_text]<\/p>\n<p style=\"text-align: justify\"><strong>Le sauna<\/strong> est un rituel bien-\u00eatre originaire de Finlande. Il consiste \u00e0 rester dans une <strong>pi\u00e8ce chauff\u00e9e \u00e0 haute temp\u00e9rature<\/strong> pendant quelques instants puis d\u2019en sortir pour prendre une <strong>douche froide<\/strong> pour profiter de l\u2019<strong>alternance chaud-froid<\/strong>. L\u2019action de la chaleur et du froid rendent ce rituel particuli\u00e8rement sain pour la peau mais pas que.<\/p>\n<p>[\/vc_column_text][\/vc_tta_section][vc_tta_section title=&#8221;COMMENT FAIT-ON UN SAUNA ?&#8221; tab_id=&#8221;1481638228951-1f789896-29bf&#8221;][vc_column_text]PR\u00c9PARATION AVANT LA S\u00c9ANCE<\/p>\n<p style=\"text-align: justify\">Une s\u00e9ance de sauna n\u2019est pas anodine, elle dure 1h \u00e0 1h30. La temp\u00e9rature de la pi\u00e8ce et en moyenne d\u2019environs de 80 \u00b0C, ce qui a pour cons\u00e9quence d\u2019augmenter la temp\u00e9rature de votre corps, d\u2019acc\u00e9l\u00e9rer votre rythme cardiaque et de vous faire perdre une quantit\u00e9 importante d\u2019eau, de l\u2019ordre de 0,5 \u00e0 1,5L d\u2019eau en seulement quelques minutes. Ainsi, vous devez commencer par <a href=\"http:\/\/www.guide-piscine.fr\/pratiquer-la-natation\/la-natation-au-quotidien\/hydratation-natation-1888_A\">boire beaucoup d\u2019eau<\/a> durant le quart d\u2019heure qui pr\u00e9c\u00e8de votre entr\u00e9e dans le sauna. Enfin, il est imp\u00e9ratif que vous preniez une douche chaude qui va r\u00e9chauffer votre corps et le pr\u00e9parer.<\/p>\n<p style=\"text-align: justify\">Une s\u00e9ance de sauna = trois passages de diff\u00e9rentes dur\u00e9es<\/p>\n<p style=\"text-align: justify\">Les s\u00e9ances sont en r\u00e9alit\u00e9 d\u00e9coup\u00e9es en 3 passages dans le sauna :<\/p>\n<ul>\n<li style=\"text-align: justify\"><strong>Le premier passage<\/strong> dure g\u00e9n\u00e9ralement entre 5 et 10 minutes : la transpiration appara\u00eet entre 3 et 5 minutes apr\u00e8s votre entr\u00e9e dans le sauna, et la chaleur peut vous para\u00eetre \u00e9touffante lors de ce premier passage. Il est donc pr\u00e9f\u00e9rable que vous preniez place sur la banquette la plus basse. Il est ensuite recommand\u00e9 de prendre une douche froide et de vous reposer quelques dizaines de minutes avant de retourner dans le sauna.<\/li>\n<li style=\"text-align: justify\"><strong>Le second passage<\/strong> dure \u00e9galement entre 5 et 10 minutes (en moyenne 7 min), et la chaleur pourra vous para\u00eetre plus supportable. En sortant de ce second passage, reprenez une douche froide et reposez-vous \u00e0 nouveau, entre 10 et 20 minutes.<\/li>\n<li>\n<p style=\"text-align: justify\"><strong>Pour le troisi\u00e8me passage<\/strong>, vous pouvez envisager de rester entre 10 et 15 minutes dans le sauna. Reprenez une derni\u00e8re douche froide en sortant et reposez-vous \u00e0 nouveau, entre 10 et 20 minutes.Pensez \u00e0 boire une quantit\u00e9 importante d\u2019eau pour compenser la perte d\u2019eau engendr\u00e9e par la sudation.<\/p>\n<\/li>\n<\/ul>\n<p>[\/vc_column_text][\/vc_tta_section][vc_tta_section title=&#8221;LES BIENFAITS DU SAUNA&#8221; tab_id=&#8221;1481638299890-37a865ed-950b&#8221;][vc_column_text]<\/p>\n<p style=\"text-align: justify\"><strong>Meilleure sant\u00e9 et \u00e9quilibre de la peau<\/strong><\/p>\n<p style=\"text-align: justify\">L\u2019action du sauna sur le corps<\/p>\n<p style=\"text-align: justify\">En entrant dans le sauna, le corps se retrouve face \u00e0 une temp\u00e9rature avoisinant les 80\u00b0c.<\/p>\n<p style=\"text-align: justify\">La r\u00e9action du syst\u00e8me cardiovasculaire \u00e0 cette temp\u00e9rature est imm\u00e9diate\u00a0: dilatation des vaisseaux sanguins et augmentation du rythme cardiaque.<\/p>\n<p style=\"text-align: justify\">La peau se met ensuite \u00e0 transpirer abondamment, les pores se dilatent. Le corps secr\u00e8te des endorphines qui aident \u00e0 la relaxation.<\/p>\n<p style=\"text-align: justify\">Au bout de 10-15 minutes, on sort du sauna pour prendre une douche ou un bain froid. L\u2019action du froid resserre les pores de la peau et revitalise le corps. On alterne ensuite jusqu\u2019\u00e0 trois fois les alternances chaud-froid en n\u2019oubliant pas de bien se r\u00e9hydrater entre chaque passage au sauna pour r\u00e9cup\u00e9rer l\u2019eau transpir\u00e9e. Il est en effet possible de perdre jusqu\u2019\u00e0 un litre et demi d\u2019eau lors d\u2019une s\u00e9ance de sauna.<\/p>\n<p style=\"text-align: justify\"><strong>Les bienfaits du sauna<\/strong><\/p>\n<p style=\"text-align: justify\">L\u2019action de la chaleur dans le sauna et les diff\u00e9rents passages chaud-froid procurent des bienfaits non-n\u00e9gligeables pour l\u2019organisme\u00a0:<\/p>\n<ul style=\"text-align: justify\">\n<li><u>L\u2019action relaxante du sauna<\/u>\u00a0: Une s\u00e9ance de sauna est tr\u00e8s efficace pour lutter contre le stress et la tension. Sous l\u2019action de la chaleur, le corps lib\u00e8re des endorphines favorisant le sommeil et la relaxation. Pratiqu\u00e9 juste avant de se coucher, le sauna aide \u00e0 mieux dormir.<\/li>\n<li><u>L\u2019action purifiante du sauna<\/u>\u00a0: La chaleur s\u00e8che du sauna provoque une forte transpiration ainsi que la dilatation des pores de la peau. Cette sudation permet de chasser les toxines accumul\u00e9es par l\u2019organisme.<\/li>\n<li><u>L\u2019action musculaire et cardiovasculaire du sauna<\/u>\u00a0: En dilatant les vaisseaux sanguins, le sauna aide au bon fonctionnement du syst\u00e8me cardio-vasculaire. Il aide \u00e9galement \u00e0 maintenir la pression art\u00e9rielle \u00e0 un niveau faible. Enfin, l\u2019augmentation de la vitesse de la circulation sanguine dans le sauna permet de soulager rapidement les douleurs musculaires et autres courbatures.<\/li>\n<\/ul>\n<p style=\"text-align: justify\"><strong>Les contre-indications<\/strong><\/p>\n<p style=\"text-align: justify\">Vous devez proscrire\u00a0:<\/p>\n<ul>\n<li style=\"text-align: justify\">la consommation de boissons alcoolis\u00e9es,<\/li>\n<li style=\"text-align: justify\">le port de tous objets susceptible de vous br\u00fbler une fois dans le sauna (bijoux, montres, lunettes etc.).<\/li>\n<li>\n<p style=\"text-align: justify\">Le sauna est contre-indiquer de fa\u00e7on absolu pour les personnes ayant un r\u00e9tr\u00e9cissement aortique, hypotension, les maladies cardiaque instable (coronaire, myocarde ect\u2026..)et insuffisances veineuses (varices).<\/p>\n<\/li>\n<\/ul>\n<p>[\/vc_column_text][\/vc_tta_section][vc_tta_section title=&#8221;Le HAMMAM&#8221; tab_id=&#8221;1481640374792-e64f58a6-d4e0&#8243;][vc_empty_space height=&#8221;300px&#8221;]<hr class=\"thin  divider uxb-divider\" \/>[vc_column_text]<\/p>\n<p style=\"text-align: justify\"><strong>Le hammam<\/strong> est un rituel bien-\u00eatre originaire d\u2019orient. En effet, il s\u2019agit d\u2019un bain de vapeur \u00e0 50\u00b0C et satur\u00e9 \u00e0 100% d\u2019humidit\u00e9. Il consiste \u00e0 rester quelques instants dans une pi\u00e8ce chauff\u00e9e puis d\u2019en sortir pour prendre une douche froide pour profiter de l\u2019alternance chaud-froid. L\u2019action de la chaleur et du froid rendent ce rituel particuli\u00e8rement sain pour la peau mais pas que.<\/p>\n<p>[\/vc_column_text][\/vc_tta_section][vc_tta_section title=&#8221;COMMENT FAIT-ON UN HAMMAM ?&#8221; tab_id=&#8221;1481640376531-2c555804-6e1f&#8221;][vc_column_text]<\/p>\n<p style=\"text-align: justify\">Une s\u00e9ance hammam, elle dure <strong>en moyenne 1h<\/strong>. La temp\u00e9rature de la pi\u00e8ce et en moyenne d\u2019environs de <strong>50 \u00b0C<\/strong>, ce qui a pour cons\u00e9quence d\u2019augmenter la temp\u00e9rature de votre corps, d\u2019acc\u00e9l\u00e9rer votre rythme cardiaque. Ainsi, vous devez commencer par <a href=\"http:\/\/www.guide-piscine.fr\/pratiquer-la-natation\/la-natation-au-quotidien\/hydratation-natation-1888_A\">boire beaucoup d\u2019eau<\/a> durant le quart d\u2019heure qui pr\u00e9c\u00e8de votre entr\u00e9e dans le hammam. Enfin, il est imp\u00e9ratif que vous preniez une douche chaude qui va r\u00e9chauffer votre corps et le pr\u00e9parer.<\/p>\n<p style=\"text-align: justify\"><strong>Une s\u00e9ance de hammam<\/strong><\/p>\n<p style=\"text-align: justify\">Les s\u00e9ances sont en r\u00e9alit\u00e9 d\u00e9coup\u00e9es en 3 passages dans le hammam :<\/p>\n<ul>\n<li style=\"text-align: justify\"><strong>Le premier passage<\/strong> dure g\u00e9n\u00e9ralement entre 5 et 10 minutes. Il est ensuite recommand\u00e9 de prendre une douche froide, et de vous reposer quelques dizaines de minutes.<\/li>\n<li style=\"text-align: justify\"><strong>Le second passage<\/strong> dure \u00e9galement entre 5 et 10 minutes (en moyenne 7 min), et la chaleur pourra vous para\u00eetre plus supportable. En sortant de ce second passage, reprenez une douche froide, et \u00e0 nouveau reposer quelques dizaines de minutes.<\/li>\n<li>\n<p style=\"text-align: justify\"><strong>Pour le troisi\u00e8me passage<\/strong>, vous pouvez envisager de rester entre 10 et 15 minutes dans le hammam. Reprenez une derni\u00e8re douche froide en sortant, et reposez vous 15 a 20 minutes. Pensez \u00e0 boire une quantit\u00e9 importante d\u2019eau pour compenser la perte d\u2019eau engendr\u00e9e par la sudation.<\/p>\n<\/li>\n<\/ul>\n<p>[\/vc_column_text][\/vc_tta_section][vc_tta_section title=&#8221;LES BIENFAITS DU HAMMAM&#8221; tab_id=&#8221;1481640377978-851f038a-2bd8&#8243;][vc_column_text]<\/p>\n<p style=\"text-align: justify\"><strong>Les bienfaits du hammam pour la peau<\/strong><\/p>\n<p style=\"text-align: justify\">Le hammam, contrairement au sauna, est <strong>un lieu satur\u00e9 d\u2019humidit\u00e9 et de vapeur d\u2019eau<\/strong>. C\u2019est cette vapeur d\u2019eau qui procure la sensation de chaleur tr\u00e8s \u00e9lev\u00e9e. Humidit\u00e9 et chaleur vont procurer des effets b\u00e9n\u00e9fiques pour la peau. Gr\u00e2ce \u00e0 l\u2019effet conjugu\u00e9 de l\u2019humidit\u00e9 et de la chaleur, les pores s\u2019ouvrent, ce qui permet d\u2019\u00e9liminer plus facilement les toxines et les bact\u00e9ries pr\u00e9sentes sur la peau. Les femmes orientales profitent g\u00e9n\u00e9ralement du hammam pour faire des <a href=\"http:\/\/madame.lefigaro.fr\/beaute\/remise-zero-090113-332334\">gommages<\/a> \u00e0 l\u2019aide d\u2019un gant de crin ou de loofa et de savon noir.<\/p>\n<p style=\"text-align: justify\"><strong>Les bienfaits du hammam pour la sant\u00e9 en g\u00e9n\u00e9ral<\/strong><\/p>\n<p style=\"text-align: justify\">La vapeur d\u2019eau chaude du hammam a \u00e9galement des effets purifiants excellents pour la sant\u00e9. La vapeur permet de lib\u00e9rer les sinus, favorisant ainsi une meilleure respiration. L\u2019alternance des bains de vapeur chaude et des douches fra\u00eeches est \u00e9galement excellente pour booster la circulation sanguine, et donc pour stimuler la sant\u00e9 en g\u00e9n\u00e9ral.<\/p>\n<p style=\"text-align: justify\"><strong>Le hammam, un vrai lieu de d\u00e9tente<\/strong><\/p>\n<p style=\"text-align: justify\">Le hammam est un lieu calme et confin\u00e9 qui permet de se retirer v\u00e9ritablement du monde pendant une heure ou plus. Une vraie bulle de d\u00e9tente ! La chaleur permet aussi de soulager l\u2019ensemble des douleurs musculaires et des tensions que l\u2019on pourrait avoir. Le rituel du hammam int\u00e8gre d\u2019ailleurs des soins apaisants et d\u00e9congestionnants, notamment \u00e0 base d\u2019essence d\u2019eucalyptus. La douche froide \u00e0 la sortie du hammam, elle, procure un effet vivifiant incomparable ! On ressort du hammam l\u00e9g\u00e8re et d\u00e9tendue, comme <a href=\"http:\/\/madame.lefigaro.fr\/beaute\/rajeunir-innovations-high-tech-pour-effet-repulp-241014-986149\">rajeunie<\/a> aussi bien sur le plan physique que moral. Bye bye, la <a href=\"http:\/\/madame.lefigaro.fr\/beaute\/plus-jamais-fatigue-notre-coaching-100-energie-280914-954344\">fatigue<\/a> !<\/p>\n<p style=\"text-align: justify\"><strong>Le hammam : quelles contre-indications ?<\/strong><\/p>\n<p style=\"text-align: justify\">Malgr\u00e9 tous ses bienfaits, le hammam est contre-indiqu\u00e9 \u00e0 certaines personnes, en raison de la tr\u00e8s grande chaleur et de l\u2019humidit\u00e9 qui y r\u00e8gnent. N\u2019y allez pas si vous \u00eates enceinte, si vous souffrez de probl\u00e8mes cardiaques ou respiratoires, ou bien si vous avez des troubles de la circulation sanguine. En cas de doute, n\u2019h\u00e9sitez pas \u00e0 demander conseil \u00e0 votre m\u00e9decin.<\/p>\n<p>[\/vc_column_text][\/vc_tta_section][\/vc_tta_tour][vc_row_inner][vc_column_inner width=&#8221;1\/3&#8243;][vc_btn title=&#8221;Espace Aquatique&#8221; style=&#8221;custom&#8221; custom_background=&#8221;#5aa1e3&#8243; custom_text=&#8221;#ffffff&#8221; shape=&#8221;rounded&#8221; size=&#8221;sm&#8221; align=&#8221;center&#8221; button_block=&#8221;true&#8221; link=&#8221;url:http%3A%2F%2F740jw955i52c.brive.org%2Findex.php%2Facces-espace-aquatique%2F|title:Espace%20aquatique||&#8221;][\/vc_column_inner][vc_column_inner width=&#8221;1\/3&#8243;][vc_btn title=&#8221;Espace Cardio-training&#8221; style=&#8221;custom&#8221; custom_background=&#8221;#5aa1e3&#8243; custom_text=&#8221;#ffffff&#8221; shape=&#8221;rounded&#8221; size=&#8221;sm&#8221; align=&#8221;center&#8221; button_block=&#8221;true&#8221; link=&#8221;url:http%3A%2F%2F740jw955i52c.brive.org%2Findex.php%2Fla-piscine-activites-cardio%2F|||&#8221;][\/vc_column_inner][vc_column_inner width=&#8221;1\/3&#8243;][vc_btn title=&#8221;Espace Bien-\u00eatre&#8221; style=&#8221;custom&#8221; custom_background=&#8221;#f9f9f9&#8243; custom_text=&#8221;#5aa1e3&#8243; shape=&#8221;rounded&#8221; size=&#8221;sm&#8221; align=&#8221;center&#8221; button_block=&#8221;true&#8221; link=&#8221;|||&#8221;][\/vc_column_inner][\/vc_row_inner][\/vc_column][\/vc_row][vc_row][vc_column width=&#8221;1\/4&#8243;][vc_empty_space height=&#8221;50px&#8221;][vc_btn title=&#8221;ACCUEIL&#8221; style=&#8221;custom&#8221; custom_background=&#8221;#5aa1e3&#8243; custom_text=&#8221;#ffffff&#8221; shape=&#8221;rounded&#8221; size=&#8221;sm&#8221; align=&#8221;center&#8221; button_block=&#8221;true&#8221; link=&#8221;url:http%3A%2F%2F740jw955i52c.brive.org%2Findex.php%2Fla-piscine%2F|||&#8221;][\/vc_column][vc_column width=&#8221;1\/2&#8243;][vc_single_image image=&#8221;17321&#8243; add_caption=&#8221;yes&#8221; alignment=&#8221;center&#8221;][\/vc_column][vc_column width=&#8221;1\/4&#8243;][vc_empty_space height=&#8221;50px&#8221;][vc_btn title=&#8221;ACCES AUX ESPACES&#8221; style=&#8221;custom&#8221; custom_background=&#8221;#5aa1e3&#8243; custom_text=&#8221;#ffffff&#8221; shape=&#8221;rounded&#8221; size=&#8221;sm&#8221; align=&#8221;center&#8221; button_block=&#8221;true&#8221; link=&#8221;url:http%3A%2F%2F740jw955i52c.brive.org%2Findex.php%2Facces-espace-aquatique%2F|||&#8221;][\/vc_column][\/vc_row]<\/p>\n","protected":false},"excerpt":{"rendered":"<p>[vc_row][vc_column][vc_tta_tour style=&#8221;modern&#8221; spacing=&#8221;&#8221; alignment=&#8221;center&#8221; controls_size=&#8221;sm&#8221; active_section=&#8221;1&#8243; no_fill_content_area=&#8221;true&#8221;][vc_tta_section i_icon_fontawesome=&#8221;fa fa-camera&#8221; add_icon=&#8221;true&#8221; tab_id=&#8221;1481640250490-3074905c-02cf&#8221;][vc_images_carousel images=&#8221;21689,21690,21691&#8243; img_size=&#8221;750&#215;500&#8243; onclick=&#8221;link_no&#8221; speed=&#8221;2000&#8243; autoplay=&#8221;yes&#8221; hide_prev_next_buttons=&#8221;yes&#8221; wrap=&#8221;yes&#8221;][\/vc_tta_section][vc_tta_section title=&#8221;Le SAUNA&#8221; tab_id=&#8221;1481638228758-a902693a-0363&#8243;][vc_empty_space height=&#8221;100px&#8221;][vc_column_text] Le sauna est un rituel bien-\u00eatre originaire de &#8230; <\/p>\n","protected":false},"author":3,"featured_media":0,"parent":0,"menu_order":0,"comment_status":"closed","ping_status":"closed","template":"","meta":[],"yoast_head":"<!-- This site is optimized with the Yoast SEO plugin v17.8 - https:\/\/yoast.com\/wordpress\/plugins\/seo\/ -->\n<title>La Piscine - Espace Bien-\u00eatre - Ville de Brive<\/title>\n<meta name=\"robots\" content=\"index, follow, max-snippet:-1, max-image-preview:large, max-video-preview:-1\" \/>\n<link rel=\"canonical\" href=\"http:\/\/740jw955i52c.brive.org\/index.php\/la-piscine-activites-bien-etre\/\" \/>\n<meta property=\"og:locale\" content=\"fr_FR\" \/>\n<meta property=\"og:type\" content=\"article\" \/>\n<meta property=\"og:title\" content=\"La Piscine - Espace Bien-\u00eatre - Ville de Brive\" \/>\n<meta property=\"og:description\" content=\"[vc_row][vc_column][vc_tta_tour style=&#8221;modern&#8221; spacing=&#8221;&#8221; alignment=&#8221;center&#8221; controls_size=&#8221;sm&#8221; active_section=&#8221;1&#8243; no_fill_content_area=&#8221;true&#8221;][vc_tta_section i_icon_fontawesome=&#8221;fa fa-camera&#8221; add_icon=&#8221;true&#8221; tab_id=&#8221;1481640250490-3074905c-02cf&#8221;][vc_images_carousel images=&#8221;21689,21690,21691&#8243; img_size=&#8221;750&#215;500&#8243; onclick=&#8221;link_no&#8221; speed=&#8221;2000&#8243; autoplay=&#8221;yes&#8221; hide_prev_next_buttons=&#8221;yes&#8221; wrap=&#8221;yes&#8221;][\/vc_tta_section][vc_tta_section title=&#8221;Le SAUNA&#8221; tab_id=&#8221;1481638228758-a902693a-0363&#8243;][vc_empty_space height=&#8221;100px&#8221;][vc_column_text] Le sauna est un rituel bien-\u00eatre originaire de ...\" \/>\n<meta property=\"og:url\" content=\"http:\/\/740jw955i52c.brive.org\/index.php\/la-piscine-activites-bien-etre\/\" \/>\n<meta property=\"og:site_name\" content=\"Ville de Brive\" \/>\n<meta property=\"article:modified_time\" content=\"2022-09-12T07:30:24+00:00\" \/>\n<meta name=\"twitter:card\" content=\"summary_large_image\" \/>\n<meta name=\"twitter:label1\" content=\"Dur\u00e9e de lecture estim\u00e9e\" \/>\n\t<meta name=\"twitter:data1\" content=\"9 minutes\" \/>\n<script type=\"application\/ld+json\" class=\"yoast-schema-graph\">{\"@context\":\"https:\/\/schema.org\",\"@graph\":[{\"@type\":\"WebSite\",\"@id\":\"http:\/\/740jw955i52c.brive.org\/#website\",\"url\":\"http:\/\/740jw955i52c.brive.org\/\",\"name\":\"Ville de Brive\",\"description\":\"Bienvenue sur le site de la ville de Brive-la-Gaillarde. Vous y trouverez l&#039;actualit\\u00e9 de la commune, des informations pratiques et vos d\\u00e9marches administratives.\",\"potentialAction\":[{\"@type\":\"SearchAction\",\"target\":{\"@type\":\"EntryPoint\",\"urlTemplate\":\"http:\/\/740jw955i52c.brive.org\/?s={search_term_string}\"},\"query-input\":\"required name=search_term_string\"}],\"inLanguage\":\"fr-FR\"},{\"@type\":\"WebPage\",\"@id\":\"http:\/\/740jw955i52c.brive.org\/index.php\/la-piscine-activites-bien-etre\/#webpage\",\"url\":\"http:\/\/740jw955i52c.brive.org\/index.php\/la-piscine-activites-bien-etre\/\",\"name\":\"La Piscine - Espace Bien-\\u00eatre - Ville de Brive\",\"isPartOf\":{\"@id\":\"http:\/\/740jw955i52c.brive.org\/#website\"},\"datePublished\":\"2016-11-30T15:08:10+00:00\",\"dateModified\":\"2022-09-12T07:30:24+00:00\",\"breadcrumb\":{\"@id\":\"http:\/\/740jw955i52c.brive.org\/index.php\/la-piscine-activites-bien-etre\/#breadcrumb\"},\"inLanguage\":\"fr-FR\",\"potentialAction\":[{\"@type\":\"ReadAction\",\"target\":[\"http:\/\/740jw955i52c.brive.org\/index.php\/la-piscine-activites-bien-etre\/\"]}]},{\"@type\":\"BreadcrumbList\",\"@id\":\"http:\/\/740jw955i52c.brive.org\/index.php\/la-piscine-activites-bien-etre\/#breadcrumb\",\"itemListElement\":[{\"@type\":\"ListItem\",\"position\":1,\"name\":\"Accueil\",\"item\":\"http:\/\/740jw955i52c.brive.org\/\"},{\"@type\":\"ListItem\",\"position\":2,\"name\":\"La Piscine &#8211; Espace Bien-\\u00eatre\"}]}]}<\/script>\n<!-- \/ Yoast SEO plugin. -->","yoast_head_json":{"title":"La Piscine - Espace Bien-\u00eatre - Ville de Brive","robots":{"index":"index","follow":"follow","max-snippet":"max-snippet:-1","max-image-preview":"max-image-preview:large","max-video-preview":"max-video-preview:-1"},"canonical":"http:\/\/740jw955i52c.brive.org\/index.php\/la-piscine-activites-bien-etre\/","og_locale":"fr_FR","og_type":"article","og_title":"La Piscine - Espace Bien-\u00eatre - Ville de Brive","og_description":"[vc_row][vc_column][vc_tta_tour style=&#8221;modern&#8221; spacing=&#8221;&#8221; alignment=&#8221;center&#8221; controls_size=&#8221;sm&#8221; active_section=&#8221;1&#8243; no_fill_content_area=&#8221;true&#8221;][vc_tta_section i_icon_fontawesome=&#8221;fa fa-camera&#8221; add_icon=&#8221;true&#8221; tab_id=&#8221;1481640250490-3074905c-02cf&#8221;][vc_images_carousel images=&#8221;21689,21690,21691&#8243; img_size=&#8221;750&#215;500&#8243; onclick=&#8221;link_no&#8221; speed=&#8221;2000&#8243; autoplay=&#8221;yes&#8221; hide_prev_next_buttons=&#8221;yes&#8221; wrap=&#8221;yes&#8221;][\/vc_tta_section][vc_tta_section title=&#8221;Le SAUNA&#8221; tab_id=&#8221;1481638228758-a902693a-0363&#8243;][vc_empty_space height=&#8221;100px&#8221;][vc_column_text] Le sauna est un rituel bien-\u00eatre originaire de ...","og_url":"http:\/\/740jw955i52c.brive.org\/index.php\/la-piscine-activites-bien-etre\/","og_site_name":"Ville de Brive","article_modified_time":"2022-09-12T07:30:24+00:00","twitter_card":"summary_large_image","twitter_misc":{"Dur\u00e9e de lecture estim\u00e9e":"9 minutes"},"schema":{"@context":"https:\/\/schema.org","@graph":[{"@type":"WebSite","@id":"http:\/\/740jw955i52c.brive.org\/#website","url":"http:\/\/740jw955i52c.brive.org\/","name":"Ville de Brive","description":"Bienvenue sur le site de la ville de Brive-la-Gaillarde. Vous y trouverez l&#039;actualit\u00e9 de la commune, des informations pratiques et vos d\u00e9marches administratives.","potentialAction":[{"@type":"SearchAction","target":{"@type":"EntryPoint","urlTemplate":"http:\/\/740jw955i52c.brive.org\/?s={search_term_string}"},"query-input":"required name=search_term_string"}],"inLanguage":"fr-FR"},{"@type":"WebPage","@id":"http:\/\/740jw955i52c.brive.org\/index.php\/la-piscine-activites-bien-etre\/#webpage","url":"http:\/\/740jw955i52c.brive.org\/index.php\/la-piscine-activites-bien-etre\/","name":"La Piscine - Espace Bien-\u00eatre - Ville de Brive","isPartOf":{"@id":"http:\/\/740jw955i52c.brive.org\/#website"},"datePublished":"2016-11-30T15:08:10+00:00","dateModified":"2022-09-12T07:30:24+00:00","breadcrumb":{"@id":"http:\/\/740jw955i52c.brive.org\/index.php\/la-piscine-activites-bien-etre\/#breadcrumb"},"inLanguage":"fr-FR","potentialAction":[{"@type":"ReadAction","target":["http:\/\/740jw955i52c.brive.org\/index.php\/la-piscine-activites-bien-etre\/"]}]},{"@type":"BreadcrumbList","@id":"http:\/\/740jw955i52c.brive.org\/index.php\/la-piscine-activites-bien-etre\/#breadcrumb","itemListElement":[{"@type":"ListItem","position":1,"name":"Accueil","item":"http:\/\/740jw955i52c.brive.org\/"},{"@type":"ListItem","position":2,"name":"La Piscine &#8211; Espace Bien-\u00eatre"}]}]}},"_links":{"self":[{"href":"http:\/\/740jw955i52c.brive.org\/index.php\/wp-json\/wp\/v2\/pages\/21053"}],"collection":[{"href":"http:\/\/740jw955i52c.brive.org\/index.php\/wp-json\/wp\/v2\/pages"}],"about":[{"href":"http:\/\/740jw955i52c.brive.org\/index.php\/wp-json\/wp\/v2\/types\/page"}],"author":[{"embeddable":true,"href":"http:\/\/740jw955i52c.brive.org\/index.php\/wp-json\/wp\/v2\/users\/3"}],"replies":[{"embeddable":true,"href":"http:\/\/740jw955i52c.brive.org\/index.php\/wp-json\/wp\/v2\/comments?post=21053"}],"version-history":[{"count":76,"href":"http:\/\/740jw955i52c.brive.org\/index.php\/wp-json\/wp\/v2\/pages\/21053\/revisions"}],"predecessor-version":[{"id":47688,"href":"http:\/\/740jw955i52c.brive.org\/index.php\/wp-json\/wp\/v2\/pages\/21053\/revisions\/47688"}],"wp:attachment":[{"href":"http:\/\/740jw955i52c.brive.org\/index.php\/wp-json\/wp\/v2\/media?parent=21053"}],"curies":[{"name":"wp","href":"https:\/\/api.w.org\/{rel}","templated":true}]}}