{"id":21048,"date":"2016-11-30T16:00:26","date_gmt":"2016-11-30T15:00:26","guid":{"rendered":"http:\/\/740jw955i52c.brive.org\/?page_id=21048"},"modified":"2022-09-12T09:29:48","modified_gmt":"2022-09-12T07:29:48","slug":"la-piscine-activites-cardio","status":"publish","type":"page","link":"http:\/\/740jw955i52c.brive.org\/index.php\/la-piscine-activites-cardio\/","title":{"rendered":"La Piscine &#8211; Espace Cardio"},"content":{"rendered":"<p>[vc_row][vc_column]<div class=\"uxb-exte\"><h2 class=\" h-center  has-line   uxb-heading\">Espace Cardio<\/h2><\/div>[vc_tta_tour style=&#8221;modern&#8221; spacing=&#8221;&#8221; alignment=&#8221;center&#8221; controls_size=&#8221;sm&#8221; active_section=&#8221;1&#8243;][vc_tta_section i_icon_fontawesome=&#8221;fa fa-camera&#8221; add_icon=&#8221;true&#8221; tab_id=&#8221;1484666293710-50dfdaaa-86d9&#8243;][vc_row_inner][vc_column_inner][vc_images_carousel images=&#8221;21416,21414,21412&#8243; img_size=&#8221;full&#8221; onclick=&#8221;link_no&#8221; speed=&#8221;2000&#8243; autoplay=&#8221;yes&#8221; hide_prev_next_buttons=&#8221;yes&#8221; wrap=&#8221;yes&#8221;][vc_cta h2=&#8221;&#8221; style=&#8221;outline&#8221; color=&#8221;sky&#8221;]<\/p>\n<p style=\"text-align: justify\">Cette espace vise l\u2019am\u00e9lioration de <strong>vos capacit\u00e9s cardio-vasculaires et cardio-respiratoires<\/strong>.<\/p>\n<p style=\"text-align: justify\">L\u2019entra\u00eenement s\u2019effectue sur des <strong>v\u00e9los, tapis de courses, rameurs, elliptiques<\/strong>.<\/p>\n<p style=\"text-align: justify\">Cette activit\u00e9 s\u2019adresse aux hommes et femmes, d\u00e9butants, sportifs, de toute tranche d\u2019\u00e2ge \u00a0\u00e0 la recherche\u00a0 d\u2019une activit\u00e9 allant du sport sant\u00e9 \u00e0 la performance.<\/p>\n<p style=\"text-align: justify\">Vous voulez am\u00e9liorer votre <strong>condition physique<\/strong> d\u2019une mani\u00e8re g\u00e9n\u00e9rale, \u00e9liminer efficacement les tissus adipeux, tonifier vos <strong>muscles<\/strong>, un coach sportif vous attend accompagn\u00e9 d\u2019un <strong>cardio-fr\u00e9quencem\u00e8tre<\/strong> pour bien cibler votre objectif.<\/p>\n<p>[\/vc_cta][\/vc_column_inner][\/vc_row_inner][\/vc_tta_section][\/vc_tta_tour][vc_row_inner][vc_column_inner width=&#8221;1\/3&#8243;][vc_btn title=&#8221;Espace Aquatique&#8221; style=&#8221;custom&#8221; custom_background=&#8221;#5aa1e3&#8243; custom_text=&#8221;#ffffff&#8221; shape=&#8221;rounded&#8221; size=&#8221;sm&#8221; align=&#8221;center&#8221; button_block=&#8221;true&#8221; link=&#8221;url:http%3A%2F%2F740jw955i52c.brive.org%2Findex.php%2Facces-espace-aquatique%2F|||&#8221;][\/vc_column_inner][vc_column_inner width=&#8221;1\/3&#8243;][vc_btn title=&#8221;Espace Cardio&#8221; style=&#8221;custom&#8221; custom_background=&#8221;#f9f9f9&#8243; custom_text=&#8221;#5aa1e3&#8243; shape=&#8221;rounded&#8221; size=&#8221;sm&#8221; align=&#8221;center&#8221; button_block=&#8221;true&#8221; link=&#8221;|||&#8221;][\/vc_column_inner][vc_column_inner width=&#8221;1\/3&#8243;][vc_btn title=&#8221;Espace Bien-\u00eatre&#8221; style=&#8221;custom&#8221; custom_background=&#8221;#5aa1e3&#8243; custom_text=&#8221;#ffffff&#8221; shape=&#8221;rounded&#8221; size=&#8221;sm&#8221; align=&#8221;center&#8221; button_block=&#8221;true&#8221; link=&#8221;url:http%3A%2F%2F740jw955i52c.brive.org%2Findex.php%2Fla-piscine-activites-bien-etre%2F|||&#8221;][\/vc_column_inner][\/vc_row_inner][\/vc_column][\/vc_row][vc_row][vc_column width=&#8221;1\/4&#8243;][vc_empty_space height=&#8221;50px&#8221;][vc_btn title=&#8221;ACCUEIL&#8221; style=&#8221;custom&#8221; custom_background=&#8221;#5aa1e3&#8243; custom_text=&#8221;#ffffff&#8221; shape=&#8221;rounded&#8221; size=&#8221;sm&#8221; align=&#8221;center&#8221; button_block=&#8221;true&#8221; link=&#8221;url:http%3A%2F%2F740jw955i52c.brive.org%2Findex.php%2Fla-piscine%2F|||&#8221;][\/vc_column][vc_column width=&#8221;1\/2&#8243;][vc_single_image image=&#8221;17321&#8243; add_caption=&#8221;yes&#8221; alignment=&#8221;center&#8221;][\/vc_column][vc_column width=&#8221;1\/4&#8243;][vc_empty_space height=&#8221;50px&#8221;][vc_btn title=&#8221;ACCES AUX ESPACES&#8221; style=&#8221;custom&#8221; custom_background=&#8221;#5aa1e3&#8243; custom_text=&#8221;#ffffff&#8221; shape=&#8221;rounded&#8221; size=&#8221;sm&#8221; align=&#8221;center&#8221; button_block=&#8221;true&#8221; link=&#8221;url:http%3A%2F%2F740jw955i52c.brive.org%2Findex.php%2Facces-espace-aquatique%2F|||&#8221;][\/vc_column][\/vc_row]<\/p>\n","protected":false},"excerpt":{"rendered":"<p>[vc_row][vc_column][vc_tta_tour style=&#8221;modern&#8221; spacing=&#8221;&#8221; alignment=&#8221;center&#8221; controls_size=&#8221;sm&#8221; active_section=&#8221;1&#8243;][vc_tta_section i_icon_fontawesome=&#8221;fa fa-camera&#8221; add_icon=&#8221;true&#8221; tab_id=&#8221;1484666293710-50dfdaaa-86d9&#8243;][vc_row_inner][vc_column_inner][vc_images_carousel images=&#8221;21416,21414,21412&#8243; img_size=&#8221;full&#8221; onclick=&#8221;link_no&#8221; speed=&#8221;2000&#8243; autoplay=&#8221;yes&#8221; hide_prev_next_buttons=&#8221;yes&#8221; wrap=&#8221;yes&#8221;][vc_cta h2=&#8221;&#8221; style=&#8221;outline&#8221; color=&#8221;sky&#8221;] Cette espace vise l\u2019am\u00e9lioration de vos capacit\u00e9s cardio-vasculaires et cardio-respiratoires. &#8230; <\/p>\n","protected":false},"author":3,"featured_media":0,"parent":0,"menu_order":0,"comment_status":"closed","ping_status":"closed","template":"","meta":[],"yoast_head":"<!-- This site is optimized with the Yoast SEO plugin v17.8 - https:\/\/yoast.com\/wordpress\/plugins\/seo\/ -->\n<title>La Piscine - Espace Cardio - Ville de Brive<\/title>\n<meta name=\"robots\" content=\"index, follow, max-snippet:-1, max-image-preview:large, max-video-preview:-1\" \/>\n<link rel=\"canonical\" href=\"http:\/\/740jw955i52c.brive.org\/index.php\/la-piscine-activites-cardio\/\" \/>\n<meta property=\"og:locale\" content=\"fr_FR\" \/>\n<meta property=\"og:type\" content=\"article\" \/>\n<meta property=\"og:title\" content=\"La Piscine - Espace Cardio - Ville de Brive\" \/>\n<meta property=\"og:description\" content=\"[vc_row][vc_column][vc_tta_tour style=&#8221;modern&#8221; spacing=&#8221;&#8221; alignment=&#8221;center&#8221; controls_size=&#8221;sm&#8221; active_section=&#8221;1&#8243;][vc_tta_section i_icon_fontawesome=&#8221;fa fa-camera&#8221; add_icon=&#8221;true&#8221; tab_id=&#8221;1484666293710-50dfdaaa-86d9&#8243;][vc_row_inner][vc_column_inner][vc_images_carousel images=&#8221;21416,21414,21412&#8243; img_size=&#8221;full&#8221; onclick=&#8221;link_no&#8221; speed=&#8221;2000&#8243; autoplay=&#8221;yes&#8221; hide_prev_next_buttons=&#8221;yes&#8221; wrap=&#8221;yes&#8221;][vc_cta h2=&#8221;&#8221; style=&#8221;outline&#8221; color=&#8221;sky&#8221;] Cette espace vise l\u2019am\u00e9lioration de vos capacit\u00e9s cardio-vasculaires et cardio-respiratoires. ...\" \/>\n<meta property=\"og:url\" content=\"http:\/\/740jw955i52c.brive.org\/index.php\/la-piscine-activites-cardio\/\" \/>\n<meta property=\"og:site_name\" content=\"Ville de Brive\" \/>\n<meta property=\"article:modified_time\" content=\"2022-09-12T07:29:48+00:00\" \/>\n<meta name=\"twitter:card\" content=\"summary_large_image\" \/>\n<meta name=\"twitter:label1\" content=\"Dur\u00e9e de lecture estim\u00e9e\" \/>\n\t<meta name=\"twitter:data1\" content=\"2 minutes\" \/>\n<script type=\"application\/ld+json\" class=\"yoast-schema-graph\">{\"@context\":\"https:\/\/schema.org\",\"@graph\":[{\"@type\":\"WebSite\",\"@id\":\"http:\/\/740jw955i52c.brive.org\/#website\",\"url\":\"http:\/\/740jw955i52c.brive.org\/\",\"name\":\"Ville de Brive\",\"description\":\"Bienvenue sur le site de la ville de Brive-la-Gaillarde. Vous y trouverez l&#039;actualit\\u00e9 de la commune, des informations pratiques et vos d\\u00e9marches administratives.\",\"potentialAction\":[{\"@type\":\"SearchAction\",\"target\":{\"@type\":\"EntryPoint\",\"urlTemplate\":\"http:\/\/740jw955i52c.brive.org\/?s={search_term_string}\"},\"query-input\":\"required name=search_term_string\"}],\"inLanguage\":\"fr-FR\"},{\"@type\":\"WebPage\",\"@id\":\"http:\/\/740jw955i52c.brive.org\/index.php\/la-piscine-activites-cardio\/#webpage\",\"url\":\"http:\/\/740jw955i52c.brive.org\/index.php\/la-piscine-activites-cardio\/\",\"name\":\"La Piscine - Espace Cardio - Ville de Brive\",\"isPartOf\":{\"@id\":\"http:\/\/740jw955i52c.brive.org\/#website\"},\"datePublished\":\"2016-11-30T15:00:26+00:00\",\"dateModified\":\"2022-09-12T07:29:48+00:00\",\"breadcrumb\":{\"@id\":\"http:\/\/740jw955i52c.brive.org\/index.php\/la-piscine-activites-cardio\/#breadcrumb\"},\"inLanguage\":\"fr-FR\",\"potentialAction\":[{\"@type\":\"ReadAction\",\"target\":[\"http:\/\/740jw955i52c.brive.org\/index.php\/la-piscine-activites-cardio\/\"]}]},{\"@type\":\"BreadcrumbList\",\"@id\":\"http:\/\/740jw955i52c.brive.org\/index.php\/la-piscine-activites-cardio\/#breadcrumb\",\"itemListElement\":[{\"@type\":\"ListItem\",\"position\":1,\"name\":\"Accueil\",\"item\":\"http:\/\/740jw955i52c.brive.org\/\"},{\"@type\":\"ListItem\",\"position\":2,\"name\":\"La Piscine &#8211; Espace Cardio\"}]}]}<\/script>\n<!-- \/ Yoast SEO plugin. -->","yoast_head_json":{"title":"La Piscine - Espace Cardio - Ville de Brive","robots":{"index":"index","follow":"follow","max-snippet":"max-snippet:-1","max-image-preview":"max-image-preview:large","max-video-preview":"max-video-preview:-1"},"canonical":"http:\/\/740jw955i52c.brive.org\/index.php\/la-piscine-activites-cardio\/","og_locale":"fr_FR","og_type":"article","og_title":"La Piscine - Espace Cardio - Ville de Brive","og_description":"[vc_row][vc_column][vc_tta_tour style=&#8221;modern&#8221; spacing=&#8221;&#8221; alignment=&#8221;center&#8221; controls_size=&#8221;sm&#8221; active_section=&#8221;1&#8243;][vc_tta_section i_icon_fontawesome=&#8221;fa fa-camera&#8221; add_icon=&#8221;true&#8221; tab_id=&#8221;1484666293710-50dfdaaa-86d9&#8243;][vc_row_inner][vc_column_inner][vc_images_carousel images=&#8221;21416,21414,21412&#8243; img_size=&#8221;full&#8221; onclick=&#8221;link_no&#8221; speed=&#8221;2000&#8243; autoplay=&#8221;yes&#8221; hide_prev_next_buttons=&#8221;yes&#8221; wrap=&#8221;yes&#8221;][vc_cta h2=&#8221;&#8221; style=&#8221;outline&#8221; color=&#8221;sky&#8221;] Cette espace vise l\u2019am\u00e9lioration de vos capacit\u00e9s cardio-vasculaires et cardio-respiratoires. ...","og_url":"http:\/\/740jw955i52c.brive.org\/index.php\/la-piscine-activites-cardio\/","og_site_name":"Ville de Brive","article_modified_time":"2022-09-12T07:29:48+00:00","twitter_card":"summary_large_image","twitter_misc":{"Dur\u00e9e de lecture estim\u00e9e":"2 minutes"},"schema":{"@context":"https:\/\/schema.org","@graph":[{"@type":"WebSite","@id":"http:\/\/740jw955i52c.brive.org\/#website","url":"http:\/\/740jw955i52c.brive.org\/","name":"Ville de Brive","description":"Bienvenue sur le site de la ville de Brive-la-Gaillarde. Vous y trouverez l&#039;actualit\u00e9 de la commune, des informations pratiques et vos d\u00e9marches administratives.","potentialAction":[{"@type":"SearchAction","target":{"@type":"EntryPoint","urlTemplate":"http:\/\/740jw955i52c.brive.org\/?s={search_term_string}"},"query-input":"required name=search_term_string"}],"inLanguage":"fr-FR"},{"@type":"WebPage","@id":"http:\/\/740jw955i52c.brive.org\/index.php\/la-piscine-activites-cardio\/#webpage","url":"http:\/\/740jw955i52c.brive.org\/index.php\/la-piscine-activites-cardio\/","name":"La Piscine - Espace Cardio - Ville de Brive","isPartOf":{"@id":"http:\/\/740jw955i52c.brive.org\/#website"},"datePublished":"2016-11-30T15:00:26+00:00","dateModified":"2022-09-12T07:29:48+00:00","breadcrumb":{"@id":"http:\/\/740jw955i52c.brive.org\/index.php\/la-piscine-activites-cardio\/#breadcrumb"},"inLanguage":"fr-FR","potentialAction":[{"@type":"ReadAction","target":["http:\/\/740jw955i52c.brive.org\/index.php\/la-piscine-activites-cardio\/"]}]},{"@type":"BreadcrumbList","@id":"http:\/\/740jw955i52c.brive.org\/index.php\/la-piscine-activites-cardio\/#breadcrumb","itemListElement":[{"@type":"ListItem","position":1,"name":"Accueil","item":"http:\/\/740jw955i52c.brive.org\/"},{"@type":"ListItem","position":2,"name":"La Piscine &#8211; Espace Cardio"}]}]}},"_links":{"self":[{"href":"http:\/\/740jw955i52c.brive.org\/index.php\/wp-json\/wp\/v2\/pages\/21048"}],"collection":[{"href":"http:\/\/740jw955i52c.brive.org\/index.php\/wp-json\/wp\/v2\/pages"}],"about":[{"href":"http:\/\/740jw955i52c.brive.org\/index.php\/wp-json\/wp\/v2\/types\/page"}],"author":[{"embeddable":true,"href":"http:\/\/740jw955i52c.brive.org\/index.php\/wp-json\/wp\/v2\/users\/3"}],"replies":[{"embeddable":true,"href":"http:\/\/740jw955i52c.brive.org\/index.php\/wp-json\/wp\/v2\/comments?post=21048"}],"version-history":[{"count":53,"href":"http:\/\/740jw955i52c.brive.org\/index.php\/wp-json\/wp\/v2\/pages\/21048\/revisions"}],"predecessor-version":[{"id":47687,"href":"http:\/\/740jw955i52c.brive.org\/index.php\/wp-json\/wp\/v2\/pages\/21048\/revisions\/47687"}],"wp:attachment":[{"href":"http:\/\/740jw955i52c.brive.org\/index.php\/wp-json\/wp\/v2\/media?parent=21048"}],"curies":[{"name":"wp","href":"https:\/\/api.w.org\/{rel}","templated":true}]}}