{"id":20465,"date":"2016-11-22T15:39:28","date_gmt":"2016-11-22T14:39:28","guid":{"rendered":"http:\/\/740jw955i52c.brive.org\/?page_id=20465"},"modified":"2017-11-04T08:33:19","modified_gmt":"2017-11-04T07:33:19","slug":"golf-zone-entrainement","status":"publish","type":"page","link":"http:\/\/740jw955i52c.brive.org\/index.php\/golf-zone-entrainement\/","title":{"rendered":"Golf &#8211; Zones d&#8217;entrainement"},"content":{"rendered":"<p>[vc_row][vc_column]<div class=\"uxb-exte\"><h3 class=\"   has-line   uxb-heading\">Zones d'entrainement du golf de Brive\/Planchetorte<\/h3><\/div>[\/vc_column][\/vc_row][vc_row][vc_column][vc_tta_tour style=&#8221;modern&#8221; shape=&#8221;square&#8221; spacing=&#8221;&#8221; active_section=&#8221;1&#8243;][vc_tta_section i_icon_fontawesome=&#8221;fa fa-camera&#8221; tab_id=&#8221;1482942104212-eb16bcb3-9f81&#8243; add_icon=&#8221;true&#8221;][vc_row_inner][vc_column_inner][vc_images_carousel images=&#8221;22402,22349,22375,22403,22267&#8243; img_size=&#8221;full&#8221; onclick=&#8221;link_no&#8221; speed=&#8221;2000&#8243; autoplay=&#8221;yes&#8221; hide_prev_next_buttons=&#8221;yes&#8221; wrap=&#8221;yes&#8221;][\/vc_column_inner][\/vc_row_inner][\/vc_tta_section][vc_tta_section title=&#8221;1 putting green&#8221; tab_id=&#8221;1482942104341-e505e79e-d988&#8243;][vc_empty_space height=&#8221;60px&#8221;][vc_row_inner][vc_column_inner][vc_column_text]<\/p>\n<p style=\"text-align: center\"><strong>Acc\u00e8s gratuit pour les abonn\u00e9s du golf et libre aux visiteurs<\/strong><\/p>\n<p>[\/vc_column_text][\/vc_column_inner][\/vc_row_inner][\/vc_tta_section][vc_tta_section title=&#8221;2 zones d\u2019approche avec bunkers&#8221; tab_id=&#8221;1482942275427-3f4d432d-843c&#8221;][vc_empty_space height=&#8221;110px&#8221;][vc_row_inner][vc_column_inner][vc_column_text]<\/p>\n<p style=\"text-align: center\"><strong>Acc\u00e8s gratuit pour les abonn\u00e9s du golf et libre aux visiteurs<\/strong><\/p>\n<p>[\/vc_column_text][\/vc_column_inner][\/vc_row_inner][\/vc_tta_section][vc_tta_section title=&#8221;1 practice couvert (13 postes)&#8221; tab_id=&#8221;1482942302877-f096a032-6820&#8243;][vc_row_inner][vc_column_inner][vc_column_text]<strong>Un practice couvert qui <\/strong><strong>fonctionne <\/strong><strong>uniquement avec des jetons sp\u00e9cifiques au distributeur ou d\u00e9livr\u00e9s \u00e0 l\u2019accueil selon le tarif en vigueur :<\/strong><\/p>\n<ul>\n<li><strong>1 jeton\u00a0= 1 \u20ac<\/strong><\/li>\n<li><strong>12 jetons\u00a0= 10 \u20ac<\/strong><\/li>\n<\/ul>\n<p>[\/vc_column_text][\/vc_column_inner][\/vc_row_inner][\/vc_tta_section][\/vc_tta_tour][\/vc_column][\/vc_row][vc_row][vc_column width=&#8221;1\/4&#8243;][vc_btn title=&#8221;Retour ACCUEIL du GOLF&#8221; style=&#8221;custom&#8221; custom_background=&#8221;#5aa1e3&#8243; custom_text=&#8221;#ffffff&#8221; size=&#8221;sm&#8221; align=&#8221;center&#8221; link=&#8221;url:http%3A%2F%2F740jw955i52c.brive.org%2Findex.php%2Fgolf-de-planchetorte%2F|||&#8221; button_block=&#8221;true&#8221;][\/vc_column][vc_column width=&#8221;1\/2&#8243;][vc_empty_space][vc_separator color=&#8221;sky&#8221; style=&#8221;shadow&#8221; border_width=&#8221;3&#8243;][\/vc_column][vc_column width=&#8221;1\/4&#8243;][vc_btn title=&#8221;Parcours du GOLF&#8221; style=&#8221;custom&#8221; custom_background=&#8221;#5aa1e3&#8243; custom_text=&#8221;#ffffff&#8221; size=&#8221;sm&#8221; align=&#8221;center&#8221; link=&#8221;url:http%3A%2F%2F740jw955i52c.brive.org%2Findex.php%2Fgolf-parcours%2F|||&#8221; button_block=&#8221;true&#8221;][\/vc_column][\/vc_row]<\/p>\n","protected":false},"excerpt":{"rendered":"<p>[vc_row][vc_column][\/vc_column][\/vc_row][vc_row][vc_column][vc_tta_tour style=&#8221;modern&#8221; shape=&#8221;square&#8221; spacing=&#8221;&#8221; active_section=&#8221;1&#8243;][vc_tta_section i_icon_fontawesome=&#8221;fa fa-camera&#8221; tab_id=&#8221;1482942104212-eb16bcb3-9f81&#8243; add_icon=&#8221;true&#8221;][vc_row_inner][vc_column_inner][vc_images_carousel images=&#8221;22402,22349,22375,22403,22267&#8243; img_size=&#8221;full&#8221; onclick=&#8221;link_no&#8221; speed=&#8221;2000&#8243; autoplay=&#8221;yes&#8221; hide_prev_next_buttons=&#8221;yes&#8221; wrap=&#8221;yes&#8221;][\/vc_column_inner][\/vc_row_inner][\/vc_tta_section][vc_tta_section title=&#8221;1 putting green&#8221; tab_id=&#8221;1482942104341-e505e79e-d988&#8243;][vc_empty_space height=&#8221;60px&#8221;][vc_row_inner][vc_column_inner][vc_column_text] Acc\u00e8s gratuit pour les abonn\u00e9s du golf et libre &#8230; <\/p>\n","protected":false},"author":3,"featured_media":0,"parent":0,"menu_order":0,"comment_status":"closed","ping_status":"closed","template":"","meta":[],"yoast_head":"<!-- This site is optimized with the Yoast SEO plugin v17.8 - https:\/\/yoast.com\/wordpress\/plugins\/seo\/ -->\n<title>Golf - Zones d&#039;entrainement - Ville de Brive<\/title>\n<meta name=\"robots\" content=\"index, follow, max-snippet:-1, max-image-preview:large, max-video-preview:-1\" \/>\n<link rel=\"canonical\" href=\"http:\/\/740jw955i52c.brive.org\/index.php\/golf-zone-entrainement\/\" \/>\n<meta property=\"og:locale\" content=\"fr_FR\" \/>\n<meta property=\"og:type\" content=\"article\" \/>\n<meta property=\"og:title\" content=\"Golf - Zones d&#039;entrainement - Ville de Brive\" \/>\n<meta property=\"og:description\" content=\"[vc_row][vc_column][\/vc_column][\/vc_row][vc_row][vc_column][vc_tta_tour style=&#8221;modern&#8221; shape=&#8221;square&#8221; spacing=&#8221;&#8221; active_section=&#8221;1&#8243;][vc_tta_section i_icon_fontawesome=&#8221;fa fa-camera&#8221; tab_id=&#8221;1482942104212-eb16bcb3-9f81&#8243; add_icon=&#8221;true&#8221;][vc_row_inner][vc_column_inner][vc_images_carousel images=&#8221;22402,22349,22375,22403,22267&#8243; img_size=&#8221;full&#8221; onclick=&#8221;link_no&#8221; speed=&#8221;2000&#8243; autoplay=&#8221;yes&#8221; hide_prev_next_buttons=&#8221;yes&#8221; wrap=&#8221;yes&#8221;][\/vc_column_inner][\/vc_row_inner][\/vc_tta_section][vc_tta_section title=&#8221;1 putting green&#8221; tab_id=&#8221;1482942104341-e505e79e-d988&#8243;][vc_empty_space height=&#8221;60px&#8221;][vc_row_inner][vc_column_inner][vc_column_text] Acc\u00e8s gratuit pour les abonn\u00e9s du golf et libre ...\" \/>\n<meta property=\"og:url\" content=\"http:\/\/740jw955i52c.brive.org\/index.php\/golf-zone-entrainement\/\" \/>\n<meta property=\"og:site_name\" content=\"Ville de Brive\" \/>\n<meta property=\"article:modified_time\" content=\"2017-11-04T07:33:19+00:00\" \/>\n<meta name=\"twitter:card\" content=\"summary_large_image\" \/>\n<meta name=\"twitter:label1\" content=\"Dur\u00e9e de lecture estim\u00e9e\" \/>\n\t<meta name=\"twitter:data1\" content=\"2 minutes\" \/>\n<script type=\"application\/ld+json\" class=\"yoast-schema-graph\">{\"@context\":\"https:\/\/schema.org\",\"@graph\":[{\"@type\":\"WebSite\",\"@id\":\"http:\/\/740jw955i52c.brive.org\/#website\",\"url\":\"http:\/\/740jw955i52c.brive.org\/\",\"name\":\"Ville de Brive\",\"description\":\"Bienvenue sur le site de la ville de Brive-la-Gaillarde. Vous y trouverez l&#039;actualit\\u00e9 de la commune, des informations pratiques et vos d\\u00e9marches administratives.\",\"potentialAction\":[{\"@type\":\"SearchAction\",\"target\":{\"@type\":\"EntryPoint\",\"urlTemplate\":\"http:\/\/740jw955i52c.brive.org\/?s={search_term_string}\"},\"query-input\":\"required name=search_term_string\"}],\"inLanguage\":\"fr-FR\"},{\"@type\":\"WebPage\",\"@id\":\"http:\/\/740jw955i52c.brive.org\/index.php\/golf-zone-entrainement\/#webpage\",\"url\":\"http:\/\/740jw955i52c.brive.org\/index.php\/golf-zone-entrainement\/\",\"name\":\"Golf - Zones d'entrainement - Ville de Brive\",\"isPartOf\":{\"@id\":\"http:\/\/740jw955i52c.brive.org\/#website\"},\"datePublished\":\"2016-11-22T14:39:28+00:00\",\"dateModified\":\"2017-11-04T07:33:19+00:00\",\"breadcrumb\":{\"@id\":\"http:\/\/740jw955i52c.brive.org\/index.php\/golf-zone-entrainement\/#breadcrumb\"},\"inLanguage\":\"fr-FR\",\"potentialAction\":[{\"@type\":\"ReadAction\",\"target\":[\"http:\/\/740jw955i52c.brive.org\/index.php\/golf-zone-entrainement\/\"]}]},{\"@type\":\"BreadcrumbList\",\"@id\":\"http:\/\/740jw955i52c.brive.org\/index.php\/golf-zone-entrainement\/#breadcrumb\",\"itemListElement\":[{\"@type\":\"ListItem\",\"position\":1,\"name\":\"Accueil\",\"item\":\"http:\/\/740jw955i52c.brive.org\/\"},{\"@type\":\"ListItem\",\"position\":2,\"name\":\"Golf &#8211; Zones d&#8217;entrainement\"}]}]}<\/script>\n<!-- \/ Yoast SEO plugin. -->","yoast_head_json":{"title":"Golf - Zones d'entrainement - Ville de Brive","robots":{"index":"index","follow":"follow","max-snippet":"max-snippet:-1","max-image-preview":"max-image-preview:large","max-video-preview":"max-video-preview:-1"},"canonical":"http:\/\/740jw955i52c.brive.org\/index.php\/golf-zone-entrainement\/","og_locale":"fr_FR","og_type":"article","og_title":"Golf - Zones d'entrainement - Ville de Brive","og_description":"[vc_row][vc_column][\/vc_column][\/vc_row][vc_row][vc_column][vc_tta_tour style=&#8221;modern&#8221; shape=&#8221;square&#8221; spacing=&#8221;&#8221; active_section=&#8221;1&#8243;][vc_tta_section i_icon_fontawesome=&#8221;fa fa-camera&#8221; tab_id=&#8221;1482942104212-eb16bcb3-9f81&#8243; add_icon=&#8221;true&#8221;][vc_row_inner][vc_column_inner][vc_images_carousel images=&#8221;22402,22349,22375,22403,22267&#8243; img_size=&#8221;full&#8221; onclick=&#8221;link_no&#8221; speed=&#8221;2000&#8243; autoplay=&#8221;yes&#8221; hide_prev_next_buttons=&#8221;yes&#8221; wrap=&#8221;yes&#8221;][\/vc_column_inner][\/vc_row_inner][\/vc_tta_section][vc_tta_section title=&#8221;1 putting green&#8221; tab_id=&#8221;1482942104341-e505e79e-d988&#8243;][vc_empty_space height=&#8221;60px&#8221;][vc_row_inner][vc_column_inner][vc_column_text] Acc\u00e8s gratuit pour les abonn\u00e9s du golf et libre ...","og_url":"http:\/\/740jw955i52c.brive.org\/index.php\/golf-zone-entrainement\/","og_site_name":"Ville de Brive","article_modified_time":"2017-11-04T07:33:19+00:00","twitter_card":"summary_large_image","twitter_misc":{"Dur\u00e9e de lecture estim\u00e9e":"2 minutes"},"schema":{"@context":"https:\/\/schema.org","@graph":[{"@type":"WebSite","@id":"http:\/\/740jw955i52c.brive.org\/#website","url":"http:\/\/740jw955i52c.brive.org\/","name":"Ville de Brive","description":"Bienvenue sur le site de la ville de Brive-la-Gaillarde. Vous y trouverez l&#039;actualit\u00e9 de la commune, des informations pratiques et vos d\u00e9marches administratives.","potentialAction":[{"@type":"SearchAction","target":{"@type":"EntryPoint","urlTemplate":"http:\/\/740jw955i52c.brive.org\/?s={search_term_string}"},"query-input":"required name=search_term_string"}],"inLanguage":"fr-FR"},{"@type":"WebPage","@id":"http:\/\/740jw955i52c.brive.org\/index.php\/golf-zone-entrainement\/#webpage","url":"http:\/\/740jw955i52c.brive.org\/index.php\/golf-zone-entrainement\/","name":"Golf - Zones d'entrainement - Ville de Brive","isPartOf":{"@id":"http:\/\/740jw955i52c.brive.org\/#website"},"datePublished":"2016-11-22T14:39:28+00:00","dateModified":"2017-11-04T07:33:19+00:00","breadcrumb":{"@id":"http:\/\/740jw955i52c.brive.org\/index.php\/golf-zone-entrainement\/#breadcrumb"},"inLanguage":"fr-FR","potentialAction":[{"@type":"ReadAction","target":["http:\/\/740jw955i52c.brive.org\/index.php\/golf-zone-entrainement\/"]}]},{"@type":"BreadcrumbList","@id":"http:\/\/740jw955i52c.brive.org\/index.php\/golf-zone-entrainement\/#breadcrumb","itemListElement":[{"@type":"ListItem","position":1,"name":"Accueil","item":"http:\/\/740jw955i52c.brive.org\/"},{"@type":"ListItem","position":2,"name":"Golf &#8211; Zones d&#8217;entrainement"}]}]}},"_links":{"self":[{"href":"http:\/\/740jw955i52c.brive.org\/index.php\/wp-json\/wp\/v2\/pages\/20465"}],"collection":[{"href":"http:\/\/740jw955i52c.brive.org\/index.php\/wp-json\/wp\/v2\/pages"}],"about":[{"href":"http:\/\/740jw955i52c.brive.org\/index.php\/wp-json\/wp\/v2\/types\/page"}],"author":[{"embeddable":true,"href":"http:\/\/740jw955i52c.brive.org\/index.php\/wp-json\/wp\/v2\/users\/3"}],"replies":[{"embeddable":true,"href":"http:\/\/740jw955i52c.brive.org\/index.php\/wp-json\/wp\/v2\/comments?post=20465"}],"version-history":[{"count":37,"href":"http:\/\/740jw955i52c.brive.org\/index.php\/wp-json\/wp\/v2\/pages\/20465\/revisions"}],"predecessor-version":[{"id":28846,"href":"http:\/\/740jw955i52c.brive.org\/index.php\/wp-json\/wp\/v2\/pages\/20465\/revisions\/28846"}],"wp:attachment":[{"href":"http:\/\/740jw955i52c.brive.org\/index.php\/wp-json\/wp\/v2\/media?parent=20465"}],"curies":[{"name":"wp","href":"https:\/\/api.w.org\/{rel}","templated":true}]}}