{"id":20460,"date":"2016-11-22T15:36:24","date_gmt":"2016-11-22T14:36:24","guid":{"rendered":"http:\/\/740jw955i52c.brive.org\/?page_id=20460"},"modified":"2020-01-02T15:33:10","modified_gmt":"2020-01-02T14:33:10","slug":"golf-parcours","status":"publish","type":"page","link":"http:\/\/740jw955i52c.brive.org\/index.php\/golf-parcours\/","title":{"rendered":"Golf &#8211; Le parcours"},"content":{"rendered":"<p>[vc_row][vc_column]<div class=\"uxb-exte\"><h3 class=\"   has-line   uxb-heading\">Le parcours du golf de Brive\/Planchetorte<\/h3><\/div>[\/vc_column][\/vc_row][vc_row][vc_column][vc_tta_tour style=&#8221;modern&#8221; active_section=&#8221;1&#8243;][vc_tta_section tab_id=&#8221;1479812686982-cf6b3e26-b304&#8243; title=&#8221;Le parcours en vid\u00e9o&#8221;][vc_row_inner][vc_column_inner][vc_column_text]<\/p>\n<p style=\"text-align: center\"><strong>\u00a0<\/strong><\/p>\n<div style=\"width: 640px;\" class=\"wp-video\"><!--[if lt IE 9]><script>document.createElement('video');<\/script><![endif]-->\n<video class=\"wp-video-shortcode\" id=\"video-20460-1\" width=\"640\" height=\"360\" poster=\"\/wp-content\/uploads\/ownupload\/video\/video%20golf%20planchetorte.jpg\" preload=\"metadata\" controls=\"controls\"><source type=\"video\/mp4\" src=\"\/wp-content\/uploads\/ownupload\/video\/video%20golf%20planchetorte.mp4?_=1\" \/><a href=\"\/wp-content\/uploads\/ownupload\/video\/video%20golf%20planchetorte.mp4\">\/wp-content\/uploads\/ownupload\/video\/video%20golf%20planchetorte.mp4<\/a><\/video><\/div>\n<p>[\/vc_column_text][\/vc_column_inner][\/vc_row_inner][\/vc_tta_section][vc_tta_section title=&#8221;Le parcours&#8221; tab_id=&#8221;1482919379664-fac9542b-7550&#8243;][vc_row_inner][vc_column_inner][vc_column_text]Le golf municipal de Brive-Planchetorte est un parcours technique o\u00f9 chaque coup doit \u00eatre r\u00e9fl\u00e9chi dans la perspective du coup suivant. C\u2019est un par 72 qui affiche un slope de 149 des boules noires.<\/p>\n<p>Chaque golf a son trou \u00ab signature \u00bb, dont on parle en priorit\u00e9. Si les trous marquants sont nombreux sur ce parcours, le trou n\u00b013 pourrait \u00eatre celui-l\u00e0, avec son green lov\u00e9 entre le ruisseau et une majestueuse grotte, \u00e0 moins que le trou n\u00b06, trou strat\u00e9gique par excellence, inscrit entre la pi\u00e8ce d\u2019eau, les ch\u00eanes et le ruisseau soit l\u2019heureux \u00e9lu ; Les golfeurs en d\u00e9cideront.<\/p>\n<p>Du fait de la topographie du site et de l\u2019\u00e9troitesse de la vall\u00e9e, plus de la moiti\u00e9 des trous du parcours longe ou traverse le ruisseau de \u00ab Planchetorte \u00bb. C\u2019est cette pr\u00e9sence de l\u2019eau qui contribue \u00e0 donner au parcours sa difficult\u00e9 et son int\u00e9r\u00eat.[\/vc_column_text][\/vc_column_inner][\/vc_row_inner][\/vc_tta_section][vc_tta_section title=&#8221;Plan du parcours&#8221; tab_id=&#8221;1479825403654-8e0537a8-01ae&#8221;][vc_row_inner][vc_column_inner][vc_single_image image=&#8221;39235&#8243; img_size=&#8221;large&#8221; add_caption=&#8221;yes&#8221; alignment=&#8221;center&#8221; onclick=&#8221;link_image&#8221;][vc_column_text]<\/p>\n<p style=\"text-align: center\"><a href=\"http:\/\/740jw955i52c.brive.org\/wp-content\/uploads\/2016\/11\/plan-parcours-18-trous.pdf\">Plan du parcours 18 trous \u00e0 t\u00e9l\u00e9charger au format PDF<\/a><\/p>\n<p>[\/vc_column_text][\/vc_column_inner][\/vc_row_inner][\/vc_tta_section][vc_tta_section title=&#8221;Carte de score&#8221; tab_id=&#8221;1479825424447-a1f37e89-5573&#8243;][vc_row_inner][vc_column_inner][vc_empty_space][vc_column_text]<\/p>\n<p style=\"text-align: center\"><a href=\"http:\/\/740jw955i52c.brive.org\/wp-content\/uploads\/2019\/07\/carte-score.pdf\">carte score<\/a><a href=\"http:\/\/740jw955i52c.brive.org\/wp-content\/uploads\/2019\/07\/carte-score.pdf\"><img decoding=\"async\" loading=\"lazy\" class=\"alignnone wp-image-39238 size-large\" src=\"http:\/\/740jw955i52c.brive.org\/wp-content\/uploads\/2020\/01\/carte-score-golf-Brive-750x494.jpg\" alt=\"\" width=\"750\" height=\"494\" srcset=\"http:\/\/740jw955i52c.brive.org\/wp-content\/uploads\/2020\/01\/carte-score-golf-Brive-750x494.jpg 750w, http:\/\/740jw955i52c.brive.org\/wp-content\/uploads\/2020\/01\/carte-score-golf-Brive-200x132.jpg 200w, http:\/\/740jw955i52c.brive.org\/wp-content\/uploads\/2020\/01\/carte-score-golf-Brive-300x198.jpg 300w, http:\/\/740jw955i52c.brive.org\/wp-content\/uploads\/2020\/01\/carte-score-golf-Brive-600x395.jpg 600w, http:\/\/740jw955i52c.brive.org\/wp-content\/uploads\/2020\/01\/carte-score-golf-Brive-916x604.jpg 916w, http:\/\/740jw955i52c.brive.org\/wp-content\/uploads\/2020\/01\/carte-score-golf-Brive-590x389.jpg 590w, http:\/\/740jw955i52c.brive.org\/wp-content\/uploads\/2020\/01\/carte-score-golf-Brive-363x239.jpg 363w, http:\/\/740jw955i52c.brive.org\/wp-content\/uploads\/2020\/01\/carte-score-golf-Brive.jpg 1416w\" sizes=\"(max-width: 750px) 100vw, 750px\" \/><\/a><\/p>\n<p>[\/vc_column_text][\/vc_column_inner][\/vc_row_inner][\/vc_tta_section][vc_tta_section title=&#8221;Etiquette&#8221; tab_id=&#8221;1479825421906-4634fb4d-b26a&#8221;][vc_row_inner][vc_column_inner][vc_empty_space][vc_column_text]<span style=\"text-decoration: underline\"><strong>Etiquette<\/strong> <\/span>:<\/p>\n<ul>\n<li>Pour jouer au golf il est souhaitable d\u2019avoir une tenue sportive et correcte<\/li>\n<li>Respecter le parcours, relever les pitchs, replacer les divots et ratisser les bunkers<\/li>\n<li>Les chiens sont interdits sur le golf.<\/li>\n<\/ul>\n<p>[\/vc_column_text][\/vc_column_inner][\/vc_row_inner][\/vc_tta_section][vc_tta_section title=&#8221;Le parcours en photos&#8221; tab_id=&#8221;1504016762111-0691d0aa-e137&#8243;][vc_row_inner][vc_column_inner][vc_images_carousel images=&#8221;22378,22375,22376,22380,22385,22377,22381,22404,22371,22401,22399,22397,22396,22398,22394,22386,22387,22388,22389,22390&#8243; img_size=&#8221;full&#8221; onclick=&#8221;link_no&#8221; speed=&#8221;2000&#8243; autoplay=&#8221;yes&#8221; hide_prev_next_buttons=&#8221;yes&#8221; wrap=&#8221;yes&#8221;][\/vc_column_inner][\/vc_row_inner][\/vc_tta_section][\/vc_tta_tour][\/vc_column][\/vc_row][vc_row][vc_column][\/vc_column][\/vc_row][vc_row][vc_column width=&#8221;1\/4&#8243;][vc_btn title=&#8221;Retour ACCUEIL du GOLF&#8221; style=&#8221;custom&#8221; custom_background=&#8221;#5aa1e3&#8243; custom_text=&#8221;#ffffff&#8221; size=&#8221;sm&#8221; align=&#8221;center&#8221; button_block=&#8221;true&#8221; link=&#8221;url:http%3A%2F%2F740jw955i52c.brive.org%2Findex.php%2Fgolf-de-planchetorte%2F|title:%20Golf%20de%20Planchetorte||&#8221;][\/vc_column][vc_column width=&#8221;1\/2&#8243;][vc_empty_space][vc_separator color=&#8221;sky&#8221; style=&#8221;shadow&#8221; border_width=&#8221;3&#8243;][\/vc_column][vc_column width=&#8221;1\/4&#8243;][vc_btn title=&#8221;Zones d&#8217;entrainement&#8221; style=&#8221;custom&#8221; custom_background=&#8221;#5aa1e3&#8243; custom_text=&#8221;#ffffff&#8221; size=&#8221;sm&#8221; align=&#8221;center&#8221; button_block=&#8221;true&#8221; link=&#8221;url:http%3A%2F%2F740jw955i52c.brive.org%2Findex.php%2Fgolf-zone-entrainement%2F|title:Zones%20d&#8217;entrainement||&#8221;][\/vc_column][\/vc_row]<\/p>\n","protected":false},"excerpt":{"rendered":"<p>[vc_row][vc_column][\/vc_column][\/vc_row][vc_row][vc_column][vc_tta_tour style=&#8221;modern&#8221; active_section=&#8221;1&#8243;][vc_tta_section tab_id=&#8221;1479812686982-cf6b3e26-b304&#8243; title=&#8221;Le parcours en vid\u00e9o&#8221;][vc_row_inner][vc_column_inner][vc_column_text] \u00a0 [\/vc_column_text][\/vc_column_inner][\/vc_row_inner][\/vc_tta_section][vc_tta_section title=&#8221;Le parcours&#8221; tab_id=&#8221;1482919379664-fac9542b-7550&#8243;][vc_row_inner][vc_column_inner][vc_column_text]Le golf municipal de Brive-Planchetorte est un parcours technique o\u00f9 chaque coup doit \u00eatre r\u00e9fl\u00e9chi dans la perspective &#8230; <\/p>\n","protected":false},"author":3,"featured_media":0,"parent":0,"menu_order":0,"comment_status":"closed","ping_status":"closed","template":"","meta":[],"yoast_head":"<!-- This site is optimized with the Yoast SEO plugin v17.8 - https:\/\/yoast.com\/wordpress\/plugins\/seo\/ -->\n<title>Golf - Le parcours - Ville de Brive<\/title>\n<meta name=\"robots\" content=\"index, follow, max-snippet:-1, max-image-preview:large, max-video-preview:-1\" \/>\n<link rel=\"canonical\" href=\"http:\/\/740jw955i52c.brive.org\/index.php\/golf-parcours\/\" \/>\n<meta property=\"og:locale\" content=\"fr_FR\" \/>\n<meta property=\"og:type\" content=\"article\" \/>\n<meta property=\"og:title\" content=\"Golf - Le parcours - Ville de Brive\" \/>\n<meta property=\"og:description\" content=\"[vc_row][vc_column][\/vc_column][\/vc_row][vc_row][vc_column][vc_tta_tour style=&#8221;modern&#8221; active_section=&#8221;1&#8243;][vc_tta_section tab_id=&#8221;1479812686982-cf6b3e26-b304&#8243; title=&#8221;Le parcours en vid\u00e9o&#8221;][vc_row_inner][vc_column_inner][vc_column_text] \u00a0 [\/vc_column_text][\/vc_column_inner][\/vc_row_inner][\/vc_tta_section][vc_tta_section title=&#8221;Le parcours&#8221; tab_id=&#8221;1482919379664-fac9542b-7550&#8243;][vc_row_inner][vc_column_inner][vc_column_text]Le golf municipal de Brive-Planchetorte est un parcours technique o\u00f9 chaque coup doit \u00eatre r\u00e9fl\u00e9chi dans la perspective ...\" \/>\n<meta property=\"og:url\" content=\"http:\/\/740jw955i52c.brive.org\/index.php\/golf-parcours\/\" \/>\n<meta property=\"og:site_name\" content=\"Ville de Brive\" \/>\n<meta property=\"article:modified_time\" content=\"2020-01-02T14:33:10+00:00\" \/>\n<meta property=\"og:image\" content=\"http:\/\/740jw955i52c.brive.org\/wp-content\/uploads\/2020\/01\/carte-score-golf-Brive-750x494.jpg\" \/>\n<meta name=\"twitter:card\" content=\"summary_large_image\" \/>\n<meta name=\"twitter:label1\" content=\"Dur\u00e9e de lecture estim\u00e9e\" \/>\n\t<meta name=\"twitter:data1\" content=\"3 minutes\" \/>\n<script type=\"application\/ld+json\" class=\"yoast-schema-graph\">{\"@context\":\"https:\/\/schema.org\",\"@graph\":[{\"@type\":\"WebSite\",\"@id\":\"http:\/\/740jw955i52c.brive.org\/#website\",\"url\":\"http:\/\/740jw955i52c.brive.org\/\",\"name\":\"Ville de Brive\",\"description\":\"Bienvenue sur le site de la ville de Brive-la-Gaillarde. Vous y trouverez l&#039;actualit\\u00e9 de la commune, des informations pratiques et vos d\\u00e9marches administratives.\",\"potentialAction\":[{\"@type\":\"SearchAction\",\"target\":{\"@type\":\"EntryPoint\",\"urlTemplate\":\"http:\/\/740jw955i52c.brive.org\/?s={search_term_string}\"},\"query-input\":\"required name=search_term_string\"}],\"inLanguage\":\"fr-FR\"},{\"@type\":\"ImageObject\",\"@id\":\"http:\/\/740jw955i52c.brive.org\/index.php\/golf-parcours\/#primaryimage\",\"inLanguage\":\"fr-FR\",\"url\":\"http:\/\/740jw955i52c.brive.org\/wp-content\/uploads\/2020\/01\/carte-score-golf-Brive.jpg\",\"contentUrl\":\"http:\/\/740jw955i52c.brive.org\/wp-content\/uploads\/2020\/01\/carte-score-golf-Brive.jpg\",\"width\":1416,\"height\":933},{\"@type\":\"WebPage\",\"@id\":\"http:\/\/740jw955i52c.brive.org\/index.php\/golf-parcours\/#webpage\",\"url\":\"http:\/\/740jw955i52c.brive.org\/index.php\/golf-parcours\/\",\"name\":\"Golf - Le parcours - Ville de Brive\",\"isPartOf\":{\"@id\":\"http:\/\/740jw955i52c.brive.org\/#website\"},\"primaryImageOfPage\":{\"@id\":\"http:\/\/740jw955i52c.brive.org\/index.php\/golf-parcours\/#primaryimage\"},\"datePublished\":\"2016-11-22T14:36:24+00:00\",\"dateModified\":\"2020-01-02T14:33:10+00:00\",\"breadcrumb\":{\"@id\":\"http:\/\/740jw955i52c.brive.org\/index.php\/golf-parcours\/#breadcrumb\"},\"inLanguage\":\"fr-FR\",\"potentialAction\":[{\"@type\":\"ReadAction\",\"target\":[\"http:\/\/740jw955i52c.brive.org\/index.php\/golf-parcours\/\"]}]},{\"@type\":\"BreadcrumbList\",\"@id\":\"http:\/\/740jw955i52c.brive.org\/index.php\/golf-parcours\/#breadcrumb\",\"itemListElement\":[{\"@type\":\"ListItem\",\"position\":1,\"name\":\"Accueil\",\"item\":\"http:\/\/740jw955i52c.brive.org\/\"},{\"@type\":\"ListItem\",\"position\":2,\"name\":\"Golf &#8211; Le parcours\"}]}]}<\/script>\n<!-- \/ Yoast SEO plugin. -->","yoast_head_json":{"title":"Golf - Le parcours - Ville de Brive","robots":{"index":"index","follow":"follow","max-snippet":"max-snippet:-1","max-image-preview":"max-image-preview:large","max-video-preview":"max-video-preview:-1"},"canonical":"http:\/\/740jw955i52c.brive.org\/index.php\/golf-parcours\/","og_locale":"fr_FR","og_type":"article","og_title":"Golf - Le parcours - Ville de Brive","og_description":"[vc_row][vc_column][\/vc_column][\/vc_row][vc_row][vc_column][vc_tta_tour style=&#8221;modern&#8221; active_section=&#8221;1&#8243;][vc_tta_section tab_id=&#8221;1479812686982-cf6b3e26-b304&#8243; title=&#8221;Le parcours en vid\u00e9o&#8221;][vc_row_inner][vc_column_inner][vc_column_text] \u00a0 [\/vc_column_text][\/vc_column_inner][\/vc_row_inner][\/vc_tta_section][vc_tta_section title=&#8221;Le parcours&#8221; tab_id=&#8221;1482919379664-fac9542b-7550&#8243;][vc_row_inner][vc_column_inner][vc_column_text]Le golf municipal de Brive-Planchetorte est un parcours technique o\u00f9 chaque coup doit \u00eatre r\u00e9fl\u00e9chi dans la perspective ...","og_url":"http:\/\/740jw955i52c.brive.org\/index.php\/golf-parcours\/","og_site_name":"Ville de Brive","article_modified_time":"2020-01-02T14:33:10+00:00","og_image":[{"url":"http:\/\/740jw955i52c.brive.org\/wp-content\/uploads\/2020\/01\/carte-score-golf-Brive-750x494.jpg"}],"twitter_card":"summary_large_image","twitter_misc":{"Dur\u00e9e de lecture estim\u00e9e":"3 minutes"},"schema":{"@context":"https:\/\/schema.org","@graph":[{"@type":"WebSite","@id":"http:\/\/740jw955i52c.brive.org\/#website","url":"http:\/\/740jw955i52c.brive.org\/","name":"Ville de Brive","description":"Bienvenue sur le site de la ville de Brive-la-Gaillarde. Vous y trouverez l&#039;actualit\u00e9 de la commune, des informations pratiques et vos d\u00e9marches administratives.","potentialAction":[{"@type":"SearchAction","target":{"@type":"EntryPoint","urlTemplate":"http:\/\/740jw955i52c.brive.org\/?s={search_term_string}"},"query-input":"required name=search_term_string"}],"inLanguage":"fr-FR"},{"@type":"ImageObject","@id":"http:\/\/740jw955i52c.brive.org\/index.php\/golf-parcours\/#primaryimage","inLanguage":"fr-FR","url":"http:\/\/740jw955i52c.brive.org\/wp-content\/uploads\/2020\/01\/carte-score-golf-Brive.jpg","contentUrl":"http:\/\/740jw955i52c.brive.org\/wp-content\/uploads\/2020\/01\/carte-score-golf-Brive.jpg","width":1416,"height":933},{"@type":"WebPage","@id":"http:\/\/740jw955i52c.brive.org\/index.php\/golf-parcours\/#webpage","url":"http:\/\/740jw955i52c.brive.org\/index.php\/golf-parcours\/","name":"Golf - Le parcours - Ville de Brive","isPartOf":{"@id":"http:\/\/740jw955i52c.brive.org\/#website"},"primaryImageOfPage":{"@id":"http:\/\/740jw955i52c.brive.org\/index.php\/golf-parcours\/#primaryimage"},"datePublished":"2016-11-22T14:36:24+00:00","dateModified":"2020-01-02T14:33:10+00:00","breadcrumb":{"@id":"http:\/\/740jw955i52c.brive.org\/index.php\/golf-parcours\/#breadcrumb"},"inLanguage":"fr-FR","potentialAction":[{"@type":"ReadAction","target":["http:\/\/740jw955i52c.brive.org\/index.php\/golf-parcours\/"]}]},{"@type":"BreadcrumbList","@id":"http:\/\/740jw955i52c.brive.org\/index.php\/golf-parcours\/#breadcrumb","itemListElement":[{"@type":"ListItem","position":1,"name":"Accueil","item":"http:\/\/740jw955i52c.brive.org\/"},{"@type":"ListItem","position":2,"name":"Golf &#8211; Le parcours"}]}]}},"_links":{"self":[{"href":"http:\/\/740jw955i52c.brive.org\/index.php\/wp-json\/wp\/v2\/pages\/20460"}],"collection":[{"href":"http:\/\/740jw955i52c.brive.org\/index.php\/wp-json\/wp\/v2\/pages"}],"about":[{"href":"http:\/\/740jw955i52c.brive.org\/index.php\/wp-json\/wp\/v2\/types\/page"}],"author":[{"embeddable":true,"href":"http:\/\/740jw955i52c.brive.org\/index.php\/wp-json\/wp\/v2\/users\/3"}],"replies":[{"embeddable":true,"href":"http:\/\/740jw955i52c.brive.org\/index.php\/wp-json\/wp\/v2\/comments?post=20460"}],"version-history":[{"count":65,"href":"http:\/\/740jw955i52c.brive.org\/index.php\/wp-json\/wp\/v2\/pages\/20460\/revisions"}],"predecessor-version":[{"id":39240,"href":"http:\/\/740jw955i52c.brive.org\/index.php\/wp-json\/wp\/v2\/pages\/20460\/revisions\/39240"}],"wp:attachment":[{"href":"http:\/\/740jw955i52c.brive.org\/index.php\/wp-json\/wp\/v2\/media?parent=20460"}],"curies":[{"name":"wp","href":"https:\/\/api.w.org\/{rel}","templated":true}]}}