{"id":2040,"date":"2015-12-02T10:48:08","date_gmt":"2015-12-02T09:48:08","guid":{"rendered":"http:\/\/740jw955i52c.brive.org\/?page_id=2040"},"modified":"2021-10-12T14:59:42","modified_gmt":"2021-10-12T12:59:42","slug":"centres-socioculturels","status":"publish","type":"page","link":"http:\/\/740jw955i52c.brive.org\/index.php\/centres-socioculturels\/","title":{"rendered":"Les centres socioculturels"},"content":{"rendered":"<p>[vc_row][vc_column width=&#8221;1\/3&#8243;][vc_btn title=&#8221;Centre socioculturel Raoul Dautry&#8221; style=&#8221;custom&#8221; custom_background=&#8221;#5aa1e3&#8243; custom_text=&#8221;#ffffff&#8221; size=&#8221;sm&#8221; align=&#8221;center&#8221; button_block=&#8221;true&#8221; link=&#8221;url:http%3A%2F%2F740jw955i52c.brive.org%2Findex.php%2Faccueil%2Fmairie%2Fcentres-sociaux-culturels%2Fcentre-raoul-dautry%2F|title:Centre%20socioculturel%20Raoul%20Dautry|&#8221;][\/vc_column][vc_column width=&#8221;1\/3&#8243;][vc_btn title=&#8221;Centre socioculturel Jacques Cartier&#8221; style=&#8221;custom&#8221; custom_background=&#8221;#5aa1e3&#8243; custom_text=&#8221;#ffffff&#8221; size=&#8221;sm&#8221; align=&#8221;center&#8221; button_block=&#8221;true&#8221; link=&#8221;url:http%3A%2F%2F740jw955i52c.brive.org%2Findex.php%2Faccueil%2Fmairie%2Fcentres-sociaux-culturels%2Fcentre-jacques-cartier%2F|title:Centre%20socioculturel%20Jacques%20Cartier|&#8221;][\/vc_column][vc_column width=&#8221;1\/3&#8243;][vc_btn title=&#8221;Centre socioculturel de Rivet&#8221; style=&#8221;custom&#8221; custom_background=&#8221;#5aa1e3&#8243; custom_text=&#8221;#ffffff&#8221; size=&#8221;sm&#8221; align=&#8221;center&#8221; button_block=&#8221;true&#8221; link=&#8221;url:http%3A%2F%2F740jw955i52c.brive.org%2Findex.php%2Faccueil%2Fmairie%2Fcentres-sociaux-culturels%2Fespace-de-rivet%2F|title:Centre%20socioculturel%20de%20Rivet|&#8221;][\/vc_column][\/vc_row][vc_row][vc_column]<div class=\"uxb-exte\"><h4 class=\"   has-line   uxb-heading\">Au nombre de 3, les centres socioculturels sont r\u00e9partis sur le territoire briviste<\/h4><\/div>[vc_column_text]<\/p>\n<ul>\n<li>Le <strong>centre socioculturel municipal Raoul Dautry<\/strong> sur les quartiers Est<\/li>\n<li>Le <strong>centre socioculturel municipal sur le quartier de rivet<\/strong><\/li>\n<li>Le <strong>centre socioculturel municipal Jacques Cartier<\/strong> sur les quartiers Ouest<\/li>\n<\/ul>\n<p style=\"text-align: justify\">Lieux d\u2019\u00e9changes, de rencontres, de dialogue et de coh\u00e9sion sociale afin que chacun se sente acteur dans la vie de son quartier, les centres socioculturels sont des \u00e9quipements de quartier \u00e0 vocation sociale globale, familiale et pluri g\u00e9n\u00e9rationnelle, sources d\u2019animation et d\u2019interventions sociales concert\u00e9es.<br \/>\nV\u00e9ritables agitateurs de vie locale, ils jouent un r\u00f4le f\u00e9d\u00e9rateur, tendent \u00e0 impliquer chacun dans la vie de son quartier et permettent d\u2019accompagner et de valoriser les actions initi\u00e9es par les habitants, les associations ou les acteurs locaux.<br \/>\nLes 3 centres socioculturels de la ville de Brive proposent en outre de nombreux services, animations et ateliers \u00e0 destination de publics de tous \u00e2ges.<\/p>\n<p style=\"text-align: justify\">L\u2019acc\u00e8s \u00e0 la culture est aussi au centre des missions des Centres socioculturels qui proposent des programmations de qualit\u00e9 tel que le &#8220;Festival Jeune Public&#8221; propos\u00e9 par le Centre Raoul Dautry.<\/p>\n<p style=\"text-align: justify\">Des expositions d\u2019artistes et de nombreuses animations dans les trois Centres.<\/p>\n<p>[\/vc_column_text][\/vc_column][\/vc_row]<\/p>\n","protected":false},"excerpt":{"rendered":"<p>[vc_row][vc_column width=&#8221;1\/3&#8243;][vc_btn title=&#8221;Centre socioculturel Raoul Dautry&#8221; style=&#8221;custom&#8221; custom_background=&#8221;#5aa1e3&#8243; custom_text=&#8221;#ffffff&#8221; size=&#8221;sm&#8221; align=&#8221;center&#8221; button_block=&#8221;true&#8221; link=&#8221;url:http%3A%2F%2F740jw955i52c.brive.org%2Findex.php%2Faccueil%2Fmairie%2Fcentres-sociaux-culturels%2Fcentre-raoul-dautry%2F|title:Centre%20socioculturel%20Raoul%20Dautry|&#8221;][\/vc_column][vc_column width=&#8221;1\/3&#8243;][vc_btn title=&#8221;Centre socioculturel Jacques Cartier&#8221; style=&#8221;custom&#8221; custom_background=&#8221;#5aa1e3&#8243; custom_text=&#8221;#ffffff&#8221; size=&#8221;sm&#8221; align=&#8221;center&#8221; button_block=&#8221;true&#8221; link=&#8221;url:http%3A%2F%2F740jw955i52c.brive.org%2Findex.php%2Faccueil%2Fmairie%2Fcentres-sociaux-culturels%2Fcentre-jacques-cartier%2F|title:Centre%20socioculturel%20Jacques%20Cartier|&#8221;][\/vc_column][vc_column width=&#8221;1\/3&#8243;][vc_btn title=&#8221;Centre socioculturel de Rivet&#8221; &#8230; <\/p>\n","protected":false},"author":3,"featured_media":0,"parent":0,"menu_order":0,"comment_status":"closed","ping_status":"closed","template":"","meta":[],"yoast_head":"<!-- This site is optimized with the Yoast SEO plugin v17.8 - https:\/\/yoast.com\/wordpress\/plugins\/seo\/ -->\n<title>Les centres socioculturels - Ville de Brive<\/title>\n<meta name=\"robots\" content=\"index, follow, max-snippet:-1, max-image-preview:large, max-video-preview:-1\" \/>\n<link rel=\"canonical\" href=\"http:\/\/740jw955i52c.brive.org\/index.php\/centres-socioculturels\/\" \/>\n<meta property=\"og:locale\" content=\"fr_FR\" \/>\n<meta property=\"og:type\" content=\"article\" \/>\n<meta property=\"og:title\" content=\"Les centres socioculturels - Ville de Brive\" \/>\n<meta property=\"og:description\" content=\"[vc_row][vc_column width=&#8221;1\/3&#8243;][vc_btn title=&#8221;Centre socioculturel Raoul Dautry&#8221; style=&#8221;custom&#8221; custom_background=&#8221;#5aa1e3&#8243; custom_text=&#8221;#ffffff&#8221; size=&#8221;sm&#8221; align=&#8221;center&#8221; button_block=&#8221;true&#8221; link=&#8221;url:http%3A%2F%2F740jw955i52c.brive.org%2Findex.php%2Faccueil%2Fmairie%2Fcentres-sociaux-culturels%2Fcentre-raoul-dautry%2F|title:Centre%20socioculturel%20Raoul%20Dautry|&#8221;][\/vc_column][vc_column width=&#8221;1\/3&#8243;][vc_btn title=&#8221;Centre socioculturel Jacques Cartier&#8221; style=&#8221;custom&#8221; custom_background=&#8221;#5aa1e3&#8243; custom_text=&#8221;#ffffff&#8221; size=&#8221;sm&#8221; align=&#8221;center&#8221; button_block=&#8221;true&#8221; link=&#8221;url:http%3A%2F%2F740jw955i52c.brive.org%2Findex.php%2Faccueil%2Fmairie%2Fcentres-sociaux-culturels%2Fcentre-jacques-cartier%2F|title:Centre%20socioculturel%20Jacques%20Cartier|&#8221;][\/vc_column][vc_column width=&#8221;1\/3&#8243;][vc_btn title=&#8221;Centre socioculturel de Rivet&#8221; ...\" \/>\n<meta property=\"og:url\" content=\"http:\/\/740jw955i52c.brive.org\/index.php\/centres-socioculturels\/\" \/>\n<meta property=\"og:site_name\" content=\"Ville de Brive\" \/>\n<meta property=\"article:modified_time\" content=\"2021-10-12T12:59:42+00:00\" \/>\n<meta name=\"twitter:card\" content=\"summary_large_image\" \/>\n<meta name=\"twitter:label1\" content=\"Dur\u00e9e de lecture estim\u00e9e\" \/>\n\t<meta name=\"twitter:data1\" content=\"2 minutes\" \/>\n<script type=\"application\/ld+json\" class=\"yoast-schema-graph\">{\"@context\":\"https:\/\/schema.org\",\"@graph\":[{\"@type\":\"WebSite\",\"@id\":\"http:\/\/740jw955i52c.brive.org\/#website\",\"url\":\"http:\/\/740jw955i52c.brive.org\/\",\"name\":\"Ville de Brive\",\"description\":\"Bienvenue sur le site de la ville de Brive-la-Gaillarde. Vous y trouverez l&#039;actualit\\u00e9 de la commune, des informations pratiques et vos d\\u00e9marches administratives.\",\"potentialAction\":[{\"@type\":\"SearchAction\",\"target\":{\"@type\":\"EntryPoint\",\"urlTemplate\":\"http:\/\/740jw955i52c.brive.org\/?s={search_term_string}\"},\"query-input\":\"required name=search_term_string\"}],\"inLanguage\":\"fr-FR\"},{\"@type\":\"WebPage\",\"@id\":\"http:\/\/740jw955i52c.brive.org\/index.php\/centres-socioculturels\/#webpage\",\"url\":\"http:\/\/740jw955i52c.brive.org\/index.php\/centres-socioculturels\/\",\"name\":\"Les centres socioculturels - Ville de Brive\",\"isPartOf\":{\"@id\":\"http:\/\/740jw955i52c.brive.org\/#website\"},\"datePublished\":\"2015-12-02T09:48:08+00:00\",\"dateModified\":\"2021-10-12T12:59:42+00:00\",\"breadcrumb\":{\"@id\":\"http:\/\/740jw955i52c.brive.org\/index.php\/centres-socioculturels\/#breadcrumb\"},\"inLanguage\":\"fr-FR\",\"potentialAction\":[{\"@type\":\"ReadAction\",\"target\":[\"http:\/\/740jw955i52c.brive.org\/index.php\/centres-socioculturels\/\"]}]},{\"@type\":\"BreadcrumbList\",\"@id\":\"http:\/\/740jw955i52c.brive.org\/index.php\/centres-socioculturels\/#breadcrumb\",\"itemListElement\":[{\"@type\":\"ListItem\",\"position\":1,\"name\":\"Accueil\",\"item\":\"http:\/\/740jw955i52c.brive.org\/\"},{\"@type\":\"ListItem\",\"position\":2,\"name\":\"Les centres socioculturels\"}]}]}<\/script>\n<!-- \/ Yoast SEO plugin. -->","yoast_head_json":{"title":"Les centres socioculturels - Ville de Brive","robots":{"index":"index","follow":"follow","max-snippet":"max-snippet:-1","max-image-preview":"max-image-preview:large","max-video-preview":"max-video-preview:-1"},"canonical":"http:\/\/740jw955i52c.brive.org\/index.php\/centres-socioculturels\/","og_locale":"fr_FR","og_type":"article","og_title":"Les centres socioculturels - Ville de Brive","og_description":"[vc_row][vc_column width=&#8221;1\/3&#8243;][vc_btn title=&#8221;Centre socioculturel Raoul Dautry&#8221; style=&#8221;custom&#8221; custom_background=&#8221;#5aa1e3&#8243; custom_text=&#8221;#ffffff&#8221; size=&#8221;sm&#8221; align=&#8221;center&#8221; button_block=&#8221;true&#8221; link=&#8221;url:http%3A%2F%2F740jw955i52c.brive.org%2Findex.php%2Faccueil%2Fmairie%2Fcentres-sociaux-culturels%2Fcentre-raoul-dautry%2F|title:Centre%20socioculturel%20Raoul%20Dautry|&#8221;][\/vc_column][vc_column width=&#8221;1\/3&#8243;][vc_btn title=&#8221;Centre socioculturel Jacques Cartier&#8221; style=&#8221;custom&#8221; custom_background=&#8221;#5aa1e3&#8243; custom_text=&#8221;#ffffff&#8221; size=&#8221;sm&#8221; align=&#8221;center&#8221; button_block=&#8221;true&#8221; link=&#8221;url:http%3A%2F%2F740jw955i52c.brive.org%2Findex.php%2Faccueil%2Fmairie%2Fcentres-sociaux-culturels%2Fcentre-jacques-cartier%2F|title:Centre%20socioculturel%20Jacques%20Cartier|&#8221;][\/vc_column][vc_column width=&#8221;1\/3&#8243;][vc_btn title=&#8221;Centre socioculturel de Rivet&#8221; ...","og_url":"http:\/\/740jw955i52c.brive.org\/index.php\/centres-socioculturels\/","og_site_name":"Ville de Brive","article_modified_time":"2021-10-12T12:59:42+00:00","twitter_card":"summary_large_image","twitter_misc":{"Dur\u00e9e de lecture estim\u00e9e":"2 minutes"},"schema":{"@context":"https:\/\/schema.org","@graph":[{"@type":"WebSite","@id":"http:\/\/740jw955i52c.brive.org\/#website","url":"http:\/\/740jw955i52c.brive.org\/","name":"Ville de Brive","description":"Bienvenue sur le site de la ville de Brive-la-Gaillarde. Vous y trouverez l&#039;actualit\u00e9 de la commune, des informations pratiques et vos d\u00e9marches administratives.","potentialAction":[{"@type":"SearchAction","target":{"@type":"EntryPoint","urlTemplate":"http:\/\/740jw955i52c.brive.org\/?s={search_term_string}"},"query-input":"required name=search_term_string"}],"inLanguage":"fr-FR"},{"@type":"WebPage","@id":"http:\/\/740jw955i52c.brive.org\/index.php\/centres-socioculturels\/#webpage","url":"http:\/\/740jw955i52c.brive.org\/index.php\/centres-socioculturels\/","name":"Les centres socioculturels - Ville de Brive","isPartOf":{"@id":"http:\/\/740jw955i52c.brive.org\/#website"},"datePublished":"2015-12-02T09:48:08+00:00","dateModified":"2021-10-12T12:59:42+00:00","breadcrumb":{"@id":"http:\/\/740jw955i52c.brive.org\/index.php\/centres-socioculturels\/#breadcrumb"},"inLanguage":"fr-FR","potentialAction":[{"@type":"ReadAction","target":["http:\/\/740jw955i52c.brive.org\/index.php\/centres-socioculturels\/"]}]},{"@type":"BreadcrumbList","@id":"http:\/\/740jw955i52c.brive.org\/index.php\/centres-socioculturels\/#breadcrumb","itemListElement":[{"@type":"ListItem","position":1,"name":"Accueil","item":"http:\/\/740jw955i52c.brive.org\/"},{"@type":"ListItem","position":2,"name":"Les centres socioculturels"}]}]}},"_links":{"self":[{"href":"http:\/\/740jw955i52c.brive.org\/index.php\/wp-json\/wp\/v2\/pages\/2040"}],"collection":[{"href":"http:\/\/740jw955i52c.brive.org\/index.php\/wp-json\/wp\/v2\/pages"}],"about":[{"href":"http:\/\/740jw955i52c.brive.org\/index.php\/wp-json\/wp\/v2\/types\/page"}],"author":[{"embeddable":true,"href":"http:\/\/740jw955i52c.brive.org\/index.php\/wp-json\/wp\/v2\/users\/3"}],"replies":[{"embeddable":true,"href":"http:\/\/740jw955i52c.brive.org\/index.php\/wp-json\/wp\/v2\/comments?post=2040"}],"version-history":[{"count":207,"href":"http:\/\/740jw955i52c.brive.org\/index.php\/wp-json\/wp\/v2\/pages\/2040\/revisions"}],"predecessor-version":[{"id":44685,"href":"http:\/\/740jw955i52c.brive.org\/index.php\/wp-json\/wp\/v2\/pages\/2040\/revisions\/44685"}],"wp:attachment":[{"href":"http:\/\/740jw955i52c.brive.org\/index.php\/wp-json\/wp\/v2\/media?parent=2040"}],"curies":[{"name":"wp","href":"https:\/\/api.w.org\/{rel}","templated":true}]}}