{"id":12032,"date":"2016-06-07T13:30:49","date_gmt":"2016-06-07T11:30:49","guid":{"rendered":"http:\/\/740jw955i52c.brive.org\/?page_id=12032"},"modified":"2017-11-04T08:27:54","modified_gmt":"2017-11-04T07:27:54","slug":"bibliotheque-du-campus","status":"publish","type":"page","link":"http:\/\/740jw955i52c.brive.org\/index.php\/bibliotheque-du-campus\/","title":{"rendered":"Biblioth\u00e8que du campus"},"content":{"rendered":"<p>[vc_row css=&#8221;.vc_custom_1487778024716{background-color: #f7f7f7 !important;}&#8221;][vc_column width=&#8221;2\/3&#8243;][vc_column_text]<\/p>\n<p style=\"text-align: justify\">La\u00a0 biblioth\u00e8que du campus universitaire de Brive est ouverte sur le quartier depuis le 5 janvier 2015.<\/p>\n<p style=\"text-align: justify\">Elle accueille \u00e9tudiants, particuliers et familles du lundi au samedi ainsi que pendant les vacances scolaires.<\/p>\n<p style=\"text-align: justify\">La Ville de Brive a saisi l\u2019occasion de la construction du nouveau campus pour \u00e9tendre son offre de lecture publique en compl\u00e9mentarit\u00e9 avec la m\u00e9diath\u00e8que du centre-ville, la biblioth\u00e8que du quartier des Chap\u00e9lies et le m\u00e9diabus qui dessert les quartiers nord et ouest.<\/p>\n<p style=\"text-align: justify\">Pour la premi\u00e8re fois en France, une biblioth\u00e8que publique s\u2019installe ainsi dans les locaux d\u2019une biblioth\u00e8que universitaire, ce qui d\u00e9montre l\u2019\u00e9troit et fructueux partenariat qu\u2019a tiss\u00e9 la Ville de Brive avec l\u2019Universit\u00e9 de Limoges.<\/p>\n<p style=\"text-align: justify\">Afin de permettre l\u2019ouverture de l\u2019\u00e9quipement \u00e0 tous les publics, la Ville met \u00e0 disposition de l\u2019Universit\u00e9 deux biblioth\u00e9caires qui ont int\u00e9gr\u00e9 l\u2019\u00e9quipe de la biblioth\u00e8que au service du public, octroie des subventions destin\u00e9es \u00e0 l\u2019acquisition de documents, et a fait don d\u2019un fonds initial de pr\u00e8s de 2 000 livres (mangas, romans de litt\u00e9rature, policiers, science-fiction\u2026).<\/p>\n<p style=\"text-align: justify\">Sont \u00e9galement propos\u00e9s des livres pour la jeunesse, ainsi qu\u2019une offre de DVD de films de fiction et de documentaires.L\u2019inscription est gratuite et ouverte \u00e0 tous.<\/p>\n<p>[\/vc_column_text][\/vc_column][vc_column width=&#8221;1\/3&#8243;][vc_single_image image=&#8221;12041&#8243; image_position=&#8221;normal-align-center&#8221; has_link=&#8221;false&#8221; link_type=&#8221;normal&#8221;][vc_btn title=&#8221;M\u00e9diath\u00e8que municipale&#8221; style=&#8221;custom&#8221; custom_background=&#8221;#5aa1e3&#8243; custom_text=&#8221;#ffffff&#8221; align=&#8221;center&#8221; link=&#8221;url:http%3A%2F%2F740jw955i52c.brive.org%2Findex.php%2Fbibliotheque-du-campus%2F|title:Biblioth%C3%A8que%20du%20campus|target:%20_blank&#8221; button_block=&#8221;true&#8221;][\/vc_column][\/vc_row]<\/p>\n","protected":false},"excerpt":{"rendered":"<p>[vc_row css=&#8221;.vc_custom_1487778024716{background-color: #f7f7f7 !important;}&#8221;][vc_column width=&#8221;2\/3&#8243;][vc_column_text] La\u00a0 biblioth\u00e8que du campus universitaire de Brive est ouverte sur le quartier depuis le 5 janvier 2015. Elle accueille \u00e9tudiants, particuliers et familles du lundi &#8230; <\/p>\n","protected":false},"author":3,"featured_media":0,"parent":0,"menu_order":0,"comment_status":"closed","ping_status":"closed","template":"","meta":[],"yoast_head":"<!-- This site is optimized with the Yoast SEO plugin v17.8 - https:\/\/yoast.com\/wordpress\/plugins\/seo\/ -->\n<title>Biblioth\u00e8que du campus - Ville de Brive<\/title>\n<meta name=\"robots\" content=\"index, follow, max-snippet:-1, max-image-preview:large, max-video-preview:-1\" \/>\n<link rel=\"canonical\" href=\"http:\/\/740jw955i52c.brive.org\/index.php\/bibliotheque-du-campus\/\" \/>\n<meta property=\"og:locale\" content=\"fr_FR\" \/>\n<meta property=\"og:type\" content=\"article\" \/>\n<meta property=\"og:title\" content=\"Biblioth\u00e8que du campus - Ville de Brive\" \/>\n<meta property=\"og:description\" content=\"[vc_row css=&#8221;.vc_custom_1487778024716{background-color: #f7f7f7 !important;}&#8221;][vc_column width=&#8221;2\/3&#8243;][vc_column_text] La\u00a0 biblioth\u00e8que du campus universitaire de Brive est ouverte sur le quartier depuis le 5 janvier 2015. Elle accueille \u00e9tudiants, particuliers et familles du lundi ...\" \/>\n<meta property=\"og:url\" content=\"http:\/\/740jw955i52c.brive.org\/index.php\/bibliotheque-du-campus\/\" \/>\n<meta property=\"og:site_name\" content=\"Ville de Brive\" \/>\n<meta property=\"article:modified_time\" content=\"2017-11-04T07:27:54+00:00\" \/>\n<meta name=\"twitter:card\" content=\"summary_large_image\" \/>\n<meta name=\"twitter:label1\" content=\"Dur\u00e9e de lecture estim\u00e9e\" \/>\n\t<meta name=\"twitter:data1\" content=\"2 minutes\" \/>\n<script type=\"application\/ld+json\" class=\"yoast-schema-graph\">{\"@context\":\"https:\/\/schema.org\",\"@graph\":[{\"@type\":\"WebSite\",\"@id\":\"http:\/\/740jw955i52c.brive.org\/#website\",\"url\":\"http:\/\/740jw955i52c.brive.org\/\",\"name\":\"Ville de Brive\",\"description\":\"Bienvenue sur le site de la ville de Brive-la-Gaillarde. Vous y trouverez l&#039;actualit\\u00e9 de la commune, des informations pratiques et vos d\\u00e9marches administratives.\",\"potentialAction\":[{\"@type\":\"SearchAction\",\"target\":{\"@type\":\"EntryPoint\",\"urlTemplate\":\"http:\/\/740jw955i52c.brive.org\/?s={search_term_string}\"},\"query-input\":\"required name=search_term_string\"}],\"inLanguage\":\"fr-FR\"},{\"@type\":\"WebPage\",\"@id\":\"http:\/\/740jw955i52c.brive.org\/index.php\/bibliotheque-du-campus\/#webpage\",\"url\":\"http:\/\/740jw955i52c.brive.org\/index.php\/bibliotheque-du-campus\/\",\"name\":\"Biblioth\\u00e8que du campus - Ville de Brive\",\"isPartOf\":{\"@id\":\"http:\/\/740jw955i52c.brive.org\/#website\"},\"datePublished\":\"2016-06-07T11:30:49+00:00\",\"dateModified\":\"2017-11-04T07:27:54+00:00\",\"breadcrumb\":{\"@id\":\"http:\/\/740jw955i52c.brive.org\/index.php\/bibliotheque-du-campus\/#breadcrumb\"},\"inLanguage\":\"fr-FR\",\"potentialAction\":[{\"@type\":\"ReadAction\",\"target\":[\"http:\/\/740jw955i52c.brive.org\/index.php\/bibliotheque-du-campus\/\"]}]},{\"@type\":\"BreadcrumbList\",\"@id\":\"http:\/\/740jw955i52c.brive.org\/index.php\/bibliotheque-du-campus\/#breadcrumb\",\"itemListElement\":[{\"@type\":\"ListItem\",\"position\":1,\"name\":\"Accueil\",\"item\":\"http:\/\/740jw955i52c.brive.org\/\"},{\"@type\":\"ListItem\",\"position\":2,\"name\":\"Biblioth\\u00e8que du campus\"}]}]}<\/script>\n<!-- \/ Yoast SEO plugin. -->","yoast_head_json":{"title":"Biblioth\u00e8que du campus - Ville de Brive","robots":{"index":"index","follow":"follow","max-snippet":"max-snippet:-1","max-image-preview":"max-image-preview:large","max-video-preview":"max-video-preview:-1"},"canonical":"http:\/\/740jw955i52c.brive.org\/index.php\/bibliotheque-du-campus\/","og_locale":"fr_FR","og_type":"article","og_title":"Biblioth\u00e8que du campus - Ville de Brive","og_description":"[vc_row css=&#8221;.vc_custom_1487778024716{background-color: #f7f7f7 !important;}&#8221;][vc_column width=&#8221;2\/3&#8243;][vc_column_text] La\u00a0 biblioth\u00e8que du campus universitaire de Brive est ouverte sur le quartier depuis le 5 janvier 2015. Elle accueille \u00e9tudiants, particuliers et familles du lundi ...","og_url":"http:\/\/740jw955i52c.brive.org\/index.php\/bibliotheque-du-campus\/","og_site_name":"Ville de Brive","article_modified_time":"2017-11-04T07:27:54+00:00","twitter_card":"summary_large_image","twitter_misc":{"Dur\u00e9e de lecture estim\u00e9e":"2 minutes"},"schema":{"@context":"https:\/\/schema.org","@graph":[{"@type":"WebSite","@id":"http:\/\/740jw955i52c.brive.org\/#website","url":"http:\/\/740jw955i52c.brive.org\/","name":"Ville de Brive","description":"Bienvenue sur le site de la ville de Brive-la-Gaillarde. Vous y trouverez l&#039;actualit\u00e9 de la commune, des informations pratiques et vos d\u00e9marches administratives.","potentialAction":[{"@type":"SearchAction","target":{"@type":"EntryPoint","urlTemplate":"http:\/\/740jw955i52c.brive.org\/?s={search_term_string}"},"query-input":"required name=search_term_string"}],"inLanguage":"fr-FR"},{"@type":"WebPage","@id":"http:\/\/740jw955i52c.brive.org\/index.php\/bibliotheque-du-campus\/#webpage","url":"http:\/\/740jw955i52c.brive.org\/index.php\/bibliotheque-du-campus\/","name":"Biblioth\u00e8que du campus - Ville de Brive","isPartOf":{"@id":"http:\/\/740jw955i52c.brive.org\/#website"},"datePublished":"2016-06-07T11:30:49+00:00","dateModified":"2017-11-04T07:27:54+00:00","breadcrumb":{"@id":"http:\/\/740jw955i52c.brive.org\/index.php\/bibliotheque-du-campus\/#breadcrumb"},"inLanguage":"fr-FR","potentialAction":[{"@type":"ReadAction","target":["http:\/\/740jw955i52c.brive.org\/index.php\/bibliotheque-du-campus\/"]}]},{"@type":"BreadcrumbList","@id":"http:\/\/740jw955i52c.brive.org\/index.php\/bibliotheque-du-campus\/#breadcrumb","itemListElement":[{"@type":"ListItem","position":1,"name":"Accueil","item":"http:\/\/740jw955i52c.brive.org\/"},{"@type":"ListItem","position":2,"name":"Biblioth\u00e8que du campus"}]}]}},"_links":{"self":[{"href":"http:\/\/740jw955i52c.brive.org\/index.php\/wp-json\/wp\/v2\/pages\/12032"}],"collection":[{"href":"http:\/\/740jw955i52c.brive.org\/index.php\/wp-json\/wp\/v2\/pages"}],"about":[{"href":"http:\/\/740jw955i52c.brive.org\/index.php\/wp-json\/wp\/v2\/types\/page"}],"author":[{"embeddable":true,"href":"http:\/\/740jw955i52c.brive.org\/index.php\/wp-json\/wp\/v2\/users\/3"}],"replies":[{"embeddable":true,"href":"http:\/\/740jw955i52c.brive.org\/index.php\/wp-json\/wp\/v2\/comments?post=12032"}],"version-history":[{"count":17,"href":"http:\/\/740jw955i52c.brive.org\/index.php\/wp-json\/wp\/v2\/pages\/12032\/revisions"}],"predecessor-version":[{"id":28807,"href":"http:\/\/740jw955i52c.brive.org\/index.php\/wp-json\/wp\/v2\/pages\/12032\/revisions\/28807"}],"wp:attachment":[{"href":"http:\/\/740jw955i52c.brive.org\/index.php\/wp-json\/wp\/v2\/media?parent=12032"}],"curies":[{"name":"wp","href":"https:\/\/api.w.org\/{rel}","templated":true}]}}